{"id":8703,"date":"2025-12-27T21:52:30","date_gmt":"2025-12-27T19:52:30","guid":{"rendered":"https:\/\/gsoftwarelab.com\/?post_type=product&#038;p=8703"},"modified":"2026-01-14T03:17:52","modified_gmt":"2026-01-14T01:17:52","slug":"traffic-buddy-12-months","status":"publish","type":"product","link":"https:\/\/gsoftwarelab.com\/tr\/urun\/traffic-buddy-12-months\/","title":{"rendered":"Traffic Buddy (12 ay \u00f6nce)"},"content":{"rendered":"<h2><strong><span class=\"edtFontSize200\">Traffic Buddy: Trafik Olu\u015fturucu, Web Sitesi G\u00f6r\u00fcnt\u00fcle Bot &amp; Google Arama Bot<\/span><\/strong><\/h2>\n<p>Yeni botumuz, anahtar kelimelerinizi web sitenize kullanarak farkl\u0131 arama motorlar\u0131ndan b\u00fcy\u00fck miktarda SEO trafi\u011fi g\u00f6ndermenizi sa\u011flar. Ger\u00e7ek bir Chrome tabanl\u0131 taray\u0131c\u0131 kullanarak binlerce ger\u00e7ek g\u00f6r\u00fcn\u00fcml\u00fc web sitesi g\u00f6r\u00fcn\u00fcm\u00fc olu\u015fturabilir.<\/p>\n<p>G\u00f6r\u00fcn\u00fcm olu\u015fturucunun taray\u0131c\u0131lar\u0131, web sitesindeki sayfalara g\u00f6z atmak veya sayfada gezinmek i\u00e7in d\u00fc\u011fmelere t\u0131klamak gibi farkl\u0131 kullan\u0131c\u0131 davran\u0131\u015f\u0131 eylemlerini otomatik olarak sim\u00fcle eder.<\/p>\n<div style=\"padding: 56.25% 0 0 0; position: relative;\"><iframe style=\"position: absolute; top: 0; left: 0; width: 100%; height: 100%;\" src=\"https:\/\/player.vimeo.com\/video\/1029029240?h=59eb4a1d9e&amp;autoplay=1&amp;loop=1&amp;byline=0\" frameborder=\"0\" allowfullscreen=\"allowfullscreen\" data-mce-fragment=\"1\"><\/iframe><\/div>\n<p><strong>Temel \u00f6zellikler:<br \/>\n<\/strong><\/p>\n<ul>\n<li>Ger\u00e7ek taray\u0131c\u0131 trafi\u011fi olu\u015fturun<\/li>\n<li>\u00d6zel, konut, d\u00f6ner ve halka a\u00e7\u0131k olarak in\u015fa edilmi\u015ftir proxy destek (Http, Https, Socks4, Socks5, Tor Proxy)<\/li>\n<li>Public proxy kaz\u0131y\u0131c\u0131da yerle\u015fik (Http, Https, \u00c7orap4, \u00c7oraplar5)<\/li>\n<li>\u00c7ok i\u015f par\u00e7ac\u0131kl\u0131 proxy test cihaz\u0131nda yerle\u015fik<\/li>\n<li>Yerle\u015fik proxy \u00fclke filtresi (bir Geo-IP veritaban\u0131 kullanarak)<\/li>\n<li>Kampanyaya \u00f6zel proxies (farkl\u0131 kullan\u0131n) proxies Her kampanya i\u00e7in)<\/li>\n<li>Trafi\u011fin y\u00f6nlendiricisini\/orijinini de\u011fi\u015ftirin (Google, Bing, DuckDuckGo\u2019yu anahtar kelimeler ve \u00f6zel URL'lerle destekler)<\/li>\n<li>\u0130\u00e7 web sitesi sayfalar\u0131na g\u00f6z at\u0131n<\/li>\n<li>Kullan\u0131c\u0131 davran\u0131\u015f\u0131n\u0131 sim\u00fcle edin (kayd\u0131rma ve t\u0131klama)<\/li>\n<li>Kullan\u0131c\u0131 t\u0131klamalar\u0131n\u0131 sim\u00fcle edin (\u00f6zel d\u00fc\u011fmelere, resimlere vb.)<\/li>\n<li>Dahili cihaz em\u00fclasyonu (100'den fazla otantik cihaz, kullan\u0131c\u0131 arac\u0131s\u0131n\u0131, ekran\u0131, cpu, ram ve \u00e7ok daha fazlas\u0131n\u0131 otomatik olarak taklit eder)<\/li>\n<li>S\u0131k g\u00fcncellemeler ve destek<\/li>\n<li>YEN\u0130 GEL\u0130\u015eT\u0130R\u0130LD\u0130 Kolay Trafik K\u00f6keni tan\u0131m\u0131<\/li>\n<li>YEN\u0130 GEL\u0130\u015eT\u0130R\u0130LD\u0130 Google arama botu (SEO trafi\u011fi olu\u015fturun)<\/li>\n<li><a href=\"https:\/\/gsoftwarelab.com\/tr\/organic-website-traffic-bot\/\">Daha fazla bilgi edinin<\/a> t\u00fcm trafik bot \u00f6zellikleri hakk\u0131nda.<\/li>\n<\/ul>\n<p><strong>Yaz\u0131l\u0131m kullan\u0131m durumlar\u0131:<\/strong><\/p>\n<ul>\n<li>SEO ve Pazarlama Ama\u00e7lar\u0131<\/li>\n<li>G\u00dcVENL\u0130K ARA\u015eTIR<\/li>\n<li>Web Tarama ve Hurda<\/li>\n<li>Web sitesi\/Sunucu Y\u00fck Testi<\/li>\n<\/ul>\n<p><strong>Minimum sistem gereksinimleri:<\/strong><\/p>\n<ul>\n<li>\u0130\u015fletim sistemi: Windows 10 (s\u00fcr\u00fcm 22H2 veya \u00fczeri) Windows 11 (t\u00fcm s\u00fcr\u00fcmler), Windows Server 2019 ve \u00fczeri<\/li>\n<li>8 GB RAM<\/li>\n<li>10 GB depolama alan\u0131<\/li>\n<li>4 \u00e7ekirdekli<\/li>\n<li>Kararl\u0131 internet ba\u011flant\u0131s\u0131<\/li>\n<\/ul>\n<p><strong>Sat\u0131n alma i\u015fleminiz \u015funlar\u0131 i\u00e7erir:<\/strong><\/p>\n<ul>\n<li>12 ayl\u0131k yaz\u0131l\u0131m aboneli\u011fi<\/li>\n<li>12 Ayl\u0131k Kapsaml\u0131 Destek<\/li>\n<li>Bir A\u011fa\u00e7 Dikmeye Katk\u0131<\/li>\n<li><a href=\"https:\/\/gsoftwarelab.com\/tr\/docs\/traffic-buddy\/getting-started\/\">Yaz\u0131l\u0131m dok\u00fcmantasyonu<\/a><\/li>\n<\/ul>\n<p><strong>Abonelik \u015fartlar\u0131:<\/strong><\/p>\n<ul>\n<li>\u0130ptal edilene kadar her y\u0131l otomatik yenileme<\/li>\n<li>Abonelik D\u00f6neminde Destek ve G\u00fcncellemeler<\/li>\n<\/ul>","protected":false},"excerpt":{"rendered":"<p>Traffic Buddy: Trafik Olu\u015fturucu, Web Sitesi G\u00f6r\u00fcnt\u00fcle Bot &amp; Google Arama Bot.<\/p>","protected":false},"featured_media":8704,"comment_status":"open","ping_status":"closed","template":"","meta":{"rop_custom_images_group":[],"rop_custom_messages_group":[],"rop_publish_now":"initial","rop_publish_now_accounts":{"twitter_2998589429_2998589429":""},"rop_publish_now_history":[],"rop_publish_now_status":"pending"},"product_brand":[2068,2071],"product_cat":[104,87],"product_tag":[2372,696,2382,699,2373,2381,2371],"class_list":{"0":"post-8703","1":"product","2":"type-product","3":"status-publish","4":"has-post-thumbnail","6":"product_brand-gsoftwarelab","7":"product_brand-traffic-buddy","8":"product_cat-traffic-buddy","9":"product_cat-software","10":"product_tag-generate-traffic-with-traffic-buddy","11":"product_tag-traffic-bot","12":"product_tag-traffic-bot-subscription","13":"product_tag-traffic-buddy","14":"product_tag-traffic-buddy-download","15":"product_tag-traffic-buddy-subscription","16":"product_tag-traffic-buddy-view-bot","18":"first","19":"instock","20":"sale","21":"featured","22":"downloadable","23":"virtual","24":"purchasable","25":"product-type-simple"},"wcol_rules":[],"_links":{"self":[{"href":"https:\/\/gsoftwarelab.com\/tr\/wp-json\/wp\/v2\/product\/8703","targetHints":{"allow":["GET"]}}],"collection":[{"href":"https:\/\/gsoftwarelab.com\/tr\/wp-json\/wp\/v2\/product"}],"about":[{"href":"https:\/\/gsoftwarelab.com\/tr\/wp-json\/wp\/v2\/types\/product"}],"replies":[{"embeddable":true,"href":"https:\/\/gsoftwarelab.com\/tr\/wp-json\/wp\/v2\/comments?post=8703"}],"wp:featuredmedia":[{"embeddable":true,"href":"https:\/\/gsoftwarelab.com\/tr\/wp-json\/wp\/v2\/media\/8704"}],"wp:attachment":[{"href":"https:\/\/gsoftwarelab.com\/tr\/wp-json\/wp\/v2\/media?parent=8703"}],"wp:term":[{"taxonomy":"product_brand","embeddable":true,"href":"https:\/\/gsoftwarelab.com\/tr\/wp-json\/wp\/v2\/product_brand?post=8703"},{"taxonomy":"product_cat","embeddable":true,"href":"https:\/\/gsoftwarelab.com\/tr\/wp-json\/wp\/v2\/product_cat?post=8703"},{"taxonomy":"product_tag","embeddable":true,"href":"https:\/\/gsoftwarelab.com\/tr\/wp-json\/wp\/v2\/product_tag?post=8703"}],"curies":[{"name":"wp","href":"https:\/\/api.w.org\/{rel}","templated":true}]}}