{"id":8312,"date":"2025-09-27T08:34:07","date_gmt":"2025-09-27T06:34:07","guid":{"rendered":"https:\/\/gsoftwarelab.com\/?post_type=product&#038;p=8312"},"modified":"2026-04-05T02:56:39","modified_gmt":"2026-04-05T00:56:39","slug":"free-trial-traffic-buddy","status":"publish","type":"product","link":"https:\/\/gsoftwarelab.com\/tr\/urun\/free-trial-traffic-buddy\/","title":{"rendered":"Traffic Buddy \u2047  \u00dccretsiz deneme"},"content":{"rendered":"<h2>Traffic Buddy 7 G\u00fcnl\u00fck Deneme  \u2047  \u00dccretsiz Trafik Botu<\/h2>\n<p>Nas\u0131l oldu\u011fu hakk\u0131nda merak edilenler Traffic Buddy Web sitenizin s\u0131ralamas\u0131n\u0131 y\u00fckseltmenize yard\u0131mc\u0131 olabilir mi? \u00dccretsiz 7 g\u00fcnl\u00fck deneme s\u00fcr\u00fcm\u00fcm\u00fcz\u00fc indirin ve temel i\u015flevselli\u011fi kendiniz g\u00f6r\u00fcn. Bu s\u0131n\u0131rl\u0131 \u00f6zellikli s\u00fcr\u00fcm, temel trafik olu\u015fturman\u0131za, kullan\u0131c\u0131 dostu aray\u00fcz\u00fc ke\u015ffetmenize ve arac\u0131m\u0131z\u0131n web siteniz i\u00e7in nas\u0131l ger\u00e7ek taray\u0131c\u0131 trafi\u011fi olu\u015fturabilece\u011fini anlaman\u0131za olanak tan\u0131r. Ba\u011fl\u0131l\u0131k yok, risk yok. \u00dccretsiz denemenizi bug\u00fcn ba\u015flat\u0131n!<\/p>\n<h3><a href=\"https:\/\/gsoftwarelab.com\/tr\/urun\/traffic-buddy\/\">Tam Versiyonunu Sat\u0131n Al Traffic Buddy<\/a><\/h3>\n<p><img decoding=\"async\" src=\"https:\/\/api.apidog.com\/api\/v1\/projects\/1067667\/resources\/362604\/image-preview\" alt=\"resim.png\" title=\"\"><\/p>\n<p><strong>Temel \u00f6zellikler:<br \/>\n<\/strong><\/p>\n<ul>\n<li>Ger\u00e7ek taray\u0131c\u0131 trafi\u011fi olu\u015fturun<\/li>\n<li>\u00d6zel, konut, d\u00f6ner ve halka a\u00e7\u0131k olarak in\u015fa edilmi\u015ftir proxy destek (Http, Https, \u00c7orap4, \u00c7orap5)<\/li>\n<li>Public proxy kaz\u0131y\u0131c\u0131da yerle\u015fik (Http, Https, \u00c7orap4, \u00c7oraplar5)<\/li>\n<li>\u00c7ok i\u015f par\u00e7ac\u0131kl\u0131 proxy test cihaz\u0131nda yerle\u015fik<\/li>\n<li>Yerle\u015fik proxy \u00fclke filtresi (bir Geo-IP veritaban\u0131 kullanarak)<\/li>\n<li>Trafi\u011fin y\u00f6nlendiricisini\/orijinini de\u011fi\u015ftirin (Google, Bing, DuckDuckGo\u2019yu anahtar kelimeler ve \u00f6zel URL'lerle destekler)<\/li>\n<li>\u0130\u00e7 web sitesi sayfalar\u0131na g\u00f6z at\u0131n<\/li>\n<li>Kullan\u0131c\u0131 davran\u0131\u015f\u0131n\u0131 sim\u00fcle edin (kayd\u0131rma ve t\u0131klama)<\/li>\n<li>Kullan\u0131c\u0131 t\u0131klamalar\u0131n\u0131 sim\u00fcle edin (\u00f6zel d\u00fc\u011fmelere, resimlere vb.)<\/li>\n<li>Dahili cihaz em\u00fclasyonu (100'den fazla otantik cihaz, kullan\u0131c\u0131 arac\u0131s\u0131n\u0131, ekran\u0131, cpu, ram ve \u00e7ok daha fazlas\u0131n\u0131 otomatik olarak taklit eder)<\/li>\n<li>\u00dccretsiz \u00f6m\u00fcr boyu g\u00fcncellemeler<\/li>\n<li>YENI BIR \u015eEY: Tor Proxy Deste\u011fi<\/li>\n<li>YEN\u0130 GEL\u0130\u015eT\u0130R\u0130LD\u0130 Google Arama Botu (SEO Trafi\u011fi Olu\u015fturma)<\/li>\n<li><a href=\"https:\/\/gsoftwarelab.com\/tr\/organic-website-traffic-bot\/\">Daha fazla bilgi edinin<\/a> t\u00fcm trafik bot \u00f6zellikleri hakk\u0131nda.<\/li>\n<\/ul>\n<p><strong>Deneme S\u00fcr\u00fcm\u00fcn\u00fcn S\u0131n\u0131rlamalar\u0131:<\/strong><\/p>\n<ul>\n<li>7 g\u00fcn boyunca ge\u00e7erlidir<\/li>\n<li>1 Kampanya Olu\u015fturma<\/li>\n<li>1000'e kadar g\u00f6r\u00fcnt\u00fcleme olu\u015fturma<\/li>\n<li>1 e\u015fzamanl\u0131 taray\u0131c\u0131 (iplik)<\/li>\n<\/ul>","protected":false},"excerpt":{"rendered":"<p>Nas\u0131l oldu\u011fu hakk\u0131nda merak edilenler Traffic Buddy Web sitenizin s\u0131ralamas\u0131n\u0131 y\u00fckseltmenize yard\u0131mc\u0131 olabilir mi? \u00dccretsiz 7 g\u00fcnl\u00fck deneme s\u00fcr\u00fcm\u00fcm\u00fcz\u00fc indirin ve temel i\u015flevselli\u011fi kendiniz g\u00f6r\u00fcn. Bu s\u0131n\u0131rl\u0131 \u00f6zellikli s\u00fcr\u00fcm, temel trafik olu\u015fturman\u0131za, kullan\u0131c\u0131 dostu aray\u00fcz\u00fc ke\u015ffetmenize ve arac\u0131m\u0131z\u0131n web siteniz i\u00e7in nas\u0131l ger\u00e7ek taray\u0131c\u0131 trafi\u011fi olu\u015fturabilece\u011fini anlaman\u0131za olanak tan\u0131r. Ba\u011fl\u0131l\u0131k yok, risk yok. \u00dccretsiz denemenizi bug\u00fcn ba\u015flat\u0131n!<\/p>","protected":false},"featured_media":8315,"comment_status":"open","ping_status":"closed","template":"","meta":{"rop_custom_images_group":[],"rop_custom_messages_group":[],"rop_publish_now":"initial","rop_publish_now_accounts":{"twitter_2998589429_2998589429":""},"rop_publish_now_history":[],"rop_publish_now_status":"pending"},"product_brand":[2068,2071],"product_cat":[2400,87,104],"product_tag":[140,2376,696,2377,2375],"class_list":{"0":"post-8312","1":"product","2":"type-product","3":"status-publish","4":"has-post-thumbnail","6":"product_brand-gsoftwarelab","7":"product_brand-traffic-buddy","8":"product_cat-free-software","9":"product_cat-software","10":"product_cat-traffic-buddy","11":"product_tag-free","12":"product_tag-free-download","13":"product_tag-traffic-bot","14":"product_tag-traffic-buddy-trial","15":"product_tag-trial","17":"first","18":"instock","19":"downloadable","20":"virtual","21":"sold-individually","22":"purchasable","23":"product-type-simple"},"wcol_rules":[{"obj_ids":["8312","8292","8298"],"applied_on":"quantity","cus_applied_on":"amount","message":"","accomulative":"","id":8330,"rule_type":"products","product_type":"simple","min_rule_limit":"0","enable_max_rule_limit":"on","max_rule_limit":"1","enable_time_limit":"on","rule_time_span":"yearly","yearly_start_day":"1","yearly_start_month":"01","weekly_start_day":"monday","monthly_start_date":"","enable_for_users":"on","user_type":"guest-users","disable_limit":"","parent_rule":"","across_all_orders":"2","exclude_shipping_price":"","enable_for_payment":"","enable_custom_notice":"","rule_start_time":"","rule_end_time":""}],"_links":{"self":[{"href":"https:\/\/gsoftwarelab.com\/tr\/wp-json\/wp\/v2\/product\/8312","targetHints":{"allow":["GET"]}}],"collection":[{"href":"https:\/\/gsoftwarelab.com\/tr\/wp-json\/wp\/v2\/product"}],"about":[{"href":"https:\/\/gsoftwarelab.com\/tr\/wp-json\/wp\/v2\/types\/product"}],"replies":[{"embeddable":true,"href":"https:\/\/gsoftwarelab.com\/tr\/wp-json\/wp\/v2\/comments?post=8312"}],"wp:featuredmedia":[{"embeddable":true,"href":"https:\/\/gsoftwarelab.com\/tr\/wp-json\/wp\/v2\/media\/8315"}],"wp:attachment":[{"href":"https:\/\/gsoftwarelab.com\/tr\/wp-json\/wp\/v2\/media?parent=8312"}],"wp:term":[{"taxonomy":"product_brand","embeddable":true,"href":"https:\/\/gsoftwarelab.com\/tr\/wp-json\/wp\/v2\/product_brand?post=8312"},{"taxonomy":"product_cat","embeddable":true,"href":"https:\/\/gsoftwarelab.com\/tr\/wp-json\/wp\/v2\/product_cat?post=8312"},{"taxonomy":"product_tag","embeddable":true,"href":"https:\/\/gsoftwarelab.com\/tr\/wp-json\/wp\/v2\/product_tag?post=8312"}],"curies":[{"name":"wp","href":"https:\/\/api.w.org\/{rel}","templated":true}]}}