{"id":8292,"date":"2025-09-25T01:12:53","date_gmt":"2025-09-24T23:12:53","guid":{"rendered":"https:\/\/gsoftwarelab.com\/?post_type=product&#038;p=8292"},"modified":"2025-11-05T09:07:16","modified_gmt":"2025-11-05T07:07:16","slug":"backlink-checker","status":"publish","type":"product","link":"https:\/\/gsoftwarelab.com\/tr\/urun\/backlink-checker\/","title":{"rendered":"Backlink Checker'\u0131"},"content":{"rendered":"<h2 class=\"elementor-image-box-title\">Backlink Denetleyicisi  \u2047  Ger\u00e7ek Zamanl\u0131 Backlink Insights<\/h2>\n<p>Backlink Denetleyicisi, kullan\u0131c\u0131lar\u0131n web sitelerinin alan ad\u0131 veya anahtar kelime gibi belirli bir dize i\u00e7erip i\u00e7ermedi\u011fini kontrol etmelerini sa\u011flayan sezgisel ve kullan\u0131m\u0131 kolay bir ara\u00e7t\u0131r. Bu \u00f6zellik, web sitenize geri ba\u011flant\u0131lar\u0131 h\u0131zl\u0131 ve kolay bir \u015fekilde kontrol etmek i\u00e7in kullan\u0131labilir, sitenize i\u015faret eden ba\u011flant\u0131lar\u0131n kalitesini ve alaka d\u00fczeyini izlemenize ve analiz etmenize yard\u0131mc\u0131 olur. Basit ve basit bir aray\u00fczle Backlink Checker, web sitesinin backlink profilini izlemek ve geli\u015ftirmek isteyen herkes i\u00e7in g\u00fc\u00e7l\u00fc ve \u00f6nemli bir ara\u00e7t\u0131r.<\/p>\n<p><img decoding=\"async\" src=\"https:\/\/gsoftwarelab.com\/wp-content\/uploads\/2020\/11\/dasht.png.webp\" alt=\"\u00dccretsiz Link ve Backlink Kontrol Yaz\u0131l\u0131m\u0131\" title=\"\"><\/p>\n<p>&nbsp;<\/p>\n<p><strong>Temel \u00f6zellikler<\/strong><\/p>\n<ul>\n<li>Toplu ve Toplu Liste Deste\u011fi<\/li>\n<li>\u00c7ok Di\u015fli Kontrol<\/li>\n<li>\u00d6zel Dize veya Ba\u011flant\u0131 Kontrol\u00fc<\/li>\n<li>Detayl\u0131 sonu\u00e7lar<\/li>\n<li>100% \u00dcCRETS\u0130Z<\/li>\n<\/ul>","protected":false},"excerpt":{"rendered":"<p>Backlink Checker, kullan\u0131c\u0131lar\u0131n web sitelerinin alan ad\u0131 veya anahtar kelime gibi belirli bir dize i\u00e7erip i\u00e7ermedi\u011fini kontrol etmelerini sa\u011flayan sezgisel ve kullan\u0131m\u0131 kolay bir ara\u00e7t\u0131r. Bu \u00f6zellik, web sitenize geri ba\u011flant\u0131lar\u0131 h\u0131zl\u0131 ve kolay bir \u015fekilde kontrol etmek i\u00e7in kullan\u0131labilir ve sitenize i\u015faret eden ba\u011flant\u0131lar\u0131n kalitesini ve alaka d\u00fczeyini izlemenize ve analiz etmenize yard\u0131mc\u0131 olur.<\/p>","protected":false},"featured_media":8294,"comment_status":"closed","ping_status":"closed","template":"","meta":{"rop_custom_images_group":[],"rop_custom_messages_group":[],"rop_publish_now":"initial","rop_publish_now_accounts":{"twitter_2998589429_2998589429":""},"rop_publish_now_history":[],"rop_publish_now_status":"pending"},"product_brand":[2068],"product_cat":[2400,87],"product_tag":[],"class_list":{"0":"post-8292","1":"product","2":"type-product","3":"status-publish","4":"has-post-thumbnail","6":"product_brand-gsoftwarelab","7":"product_cat-free-software","8":"product_cat-software","10":"first","11":"instock","12":"downloadable","13":"virtual","14":"purchasable","15":"product-type-simple"},"wcol_rules":[{"obj_ids":["8312","8292","8298"],"applied_on":"quantity","cus_applied_on":"amount","message":"","accomulative":"","id":8330,"rule_type":"products","product_type":"simple","min_rule_limit":"0","enable_max_rule_limit":"on","max_rule_limit":"1","enable_time_limit":"on","rule_time_span":"yearly","yearly_start_day":"1","yearly_start_month":"01","weekly_start_day":"monday","monthly_start_date":"","enable_for_users":"on","user_type":"guest-users","disable_limit":"","parent_rule":"","across_all_orders":"2","exclude_shipping_price":"","enable_for_payment":"","enable_custom_notice":"","rule_start_time":"","rule_end_time":""}],"_links":{"self":[{"href":"https:\/\/gsoftwarelab.com\/tr\/wp-json\/wp\/v2\/product\/8292","targetHints":{"allow":["GET"]}}],"collection":[{"href":"https:\/\/gsoftwarelab.com\/tr\/wp-json\/wp\/v2\/product"}],"about":[{"href":"https:\/\/gsoftwarelab.com\/tr\/wp-json\/wp\/v2\/types\/product"}],"replies":[{"embeddable":true,"href":"https:\/\/gsoftwarelab.com\/tr\/wp-json\/wp\/v2\/comments?post=8292"}],"wp:featuredmedia":[{"embeddable":true,"href":"https:\/\/gsoftwarelab.com\/tr\/wp-json\/wp\/v2\/media\/8294"}],"wp:attachment":[{"href":"https:\/\/gsoftwarelab.com\/tr\/wp-json\/wp\/v2\/media?parent=8292"}],"wp:term":[{"taxonomy":"product_brand","embeddable":true,"href":"https:\/\/gsoftwarelab.com\/tr\/wp-json\/wp\/v2\/product_brand?post=8292"},{"taxonomy":"product_cat","embeddable":true,"href":"https:\/\/gsoftwarelab.com\/tr\/wp-json\/wp\/v2\/product_cat?post=8292"},{"taxonomy":"product_tag","embeddable":true,"href":"https:\/\/gsoftwarelab.com\/tr\/wp-json\/wp\/v2\/product_tag?post=8292"}],"curies":[{"name":"wp","href":"https:\/\/api.w.org\/{rel}","templated":true}]}}