{"id":8173,"date":"2025-09-12T16:31:09","date_gmt":"2025-09-12T14:31:09","guid":{"rendered":"https:\/\/gsoftwarelab.com\/?post_type=product&#038;p=8173"},"modified":"2026-01-14T05:49:24","modified_gmt":"2026-01-14T03:49:24","slug":"addon-geosync-pro-unlock-authenticity-and-automation","status":"publish","type":"product","link":"https:\/\/gsoftwarelab.com\/tr\/urun\/addon-geosync-pro-unlock-authenticity-and-automation\/","title":{"rendered":"Addon i\u00e7in: GeoSync Pro"},"content":{"rendered":"<p><strong>GeoSync Pro i\u00e7in: S\u0131f\u0131r \u00c7aba ile \u00d6zg\u00fcnl\u00fc\u011f\u00fcn ve Otomasyonun Kilidini A\u00e7\u0131n<\/strong><\/p>\n<p>Y\u00fckseltme <b>GeoSync Pro <\/b>(Addon i\u00e7in <a href=\"https:\/\/gsoftwarelab.com\/tr\/organic-website-traffic-bot\/\">Trafik Buddy<\/a>). Taray\u0131c\u0131n\u0131z\u0131n saat dilimini, dilini ve co\u011frafi konumunu (lat\/long) proxy IP adresi var. Bu tek t\u0131klamayla otomasyon, alg\u0131lamay\u0131 atlamak i\u00e7in kusursuz bir dijital parmak izi olu\u015fturur ve d\u00f6nen mastering i\u00e7in gereklidir proxies.<\/p>\n<ul>\n<li><b>An\u0131nda Profil Senkronizasyonu:<\/b> Taray\u0131c\u0131 saat dilimini, dili ve hassas lat\/uzun koordinatlar\u0131n\u0131 otomatik olarak proxy Ger\u00e7ek zamanl\u0131 IP.<\/li>\n<li><b>Bypass alg\u0131lama:<\/b> K\u0131rm\u0131z\u0131 bayraklar\u0131 ortadan kald\u0131rmak ve 100 g\u00f6r\u00fcnmek i\u00e7in m\u00fckemmel tutarl\u0131 bir dijital parmak izi olu\u015fturur% Otantik bir \u015fey.<\/li>\n<li><b>Ana D\u00f6nen Proxy'ler:<\/b> Yeni bir IP'den gelen her ba\u011flant\u0131n\u0131n an\u0131nda ve m\u00fckemmel bir \u015fekilde e\u015fle\u015fmesini sa\u011flar.<\/li>\n<li><b>Ayl\u0131k abonelik:<\/b> Lisans\u0131n\u0131z her ay yenilenecektir. Sat\u0131n ald\u0131ktan sonra, ekibimiz hesab\u0131n\u0131z\u0131 sa\u011flayacak ve aktivasyon tamamland\u0131ktan sonra size e-posta g\u00f6nderecektir.<\/li>\n<\/ul>\n<p>Sipari\u015finizden sonra, bizim <a href=\"https:\/\/gsoftwarelab.com\/tr\/contact-us\/\">destek ekibi<\/a> manuel aktivasyonu halledecek ve kurulum 48 saat i\u00e7inde tamamland\u0131ktan sonra size e-posta ile bildirecektir.<\/p>\n<p><strong>Abonelik \u015fartlar\u0131:<\/strong><\/p>\n<ul>\n<li>\u0130ptal edilene kadar her ay otomatik yenileme<\/li>\n<li>Abonelik D\u00f6neminde Destek ve G\u00fcncellemeler<\/li>\n<\/ul>","protected":false},"excerpt":{"rendered":"<p>GeoSync Pro'ya Y\u00fckseltme (Eklenti Traffic Buddy) ve taray\u0131c\u0131n\u0131z\u0131n saat dilimini, dilini ve co\u011frafi konumunu otomatik olarak proxy\u2047 s IP adresi. Manuel yap\u0131land\u0131rmay\u0131 ortadan kald\u0131r\u0131n ve tek bir t\u0131klamayla m\u00fckemmel tutarl\u0131 profiller olu\u015fturun. D\u00f6nmek i\u00e7in ideal proxies.<\/p>","protected":false},"featured_media":8174,"comment_status":"open","ping_status":"closed","template":"","meta":{"rop_custom_images_group":[],"rop_custom_messages_group":[],"rop_publish_now":"initial","rop_publish_now_accounts":{"twitter_2998589429_2998589429":""},"rop_publish_now_history":[],"rop_publish_now_status":"pending"},"product_brand":[2068,2071],"product_cat":[87,158,104],"product_tag":[],"class_list":{"0":"post-8173","1":"product","2":"type-product","3":"status-publish","4":"has-post-thumbnail","6":"product_brand-gsoftwarelab","7":"product_brand-traffic-buddy","8":"product_cat-software","9":"product_cat-services","10":"product_cat-traffic-buddy","12":"first","13":"outofstock","14":"virtual","15":"purchasable","16":"product-type-simple"},"wcol_rules":[],"_links":{"self":[{"href":"https:\/\/gsoftwarelab.com\/tr\/wp-json\/wp\/v2\/product\/8173","targetHints":{"allow":["GET"]}}],"collection":[{"href":"https:\/\/gsoftwarelab.com\/tr\/wp-json\/wp\/v2\/product"}],"about":[{"href":"https:\/\/gsoftwarelab.com\/tr\/wp-json\/wp\/v2\/types\/product"}],"replies":[{"embeddable":true,"href":"https:\/\/gsoftwarelab.com\/tr\/wp-json\/wp\/v2\/comments?post=8173"}],"wp:featuredmedia":[{"embeddable":true,"href":"https:\/\/gsoftwarelab.com\/tr\/wp-json\/wp\/v2\/media\/8174"}],"wp:attachment":[{"href":"https:\/\/gsoftwarelab.com\/tr\/wp-json\/wp\/v2\/media?parent=8173"}],"wp:term":[{"taxonomy":"product_brand","embeddable":true,"href":"https:\/\/gsoftwarelab.com\/tr\/wp-json\/wp\/v2\/product_brand?post=8173"},{"taxonomy":"product_cat","embeddable":true,"href":"https:\/\/gsoftwarelab.com\/tr\/wp-json\/wp\/v2\/product_cat?post=8173"},{"taxonomy":"product_tag","embeddable":true,"href":"https:\/\/gsoftwarelab.com\/tr\/wp-json\/wp\/v2\/product_tag?post=8173"}],"curies":[{"name":"wp","href":"https:\/\/api.w.org\/{rel}","templated":true}]}}