{"id":7934,"date":"2025-07-23T11:07:34","date_gmt":"2025-07-23T09:07:34","guid":{"rendered":"https:\/\/gsoftwarelab.com\/?post_type=product&#038;p=7934"},"modified":"2026-04-07T03:31:56","modified_gmt":"2026-04-07T01:31:56","slug":"custom-software-development-1-hour","status":"publish","type":"product","link":"https:\/\/gsoftwarelab.com\/tr\/urun\/custom-software-development-1-hour\/","title":{"rendered":"\u00d6zel yaz\u0131l\u0131m geli\u015ftirme"},"content":{"rendered":"<p data-start=\"110\" data-end=\"488\">\u00d6zelle\u015ftirilmi\u015f \u00e7\u00f6z\u00fcmlerimiz ile kilidini a\u00e7\u0131n <strong>\u00d6zel yaz\u0131l\u0131m geli\u015ftirme<\/strong> benzersiz fikirlerinizi hayata ge\u00e7irmek i\u00e7in tasarlanm\u0131\u015f hizmetler  \u2047 . \u0130ster mevcut \u00fcr\u00fcnlerimizi geli\u015ftirmek istiyor olun  \u2047 Traffic Buddy, Proxy Buddy veya Index Buddy \u2047  g\u00fc\u00e7l\u00fc ile <strong>\u00f6zel uzant\u0131lar<\/strong>, ya da s\u0131f\u0131rdan tamamen yeni bir \u015fey in\u015fa edin, sizi koruruz.<\/p>\n<p data-start=\"490\" data-end=\"810\">Deneyimli geli\u015ftiricilerimiz, \u00f6zel hedeflerinizi, i\u015f ak\u0131\u015flar\u0131n\u0131z\u0131 ve gereksinimlerinizi anlamak i\u00e7in sizinle yak\u0131n bir \u015fekilde \u00e7al\u0131\u015f\u0131r ve \u00f6zel \u00e7\u00f6z\u00fcm\u00fcn\u00fcz\u00fcn operasyonlar\u0131n\u0131za sorunsuz bir \u015fekilde uymas\u0131n\u0131 sa\u011flar. Taray\u0131c\u0131 otomasyonu ve SEO ara\u00e7lar\u0131ndan veri i\u015fleme ve a\u011f yard\u0131mc\u0131 programlar\u0131na kadar, performans g\u00f6steren temiz, verimli ve g\u00fcvenilir kodlar sunuyoruz.<\/p>\n<ul data-start=\"812\" data-end=\"1101\">\n<li data-start=\"812\" data-end=\"880\">\n<p data-start=\"814\" data-end=\"880\">\u2705 \u00d6zel uzant\u0131lar i\u00e7in Traffic Buddy (bizim <a href=\"https:\/\/gsoftwarelab.com\/tr\/organic-website-traffic-bot\/\">trafik otomasyon arac\u0131<\/a>), Proxy Buddy &amp; amp; amp; Index Buddy<\/p>\n<\/li>\n<li data-start=\"881\" data-end=\"948\">\n<p data-start=\"883\" data-end=\"948\">\u2705 \u00f6zelliklerinize g\u00f6re tamamen \u00f6zel ba\u011f\u0131ms\u0131z programlar<\/p>\n<\/li>\n<li data-start=\"949\" data-end=\"993\">\n<p data-start=\"951\" data-end=\"993\">\u2705 \u00f6l\u00e7eklenebilir, performans odakl\u0131 \u00e7\u00f6z\u00fcmler<\/p>\n<\/li>\n<li data-start=\"994\" data-end=\"1060\">\n<p data-start=\"996\" data-end=\"1060\">\u2705 geli\u015ftirme s\u00fcreci boyunca profesyonel dan\u0131\u015fmanl\u0131k<\/p>\n<\/li>\n<li data-start=\"1061\" data-end=\"1101\">\n<p data-start=\"1063\" data-end=\"1101\">\u2705 \u015feffaf fiyatland\u0131rma, saatlik faturaland\u0131r\u0131ld\u0131<\/p>\n<\/li>\n<\/ul>\n<p data-start=\"1103\" data-end=\"1197\"><strong data-start=\"1103\" data-end=\"1114\">Fiyat fiyatlar\u0131<\/strong>: Geli\u015ftirme, yakla\u015f\u0131k gerekli saatler hakk\u0131nda tam \u015feffafl\u0131k ile saatlik olarak faturaland\u0131r\u0131l\u0131r.<\/p>\n<p data-start=\"1199\" data-end=\"1262\">Tam olarak nas\u0131l \u00e7al\u0131\u015fan ara\u00e7lar\u0131 olu\u015ftural\u0131m <em data-start=\"1243\" data-end=\"1248\">sen<\/em> yapmalar\u0131n\u0131 istiyorum.<\/p>\n<p data-start=\"1199\" data-end=\"1262\">L\u00fctfen, l\u00fctfen. <a href=\"https:\/\/gsoftwarelab.com\/tr\/contact-us\/\">Bize Ula\u015f\u0131n<\/a> Fikirlerinizi koordine edin.<\/p>","protected":false},"excerpt":{"rendered":"<p>Saat ba\u015f\u0131na faturaland\u0131r\u0131lan mevcut programlar\u0131m\u0131z i\u00e7in \u00f6zel yaz\u0131l\u0131m ara\u00e7lar\u0131n\u0131n veya uzant\u0131lar\u0131n\u0131n geli\u015ftirilmesi.<\/p>","protected":false},"featured_media":7935,"comment_status":"open","ping_status":"closed","template":"","meta":{"rop_custom_images_group":[],"rop_custom_messages_group":[],"rop_publish_now":"initial","rop_publish_now_accounts":{"twitter_2998589429_2998589429":""},"rop_publish_now_history":[],"rop_publish_now_status":"pending"},"product_brand":[],"product_cat":[158],"product_tag":[],"class_list":{"0":"post-7934","1":"product","2":"type-product","3":"status-publish","4":"has-post-thumbnail","6":"product_cat-services","8":"first","9":"instock","10":"virtual","11":"purchasable","12":"product-type-simple"},"wcol_rules":[],"_links":{"self":[{"href":"https:\/\/gsoftwarelab.com\/tr\/wp-json\/wp\/v2\/product\/7934","targetHints":{"allow":["GET"]}}],"collection":[{"href":"https:\/\/gsoftwarelab.com\/tr\/wp-json\/wp\/v2\/product"}],"about":[{"href":"https:\/\/gsoftwarelab.com\/tr\/wp-json\/wp\/v2\/types\/product"}],"replies":[{"embeddable":true,"href":"https:\/\/gsoftwarelab.com\/tr\/wp-json\/wp\/v2\/comments?post=7934"}],"wp:featuredmedia":[{"embeddable":true,"href":"https:\/\/gsoftwarelab.com\/tr\/wp-json\/wp\/v2\/media\/7935"}],"wp:attachment":[{"href":"https:\/\/gsoftwarelab.com\/tr\/wp-json\/wp\/v2\/media?parent=7934"}],"wp:term":[{"taxonomy":"product_brand","embeddable":true,"href":"https:\/\/gsoftwarelab.com\/tr\/wp-json\/wp\/v2\/product_brand?post=7934"},{"taxonomy":"product_cat","embeddable":true,"href":"https:\/\/gsoftwarelab.com\/tr\/wp-json\/wp\/v2\/product_cat?post=7934"},{"taxonomy":"product_tag","embeddable":true,"href":"https:\/\/gsoftwarelab.com\/tr\/wp-json\/wp\/v2\/product_tag?post=7934"}],"curies":[{"name":"wp","href":"https:\/\/api.w.org\/{rel}","templated":true}]}}