{"id":7899,"date":"2025-07-21T09:02:57","date_gmt":"2025-07-21T07:02:57","guid":{"rendered":"https:\/\/gsoftwarelab.com\/?post_type=product&#038;p=7899"},"modified":"2026-04-06T11:09:51","modified_gmt":"2026-04-06T09:09:51","slug":"private-proxies-1-month","status":"publish","type":"product","link":"https:\/\/gsoftwarelab.com\/tr\/urun\/private-proxies-1-month\/","title":{"rendered":"\u00d6zel Proxies \u2014 1 ay"},"content":{"rendered":"<p>En son teklifimizi tan\u0131t\u0131yoruz: <strong>\u00d6zel proxy'ler <\/strong>\u00a0\u2014 1 Ayl\u0131k abonelik plan\u0131 <strong>250\u00a0GB dahil trafik <\/strong>ve iste\u011fe ba\u011fl\u0131 <strong>IP adreslerinin periyodik olarak de\u011fi\u015ftirilmesi<\/strong>. Bu premium hizmet, adanm\u0131\u015f bir \u015fekilde g\u00fcvenli ve verimli tarama sa\u011flar proxy d\u00fcnya \u00e7ap\u0131nda se\u00e7ilebilir GEO lokasyonlar\u0131ndan havuz. Gizlili\u011finizi koruyun ve ayr\u0131cal\u0131kl\u0131 hizmetlerimizle sorunsuz ba\u011flant\u0131 deneyimi ya\u015fay\u0131n proxy \u0130htiya\u00e7lar\u0131n\u0131za g\u00f6re uyarlanm\u0131\u015f bir \u00e7\u00f6z\u00fcm.<\/p>\n<ul>\n<li>1000 \u2014 10000 omurga proxy ba\u011flant\u0131lar (IP:PORT:USER:PASS)<\/li>\n<li>1x D\u00f6nen U\u00e7 Nokta ba\u011flant\u0131s\u0131 (her ba\u011flant\u0131da yeni proxy)<\/li>\n<li>250\u00a0GB Trafik (uzat\u0131labilir)<\/li>\n<li>D\u00fcnya \u00e7ap\u0131nda GEO lokasyonlar\u0131 m\u00fcmk\u00fcn<\/li>\n<li>100 proxy iplikleri<\/li>\n<li>HTTP\/HTTPS ba\u011flant\u0131lar\u0131 i\u00e7in destek<\/li>\n<li>SOCKS5 ba\u011flant\u0131lar\u0131 i\u00e7in destek<\/li>\n<\/ul>\n<p>Bu sipari\u015f manuel olarak i\u015flenecek ve yerine getirilmesi i\u00e7in 48 saate kadar s\u00fcrebilir. \u0130stedi\u011finiz GEO konumlar\u0131n\u0131 sizinle koordine etmek i\u00e7in daha sonra sizinle ileti\u015fime ge\u00e7ece\u011fiz.<br \/>\n\u015eu anda sipari\u015f i\u015flendikten sonra bu hizmet i\u00e7in geri \u00f6deme sunamay\u0131z.<\/p>","protected":false},"excerpt":{"rendered":"<p><strong>\u00d6zel proxy'ler <\/strong>\u00a0\u2014 1 Ayl\u0131k abonelik plan\u0131 <strong>250\u00a0GB dahil trafik <\/strong>ve iste\u011fe ba\u011fl\u0131<strong> IP de\u011fi\u015fimi.<\/strong><\/p>","protected":false},"featured_media":7931,"comment_status":"open","ping_status":"closed","template":"","meta":{"rop_custom_images_group":[],"rop_custom_messages_group":[],"rop_publish_now":"initial","rop_publish_now_accounts":{"twitter_2998589429_2998589429":""},"rop_publish_now_history":[],"rop_publish_now_status":"pending"},"product_brand":[],"product_cat":[158],"product_tag":[],"class_list":{"0":"post-7899","1":"product","2":"type-product","3":"status-publish","4":"has-post-thumbnail","6":"product_cat-services","8":"first","9":"instock","10":"shipping-taxable","11":"purchasable","12":"product-type-variable"},"wcol_rules":[],"_links":{"self":[{"href":"https:\/\/gsoftwarelab.com\/tr\/wp-json\/wp\/v2\/product\/7899","targetHints":{"allow":["GET"]}}],"collection":[{"href":"https:\/\/gsoftwarelab.com\/tr\/wp-json\/wp\/v2\/product"}],"about":[{"href":"https:\/\/gsoftwarelab.com\/tr\/wp-json\/wp\/v2\/types\/product"}],"replies":[{"embeddable":true,"href":"https:\/\/gsoftwarelab.com\/tr\/wp-json\/wp\/v2\/comments?post=7899"}],"wp:featuredmedia":[{"embeddable":true,"href":"https:\/\/gsoftwarelab.com\/tr\/wp-json\/wp\/v2\/media\/7931"}],"wp:attachment":[{"href":"https:\/\/gsoftwarelab.com\/tr\/wp-json\/wp\/v2\/media?parent=7899"}],"wp:term":[{"taxonomy":"product_brand","embeddable":true,"href":"https:\/\/gsoftwarelab.com\/tr\/wp-json\/wp\/v2\/product_brand?post=7899"},{"taxonomy":"product_cat","embeddable":true,"href":"https:\/\/gsoftwarelab.com\/tr\/wp-json\/wp\/v2\/product_cat?post=7899"},{"taxonomy":"product_tag","embeddable":true,"href":"https:\/\/gsoftwarelab.com\/tr\/wp-json\/wp\/v2\/product_tag?post=7899"}],"curies":[{"name":"wp","href":"https:\/\/api.w.org\/{rel}","templated":true}]}}