{"id":5915,"date":"2023-02-04T16:45:33","date_gmt":"2023-02-04T14:45:33","guid":{"rendered":"https:\/\/gsoftwarelab.com\/?post_type=product&#038;p=5915"},"modified":"2025-11-10T06:30:58","modified_gmt":"2025-11-10T04:30:58","slug":"index-buddy-v2","status":"publish","type":"product","link":"https:\/\/gsoftwarelab.com\/tr\/urun\/index-buddy-v2\/","title":{"rendered":"Indeks Buddy'nin"},"content":{"rendered":"<h2 class=\"elementor-image-box-title\">Index Buddy V2 \u2014 Toplu SEO Link Indexer<\/h2>\n<div class=\"flex flex-grow flex-col gap-3\">\n<div class=\"min-h-[20px] flex flex-col items-start gap-4 whitespace-pre-wrap\">\n<div class=\"markdown prose w-full break-words dark:prose-invert light\">\n<p>Index Buddy V2, en yeni ve geli\u015ftirilmi\u015f versiyonudur. Index Buddy. Web sitenizin veya URL'lerinizin Google, Bing ve Baidu gibi b\u00fcy\u00fck arama motorlar\u0131nda g\u00f6r\u00fcn\u00fcrl\u00fc\u011f\u00fcn\u00fc ve s\u0131ralamas\u0131n\u0131 art\u0131rmaya yard\u0131mc\u0131 olmak i\u00e7in geli\u015fmi\u015f ve geli\u015fmi\u015f indeksleme yetenekleri sunar. Yaz\u0131l\u0131m, kullan\u0131c\u0131 dostu ve g\u00fc\u00e7l\u00fc olacak \u015fekilde tasarlanm\u0131\u015ft\u0131r, bu da tek URL'leri, t\u00fcm web sitelerini veya URL'lerin toplu listelerini birka\u00e7 t\u0131klamayla dizine eklemenizi kolayla\u015ft\u0131r\u0131r.<\/p>\n<p>Ayl\u0131k abonelik ile Index Buddy V2, bir bilgisayarda kesintisiz ve kesintisiz indekslemenin keyfini \u00e7\u0131karabilirsiniz. Gelecekteki t\u00fcm g\u00fcncellemeler, yeni \u00f6zellikler ve hata d\u00fczeltmeleri 1 ay boyunca dahildir ve yaz\u0131l\u0131m\u0131n en g\u00fcncel s\u00fcr\u00fcm\u00fcne her zaman eri\u015febilmenizi sa\u011flar.<\/p>\n<p><img decoding=\"async\" class=\"aligncenter wp-image-6384 size-full\" src=\"https:\/\/gsoftwarelab.com\/wp-content\/uploads\/2023\/02\/Indexing.gif\" alt=\"Index Buddy \u2014 Linkler ve Backlinklerin \u0130ndeksleme S\u00fcreci\" width=\"1000\" height=\"650\" title=\"\"><\/p>\n<\/div>\n<\/div>\n<\/div>\n<p>&nbsp;<\/p>\n<p><strong>Minimum sistem gereksinimleri:<\/strong><\/p>\n<ul>\n<li>\u0130\u015fletim sistemi: Windows 10 (s\u00fcr\u00fcm 22H2 veya \u00fczeri) Windows 11 (t\u00fcm s\u00fcr\u00fcmler), Windows Server 2019 ve \u00fczeri<\/li>\n<li>8 GB RAM<\/li>\n<li>10 GB depolama alan\u0131<\/li>\n<li>4 \u00e7ekirdekli<\/li>\n<li>Kararl\u0131 internet ba\u011flant\u0131s\u0131<\/li>\n<\/ul>\n<p><strong>Sipari\u015f i\u00e7erir:<\/strong><\/p>\n<ul>\n<li>1 ayl\u0131k yaz\u0131l\u0131m aboneli\u011fi (<span class=\"HwtZe\" lang=\"en\"><span class=\"jCAhz ChMk0b\"><span class=\"ryNqvb\">1 adet)<\/span><\/span><\/span><\/li>\n<li>1 Ayl\u0131k Kapsaml\u0131 Destek<\/li>\n<\/ul>\n<p><strong>Abonelik \u015fartlar\u0131:<\/strong><\/p>\n<ul>\n<li>\u0130ptal edilene kadar her ay otomatik yenileme<\/li>\n<li>Abonelik D\u00f6neminde Destek ve G\u00fcncellemeler<\/li>\n<\/ul>\n<p><strong><a href=\"https:\/\/gsoftwarelab.com\/tr\/index-buddy-backlink-indexer\/\">Hakk\u0131nda daha fazla bilgi edinin Index Buddy (Ba\u011flant\u0131 indeksleme yaz\u0131l\u0131m\u0131)<\/a><\/strong><br \/>\n<strong><a href=\"https:\/\/docs.gsoftwarelab.com\/\">Belgeleri Okuyun<\/a><\/strong><\/p>\n<p><strong><a href=\"https:\/\/gsoftwarelab.com\/tr\/organic-traffic-view-bot\/\">Hakk\u0131nda daha fazla bilgi edinin Traffic Buddy<\/a><a href=\"https:\/\/gsoftwarelab.com\/tr\/organic-traffic-view-bot\/\"> (Trafik botu)<\/a><br \/>\n<a href=\"https:\/\/gsoftwarelab.com\/tr\/proxy-buddy-scraper-tester\/\">Hakk\u0131nda daha fazla bilgi edinin Proxy Buddy <\/a><a href=\"https:\/\/gsoftwarelab.com\/tr\/proxy-buddy-scraper-tester\/\">(Proxy kaz\u0131y\u0131c\u0131)<\/a><\/strong><\/p>","protected":false},"excerpt":{"rendered":"<p>Index Buddy V2, arama motorlar\u0131na b\u00fcy\u00fck backlink listelerini indekslemek i\u00e7in m\u00fckemmel bir ara\u00e7t\u0131r.<\/p>","protected":false},"featured_media":7727,"comment_status":"open","ping_status":"closed","template":"","meta":{"rop_custom_images_group":[],"rop_custom_messages_group":[],"rop_publish_now":"initial","rop_publish_now_accounts":{"twitter_2998589429_2998589429":""},"rop_publish_now_history":[],"rop_publish_now_status":"pending"},"product_brand":[2068,2070],"product_cat":[89,87],"product_tag":[190,2383,191,2384,192,193],"class_list":{"0":"post-5915","1":"product","2":"type-product","3":"status-publish","4":"has-post-thumbnail","6":"product_brand-gsoftwarelab","7":"product_brand-index-buddy","8":"product_cat-index-buddy","9":"product_cat-software","10":"product_tag-backlink-indexer","11":"product_tag-backlink-indexer-subscription","12":"product_tag-indexing-software","13":"product_tag-indexing-software-subscription","14":"product_tag-indexing-tool","15":"product_tag-url-indexer","17":"first","18":"instock","19":"featured","20":"downloadable","21":"virtual","22":"purchasable","23":"product-type-simple"},"wcol_rules":[],"_links":{"self":[{"href":"https:\/\/gsoftwarelab.com\/tr\/wp-json\/wp\/v2\/product\/5915","targetHints":{"allow":["GET"]}}],"collection":[{"href":"https:\/\/gsoftwarelab.com\/tr\/wp-json\/wp\/v2\/product"}],"about":[{"href":"https:\/\/gsoftwarelab.com\/tr\/wp-json\/wp\/v2\/types\/product"}],"replies":[{"embeddable":true,"href":"https:\/\/gsoftwarelab.com\/tr\/wp-json\/wp\/v2\/comments?post=5915"}],"wp:featuredmedia":[{"embeddable":true,"href":"https:\/\/gsoftwarelab.com\/tr\/wp-json\/wp\/v2\/media\/7727"}],"wp:attachment":[{"href":"https:\/\/gsoftwarelab.com\/tr\/wp-json\/wp\/v2\/media?parent=5915"}],"wp:term":[{"taxonomy":"product_brand","embeddable":true,"href":"https:\/\/gsoftwarelab.com\/tr\/wp-json\/wp\/v2\/product_brand?post=5915"},{"taxonomy":"product_cat","embeddable":true,"href":"https:\/\/gsoftwarelab.com\/tr\/wp-json\/wp\/v2\/product_cat?post=5915"},{"taxonomy":"product_tag","embeddable":true,"href":"https:\/\/gsoftwarelab.com\/tr\/wp-json\/wp\/v2\/product_tag?post=5915"}],"curies":[{"name":"wp","href":"https:\/\/api.w.org\/{rel}","templated":true}]}}