{"id":3541,"date":"2021-11-17T18:40:19","date_gmt":"2021-11-17T16:40:19","guid":{"rendered":"https:\/\/gsoftwarelab.com\/?post_type=product&#038;p=3541"},"modified":"2025-11-27T09:41:16","modified_gmt":"2025-11-27T07:41:16","slug":"seo-agency-bundle","status":"publish","type":"product","link":"https:\/\/gsoftwarelab.com\/tr\/urun\/seo-agency-bundle\/","title":{"rendered":"SEO Ajans\u0131 Paketi"},"content":{"rendered":"<div class=\"flex flex-grow flex-col gap-3\">\n<div class=\"min-h-[20px] flex flex-col items-start gap-4 whitespace-pre-wrap break-words\">\n<div class=\"markdown prose w-full break-words dark:prose-invert light\">\n<p><strong>Ek bir 25'in kilidini a\u00e7\u0131n% Premier \u00dcr\u00fcn Paketimizde \u0130ndirim:<\/strong> <strong>Ajanslar, Serbest \u00c7al\u0131\u015fanlar ve SEO Uzmanlar\u0131 i\u00e7in Nihai \u00c7\u00f6z\u00fcm.<\/strong><\/p>\n<p>Ajanslar, serbest \u00e7al\u0131\u015fanlar ve SEO uzmanlar\u0131 i\u00e7in tasarlanm\u0131\u015f kapsaml\u0131 ve b\u00fct\u00e7e dostu bir \u00e7\u00f6z\u00fcmle i\u015finizi y\u00fckseltmek i\u00e7in bu \u00f6zel f\u0131rsat\u0131 de\u011ferlendirin. \u00d6nde gelen \u00fcr\u00fcn paketimiz, web sitenizi geli\u015ftirmek ve \u00e7evrimi\u00e7i varl\u0131\u011f\u0131n\u0131z\u0131 art\u0131rmak i\u00e7in parmaklar\u0131n\u0131z\u0131n ucunda her \u015feye sahip olman\u0131z\u0131 sa\u011flayan en \u00fcst d\u00fczey yaz\u0131l\u0131m\u0131m\u0131z\u0131, son teknoloji ara\u00e7lar\u0131m\u0131z\u0131, paha bi\u00e7ilmez kaynaklar\u0131m\u0131z\u0131 ve \u00f6zel deste\u011fimizi i\u00e7erir.<\/p>\n<p>Hem zamandan hem de paradan tasarruf ederken s\u0131n\u0131f\u0131n\u0131n en iyisi \u00fcr\u00fcn ve hizmetlerimizin faydalar\u0131n\u0131 ya\u015fay\u0131n. Bu s\u0131n\u0131rl\u0131 s\u00fcreli teklif uzun s\u00fcrmeyecek, bu y\u00fczden 25'inizi g\u00fcvence alt\u0131na almak i\u00e7in \u015fimdi harekete ge\u00e7in.% dijital ba\u015far\u0131 i\u00e7in nihai ara\u00e7 setine indirim ve yat\u0131r\u0131m yap\u0131n.<\/p>\n<p><strong>Sat\u0131n alma i\u015fleminiz \u015funlar\u0131 i\u00e7erir:<\/strong><\/p>\n<ul>\n<li><a href=\"https:\/\/gsoftwarelab.com\/tr\/proxy-scraper-and-proxy-tester-software\/\"><strong>Vekil Buddy<\/strong><\/a> Bir PC i\u00e7in Ayl\u0131k Lisans<\/li>\n<li><a href=\"https:\/\/gsoftwarelab.com\/tr\/organic-traffic-view-bot\/\"><strong>Trafik Buddy<\/strong><\/a> Bir PC i\u00e7in Ayl\u0131k Lisans<\/li>\n<li><a href=\"https:\/\/gsoftwarelab.com\/tr\/index-buddy-backlink-indexer\/\"><strong>Index Buddy 2. v2 (anlam ayr\u0131m\u0131)<\/strong><\/a> Bir PC i\u00e7in Ayl\u0131k Lisans<\/li>\n<li>Kapsaml\u0131 ve kapsaml\u0131 <strong>Destek<\/strong><\/li>\n<li>Dikim i\u00e7in Katk\u0131\u00a0 <strong>5 a\u011fa\u00e7<\/strong><\/li>\n<\/ul>\n<p><strong>Abonelik \u015fartlar\u0131:<\/strong><\/p>\n<ul>\n<li>\u0130ptal edilene kadar her ay otomatik yenileme<\/li>\n<li>Abonelik D\u00f6neminde Destek ve G\u00fcncellemeler<\/li>\n<\/ul>\n<\/div>\n<\/div>\n<\/div>","protected":false},"excerpt":{"rendered":"<p class=\"root-block-node\" data-changed=\"false\" data-paragraphid=\"3\">Ek 25 ile bir paket i\u00e7inde en pop\u00fcler \u00fcr\u00fcnlerimiz% \u0130ndirimli bir \u015fey. Ajanslar, serbest \u00e7al\u0131\u015fanlar ve SEO uzmanlar\u0131 i\u00e7in m\u00fckemmeldir.<\/p>","protected":false},"featured_media":7662,"comment_status":"open","ping_status":"closed","template":"","meta":{"rop_custom_images_group":[],"rop_custom_messages_group":[],"rop_publish_now":"initial","rop_publish_now_accounts":{"twitter_2998589429_2998589429":""},"rop_publish_now_history":[],"rop_publish_now_status":"pending"},"product_brand":[2068],"product_cat":[89,88,87,104],"product_tag":[691,191,98,693,690,2369,2370,692,2387,696],"class_list":{"0":"post-3541","1":"product","2":"type-product","3":"status-publish","4":"has-post-thumbnail","6":"product_brand-gsoftwarelab","7":"product_cat-index-buddy","8":"product_cat-proxy-buddy","9":"product_cat-software","10":"product_cat-traffic-buddy","11":"product_tag-bundle","12":"product_tag-indexing-software","13":"product_tag-proxy-scraper","14":"product_tag-sale","15":"product_tag-seo-bundle","16":"product_tag-seo-software","17":"product_tag-seo-software-bundle","18":"product_tag-software-bundle","19":"product_tag-software-bundle-subscription","20":"product_tag-traffic-bot","22":"first","23":"instock","24":"sale","25":"featured","26":"virtual","27":"purchasable","28":"product-type-woosb"},"wcol_rules":[],"_links":{"self":[{"href":"https:\/\/gsoftwarelab.com\/tr\/wp-json\/wp\/v2\/product\/3541","targetHints":{"allow":["GET"]}}],"collection":[{"href":"https:\/\/gsoftwarelab.com\/tr\/wp-json\/wp\/v2\/product"}],"about":[{"href":"https:\/\/gsoftwarelab.com\/tr\/wp-json\/wp\/v2\/types\/product"}],"replies":[{"embeddable":true,"href":"https:\/\/gsoftwarelab.com\/tr\/wp-json\/wp\/v2\/comments?post=3541"}],"wp:featuredmedia":[{"embeddable":true,"href":"https:\/\/gsoftwarelab.com\/tr\/wp-json\/wp\/v2\/media\/7662"}],"wp:attachment":[{"href":"https:\/\/gsoftwarelab.com\/tr\/wp-json\/wp\/v2\/media?parent=3541"}],"wp:term":[{"taxonomy":"product_brand","embeddable":true,"href":"https:\/\/gsoftwarelab.com\/tr\/wp-json\/wp\/v2\/product_brand?post=3541"},{"taxonomy":"product_cat","embeddable":true,"href":"https:\/\/gsoftwarelab.com\/tr\/wp-json\/wp\/v2\/product_cat?post=3541"},{"taxonomy":"product_tag","embeddable":true,"href":"https:\/\/gsoftwarelab.com\/tr\/wp-json\/wp\/v2\/product_tag?post=3541"}],"curies":[{"name":"wp","href":"https:\/\/api.w.org\/{rel}","templated":true}]}}