{"id":1411,"date":"2020-05-14T10:21:22","date_gmt":"2020-05-14T08:21:22","guid":{"rendered":"https:\/\/gsoftwarelab.com\/?post_type=product&#038;p=1411"},"modified":"2025-10-18T06:49:26","modified_gmt":"2025-10-18T04:49:26","slug":"index-buddy","status":"publish","type":"product","link":"https:\/\/gsoftwarelab.com\/tr\/urun\/index-buddy\/","title":{"rendered":"Indeks Buddy V1"},"content":{"rendered":"<h2 class=\"elementor-image-box-title\">Index Buddy V1 \u2014 Toplu SEO Link Indexer<\/h2>\n<p><strong>Y\u00fckseltme <a href=\"https:\/\/gsoftwarelab.com\/tr\/urun\/index-buddy-v2\/\"><span style=\"color: #ff9900;\">Index Buddy 2. v2 (anlam ayr\u0131m\u0131)<\/span><\/a>: Geli\u015fmi\u015f \u00d6zellikler ve Geli\u015ftirilmi\u015f Kullan\u0131c\u0131 Deneyimi<\/strong><\/p>\n<p>Index Buddy g\u00fc\u00e7l\u00fc ve kullan\u0131m\u0131 kolay bir indeksleme yaz\u0131l\u0131m\u0131d\u0131r. Tek URL'leri, Web Sitesini veya URL'lerin Toplu Listelerini Google, Bing veya Baidu gibi b\u00fcy\u00fck arama motorlar\u0131na dizine eklemenize izin verir. Dizinleme, web sitenizi veya URL'lerinizi binlerce whois ve istatistik web sitesine g\u00f6ndererek \u00e7al\u0131\u015f\u0131r ve bu da bir\u00e7ok geri ba\u011flant\u0131ya neden olur. Bir \u00f6m\u00fcr boyu lisans alacaks\u0131n\u0131z Index Buddy. Ayn\u0131 anda sadece bir bilgisayarda kullan\u0131labilir. Gelecekteki t\u00fcm g\u00fcncellemeler, eklenen \u00f6zellikler ve hata d\u00fczeltmeleri ek \u00fccret \u00f6demeden dahildir.<\/p>\n<p><img decoding=\"async\" class=\"aligncenter wp-image-3558 size-full\" src=\"https:\/\/gsoftwarelab.com\/wp-content\/uploads\/2021\/11\/indexing_process.gif\" alt=\"SEO Backlink \u0130ndeksleme S\u00fcreci\" width=\"802\" height=\"478\" title=\"\"><\/p>\n<p>&nbsp;<\/p>\n<p><strong>Minimum sistem gereksinimleri:<\/strong><\/p>\n<ul>\n<li>\u0130\u015fletim sistemi: Windows 10 (s\u00fcr\u00fcm 22H2 veya \u00fczeri) Windows 11 (t\u00fcm s\u00fcr\u00fcmler), Windows Server 2019 ve \u00fczeri<\/li>\n<li>8 GB RAM<\/li>\n<li>10 GB depolama alan\u0131<\/li>\n<li>4 \u00e7ekirdekli<\/li>\n<li>Kararl\u0131 internet ba\u011flant\u0131s\u0131<\/li>\n<\/ul>\n<p><strong>Sat\u0131n alma i\u015fleminiz \u015funlar\u0131 i\u00e7erir:<\/strong><\/p>\n<ul>\n<li>Bir PC i\u00e7in \u00d6m\u00fcr Boyu Lisans<\/li>\n<li>Tek bir a\u011fa\u00e7 dikmeye katk\u0131<\/li>\n<\/ul>\n<p><strong><a href=\"https:\/\/gsoftwarelab.com\/tr\/index-buddy-backlink-indexer\/\">Hakk\u0131nda daha fazla bilgi edinin Index Buddy<\/a><\/strong><br \/>\n<strong><a href=\"https:\/\/docs.gsoftwarelab.com\/\">Belgeleri Okuyun<\/a><\/strong><\/p>\n<p><strong><a href=\"https:\/\/gsoftwarelab.com\/tr\/organic-traffic-view-bot\/\">Hakk\u0131nda daha fazla bilgi edinin Traffic Buddy<\/a><br \/>\n<a href=\"https:\/\/gsoftwarelab.com\/tr\/proxy-buddy-scraper-tester\/\">Hakk\u0131nda daha fazla bilgi edinin Proxy Buddy<\/a><br \/>\n<\/strong><\/p>","protected":false},"excerpt":{"rendered":"<p>Index Buddy V1, arama motorlar\u0131na b\u00fcy\u00fck backlink listelerini indekslemek i\u00e7in m\u00fckemmel bir ara\u00e7.<\/p>","protected":false},"featured_media":1771,"comment_status":"open","ping_status":"closed","template":"","meta":{"rop_custom_images_group":[],"rop_custom_messages_group":[],"rop_publish_now":"initial","rop_publish_now_accounts":{"twitter_2998589429_2998589429":""},"rop_publish_now_history":[],"rop_publish_now_status":"pending"},"product_brand":[],"product_cat":[89,87],"product_tag":[190,191,192,193],"class_list":{"0":"post-1411","1":"product","2":"type-product","3":"status-publish","4":"has-post-thumbnail","6":"product_cat-index-buddy","7":"product_cat-software","8":"product_tag-backlink-indexer","9":"product_tag-indexing-software","10":"product_tag-indexing-tool","11":"product_tag-url-indexer","13":"first","14":"instock","15":"downloadable","16":"virtual","17":"purchasable","18":"product-type-simple"},"wcol_rules":[],"_links":{"self":[{"href":"https:\/\/gsoftwarelab.com\/tr\/wp-json\/wp\/v2\/product\/1411","targetHints":{"allow":["GET"]}}],"collection":[{"href":"https:\/\/gsoftwarelab.com\/tr\/wp-json\/wp\/v2\/product"}],"about":[{"href":"https:\/\/gsoftwarelab.com\/tr\/wp-json\/wp\/v2\/types\/product"}],"replies":[{"embeddable":true,"href":"https:\/\/gsoftwarelab.com\/tr\/wp-json\/wp\/v2\/comments?post=1411"}],"wp:featuredmedia":[{"embeddable":true,"href":"https:\/\/gsoftwarelab.com\/tr\/wp-json\/wp\/v2\/media\/1771"}],"wp:attachment":[{"href":"https:\/\/gsoftwarelab.com\/tr\/wp-json\/wp\/v2\/media?parent=1411"}],"wp:term":[{"taxonomy":"product_brand","embeddable":true,"href":"https:\/\/gsoftwarelab.com\/tr\/wp-json\/wp\/v2\/product_brand?post=1411"},{"taxonomy":"product_cat","embeddable":true,"href":"https:\/\/gsoftwarelab.com\/tr\/wp-json\/wp\/v2\/product_cat?post=1411"},{"taxonomy":"product_tag","embeddable":true,"href":"https:\/\/gsoftwarelab.com\/tr\/wp-json\/wp\/v2\/product_tag?post=1411"}],"curies":[{"name":"wp","href":"https:\/\/api.w.org\/{rel}","templated":true}]}}