{"id":1409,"date":"2020-05-14T09:55:52","date_gmt":"2020-05-14T07:55:52","guid":{"rendered":"https:\/\/gsoftwarelab.com\/?post_type=product&#038;p=1409"},"modified":"2026-01-14T05:49:24","modified_gmt":"2026-01-14T03:49:24","slug":"proxy-buddy-v3","status":"publish","type":"product","link":"https:\/\/gsoftwarelab.com\/tr\/urun\/proxy-buddy-v3\/","title":{"rendered":"Vekil Buddy"},"content":{"rendered":"<h2>S\u0131n\u0131rs\u0131z Proxy'lerin Kilidini A\u00e7\u0131n Proxy Buddy<\/h2>\n<div class=\"flex flex-grow flex-col gap-3\">\n<div class=\"min-h-[20px] flex flex-col items-start gap-4 whitespace-pre-wrap\">\n<div class=\"markdown prose w-full break-words dark:prose-invert light\">\n<p>Tan\u0131t\u0131m Proxy Buddy \u2014 binlerce yeni kamu proxy sunucusunun listelerini h\u0131zl\u0131 ve kolay bir \u015fekilde kaz\u0131mak, test etmek, filtrelemek ve d\u0131\u015fa aktarmak i\u00e7in nihai \u00e7\u00f6z\u00fcm. Tek t\u0131klamayla otomatik pilot \u00f6zelli\u011fi sayesinde, tek bir t\u0131klamayla vekilleri zahmetsizce hasat edebilir ve test edebilirsiniz. SEO yaz\u0131l\u0131m uygulamalar\u0131 ve botlar i\u00e7in m\u00fckemmel, Proxy Buddy proxy sunucular\u0131n\u0131z\u0131n Google'dan arama motoru sonu\u00e7lar\u0131n\u0131 kaz\u0131yabilmesini sa\u011flamak i\u00e7in \u00f6zel bir Google arama testi bile i\u00e7erir.<\/p>\n<p>Y\u00fckseltme i\u015fleminizi proxy bizim g\u00fc\u00e7l\u00fc ve verimli sat\u0131n alma ile oyun proxy kaz\u0131y\u0131c\u0131 arac\u0131. Sat\u0131n alarak bizim proxy kaz\u0131y\u0131c\u0131, ayl\u0131k aboneli\u011fe eri\u015fim kazanacaks\u0131n\u0131z Proxy Buddy. Bu lisans, g\u00fcncelle\u015ftirmeler, eklenen \u00f6zellikler veya hata d\u00fczeltmeleri i\u00e7in herhangi bir ek \u00fccret \u00f6demeden arac\u0131 ayn\u0131 anda tek bir bilgisayarda kullanman\u0131za olanak tan\u0131r. Kendinizi geli\u015ftirme f\u0131rsat\u0131n\u0131 ka\u00e7\u0131rmay\u0131n proxy yetenekleri ile Proxy Buddy \u2047  \u015fimdi sat\u0131n al\u0131n!<\/p>\n<\/div>\n<\/div>\n<\/div>\n<div style=\"padding: 56.25% 0 0 0; position: relative;\"><iframe style=\"position: absolute; top: 0; left: 0; width: 100%; height: 100%;\" src=\"https:\/\/player.vimeo.com\/video\/672830210?h=59eb4a1d9e&amp;autoplay=1&amp;loop=1&amp;byline=0\" frameborder=\"0\" allowfullscreen=\"allowfullscreen\"><\/iframe><\/div>\n<p>&nbsp;<\/p>\n<h3 id=\"item-description__key-features\">Temel \u00f6zellikler:<\/h3>\n<ul>\n<li>Tam otomatik proxy kaz\u0131y\u0131c\u0131<\/li>\n<li>Yerle\u015fik Proxy Kayna\u011f\u0131<\/li>\n<li>Milyonlarca Proxy Sunucusu kaz\u0131y\u0131n<\/li>\n<li>\u00c7ok Di\u015fli ve Soket Tabanl\u0131<\/li>\n<li>HTTP, HTTPS, Socks4 ve Socks5'i destekler<\/li>\n<li>Y\u00fckleme ve E-posta G\u00f6nderme \u00d6zelli\u011fi<\/li>\n<li>Geli\u015fmi\u015f Filtreleme Deste\u011fi (Protokol, Google Pass, Anonymity, \u00dclke ve daha fazlas\u0131)<\/li>\n<li>G\u00fcncellemeler ve Destek<\/li>\n<li>Orijinal ve Benzersiz Lisans Anahtar\u0131<\/li>\n<\/ul>\n<p><strong>Minimum sistem gereksinimleri:<\/strong><\/p>\n<ul>\n<li>\u0130\u015fletim sistemi: Windows 10 (s\u00fcr\u00fcm 22H2 veya \u00fczeri) Windows 11 (t\u00fcm s\u00fcr\u00fcmler), Windows Server 2019 ve \u00fczeri<\/li>\n<li>8 GB RAM<\/li>\n<li>10 GB depolama alan\u0131<\/li>\n<li>4 \u00e7ekirdekli<\/li>\n<li>Kararl\u0131 internet ba\u011flant\u0131s\u0131<\/li>\n<\/ul>\n<p><strong>Sat\u0131n alma i\u015fleminiz \u015funlar\u0131 i\u00e7erir:<\/strong><\/p>\n<ul>\n<li>Ayl\u0131k yaz\u0131l\u0131m aboneli\u011fi<\/li>\n<li>Kapsaml\u0131 destek<\/li>\n<li>Tek bir a\u011fa\u00e7 dikmeye katk\u0131<\/li>\n<\/ul>\n<p><strong>Abonelik \u015fartlar\u0131:<\/strong><\/p>\n<ul>\n<li>\u0130ptal edilene kadar her ay otomatik yenileme<\/li>\n<li>Abonelik D\u00f6neminde Destek ve G\u00fcncellemeler<\/li>\n<\/ul>\n<p><a href=\"https:\/\/gsoftwarelab.com\/tr\/proxy-buddy-scraper-tester\/\"><strong>Hakk\u0131nda daha fazla bilgi edinin Proxy Buddy<\/strong><\/a><strong><a href=\"https:\/\/gsoftwarelab.com\/tr\/proxy-buddy-scraper-tester\/\"> (Proxy kaz\u0131y\u0131c\u0131)<\/a><\/strong><br \/>\n<strong><a href=\"https:\/\/docs.gsoftwarelab.com\/\">Belgeleri Okuyun<\/a><\/strong><\/p>\n<p><strong><a href=\"https:\/\/gsoftwarelab.com\/tr\/organic-traffic-view-bot\/\">Hakk\u0131nda daha fazla bilgi edinin Traffic Buddy<\/a><a href=\"https:\/\/gsoftwarelab.com\/tr\/organic-traffic-view-bot\/\"> (Trafik botu)<\/a><br \/>\n<a href=\"https:\/\/gsoftwarelab.com\/tr\/index-buddy-backlink-indexer\/\">Hakk\u0131nda daha fazla bilgi edinin Index Buddy<\/a><a href=\"https:\/\/gsoftwarelab.com\/tr\/index-buddy-backlink-indexer\/\"> (Ba\u011flant\u0131 indeksleme yaz\u0131l\u0131m\u0131)<\/a><br \/>\n<\/strong><\/p>","protected":false},"excerpt":{"rendered":"<p>Binlerce yeni kamu proxy sunucusunu zahmetsizce bulun ve test edin Proxy Buddy. H\u0131zl\u0131 ve kullan\u0131c\u0131 dostu arac\u0131m\u0131z, proxy listelerini kolayca kaz\u0131man\u0131za, test etmenize, filtrelemenize ve d\u0131\u015fa aktarman\u0131za olanak tan\u0131r. Tek t\u0131klamayla otomatik pilot \u00f6zelli\u011fi, proxy'leri toplu olarak toplamay\u0131 ve test etmeyi kolayla\u015ft\u0131r\u0131r. Proxy araman\u0131z\u0131 kolayla\u015ft\u0131r\u0131n ve en iyi performans\u0131 sa\u011flay\u0131n Proxy Buddy.<\/p>","protected":false},"featured_media":7548,"comment_status":"open","ping_status":"closed","template":"","meta":{"rop_custom_images_group":[],"rop_custom_messages_group":[],"rop_publish_now":"initial","rop_publish_now_accounts":{"twitter_2998589429_2998589429":""},"rop_publish_now_history":[],"rop_publish_now_status":"pending"},"product_brand":[2068,2069],"product_cat":[88,87],"product_tag":[153,156,103,2386,102,98,2385,99,157,155,188,189],"class_list":{"0":"post-1409","1":"product","2":"type-product","3":"status-publish","4":"has-post-thumbnail","6":"product_brand-gsoftwarelab","7":"product_brand-proxy-buddy","8":"product_cat-proxy-buddy","9":"product_cat-software","10":"product_tag-google-proxies","11":"product_tag-gsa-ser-proxies","12":"product_tag-proxy-buddy","13":"product_tag-proxy-buddy-subscription","14":"product_tag-proxy-list","15":"product_tag-proxy-scraper","16":"product_tag-proxy-scraper-subscription","17":"product_tag-proxy-tester","18":"product_tag-scrapebox-proxies","19":"product_tag-seo-proxies","20":"product_tag-sock5-proxy","21":"product_tag-socks4-proxy","23":"first","24":"instock","25":"featured","26":"downloadable","27":"virtual","28":"purchasable","29":"product-type-simple"},"wcol_rules":[],"_links":{"self":[{"href":"https:\/\/gsoftwarelab.com\/tr\/wp-json\/wp\/v2\/product\/1409","targetHints":{"allow":["GET"]}}],"collection":[{"href":"https:\/\/gsoftwarelab.com\/tr\/wp-json\/wp\/v2\/product"}],"about":[{"href":"https:\/\/gsoftwarelab.com\/tr\/wp-json\/wp\/v2\/types\/product"}],"replies":[{"embeddable":true,"href":"https:\/\/gsoftwarelab.com\/tr\/wp-json\/wp\/v2\/comments?post=1409"}],"wp:featuredmedia":[{"embeddable":true,"href":"https:\/\/gsoftwarelab.com\/tr\/wp-json\/wp\/v2\/media\/7548"}],"wp:attachment":[{"href":"https:\/\/gsoftwarelab.com\/tr\/wp-json\/wp\/v2\/media?parent=1409"}],"wp:term":[{"taxonomy":"product_brand","embeddable":true,"href":"https:\/\/gsoftwarelab.com\/tr\/wp-json\/wp\/v2\/product_brand?post=1409"},{"taxonomy":"product_cat","embeddable":true,"href":"https:\/\/gsoftwarelab.com\/tr\/wp-json\/wp\/v2\/product_cat?post=1409"},{"taxonomy":"product_tag","embeddable":true,"href":"https:\/\/gsoftwarelab.com\/tr\/wp-json\/wp\/v2\/product_tag?post=1409"}],"curies":[{"name":"wp","href":"https:\/\/api.w.org\/{rel}","templated":true}]}}