{"id":8536,"date":"2025-11-18T09:01:09","date_gmt":"2025-11-18T07:01:09","guid":{"rendered":"https:\/\/gsoftwarelab.com\/?page_id=8536"},"modified":"2025-12-10T02:36:15","modified_gmt":"2025-12-10T00:36:15","slug":"free-seo-tools","status":"publish","type":"page","link":"https:\/\/gsoftwarelab.com\/tr\/free-seo-tools\/","title":{"rendered":"Web Sitesi Analizi ve amp i\u00e7in \u00dccretsiz \u00c7evrimi\u00e7i SEO Ara\u00e7lar\u0131; B\u00fcy\u00fcme"},"content":{"rendered":"<div class=\"wp-block-stackable-heading stk-block-heading stk-block-heading--v2 stk-block stk-7afc9ef\" id=\"free-online-seo-tools-for-website-analysis-amp-growth\" data-block-id=\"7afc9ef\"><style>.stk-7afc9ef .stk-block-heading__top-line{margin-left:auto !important;margin-right:auto !important;}.stk-7afc9ef .stk-block-heading__bottom-line{margin-left:auto !important;margin-right:auto !important;}<\/style><div class=\"stk-block-heading__top-line\"><\/div><h1 class=\"stk-block-heading__text has-text-align-center\">Web Sitesi Analizi ve amp i\u00e7in \u00dccretsiz \u00c7evrimi\u00e7i SEO Ara\u00e7lar\u0131; B\u00fcy\u00fcme<\/h1><\/div>\n\n\n\n<div class=\"wp-block-stackable-text stk-block-text stk-block stk-9b7ede8\" data-block-id=\"9b7ede8\"><p class=\"stk-block-text__text\">G\u00fc\u00e7l\u00fc, \u00fccretsiz \u00e7evrimi\u00e7i SEO ara\u00e7lar\u0131 i\u00e7in yeni merkezinize ho\u015f geldiniz. Web sitenizi analiz etmenize, performans\u0131n\u0131z\u0131 izlemenize ve b\u00fcy\u00fcme i\u00e7in yeni f\u0131rsatlar ke\u015ffetmenize yard\u0131mc\u0131 olacak eksiksiz bir ara\u00e7 seti olu\u015fturuyoruz. \u0130ster bir SEO uzman\u0131, ister k\u00fc\u00e7\u00fck i\u015fletme sahibi veya dijital pazarlamac\u0131 olun, bu ara\u00e7lar size h\u0131zl\u0131, eyleme ge\u00e7irilebilir veriler vermek i\u00e7in tasarlanm\u0131\u015ft\u0131r.<\/p><\/div>\n\n\n\n<div class=\"wp-block-stackable-columns alignfull stk-block-columns stk-block stk-d89ea53\" data-block-id=\"d89ea53\"><style>.stk-d89ea53 {margin-top:var(--stk--preset--spacing--70, 3.38rem) !important;margin-bottom:var(--stk--preset--spacing--70, 3.38rem) !important;}<\/style><div class=\"stk-row stk-inner-blocks stk-block-content stk-content-align stk-d89ea53-column alignwide\">\n<div class=\"wp-block-stackable-column stk-block-column stk-column stk-block stk-d10bbd9\" data-v=\"4\" data-block-id=\"d10bbd9\"><div class=\"stk-column-wrapper stk-block-column__content stk-container stk-d10bbd9-container stk--no-background stk--no-padding\"><div class=\"has-text-align-center stk-block-content stk-inner-blocks stk-d10bbd9-inner-blocks\">\n<div class=\"wp-block-stackable-heading stk-block-heading stk-block-heading--v2 stk-block stk-0de3490\" id=\"heading-placeholder\" data-block-id=\"0de3490\"><style>.stk-0de3490 {margin-bottom:40px !important;}<\/style><h2 class=\"stk-block-heading__text\">\u00dccretsiz Web Sitesi PageRank Denetleyicisi<\/h2><\/div>\n\n\n\n<div class=\"wp-block-stackable-columns stk-block-columns stk-block stk-abee3c0\" data-block-id=\"abee3c0\"><style>.stk-abee3c0 .stk--block-align-abee3c0{align-items:center !important;}.stk-abee3c0 {margin-bottom:64px !important;}<\/style><div class=\"stk-row stk-inner-blocks has-text-align-left stk--block-align-abee3c0 stk-block-content stk-content-align stk-abee3c0-column\">\n<div class=\"wp-block-stackable-column stk-block-column stk-column stk-block stk-5b7c62c\" data-v=\"4\" data-block-id=\"5b7c62c\"><div class=\"stk-column-wrapper stk-block-column__content stk-container stk-5b7c62c-container stk--no-background stk--no-padding\"><div class=\"stk-block-content stk-inner-blocks stk-5b7c62c-inner-blocks\">\n<div class=\"wp-block-stackable-heading stk-block-heading stk-block-heading--v2 stk-block stk-f8f6d88\" id=\"long-subheading-placeholder\" data-block-id=\"f8f6d88\"><h3 class=\"stk-block-heading__text\">Sitenizin SEO Otoritesini An\u0131nda G\u00f6r\u00fcn<\/h3><\/div>\n\n\n\n<div class=\"wp-block-stackable-text stk-block-text stk-block stk-5ca094b\" data-block-id=\"5ca094b\"><style>.stk-5ca094b {margin-bottom:40px !important;}<\/style><p class=\"stk-block-text__text\">Web sitenizin performans\u0131yla ilgili temel i\u00e7g\u00f6r\u00fclerin kilidini a\u00e7\u0131n. \u00dccretsiz PageRank denetleyicimiz, alan ad\u0131n\u0131z\u0131n otoritesini ve s\u0131ralama sinyallerini an\u0131nda ortaya \u00e7\u0131kar\u0131r. Arama motorlar\u0131nda nerede durdu\u011funuzu anlay\u0131n, rakiplerinizi analiz edin ve daha ak\u0131ll\u0131 SEO kararlar\u0131 verin. An\u0131nda PageRank ve SQI analizi almak i\u00e7in herhangi bir alan ad\u0131 girin.<\/p><\/div>\n<\/div><\/div><\/div>\n\n\n\n<div class=\"wp-block-stackable-column stk-block-column stk-column stk-block stk-09865b4\" data-v=\"4\" data-block-id=\"09865b4\"><style>.stk-09865b4 {overflow:hidden !important;}<\/style><div class=\"stk-column-wrapper stk-block-column__content stk-container stk-09865b4-container stk--no-background stk--no-padding\"><div class=\"stk-block-content stk-inner-blocks stk-09865b4-inner-blocks\">\n<iframe   src=\"https:\/\/pagerankapi-webapp.pages.dev\"   title=\"\u00dccretsiz PageRank Denetleyicisi\"   width=\"100%\"   height=\"500\"   style=\"border:none;\"   frameborder=\"0\"   loading=\"lazy\"> <\/iframe>\n<\/div><\/div><\/div>\n<\/div><\/div>\n\n\n\n<div class=\"wp-block-stackable-heading stk-block-heading stk-block-heading--v2 stk-block stk-a37077d\" id=\"heading-placeholder\" data-block-id=\"a37077d\"><style>.stk-a37077d {margin-bottom:40px !important;}<\/style><h2 class=\"stk-block-heading__text\"><a href=\"https:\/\/topback.link\" target=\"_blank\" rel=\"noopener\">\u00dccretsiz Backlink Checker &amp; amp; SEO Analizi<\/a><\/h2><\/div>\n\n\n\n<div class=\"wp-block-stackable-columns stk-block-columns stk-block stk-6da37b2\" data-block-id=\"6da37b2\"><style>.stk-6da37b2 .stk--block-align-6da37b2{align-items:center !important;}<\/style><div class=\"stk-row stk-inner-blocks has-text-align-left stk--block-align-6da37b2 stk-block-content stk-content-align stk-6da37b2-column\">\n<div class=\"wp-block-stackable-column stk-block-column stk-column stk-block stk-684d209\" data-v=\"4\" data-block-id=\"684d209\"><div class=\"stk-column-wrapper stk-block-column__content stk-container stk-684d209-container stk--no-background stk--no-padding\"><div class=\"stk-block-content stk-inner-blocks stk-684d209-inner-blocks\">\n<div class=\"wp-block-stackable-image stk-block-image stk-block stk-398883e\" data-block-id=\"398883e\"><style>.stk-398883e .stk-img-wrapper{height:500px !important;}.stk-398883e .stk-img-wrapper img{object-fit:contain !important;}<\/style><figure><span class=\"stk-img-wrapper stk-image--shape-stretch\"><img decoding=\"async\" class=\"stk-img wp-image-8620\" src=\"https:\/\/gsoftwarelab.com\/wp-content\/uploads\/2025\/12\/screenshot-topbacklink-1024x1024.png\" width=\"1024\" height=\"1024\" alt=\"TopBack.Link Backlink Kontrol Aray\u00fcz\u00fc\" title=\"\" srcset=\"https:\/\/gsoftwarelab.com\/wp-content\/uploads\/2025\/12\/screenshot-topbacklink-1024x1024.png 1024w, https:\/\/gsoftwarelab.com\/wp-content\/uploads\/2025\/12\/screenshot-topbacklink-300x300.png 300w, https:\/\/gsoftwarelab.com\/wp-content\/uploads\/2025\/12\/screenshot-topbacklink-150x150.png 150w, https:\/\/gsoftwarelab.com\/wp-content\/uploads\/2025\/12\/screenshot-topbacklink-768x768.png 768w, https:\/\/gsoftwarelab.com\/wp-content\/uploads\/2025\/12\/screenshot-topbacklink-12x12.png 12w, https:\/\/gsoftwarelab.com\/wp-content\/uploads\/2025\/12\/screenshot-topbacklink-600x600.png 600w, https:\/\/gsoftwarelab.com\/wp-content\/uploads\/2025\/12\/screenshot-topbacklink-100x100.png 100w, https:\/\/gsoftwarelab.com\/wp-content\/uploads\/2025\/12\/screenshot-topbacklink.png 1280w\" sizes=\"(max-width: 1024px) 100vw, 1024px\" \/><\/span><\/figure><\/div>\n<\/div><\/div><\/div>\n\n\n\n<div class=\"wp-block-stackable-column stk-block-column stk-column stk-block stk-68b2fbc\" data-v=\"4\" data-block-id=\"68b2fbc\"><style>.stk-68b2fbc {overflow:hidden !important;}<\/style><div class=\"stk-column-wrapper stk-block-column__content stk-container stk-68b2fbc-container stk--no-background stk--no-padding\"><div class=\"stk-block-content stk-inner-blocks stk-68b2fbc-inner-blocks\">\n<div class=\"wp-block-stackable-heading stk-block-heading stk-block-heading--v2 stk-block stk-dc91a3f\" id=\"long-subheading-placeholder\" data-block-id=\"dc91a3f\"><h3 class=\"stk-block-heading__text\">Backlinkleri Do\u011frulay\u0131n, Kaliteyi ve amfiyi Analiz Edin; Performans\u0131 Takip Edin<\/h3><\/div>\n\n\n\n<div class=\"wp-block-stackable-text stk-block-text stk-block stk-b7ea234\" data-block-id=\"b7ea234\"><style>.stk-b7ea234 {margin-bottom:40px !important;}<\/style><p class=\"stk-block-text__text\">An\u0131nda do\u011frulama ile sayfa d\u0131\u015f\u0131 SEO'nuzun kontrol\u00fcn\u00fc elinize al\u0131n. Ba\u011flant\u0131lar\u0131 ger\u00e7ek zamanl\u0131 olarak taramak, varl\u0131klar\u0131n\u0131, ba\u011flant\u0131 metnini ve ba\u011flant\u0131 metnini do\u011frulamak i\u00e7in URL listenizi yap\u0131\u015ft\u0131r\u0131n. <code>dofollow<\/code>\/<code>nofollow<\/code> Stat\u00fc olarak yani.<\/p><\/div>\n\n\n\n<p>Tescilli \u00fcr\u00fcn\u00fcm\u00fczle basit kontrol\u00fcn \u00f6tesine ge\u00e7in <strong>Kalite puan\u0131<\/strong>. Zehirli ba\u011flant\u0131lar\u0131 ve f\u0131rsatlar\u0131 belirlemenize yard\u0131mc\u0131 olmak i\u00e7in kaynak sayfan\u0131n yetkisini, kelime say\u0131s\u0131n\u0131 ve ba\u011flant\u0131 yo\u011funlu\u011funu analiz ediyoruz. Kredi kart\u0131 gerekmez! \u015eimdi ba\u015flay\u0131n <a href=\"https:\/\/topback.link\" target=\"_blank\" rel=\"noopener\">TopBack.Link<\/a>.<\/p>\n<\/div><\/div><\/div>\n<\/div><\/div>\n<\/div><\/div><\/div>\n<\/div><\/div>\n\n\n\n<div class=\"wp-block-stackable-columns alignfull stk-block-columns stk-block stk-32917c9\" data-block-id=\"32917c9\"><style>.stk-32917c9 {margin-top:var(--stk--preset--spacing--70, 3.38rem) !important;margin-bottom:var(--stk--preset--spacing--70, 3.38rem) !important;}<\/style><div class=\"stk-row stk-inner-blocks stk-block-content stk-content-align stk-32917c9-column alignwide\">\n<div class=\"wp-block-stackable-column stk-block-column stk-column stk-block stk-d40e88a\" data-v=\"4\" data-block-id=\"d40e88a\"><div class=\"stk-column-wrapper stk-block-column__content stk-container stk-d40e88a-container stk--no-background stk--no-padding\"><div class=\"has-text-align-center stk-block-content stk-inner-blocks stk-d40e88a-inner-blocks\">\n<div class=\"wp-block-stackable-heading stk-block-heading stk-block-heading--v2 stk-block stk-c63df49\" id=\"heading-placeholder\" data-block-id=\"c63df49\"><style>.stk-c63df49 {margin-bottom:40px !important;}<\/style><h2 class=\"stk-block-heading__text\">Daha fazla \u00fccretsiz ara\u00e7lar yak\u0131nda<\/h2><\/div>\n\n\n\n<div class=\"wp-block-stackable-columns stk-block-columns stk-block stk-78dfe0e\" data-block-id=\"78dfe0e\"><style>.stk-78dfe0e .stk--block-align-78dfe0e{align-items:center !important;}<\/style><div class=\"stk-row stk-inner-blocks has-text-align-left stk--block-align-78dfe0e stk-block-content stk-content-align stk-78dfe0e-column\">\n<div class=\"wp-block-stackable-column stk-block-column stk-column stk-block stk-7b43cae\" data-v=\"4\" data-block-id=\"7b43cae\"><div class=\"stk-column-wrapper stk-block-column__content stk-container stk-7b43cae-container stk--no-background stk--no-padding\"><div class=\"stk-block-content stk-inner-blocks stk-7b43cae-inner-blocks\">\n<div class=\"wp-block-stackable-heading stk-block-heading stk-block-heading--v2 stk-block stk-49e109a\" id=\"long-subheading-placeholder\" data-block-id=\"49e109a\"><h3 class=\"stk-block-heading__text\">Sadece ba\u015flang\u0131\u00e7...<\/h3><\/div>\n\n\n\n<div class=\"wp-block-stackable-text stk-block-text stk-block stk-b734eb0\" data-block-id=\"b734eb0\"><style>.stk-b734eb0 {margin-bottom:40px !important;}<\/style><p class=\"stk-block-text__text\">Bu PageRank denetleyicisi sadece bir ba\u015flang\u0131\u00e7t\u0131r. Bir backlink analiz\u00f6r\u00fc, bir anahtar kelime ara\u015ft\u0131rma arac\u0131 ve bir sayfa i\u00e7i SEO denet\u00e7isi dahil olmak \u00fczere SEO'nuzda ustala\u015fman\u0131za yard\u0131mc\u0131 olmak i\u00e7in aktif olarak daha fazla \u00fccretsiz ara\u00e7 geli\u015ftiriyoruz. Bu sayfay\u0131 i\u015faretleyin ve yak\u0131nda tekrar kontrol edin!<\/p><\/div>\n<\/div><\/div><\/div>\n\n\n\n<div class=\"wp-block-stackable-column stk-block-column stk-column stk-block stk-a6e9c05\" data-v=\"4\" data-block-id=\"a6e9c05\"><div class=\"stk-column-wrapper stk-block-column__content stk-container stk-a6e9c05-container stk--no-background stk--no-padding\"><div class=\"stk-block-content stk-inner-blocks stk-a6e9c05-inner-blocks\"><\/div><\/div><\/div>\n<\/div><\/div>\n<\/div><\/div><\/div>\n<\/div><\/div>","protected":false},"excerpt":{"rendered":"<p>Web Sitesi Analizi ve amp i\u00e7in \u00dccretsiz \u00c7evrimi\u00e7i SEO Ara\u00e7lar\u0131; B\u00fcy\u00fcme G\u00fc\u00e7l\u00fc, \u00fccretsiz \u00e7evrimi\u00e7i SEO ara\u00e7lar\u0131 i\u00e7in yeni merkezinize ho\u015f geldiniz. Web sitenizi analiz etmenize, performans\u0131n\u0131z\u0131 izlemenize ve b\u00fcy\u00fcme i\u00e7in yeni f\u0131rsatlar ke\u015ffetmenize yard\u0131mc\u0131 olacak eksiksiz bir ara\u00e7 seti olu\u015fturuyoruz. \u0130ster bir SEO uzman\u0131, ister k\u00fc\u00e7\u00fck i\u015fletme sahibi veya dijital pazarlamac\u0131 olun, bu ara\u00e7lar [...]<\/p>","protected":false},"author":1,"featured_media":8537,"parent":0,"menu_order":0,"comment_status":"closed","ping_status":"closed","template":"","meta":{"rop_custom_images_group":[],"rop_custom_messages_group":[],"rop_publish_now":"initial","rop_publish_now_accounts":{"twitter_2998589429_2998589429":""},"rop_publish_now_history":[],"rop_publish_now_status":"pending","footnotes":""},"class_list":["post-8536","page","type-page","status-publish","has-post-thumbnail","hentry"],"blocksy_meta":[],"_links":{"self":[{"href":"https:\/\/gsoftwarelab.com\/tr\/wp-json\/wp\/v2\/pages\/8536","targetHints":{"allow":["GET"]}}],"collection":[{"href":"https:\/\/gsoftwarelab.com\/tr\/wp-json\/wp\/v2\/pages"}],"about":[{"href":"https:\/\/gsoftwarelab.com\/tr\/wp-json\/wp\/v2\/types\/page"}],"author":[{"embeddable":true,"href":"https:\/\/gsoftwarelab.com\/tr\/wp-json\/wp\/v2\/users\/1"}],"replies":[{"embeddable":true,"href":"https:\/\/gsoftwarelab.com\/tr\/wp-json\/wp\/v2\/comments?post=8536"}],"version-history":[{"count":4,"href":"https:\/\/gsoftwarelab.com\/tr\/wp-json\/wp\/v2\/pages\/8536\/revisions"}],"predecessor-version":[{"id":8623,"href":"https:\/\/gsoftwarelab.com\/tr\/wp-json\/wp\/v2\/pages\/8536\/revisions\/8623"}],"wp:featuredmedia":[{"embeddable":true,"href":"https:\/\/gsoftwarelab.com\/tr\/wp-json\/wp\/v2\/media\/8537"}],"wp:attachment":[{"href":"https:\/\/gsoftwarelab.com\/tr\/wp-json\/wp\/v2\/media?parent=8536"}],"curies":[{"name":"wp","href":"https:\/\/api.w.org\/{rel}","templated":true}]}}