{"id":8524,"date":"2025-11-15T08:47:14","date_gmt":"2025-11-15T06:47:14","guid":{"rendered":"https:\/\/gsoftwarelab.com\/?page_id=8524"},"modified":"2025-11-15T08:47:18","modified_gmt":"2025-11-15T06:47:18","slug":"software-license-agreement","status":"publish","type":"page","link":"https:\/\/gsoftwarelab.com\/tr\/software-license-agreement\/","title":{"rendered":"Yaz\u0131l\u0131m Lisans S\u00f6zle\u015fmesi'ni"},"content":{"rendered":"<h1 class=\"wp-block-heading\">YAZILIM L\u0130SANS S\u00d6ZLE\u015eMES\u0130<\/h1>\n\n\n\n<p>Bu Yaz\u0131l\u0131m Lisans S\u00f6zle\u015fmesi ( \u2047 AGREEMENT \u2047 ) sizin aran\u0131zda ba\u011flay\u0131c\u0131 bir yasal s\u00f6zle\u015fmedir (birey veya tek bir t\u00fczel ki\u015filik, bundan sonra  \u2047 you \u2047  veya  \u2047 Licensee \u2047 ) ve GSoftwareLab (bundan b\u00f6yle  \u2047 Lisans\u00f6r \u2047  veya  \u2047GSoftwareLab\u2047 ) \u015feklindedir.<\/p>\n\n\n\n<p>\u0130\u015fbu S\u00d6ZLE\u015eME, S\u00d6ZLE\u015eME'yi kullan\u0131m\u0131n\u0131z\u0131 y\u00f6netir. GSoftwareLab Bu S\u00d6ZLE\u015eMEye e\u015flik eden yaz\u0131l\u0131m \u00fcr\u00fcn\u00fc, yaz\u0131l\u0131m\u0131, ilgili medyay\u0131, bas\u0131l\u0131 materyalleri ve  \u2047 online \u2047  veya elektronik belgeleri (toplu olarak  \u2047 SOFTWARE \u2047 ) i\u00e7erir.<\/p>\n\n\n\n<p><strong>YAZILIMI y\u00fckleyerek, kopyalayarak, indirerek veya ba\u015fka bir \u015fekilde kullanarak, bu S\u00d6ZLE\u015eMEN\u0130N h\u00fck\u00fcm ve ko\u015fullar\u0131na ba\u011fl\u0131 kalmay\u0131 kabul edersiniz. Bu \u015fartlar\u0131 kabul etmiyorsan\u0131z, YAZILIM'\u0131 y\u00fcklemeyin veya kullanmay\u0131n.<\/strong><\/p>\n\n\n\n<h3 class=\"wp-block-heading\">1. SAH\u0130PL\u0130K VE F\u0130KR\u0130 M\u00dcLK\u0130YET<\/h3>\n\n\n\n<p>YAZILIM'\u0131n m\u00fclkiyetindedir. GSoftwareLab ve telif hakk\u0131 yasalar\u0131 ve uluslararas\u0131 telif hakk\u0131 anla\u015fmalar\u0131n\u0131n yan\u0131 s\u0131ra di\u011fer fikri m\u00fclkiyet yasalar\u0131 ve anla\u015fmalar\u0131 ile korunmaktad\u0131r. Yaz\u0131l\u0131m lisansl\u0131d\u0131r, sat\u0131lmaz. GSoftwareLab bu S\u00d6ZLE\u015eME'de size a\u00e7\u0131k\u00e7a verilmeyen t\u00fcm haklar\u0131 sakl\u0131 tutar.<\/p>\n\n\n\n<h3 class=\"wp-block-heading\">2. L\u0130SANS BA\u011eIMSIZLI\u011eI<\/h3>\n\n\n\n<p>\u0130\u015fbu S\u00d6ZLE\u015eMEN\u0130N t\u00fcm \u015fartlar\u0131na uyman\u0131za ba\u011fl\u0131 olarak, GSoftwareLab Size a\u015fa\u011f\u0131daki m\u00fcnhas\u0131r olmayan, devredilemez haklar\u0131 verir:<\/p>\n\n\n\n<ul class=\"wp-block-list\">\n<li><strong>Deneme veya De\u011ferlendirme Lisans\u0131:<\/strong> YAZILIM size de\u011ferlendirme amac\u0131yla sa\u011flanm\u0131\u015fsa, GSoftwareLab YAZILIM'\u0131n bir (1) kopyas\u0131n\u0131 s\u0131n\u0131rl\u0131 bir s\u00fcre i\u00e7in (Deneme S\u00fcresi) deneme ve de\u011ferlendirme amac\u0131yla y\u00fcklemeniz ve kullanman\u0131z i\u00e7in size bir lisans verir. Deneme S\u00fcresinin belirli s\u00fcresi ve \u015fartlar\u0131 (\u00f6rne\u011fin, \u00f6zellik s\u0131n\u0131rlamalar\u0131) taraf\u0131ndan belirtilecektir. GSoftwareLab indirme s\u0131ras\u0131nda veya YAZILIM'\u0131n kendisinde. Deneme S\u00fcresi sona erdi\u011finde, YAZILIM'\u0131 kullanmaya devam etmek i\u00e7in bir abonelik sat\u0131n alman\u0131z veya YAZILIM'\u0131n t\u00fcm kopyalar\u0131n\u0131 kald\u0131r\u0131p imha etmeniz gerekir.<\/li>\n\n\n\n<li><strong>Abonelik lisans\u0131:<\/strong> Bu S\u00d6ZLE\u015eME'ye uyman\u0131z ve ge\u00e7erli t\u00fcm abonelik \u00fccretlerinin zaman\u0131nda \u00f6denmesi ko\u015fuluyla, GSoftwareLab YAZILIM'\u0131 aktif abonelik s\u00fcreniz boyunca y\u00fcklemeniz ve kullanman\u0131z i\u00e7in size bir lisans verir. Bu lisans, ek lisanslar (abonelikler) sat\u0131n al\u0131nmad\u0131\u011f\u0131 s\u00fcrece tek bir bilgisayarda (\u00f6rne\u011fin, PC veya sunucu) tek seferde kullan\u0131ma izin verir. GSoftwareLab Her ek bilgisayar i\u00e7in.<\/li>\n<\/ul>\n\n\n\n<h3 class=\"wp-block-heading\">3. ABONEL\u0130K S\u00dcRES\u0130 VE \u00d6DEME<\/h3>\n\n\n\n<p>YAZILIM abonelik esas\u0131na g\u00f6re lisanslanm\u0131\u015ft\u0131r. YAZILIMI kullanma lisans\u0131n\u0131z, abonelik \u00fccretlerini etkin ve zaman\u0131nda \u00f6demenize ba\u011fl\u0131d\u0131r. Bu \u00fccretler, sat\u0131n alma i\u015fleminiz s\u0131ras\u0131nda belirtildi\u011fi gibi periyodik olarak (\u00f6rne\u011fin, ayl\u0131k, y\u0131ll\u0131k) faturaland\u0131r\u0131lacakt\u0131r.<\/p>\n\n\n\n<p>Aktif bir aboneli\u011fin s\u00fcrd\u00fcr\u00fclmemesi veya abonelik \u00fccretleri i\u00e7in \u00f6demenin havale edilmemesi, lisans\u0131n\u0131z\u0131n feshedilmesine neden olacakt\u0131r. Aboneli\u011finizin sona ermesi veya sona ermesi \u00fczerine, YAZILIM'\u0131n t\u00fcm kullan\u0131m\u0131n\u0131 derhal durdurmal\u0131 ve bilgisayar\u0131n\u0131zdan kald\u0131rmal\u0131s\u0131n\u0131z.<\/p>\n\n\n\n<h3 class=\"wp-block-heading\">4. L\u0130SANS SINIRLAMALARI<\/h3>\n\n\n\n<p>A\u015fa\u011f\u0131dakileri yapman\u0131z kesinlikle yasakt\u0131r:<\/p>\n\n\n\n<ul class=\"wp-block-list\">\n<li>YAZILIM'\u0131 veya herhangi bir k\u0131sm\u0131n\u0131 herhangi bir \u00fc\u00e7\u00fcnc\u00fc tarafa alt lisans veremez, kiralayamaz, kiralayamaz, satamaz veya ba\u015fka bir \u015fekilde devredemezsiniz.<\/li>\n\n\n\n<li>YAZILIM'\u0131n veya herhangi bir b\u00f6l\u00fcm\u00fcn\u00fcn kaynak kodunu, bu s\u0131n\u0131rlamaya bak\u0131lmaks\u0131z\u0131n y\u00fcr\u00fcrl\u00fckteki yasalarca a\u00e7\u0131k\u00e7a izin verildi\u011fi durumlar d\u0131\u015f\u0131nda, kaynak koda d\u00f6n\u00fc\u015ft\u00fcremez, par\u00e7alar\u0131na ay\u0131ramaz, tersine m\u00fchendislik yapamaz veya ba\u015fka bir \u015fekilde t\u00fcretmeye \u00e7al\u0131\u015famazs\u0131n\u0131z.<\/li>\n\n\n\n<li>YAZILIM'\u0131 de\u011fi\u015ftiremez veya YAZILIM'a dayal\u0131 t\u00fcrev \u00e7al\u0131\u015fmalar olu\u015fturamazs\u0131n\u0131z.<\/li>\n\n\n\n<li>YAZILIM'\u0131, yetkili Deneme S\u00fcresi sona erdikten sonra aktif bir abonelik sat\u0131n almadan kullanamazs\u0131n\u0131z.<\/li>\n\n\n\n<li>YAZILIM'da yer alan lisanslama, kopyalama korumas\u0131 veya deneme s\u00fcresi uygulama mekanizmalar\u0131n\u0131 atlayamaz, devre d\u0131\u015f\u0131 b\u0131rakamaz veya bozamazs\u0131n\u0131z.<\/li>\n\n\n\n<li>YAZILIM y\u00fckleyicisini veya bile\u015fenlerinden herhangi birini kopyalayamaz veya da\u011f\u0131tamazs\u0131n\u0131z. T\u00fcm da\u011f\u0131t\u0131m m\u00fcnhas\u0131ran taraf\u0131ndan ele al\u0131n\u0131r GSoftwareLab veya yetkili sat\u0131c\u0131lar\u0131.<\/li>\n<\/ul>\n\n\n\n<h3 class=\"wp-block-heading\">5. G\u00dcNCELLEMELER VE DESTEK<\/h3>\n\n\n\n<p>GSoftwareLab tamamen kendi takdirine ba\u011fl\u0131 olarak, aktif bir abonelik s\u00fcresi boyunca YAZILIM i\u00e7in g\u00fcncellemeler, yamalar veya teknik destek sa\u011flayabilir. Size sa\u011flanan bu t\u00fcr ek yaz\u0131l\u0131m kodlar\u0131 veya g\u00fcncellemeleri, YAZILIM'\u0131n bir par\u00e7as\u0131 olarak kabul edilecek ve bu S\u00d6ZLE\u015eMEN\u0130N h\u00fck\u00fcm ve ko\u015fullar\u0131na tabi olacakt\u0131r.<\/p>\n\n\n\n<h3 class=\"wp-block-heading\">6. VER\u0130 TOPLAMA VE G\u0130ZL\u0130L\u0130K<\/h3>\n\n\n\n<p>YAZILIM'\u0131n etkinle\u015ftirme, k\u00f6t\u00fcye kullan\u0131mdan koruma ve lisans do\u011frulama teknolojisi i\u00e7erebilece\u011fini kabul edersiniz. YAZILIM, hileli veya yetkisiz kullan\u0131m\u0131 tespit etmek ve \u00f6nlemek i\u00e7in belirli verileri (IP adresleri veya makine tan\u0131mlay\u0131c\u0131lar\u0131 gibi) toplayabilir, saklayabilir ve iletebilir. GSoftwareLab lisans ko\u015fullar\u0131n\u0131 uygulamak i\u00e7in bu verileri kullanma hakk\u0131n\u0131 sakl\u0131 tutar. GSoftwareLabHerhangi bir ki\u015fisel verinin toplanmas\u0131 ve kullan\u0131lmas\u0131, web sitesinde bulunan Gizlilik Politikas\u0131na tabi olacakt\u0131r.<\/p>\n\n\n\n<h3 class=\"wp-block-heading\">7. \u00dc\u00c7\u00dcNC\u00dc B\u00d6L\u00dcM B\u0130LE\u015eENLER\u0130<\/h3>\n\n\n\n<p>YAZILIM, kendi lisans s\u00f6zle\u015fmeleri kapsam\u0131nda lisanslanan \u00fc\u00e7\u00fcnc\u00fc taraf yaz\u0131l\u0131mlar\u0131, k\u00fct\u00fcphaneleri veya bile\u015fenleri i\u00e7erebilir veya bunlarla birlikte olabilir. Bu t\u00fcr bile\u015fenlerin ve bunlar\u0131n ge\u00e7erli lisanslar\u0131n\u0131n bir listesi YAZILIM dok\u00fcmantasyonunda veya  \u2047 Hakk\u0131nda ekran\u0131nda bulunabilir. Bu S\u00d6ZLE\u015eME, bu ayr\u0131 lisanslar kapsam\u0131nda sahip olabilece\u011finiz herhangi bir hak veya y\u00fck\u00fcml\u00fcl\u00fc\u011f\u00fc de\u011fi\u015ftirmez.<\/p>\n\n\n\n<h3 class=\"wp-block-heading\">8. GARANT\u0130 REDD\u0130<\/h3>\n\n\n\n<p>YAZILIM  \u2047 AS OLDU\u011eU G\u0130B\u0130 VE H\u0130\u00c7B\u0130R GARANT\u0130 OLMADAN TEDAR\u0130K ED\u0130LM\u0130\u015eT\u0130R. GSOFTWARELAB, SINIRLANDIRMADAN, T\u0130CAR\u0130 GARANT\u0130LER, BEL\u0130RL\u0130 B\u0130R AMACA UYGUNLUK VE \u0130HLAL ETMEME GARANT\u0130LER\u0130 DAH\u0130L OLMAK \u00dcZERE A\u00c7IKLANAN VEYA ZIMN\u0130 T\u00dcM GARANT\u0130LER\u0130 REDDETM\u0130\u015eT\u0130R. YAZILIMIN KULLANIMINDAN VEYA PERFORMANSINDAN DO\u011eAN T\u00dcM R\u0130SK S\u0130Z\u0130NLE KALMAKTADIR.<\/p>\n\n\n\n<h3 class=\"wp-block-heading\">9. SORUMLULU\u011eUN SINIRLANDIRILMASI<\/h3>\n\n\n\n<p>GSOFTWARELAB VEYA TEDAR\u0130K\u00c7\u0130LER\u0130, YAZILIMIN KULLANIMINDAN VEYA KULLANILMAMASINDAN DO\u011eAN HERHANG\u0130 B\u0130R ZARARDAN (SINIRLAMA OLMADAN, \u0130\u015e K\u00c2RLARININ KAYBI, \u0130\u015e\u0130N KES\u0130NT\u0130S\u0130, \u0130\u015e B\u0130LG\u0130LER\u0130N\u0130N KAYBI VEYA D\u0130\u011eER HERHANG\u0130 B\u0130R CEZA KAYBI DAH\u0130L OLMAK \u00dcZERE) GSOFTWARELAB VEYA TEDAR\u0130K\u00c7\u0130LER\u0130, GSOFTWARELAB'IN BU T\u00dcR ZARARARARARARLARIN OLAB\u0130L\u0130RL\u0130\u011e\u0130NDEN DO\u011eAN HERHANG\u0130 B\u0130R ZARARDAN SORUMLU OLMAYACAKTIR.<\/p>\n\n\n\n<p>HERHANG\u0130 B\u0130R DURUMDA, GSOFTWARELAB'IN BU S\u00d6ZLE\u015eMEN\u0130N HERHANG\u0130 B\u0130R SA\u011eLANMASI KAPSAMINDAK\u0130 T\u00dcM SORUMLULU\u011eU, \u0130DD\u0130AYA Y\u00dcK\u00dcML\u00dcL\u00dcK VEREN ETK\u0130NL\u0130KTEN VEYA YASALARIN \u0130Z\u0130N VERD\u0130\u011e\u0130 EN D\u00dc\u015e\u00dcK M\u0130KTARDAN \u00d6DENEN ON \u0130K\u0130 (12) AY \u00d6NCE YAZILIM ABONEL\u0130\u011e\u0130 \u0130\u00c7\u0130N S\u0130Z\u0130N TUTDU\u011eUNUZ TUTARLA SINIRLI OLACAKTIR.<\/p>\n\n\n\n<h3 class=\"wp-block-heading\">10. Kategori: Fesih<\/h3>\n\n\n\n<p>Di\u011fer haklara halel getirmeksizin, GSoftwareLab \u015eartlar ve ko\u015fullardan herhangi birine uymaman\u0131z durumunda bu S\u00d6ZLE\u015eME'yi derhal feshedebilirsiniz. B\u00f6yle bir durumda, YAZILIM'\u0131n t\u00fcm kullan\u0131m\u0131n\u0131 derhal durdurmal\u0131 ve YAZILIM'\u0131n t\u00fcm kopyalar\u0131n\u0131 ve t\u00fcm bile\u015fen par\u00e7alar\u0131n\u0131 imha etmelisiniz. B\u00f6l\u00fcm 1, 4, 6, 7, 8, 9 ve 11, bu S\u00d6ZLE\u015eMEN\u0130N feshinden sonra da ge\u00e7erlili\u011fini koruyacakt\u0131r.<\/p>\n\n\n\n<h3 class=\"wp-block-heading\">11. GENEL H\u00dcK\u00dcMLER<\/h3>\n\n\n\n<ul class=\"wp-block-list\">\n<li><strong>Y\u00fcr\u00fcrl\u00fckteki yasalar:<\/strong> \u0130\u015fbu S\u00d6ZLE\u015eME, T\u00fcrkiye Cumhuriyeti kanunlar\u0131na tabi olacak ve bu kanunlara g\u00f6re yorumlanacakt\u0131r. <strong>[\u00dclkeniz\/\u00dclkeniz]<\/strong>, Hukukun \u00e7at\u0131\u015fmas\u0131 ilkelerine bak\u0131lmaks\u0131z\u0131n. Bulunan mahkemelerin m\u00fcnhas\u0131r yarg\u0131 yetkisine tabi olmay\u0131 kabul edersiniz. <strong>[\u015eehriniz, Eyaletiniz\/\u00dclkeniz]<\/strong> Bu S\u00d6ZLE\u015eME'den kaynaklanan herhangi bir anla\u015fmazl\u0131\u011f\u0131 \u00e7\u00f6zmek i\u00e7in.<\/li>\n\n\n\n<li><strong>B\u00f6l\u00fcnebilirlik (B\u00f6l\u00fcnebilirlik)<\/strong> \u0130\u015fbu S\u00d6ZLE\u015eMEN\u0130N herhangi bir h\u00fckm\u00fcn\u00fcn uygulanamaz veya ge\u00e7ersiz oldu\u011fu kabul edilirse, s\u00f6z konusu h\u00fck\u00fcm, s\u00f6z konusu h\u00fckm\u00fcn ama\u00e7lar\u0131n\u0131 y\u00fcr\u00fcrl\u00fckteki yasalar uyar\u0131nca m\u00fcmk\u00fcn olan en geni\u015f \u00f6l\u00e7\u00fcde ger\u00e7ekle\u015ftirmek i\u00e7in de\u011fi\u015ftirilecek ve yorumlanacak ve geri kalan h\u00fck\u00fcmler tam olarak y\u00fcr\u00fcrl\u00fckte kalmaya devam edecektir.<\/li>\n\n\n\n<li><strong>\u0130hracat k\u0131s\u0131tlamalar\u0131:<\/strong> Y\u00fcr\u00fcrl\u00fckteki t\u00fcm ihracat ve yeniden ihracat kontrol yasalar\u0131na ve yarg\u0131 alan\u0131n\u0131z\u0131n ve di\u011fer ge\u00e7erli yarg\u0131 alanlar\u0131n\u0131n d\u00fczenlemelerine uymay\u0131 kabul edersiniz.<\/li>\n\n\n\n<li><strong>T\u00fcm anla\u015fma:<\/strong> \u0130\u015fbu S\u00d6ZLE\u015eME, siz ve sizin aran\u0131zdaki s\u00f6zle\u015fmenin tamam\u0131n\u0131 te\u015fkil eder. GSoftwareLab YAZILIM ile ilgili olarak ve YAZILIM veya bu S\u00d6ZLE\u015eMEN\u0130N kapsad\u0131\u011f\u0131 di\u011fer herhangi bir konuyla ilgili olarak \u00f6nceki veya e\u015fzamanl\u0131 t\u00fcm s\u00f6zl\u00fc veya yaz\u0131l\u0131 ileti\u015fimlerin, tekliflerin ve beyanlar\u0131n yerini al\u0131r.<\/li>\n<\/ul>","protected":false},"excerpt":{"rendered":"<p>YAZILIM L\u0130SANS S\u00d6ZLE\u015eMES\u0130 Bu Yaz\u0131l\u0131m Lisans S\u00f6zle\u015fmesi ( \u2047 S\u00d6ZLE\u015eME \u2047 ) sizin aran\u0131zda ba\u011flay\u0131c\u0131 bir yasal s\u00f6zle\u015fmedir (birey veya tek bir t\u00fczel ki\u015filik, bundan sonra  \u2047 you \u2047  veya  \u2047 Licensee \u2047 ) ve GSoftwareLab (bundan b\u00f6yle  \u2047 Lisans\u00f6r \u2047  veya  \u2047GSoftwareLab\u2047 ) \u015feklindedir. \u0130\u015fbu S\u00d6ZLE\u015eME, S\u00d6ZLE\u015eME'yi kullan\u0131m\u0131n\u0131z\u0131 y\u00f6netir. GSoftwareLab yaz\u0131l\u0131m\u0131 i\u00e7eren bu S\u00d6ZLE\u015eME, e\u015flik eden yaz\u0131l\u0131m \u00fcr\u00fcn\u00fc, herhangi bir ili\u015fkili medya, bas\u0131l\u0131 [...]<\/p>","protected":false},"author":1,"featured_media":0,"parent":0,"menu_order":0,"comment_status":"closed","ping_status":"closed","template":"","meta":{"rop_custom_images_group":[],"rop_custom_messages_group":[],"rop_publish_now":"initial","rop_publish_now_accounts":{"twitter_2998589429_2998589429":""},"rop_publish_now_history":[],"rop_publish_now_status":"pending","footnotes":""},"class_list":["post-8524","page","type-page","status-publish","hentry"],"blocksy_meta":[],"_links":{"self":[{"href":"https:\/\/gsoftwarelab.com\/tr\/wp-json\/wp\/v2\/pages\/8524","targetHints":{"allow":["GET"]}}],"collection":[{"href":"https:\/\/gsoftwarelab.com\/tr\/wp-json\/wp\/v2\/pages"}],"about":[{"href":"https:\/\/gsoftwarelab.com\/tr\/wp-json\/wp\/v2\/types\/page"}],"author":[{"embeddable":true,"href":"https:\/\/gsoftwarelab.com\/tr\/wp-json\/wp\/v2\/users\/1"}],"replies":[{"embeddable":true,"href":"https:\/\/gsoftwarelab.com\/tr\/wp-json\/wp\/v2\/comments?post=8524"}],"version-history":[{"count":1,"href":"https:\/\/gsoftwarelab.com\/tr\/wp-json\/wp\/v2\/pages\/8524\/revisions"}],"predecessor-version":[{"id":8525,"href":"https:\/\/gsoftwarelab.com\/tr\/wp-json\/wp\/v2\/pages\/8524\/revisions\/8525"}],"wp:attachment":[{"href":"https:\/\/gsoftwarelab.com\/tr\/wp-json\/wp\/v2\/media?parent=8524"}],"curies":[{"name":"wp","href":"https:\/\/api.w.org\/{rel}","templated":true}]}}