{"id":71,"date":"2014-09-19T17:25:00","date_gmt":"2014-09-19T15:25:00","guid":{"rendered":"http:\/\/gsoftwarelab.com\/?page_id=71"},"modified":"2025-10-05T02:47:27","modified_gmt":"2025-10-05T00:47:27","slug":"privacy","status":"publish","type":"page","link":"https:\/\/gsoftwarelab.com\/tr\/privacy\/","title":{"rendered":"Gizlilik Politikas\u0131"},"content":{"rendered":"<h1 class=\"wp-block-heading\">Gizlilik Bildirimi<\/h1>\n\n\n\n<h2 class=\"wp-block-heading\">General General (\u0130ngilizce)<\/h2>\n\n\n\n<p>Ki\u015fisel verileriniz (\u00f6rne\u011fin unvan, isim, ev adresi, e-posta adresi, telefon numaras\u0131, banka bilgileri, kredi kart\u0131 numaras\u0131) taraf\u0131m\u0131zca yaln\u0131zca Alman veri gizlili\u011fi yasalar\u0131 h\u00fck\u00fcmlerine uygun olarak i\u015flenir. A\u015fa\u011f\u0131daki h\u00fck\u00fcmler, ki\u015fisel verilerin toplanmas\u0131, i\u015flenmesi ve kullan\u0131lmas\u0131n\u0131n t\u00fcr\u00fcn\u00fc, kapsam\u0131n\u0131 ve amac\u0131n\u0131 a\u00e7\u0131klamaktad\u0131r. Bu veri gizlili\u011fi politikas\u0131 sadece web sayfalar\u0131m\u0131z i\u00e7in ge\u00e7erlidir. Sayfalar\u0131m\u0131zdaki ba\u011flant\u0131lar sizi di\u011fer sayfalara y\u00f6nlendiriyorsa, l\u00fctfen bu gibi durumlarda verilerinizin nas\u0131l ele al\u0131nd\u0131\u011f\u0131n\u0131 ara\u015ft\u0131r\u0131n.<\/p>\n\n\n\n<h2 class=\"wp-block-heading\">Envanter verileri<\/h2>\n\n\n\n<p>(1) Ki\u015fisel verileriniz, bu s\u00f6zle\u015fme ili\u015fkisi i\u00e7in gerekli oldu\u011fu \u00f6l\u00e7\u00fcde (envanter verileri) kurulmas\u0131, i\u00e7eri\u011fin organizasyonu ve modifikasyonlar\u0131 bak\u0131m\u0131ndan yaln\u0131zca s\u00f6zle\u015fmenin yerine getirilmesi i\u00e7in kullan\u0131l\u0131r. \u00d6rne\u011fin, mallar\u0131n teslim edilmesi i\u00e7in ad\u0131n\u0131z ve adresiniz mallar\u0131n tedarik\u00e7isine iletilmelidir.<br \/>(2) A\u00e7\u0131k r\u0131zan\u0131z veya yasal dayana\u011f\u0131n\u0131z olmadan, ki\u015fisel verileriniz bu s\u00f6zle\u015fmenin yerine getirilmesi kapsam\u0131 d\u0131\u015f\u0131nda \u00fc\u00e7\u00fcnc\u00fc \u015fah\u0131slara iletilmez. S\u00f6zle\u015fmenin tamamlanmas\u0131ndan sonra, verileriniz daha fazla kullan\u0131ma kar\u015f\u0131 engellenir. Vergi ile ilgili ve ticari d\u00fczenlemelere g\u00f6re son teslim tarihlerinin sona ermesinden sonra, bu veriler, daha fazla kullan\u0131m\u0131na a\u00e7\u0131k\u00e7a izin vermedi\u011finiz s\u00fcrece silinir.<\/p>\n\n\n\n<h2 class=\"wp-block-heading\">Google Analytics ile web analizi<\/h2>\n\n\n\n<p>Bu web sitesi, Google Inc.'in (Google) web analiz hizmeti olan Google Analytics\u2019i kullan\u0131r. Google Analytics, web sitesi kullan\u0131m\u0131n\u0131n sizin taraf\u0131n\u0131zdan analiz edilmesini sa\u011flamak i\u00e7in bilgisayar\u0131n\u0131zda saklanan \u00e7erezleri, yani metin dosyalar\u0131n\u0131 kullan\u0131r. Bu web sitesini kullan\u0131m\u0131n\u0131zla ilgili \u00e7erez taraf\u0131ndan olu\u015fturulan bilgiler genellikle Amerika Birle\u015fik Devletleri'ndeki bir Google sunucusuna iletilir ve orada saklan\u0131r. Bununla birlikte, bu web sitesinde etkinle\u015ftirilmi\u015f IP anonimle\u015ftirmesi durumunda, IP adresiniz daha \u00f6nce Google taraf\u0131ndan Avrupa Birli\u011fi \u00fcye \u00fclkeleri i\u00e7inde veya Avrupa Ekonomik Alan\u0131 anla\u015fmas\u0131na taraf olan di\u011fer \u00fclkelerde kesilir. Sadece istisnai durumlarda, Amerika Birle\u015fik Devletleri'ndeki bir Google sunucusuna iletilen ve orada kesilen tam bir IP adresidir. Bu web sitesinin sahibi ad\u0131na Google, bu bilgileri web sitesini kullan\u0131m\u0131n\u0131z\u0131 de\u011ferlendirmek, web sitesi faaliyetleri hakk\u0131nda raporlar derlemek ve web sitesi operat\u00f6r\u00fcne web sitesi ve \u0130nternet kullan\u0131m\u0131 ile ilgili daha fazla hizmet sunmak i\u00e7in kullanacakt\u0131r. Google Analytics\u2019in bir par\u00e7as\u0131 olarak taray\u0131c\u0131n\u0131zdan g\u00f6nderilen IP adresi, Google taraf\u0131ndan di\u011fer verilerle birle\u015ftirilmez. Taray\u0131c\u0131 yaz\u0131l\u0131m\u0131n\u0131z\u0131 uygun \u015fekilde ayarlayarak \u00e7erezlerin depolanmas\u0131n\u0131 \u00f6nleyebilirsiniz; bu durumda, l\u00fctfen bu web sitesi taraf\u0131ndan sunulan t\u00fcm i\u015flevleri tam olarak kullanamayaca\u011f\u0131n\u0131z\u0131 unutmay\u0131n. Buna ek olarak, \u00e7erez taraf\u0131ndan olu\u015fturulan ve web sitesini (IP adresiniz dahil) kullan\u0131m\u0131n\u0131zla ilgili verilerin Google taraf\u0131ndan toplanmas\u0131n\u0131 ve i\u015flenmesini, a\u015fa\u011f\u0131daki ba\u011flant\u0131dan bir taray\u0131c\u0131 eklentisini indirip y\u00fckleyerek engelleyebilirsiniz: <a href=\"http:\/\/tools.google.com\/dlpage\/gaoptout?hl=en\" target=\"_blank\" rel=\"noopener noreferrer\">http:\/\/tools.google.com\/dlpage\/gaoptout?hl=en<\/a><\/p>\n\n\n\n<h2 class=\"wp-block-heading\">\u00c7erezler hakk\u0131nda bilgi<\/h2>\n\n\n\n<p>(1) Web varl\u0131\u011f\u0131m\u0131z\u0131 optimize etmek i\u00e7in \u00e7erezleri kullan\u0131yoruz. Bunlar bilgisayar\u0131n\u0131z\u0131n ana belle\u011finde saklanan k\u00fc\u00e7\u00fck metin dosyalar\u0131d\u0131r. Bu \u00e7erezler taray\u0131c\u0131y\u0131 kapatt\u0131ktan sonra silinir. Di\u011fer \u00e7erezler bilgisayar\u0131n\u0131zda kal\u0131r (uzun s\u00fcreli \u00e7erezler) ve bir sonraki ziyaretinizde tan\u0131nmas\u0131na izin verir. Bu, sitemize eri\u015fiminizi geli\u015ftirmemizi sa\u011flar.<br \/>(2) Taray\u0131c\u0131 ayarlar\u0131n\u0131zda \"\u00e7erezleri devre d\u0131\u015f\u0131 b\u0131rak\" se\u00e7ene\u011fini se\u00e7erek \u00e7erezlerin depolanmas\u0131n\u0131 \u00f6nleyebilirsiniz. Ancak bu, sonu\u00e7 olarak \u0130nternet tekliflerimizin i\u015flevselli\u011fini s\u0131n\u0131rlayabilir.<\/p>\n\n\n\n<h2 class=\"wp-block-heading\">Facebook'tan sosyal eklentiler<\/h2>\n\n\n\n<p>Facebook Inc., 1601 S. California Ave, Palo Alto, CA 94304, ABD taraf\u0131ndan i\u015fletilen facebook.com'dan sosyal eklentileri kullan\u0131yoruz. Eklentiler Facebook logosu veya \"Facebook Social Plug-in\" eki ile tan\u0131nabilir. \u00d6rne\u011fin, \"Be\u011fen\" d\u00fc\u011fmesine t\u0131klarsan\u0131z veya yorum b\u0131rak\u0131rsan\u0131z, ilgili bilgiler do\u011frudan taray\u0131c\u0131n\u0131zdan Facebook\u2019a iletilir ve orada saklan\u0131r. Ayr\u0131ca, Facebook be\u011fenilerinizi Facebook arkada\u015flar\u0131n\u0131z i\u00e7in herkese a\u00e7\u0131k hale getirir. Facebook\u2019a giri\u015f yapt\u0131ysan\u0131z, sayfam\u0131z\u0131n \u00e7a\u011fr\u0131s\u0131n\u0131 do\u011frudan Facebook hesab\u0131n\u0131za atayabilir. Oturum a\u00e7mam\u0131\u015f olsan\u0131z veya bir Facebook hesab\u0131n\u0131z olmasa bile, taray\u0131c\u0131n\u0131z daha sonra Facebook taraf\u0131ndan saklanan bilgileri (\u00f6rne\u011fin, hangi web sayfalar\u0131n\u0131 arad\u0131\u011f\u0131n\u0131z\u0131, IP adresiniz) g\u00f6nderir. Ki\u015fisel verilerinizin Facebook taraf\u0131ndan i\u015flenmesi ve ilgili haklar\u0131n\u0131zla ilgili ayr\u0131nt\u0131lar i\u00e7in l\u00fctfen Facebook\u2019un veri gizlili\u011fi politikas\u0131na bak\u0131n: <a href=\"http:\/\/www.facebook.com\/policy.php\" target=\"_blank\" rel=\"noopener noreferrer\">http:\/\/www.facebook.com\/policy.php<\/a>. Facebook\u2019un web sitelerimiz arac\u0131l\u0131\u011f\u0131yla sizin hakk\u0131n\u0131zda toplanan verileri Facebook hesab\u0131n\u0131zla e\u015fle\u015ftirmesini istemiyorsan\u0131z, web sayfalar\u0131m\u0131z\u0131 ziyaret etmeden \u00f6nce Facebook'tan \u00e7\u0131k\u0131\u015f yapman\u0131z gerekir.<\/p>\n\n\n\n<h2 class=\"wp-block-heading\">Twitter'dan sosyal eklentiler<\/h2>\n\n\n\n<p>Twitter ve Retweet i\u015flevleri ile Twitter Inc. 795 Folsom St., Suite 600, San Francisco, CA 94107 taraf\u0131ndan i\u015fletilen Twitter.com'dan sosyal eklentileri kullan\u0131yoruz. Retweet kullan\u0131yorsan\u0131z, ziyaret etti\u011finiz web siteleri \u00fc\u00e7\u00fcnc\u00fc taraflara duyurulur ve Twitter hesab\u0131n\u0131zla ili\u015fkilendirilir. Verilerinizin Twitter taraf\u0131ndan i\u015flenmesiyle ilgili ayr\u0131nt\u0131lar ve ki\u015fisel bilgilerinizi korumak i\u00e7in haklar\u0131n\u0131z ve ayar se\u00e7enekleriniz Twitter'\u0131n veri gizlili\u011fi politikas\u0131nda bulunabilir: <a href=\"http:\/\/twitter.com\/privacy\" target=\"_blank\" rel=\"noopener noreferrer\">http:\/\/twitter.com\/privacy <\/a><\/p>\n\n\n\n<h2 class=\"wp-block-heading\">\u0130f\u015faat<\/h2>\n\n\n\n<p>Federal Veri Koruma Yasas\u0131'na g\u00f6re, depolanan verileriniz hakk\u0131nda \u00fccretsiz bilgi edinme ve muhtemelen bu verilerin d\u00fczeltilmesi, engellenmesi veya silinmesi hakk\u0131na sahipsiniz. Sorular a\u015fa\u011f\u0131daki e-posta adreslerine y\u00f6nlendirilebilir: destek (AT) gsoftwarelab.atlassian.net<\/p>","protected":false},"excerpt":{"rendered":"<p>Ki\u015fisel verileriniz (\u00f6rne\u011fin unvan, isim, ev adresi, e-posta adresi, telefon numaras\u0131, banka bilgileri, kredi kart\u0131 numaras\u0131) taraf\u0131m\u0131zca yaln\u0131zca Alman veri gizlili\u011fi yasalar\u0131 h\u00fck\u00fcmlerine uygun olarak i\u015flenir. A\u015fa\u011f\u0131daki h\u00fck\u00fcmler, ki\u015fisel verilerin toplanmas\u0131, i\u015flenmesi ve kullan\u0131lmas\u0131n\u0131n t\u00fcr\u00fcn\u00fc, kapsam\u0131n\u0131 ve amac\u0131n\u0131 a\u00e7\u0131klamaktad\u0131r. Bu veri gizlili\u011fi politikas\u0131 [...]<\/p>","protected":false},"author":1,"featured_media":0,"parent":0,"menu_order":0,"comment_status":"closed","ping_status":"closed","template":"","meta":{"rop_custom_images_group":[],"rop_custom_messages_group":[],"rop_publish_now":"initial","rop_publish_now_accounts":{"twitter_2998589429_2998589429":""},"rop_publish_now_history":[],"rop_publish_now_status":"pending","footnotes":""},"class_list":["post-71","page","type-page","status-publish","hentry"],"blocksy_meta":[],"_links":{"self":[{"href":"https:\/\/gsoftwarelab.com\/tr\/wp-json\/wp\/v2\/pages\/71","targetHints":{"allow":["GET"]}}],"collection":[{"href":"https:\/\/gsoftwarelab.com\/tr\/wp-json\/wp\/v2\/pages"}],"about":[{"href":"https:\/\/gsoftwarelab.com\/tr\/wp-json\/wp\/v2\/types\/page"}],"author":[{"embeddable":true,"href":"https:\/\/gsoftwarelab.com\/tr\/wp-json\/wp\/v2\/users\/1"}],"replies":[{"embeddable":true,"href":"https:\/\/gsoftwarelab.com\/tr\/wp-json\/wp\/v2\/comments?post=71"}],"version-history":[{"count":1,"href":"https:\/\/gsoftwarelab.com\/tr\/wp-json\/wp\/v2\/pages\/71\/revisions"}],"predecessor-version":[{"id":8367,"href":"https:\/\/gsoftwarelab.com\/tr\/wp-json\/wp\/v2\/pages\/71\/revisions\/8367"}],"wp:attachment":[{"href":"https:\/\/gsoftwarelab.com\/tr\/wp-json\/wp\/v2\/media?parent=71"}],"curies":[{"name":"wp","href":"https:\/\/api.w.org\/{rel}","templated":true}]}}