{"id":68,"date":"2021-01-05T17:24:31","date_gmt":"2021-01-05T15:24:31","guid":{"rendered":"http:\/\/gsoftwarelab.com\/?page_id=68"},"modified":"2025-11-09T08:46:22","modified_gmt":"2025-11-09T06:46:22","slug":"imprint","status":"publish","type":"page","link":"https:\/\/gsoftwarelab.com\/tr\/imprint\/","title":{"rendered":"Kategori: Damga izi"},"content":{"rendered":"<h1 class=\"wp-block-heading\">Yasal a\u00e7\u0131klama<\/h1>\n\n\n\n<p>B\u00f6l\u00fcm 5 TMG\u2019ye uygun bilgiler<\/p>\n\n\n\n<p>GSoftwareLab Inh. Lucas Schmutzler'\u0131n<br \/>Dahlienweg 8'de<br \/>09557 Floeha'n\u0131n<br \/>Saksonya (Almanya)<\/p>\n\n\n\n<h2 class=\"wp-block-heading\">\u0130LET\u0130\u015e\u0130M<\/h2>\n\n\n\n<p>E-posta adresi: <a href=\"mailto:support@gsoftwarelab.atlassian.net\">support@gsoftwarelab.atlassian.net<\/a><br \/>Bizimle ileti\u015fime ge\u00e7in: <a href=\"https:\/\/gsoftwarelab.atlassian.net\/servicedesk\/customer\/portal\/1\" target=\"_blank\" rel=\"noreferrer noopener\">https:\/\/gsoftwarelab.atlassian.net\/servicedesk\/customer\/portal\/1<\/a><br \/>Web sitesi: <a href=\"https:\/\/GSoftwareLab.com\" target=\"_blank\" rel=\"noreferrer noopener\">https:\/\/GSoftwareLab.com<\/a><\/p>\n\n\n\n<h2 class=\"wp-block-heading\">KDV numaras\u0131<\/h2>\n\n\n\n<p>Alman KDV Kanunu'nun 27. maddesine g\u00f6re KDV kimlik numaras\u0131<br \/>UST-Id-NR: DE 220\/269\/01182<\/p>\n\n\n\n<p>Katma de\u011fer vergisi toplanmaz, \u00e7\u00fcnk\u00fc \u00a719 (1) UStG\u2019ye g\u00f6re k\u00fc\u00e7\u00fck i\u015fletmeler.<\/p>\n\n\n\n<h2 class=\"wp-block-heading\">Feragatname<\/h2>\n\n\n\n<p>\u0130\u00e7erik i\u00e7in hesap verebilirlik<br \/>Sayfalar\u0131m\u0131z\u0131n i\u00e7eri\u011fi son derece dikkatli bir \u015fekilde olu\u015fturulmu\u015ftur. Bununla birlikte, i\u00e7eri\u011fin do\u011frulu\u011funu, eksiksizli\u011fini veya g\u00fcncelli\u011fini garanti edemeyiz. Yasal h\u00fck\u00fcmlere g\u00f6re, bu web sayfalar\u0131ndaki kendi i\u00e7eri\u011fimizden de sorumluyuz. Bu ba\u011flamda, sadece \u00fc\u00e7\u00fcnc\u00fc taraflar\u0131n iletilen veya kaydedilen bilgilerini izlemek veya yasad\u0131\u015f\u0131 faaliyete i\u015faret eden ko\u015fullar\u0131 ara\u015ft\u0131rmakla y\u00fck\u00fcml\u00fc olmad\u0131\u011f\u0131m\u0131z\u0131 l\u00fctfen unutmay\u0131n. Genel olarak y\u00fcr\u00fcrl\u00fckteki yasalar uyar\u0131nca bilgilerin kullan\u0131m\u0131n\u0131 kald\u0131rma veya engelleme y\u00fck\u00fcml\u00fcl\u00fcklerimiz, Telemedya Yasas\u0131'n\u0131n (TMG) \u00a7\u00a7 8 ila 10 uyar\u0131nca bundan etkilenmez.<\/p>\n\n\n\n<p>Linkler i\u00e7in hesap verebilirlik<br \/>Harici ba\u011flant\u0131lar\u0131n (\u00fc\u00e7\u00fcnc\u00fc taraflar\u0131n web sayfalar\u0131na) i\u00e7eri\u011finin sorumlulu\u011fu yaln\u0131zca ba\u011flant\u0131l\u0131 sayfalar\u0131n operat\u00f6rlerine aittir. Ba\u011flant\u0131 s\u0131ras\u0131nda hi\u00e7bir ihlal bize a\u00e7\u0131k de\u011fildi. Herhangi bir yasal ihlalin bize bildirilmesi durumunda, ilgili ba\u011flant\u0131y\u0131 derhal kald\u0131raca\u011f\u0131z.<\/p>\n\n\n\n<p>Telif hakk\u0131<br \/>Web sayfalar\u0131m\u0131z ve i\u00e7erikleri Alman telif haklar\u0131na tabidir. Yasalar taraf\u0131ndan a\u00e7\u0131k\u00e7a izin verilmedik\u00e7e (\u00a7 44a ve telif hakk\u0131 yasas\u0131), web sayfalar\u0131m\u0131zda telif hakk\u0131 korumas\u0131na tabi \u00e7al\u0131\u015fmalar\u0131n her t\u00fcrl\u00fc kullan\u0131m\u0131, \u00e7o\u011falt\u0131lmas\u0131 veya i\u015flenmesi, ilgili hak sahibinin \u00f6nceden r\u0131zas\u0131n\u0131 gerektirir. Bir eserin bireysel reprod\u00fcksiyonlar\u0131na yaln\u0131zca \u00f6zel kullan\u0131m i\u00e7in izin verilir, bu nedenle do\u011frudan veya dolayl\u0131 olarak kazan\u00e7lar i\u00e7in hizmet etmemelidir. Telif hakk\u0131yla korunan eserlerin yetkisiz kullan\u0131m\u0131 cezaland\u0131r\u0131labilir (telif hakk\u0131 yasas\u0131n\u0131n \u00a7 106's\u0131).<\/p>\n\n\n<div class=\"woocommerce woocommerce-gzd woocommerce-gzd-complaints-shortcode\">\n\t\t\t<h3>Madde 14 (1) ODR-VO ve \u00a7 36 VSBG uyar\u0131nca Alternatif Uyu\u015fmazl\u0131k \u00c7\u00f6z\u00fcm\u00fc:<\/h3>\n\t\nT\u00fcketici tahkim kurulu \u00f6n\u00fcnde uyu\u015fmazl\u0131k \u00e7\u00f6z\u00fcm i\u015flemlerine kat\u0131lmak zorunda veya istekli de\u011filiz.<\/div>","protected":false},"excerpt":{"rendered":"<p>B\u00f6l\u00fcm 5 TMG uyar\u0131nca Yasal A\u00e7\u0131klama Bilgileri GSoftwareLab INH m\u0131? \u2014 Evet. Lucas SchmutzlerDahlienweg 809557 FloehaSaxony, Almanya \u0130leti\u015fim E-Posta: support@gsoftwarelab.atlassian.netContact Bize: https:\/\/gsoftwarelab.atlassian.net\/servicedesk\/customer\/portal\/1Website adresi: HTTPS:\/\/GSoftwareLab.com KDV numaras\u0131 Alman KDV ActUSt-Id-NR b\u00f6l\u00fcm 27 a uyar\u0131nca KDV kimlik numaras\u0131: De 220\/269\/01182 K\u00fc\u00e7\u00fck i\u015fletmeler \u00a719 (1) UStG uyar\u0131nca katma de\u011fer vergisi toplanmaz. Feragatname [...]<\/p>","protected":false},"author":1,"featured_media":0,"parent":0,"menu_order":0,"comment_status":"closed","ping_status":"closed","template":"","meta":{"rop_custom_images_group":[],"rop_custom_messages_group":[],"rop_publish_now":"initial","rop_publish_now_accounts":{"twitter_2998589429_2998589429":""},"rop_publish_now_history":[],"rop_publish_now_status":"pending","footnotes":""},"class_list":["post-68","page","type-page","status-publish","hentry"],"blocksy_meta":[],"_links":{"self":[{"href":"https:\/\/gsoftwarelab.com\/tr\/wp-json\/wp\/v2\/pages\/68","targetHints":{"allow":["GET"]}}],"collection":[{"href":"https:\/\/gsoftwarelab.com\/tr\/wp-json\/wp\/v2\/pages"}],"about":[{"href":"https:\/\/gsoftwarelab.com\/tr\/wp-json\/wp\/v2\/types\/page"}],"author":[{"embeddable":true,"href":"https:\/\/gsoftwarelab.com\/tr\/wp-json\/wp\/v2\/users\/1"}],"replies":[{"embeddable":true,"href":"https:\/\/gsoftwarelab.com\/tr\/wp-json\/wp\/v2\/comments?post=68"}],"version-history":[{"count":3,"href":"https:\/\/gsoftwarelab.com\/tr\/wp-json\/wp\/v2\/pages\/68\/revisions"}],"predecessor-version":[{"id":8498,"href":"https:\/\/gsoftwarelab.com\/tr\/wp-json\/wp\/v2\/pages\/68\/revisions\/8498"}],"wp:attachment":[{"href":"https:\/\/gsoftwarelab.com\/tr\/wp-json\/wp\/v2\/media?parent=68"}],"curies":[{"name":"wp","href":"https:\/\/api.w.org\/{rel}","templated":true}]}}