{"id":5002,"date":"2022-07-06T12:59:17","date_gmt":"2022-07-06T10:59:17","guid":{"rendered":"https:\/\/gsoftwarelab.com\/terms-conditions\/"},"modified":"2025-10-26T05:16:22","modified_gmt":"2025-10-26T03:16:22","slug":"terms-of-service","status":"publish","type":"page","link":"https:\/\/gsoftwarelab.com\/tr\/terms-of-service\/","title":{"rendered":"Hizmet \u015eartlar\u0131"},"content":{"rendered":"<div class=\"wp-block-group is-layout-constrained wp-block-group-is-layout-constrained\">\n<div class=\"wp-block-stackable-heading stk-block-heading stk-block-heading--v2 stk-block stk-f0a48d6\" id=\"terms-of-service\" data-block-id=\"f0a48d6\"><style>.stk-f0a48d6 .stk-block-heading__top-line{margin-left:auto !important;margin-right:auto !important;}<\/style><div class=\"stk-block-heading__top-line\"><\/div><h1 class=\"stk-block-heading__text has-text-align-center\">Hizmet \u015eartlar\u0131<\/h1><\/div>\n\n\n\n<!-- This legal document was generated by Complianz Terms &amp; Conditions https:\/\/wordpress.org\/plugins\/complianz-terms-conditions -->\n<div id=\"cmplz-document\" class=\"cmplz-document cmplz-terms-conditions\"><p><i>\u015eartlar ve Ko\u015fullar en son 15 Ocak 2026 tarihinde g\u00fcncellenmi\u015ftir.<\/i><\/p><h2>1. Giri\u015f (alb\u00fcm)<\/h2><p>Bu \u015eartlar ve ko\u015fullar, bu web sitesi ve \u00fcr\u00fcnlerimiz ve hizmetlerimizle ilgili i\u015flemler i\u00e7in ge\u00e7erlidir.\u00a0Bizimle olan ili\u015fkinizle veya bizden ald\u0131\u011f\u0131n\u0131z herhangi bir \u00fcr\u00fcn veya hizmetle ilgili ek s\u00f6zle\u015fmelere tabi olabilirsiniz.\u00a0Ek s\u00f6zle\u015fmelerin herhangi bir h\u00fckm\u00fc, bu \u015eartlar\u0131n herhangi bir h\u00fckm\u00fcyle \u00e7eli\u015firse, bu ek s\u00f6zle\u015fmelerin h\u00fck\u00fcmleri kontrol edecek ve h\u00fck\u00fcm s\u00fcrecektir.<\/p><h2>2. Ba\u011flay\u0131c\u0131 ba\u011flay\u0131c\u0131<\/h2><p>Bu web sitesine kaydolarak, eri\u015ferek veya ba\u015fka bir \u015fekilde kullanarak, a\u015fa\u011f\u0131da belirtilen bu \u015eartlar ve ko\u015fullara ba\u011fl\u0131 kalmay\u0131 kabul edersiniz.\u00a0Bu web sitesinin kullan\u0131m\u0131, bu \u015eartlar ve ko\u015fullar\u0131n bilgisini ve kabul\u00fcn\u00fc ima eder.\u00a0Baz\u0131 durumlarda, a\u00e7\u0131k\u00e7a kabul etmenizi de isteyebiliriz.<\/p><h2>3. Elektronik ileti\u015fim<\/h2><p>Bu web sitesini kullanarak veya elektronik yollarla bizimle ileti\u015fim kurarak, web sitemizde veya size bir e-posta g\u00f6ndererek sizinle elektronik olarak ileti\u015fim kurabilece\u011fimizi kabul ve kabul edersiniz ve size sa\u011flad\u0131\u011f\u0131m\u0131z t\u00fcm anla\u015fmalar, bildirimler, a\u00e7\u0131klamalar ve di\u011fer ileti\u015fimlerin elektronik olarak bu t\u00fcr ileti\u015fimlerin yaz\u0131l\u0131 olmas\u0131 \u015fart\u0131 da dahil olmak \u00fczere ancak bunlarla s\u0131n\u0131rl\u0131 olmamak \u00fczere herhangi bir yasal gereksinimi kar\u015f\u0131lad\u0131\u011f\u0131n\u0131 kabul edersiniz.<\/p><h2>4. Fikri m\u00fclkiyet<\/h2><p>Biz veya lisans verenlerimiz, web sitesindeki t\u00fcm telif hakk\u0131 ve di\u011fer fikri m\u00fclkiyet haklar\u0131na ve web sitesi taraf\u0131ndan g\u00f6r\u00fcnt\u00fclenen veya eri\u015filebilen veriler, bilgiler ve di\u011fer kaynaklara sahiptir ve kontrol ederiz.<\/p><p class=\"cmplz-subtitle\">4.1 T\u00fcm haklar\u0131 sakl\u0131d\u0131r<\/p><p>Belirli i\u00e7erikler aksini belirtmedik\u00e7e, Telif Hakk\u0131, Ticari Marka, Patent veya di\u011fer Fikri M\u00fclkiyet Haklar\u0131 kapsam\u0131nda bir lisans veya ba\u015fka bir hak verilmez.\u00a0Bu, herhangi bir elektronik ortama yerle\u015ftirmek, kopyalamak, \u00e7o\u011faltmak, sergilemek, da\u011f\u0131tmak, de\u011fi\u015ftirmek, tersine m\u00fchendislik yapmak, derlemek, aktarmak, indirmek, iletmek, para kazanmak, satmak, satmak, pazarlamak veya ticarile\u015ftirmek anlam\u0131na gelir.<\/p><h2>5. Haber b\u00fclteni<\/h2><p>Yukar\u0131dakilere ra\u011fmen, e-b\u00fcltenimizi elektronik formda web sitemizi ziyaret etmekle ilgilenebilecek di\u011fer ki\u015filere iletebilirsiniz.<\/p><h2>6. \u00dc\u00e7\u00fcnc\u00fc taraf m\u00fclkiyeti<\/h2><p>Web sitemiz, di\u011fer taraf\u0131n web sitelerine k\u00f6pr\u00fcler veya di\u011fer referanslar i\u00e7erebilir.\u00a0Bu web sitesinden ba\u011flant\u0131l\u0131 olan di\u011fer taraf\u0131n web sitelerinin i\u00e7eri\u011fini izlemeyiz veya incelemeyiz.\u00a0Di\u011fer web siteleri taraf\u0131ndan sunulan \u00fcr\u00fcn veya hizmetler, s\u00f6z konusu \u00fc\u00e7\u00fcnc\u00fc taraflar\u0131n ge\u00e7erli H\u00fck\u00fcm ve Ko\u015fullar\u0131na tabi olacakt\u0131r.\u00a0Bu web sitelerinde ifade edilen veya g\u00f6r\u00fcnen materyaller mutlaka bizim taraf\u0131m\u0131zdan payla\u015f\u0131lmaz veya onaylanmaz.<\/p><p>Bu sitelerin herhangi bir gizlilik uygulamas\u0131ndan veya i\u00e7eri\u011finden sorumlu olmayaca\u011f\u0131z.\u00a0Bu web sitelerinin ve ilgili \u00fc\u00e7\u00fcnc\u00fc taraf hizmetlerinin kullan\u0131m\u0131yla ilgili t\u00fcm riskleri ta\u015f\u0131yorsunuz.\u00a0Ancak, ki\u015fisel bilgilerin \u00fc\u00e7\u00fcnc\u00fc taraflar\u0131na if\u015fa etmenizden kaynaklanan herhangi bir \u015fekilde herhangi bir kay\u0131p veya hasar i\u00e7in herhangi bir sorumluluk kabul etmeyece\u011fiz.<\/p><h2>7. Sorumlu kullan\u0131m<\/h2><p>Web sitemizi ziyaret ederek, yaln\u0131zca bu \u015eartlar\u0131n ama\u00e7land\u0131\u011f\u0131 ve izin verdi\u011fi \u015fekilde, bizimle yap\u0131lan ek s\u00f6zle\u015fmeler ve y\u00fcr\u00fcrl\u00fckteki yasalar, d\u00fczenlemeler ve genel olarak kabul edilen \u00e7evrimi\u00e7i uygulamalar ve end\u00fcstri y\u00f6nergeleri i\u00e7in kullanmay\u0131 kabul edersiniz.\u00a0Web sitemizi veya hizmetlerimizi k\u00f6t\u00fc ama\u00e7l\u0131 bilgisayar yaz\u0131l\u0131m\u0131ndan (veya ba\u011flant\u0131l\u0131) herhangi bir materyali kullanmak, yay\u0131nlamak veya da\u011f\u0131tmak i\u00e7in kullanmamal\u0131s\u0131n\u0131z; web sitemizden toplanan verileri herhangi bir do\u011frudan pazarlama faaliyeti i\u00e7in kullan\u0131n veya web sitemiz \u00fczerinde veya bunlarla ilgili olarak sistematik veya otomatik veri toplama faaliyetlerini y\u00fcr\u00fct\u00fcn.<\/p><p>Web sitesine zarar veren veya web sitesinin performans\u0131na, kullan\u0131labilirli\u011fine veya eri\u015filebilirli\u011fine m\u00fcdahale eden herhangi bir faaliyette bulunmak kesinlikle yasakt\u0131r.<\/p><h2>8. Kay\u0131t yapt\u0131rmak<\/h2><p>Web sitemizden bir hesap i\u00e7in kay\u0131t olabilirsiniz.\u00a0Bu i\u015flem s\u0131ras\u0131nda, bir \u015fifre se\u00e7meniz gerekebilir.\u00a0\u015eifrelerin ve hesap bilgilerinin gizlili\u011fini korumakla y\u00fck\u00fcml\u00fcs\u00fcn\u00fcz ve \u015fifrelerinizi, hesap bilgilerinizi veya web sitemize veya hizmetlerimize g\u00fcvenli eri\u015fiminizi ba\u015fka bir ki\u015fiyle payla\u015fmamay\u0131 kabul edersiniz.\u00a0Ba\u015fka bir ki\u015finin web sitesine eri\u015fmesine izin vermemelisiniz, \u00e7\u00fcnk\u00fc \u015fifrelerinizi veya hesaplar\u0131n\u0131z\u0131 kullanarak ger\u00e7ekle\u015fen t\u00fcm faaliyetlerden siz sorumlusunuz.\u00a0\u015eifrenizin a\u00e7\u0131klanmas\u0131ndan haberdar olman\u0131z durumunda derhal bize bildirmelisiniz.<\/p><p>Hesap sonland\u0131r\u0131ld\u0131ktan sonra, iznimiz olmadan yeni bir hesap a\u00e7may\u0131 denemezsiniz.<\/p><h2>9. \u0130ade ve \u0130ade Politikas\u0131<\/h2><p class=\"cmplz-subtitle\">9.1 Geri \u00e7ekilme hakk\u0131<\/p><p>Herhangi bir sebep g\u00f6stermeksizin 14 g\u00fcn i\u00e7inde bu s\u00f6zle\u015fmeden \u00e7ekilme hakk\u0131na sahipsiniz.<\/p><p>\u00c7ekilme s\u00fcresi, s\u00f6zle\u015fmenin akdedildi\u011fi g\u00fcnden itibaren 14 g\u00fcn sonra sona erecektir.<\/p><p>Cayma hakk\u0131n\u0131 kullanmak i\u00e7in, bu s\u00f6zle\u015fmeden \u00e7ekilme karar\u0131n\u0131z\u0131 a\u00e7\u0131k bir beyanla (\u00f6rne\u011fin posta, faks veya e-posta ile g\u00f6nderilen bir mektup) bize bildirmelisiniz.\u00a0\u0130leti\u015fim bilgilerimiz a\u015fa\u011f\u0131da bulunabilir.\u00a0Ekli modeli kullanabilirsiniz <a target=\"_blank\" href=\"https:\/\/gsoftwarelab.com\/wp-content\/uploads\/complianz\/withdrawal-forms\/withdrawal-form-tr.pdf\">geri \u00c7ekme Formu<\/a>, ama zorunlu de\u011fildir.<\/p><p>Ayr\u0131ca, model para \u00e7ekme formunu veya herhangi bir kesin a\u00e7\u0131klamay\u0131 elektronik olarak doldurabilir ve g\u00f6nderebilirsiniz. <a href=\"https:\/\/gsoftwarelab.com\/tr\/contact-us\/\"> web sitesi<\/a>.<\/p><p>Bu se\u00e7ene\u011fi kullan\u0131rsan\u0131z, b\u00f6yle bir \u00e7ekilmenin kal\u0131c\u0131 bir ortamda (\u00f6rne\u011fin e-posta yoluyla) gecikmeden al\u0131nd\u0131\u011f\u0131n\u0131 size bildirece\u011fiz.<\/p><p>\u00c7ekilme s\u00fcresi sona ermeden cayma hakk\u0131n\u0131n kullan\u0131m\u0131 ile ilgili ileti\u015fiminizi g\u00f6ndermeniz yeterlidir.<\/p><p class=\"cmplz-subtitle\">9.2 Para \u00e7ekmenin etkileri<\/p><p>Bu s\u00f6zle\u015fmeden \u00e7ekilirseniz, teslimat masraflar\u0131 da dahil olmak \u00fczere sizden al\u0131nan t\u00fcm \u00f6demeleri (bizim taraf\u0131m\u0131zdan sunulan en ucuz standart teslimat t\u00fcr\u00fcnden ba\u015fka bir teslimat t\u00fcr\u00fcn\u00fc se\u00e7menizden kaynaklanan ek maliyetler hari\u00e7), gereksiz gecikme olmaks\u0131z\u0131n ve her hal\u00fckarda bu s\u00f6zle\u015fmeden \u00e7ekilme karar\u0131n\u0131zdan en ge\u00e7 14 g\u00fcn ge\u00e7meden geri \u00f6deyece\u011fiz.\u00a0Aksini a\u00e7\u0131k\u00e7a kabul etmedi\u011finiz s\u00fcrece, ilk i\u015flem i\u00e7in kulland\u0131\u011f\u0131n\u0131z \u00f6deme ara\u00e7lar\u0131n\u0131 kullanarak bu geri \u00f6demeyi ger\u00e7ekle\u015ftirece\u011fiz; herhangi bir durumda, bu geri \u00f6demenin bir sonucu olarak herhangi bir \u00fccret \u00f6demezsiniz.<\/p><p>\u00c7ekilme s\u00fcresi boyunca hizmetlerin yerine getirilmesini talep ettiyseniz, s\u00f6zle\u015fmenin tam kapsam\u0131na k\u0131yasla, bize bu s\u00f6zle\u015fmeden \u00e7ekilmenizi bildirene kadar sa\u011flananla orant\u0131l\u0131 bir miktar \u00f6deyeceksiniz.<\/p><p>Geri \u00e7ekilme hakk\u0131na ili\u015fkin baz\u0131 yasal istisnalar oldu\u011funu ve bu nedenle baz\u0131 maddelerin iade edilemeyece\u011fini veya de\u011fi\u015ftirilemeyece\u011fini l\u00fctfen unutmay\u0131n. \u00a0Bunun sizin durumunuzda ge\u00e7erli olup olmad\u0131\u011f\u0131n\u0131 size bildirece\u011fiz.<\/p><h2>10. Fikir g\u00f6nderimi<\/h2><p>Fikri m\u00fclkiyet veya gizlilik s\u00f6zle\u015fmesi ile ilgili bir s\u00f6zle\u015fme imzalamad\u0131k\u00e7a, bize sunmak istedi\u011finiz kendi fikri m\u00fclkiyetiniz olarak kabul edilebilecek herhangi bir fikir, bulu\u015f, yazarl\u0131k eseri veya di\u011fer bilgileri sunmay\u0131n.\u00a0Bu t\u00fcr yaz\u0131l\u0131 bir s\u00f6zle\u015fme olmadan bize if\u015fa ederseniz, i\u00e7eri\u011finizi mevcut veya gelecekteki herhangi bir medyada kullanmak, \u00e7o\u011faltmak, saklamak, uyarlamak, yay\u0131nlamak, \u00e7evirmek ve da\u011f\u0131tmak i\u00e7in d\u00fcnya \u00e7ap\u0131nda, geri d\u00f6n\u00fclemez, m\u00fcnhas\u0131r olmayan, telifsiz, telifsiz bir lisans verirsiniz.<\/p><h2>11. Kullan\u0131ma son verme<\/h2><p>Tamamen kendi takdirimize ba\u011fl\u0131 olarak, herhangi bir zamanda, web sitesine veya herhangi bir Hizmete eri\u015fimi ge\u00e7ici veya kal\u0131c\u0131 olarak de\u011fi\u015ftirebilir veya durdurabiliriz.\u00a0Web sitesine veya web sitesinde payla\u015fm\u0131\u015f olabilece\u011finiz herhangi bir i\u00e7eri\u011fe eri\u015fiminizin ask\u0131ya al\u0131nmas\u0131 veya kullan\u0131lmas\u0131n\u0131n durdurulmas\u0131 veya durdurulmas\u0131 i\u00e7in size veya herhangi bir \u00fc\u00e7\u00fcnc\u00fc tarafa kar\u015f\u0131 sorumlu olmayaca\u011f\u0131m\u0131z\u0131 kabul edersiniz.\u00a0Katk\u0131da bulundu\u011funuz veya g\u00fcvendi\u011finiz belirli \u00f6zellikler, ayarlar ve\/veya g\u00fcvendi\u011finiz herhangi bir \u0130\u00e7erik kal\u0131c\u0131 olarak kaybedilse bile, herhangi bir tazminat veya di\u011fer \u00f6deme hakk\u0131na sahip olmayacaks\u0131n\u0131z.\u00a0Web sitemizdeki herhangi bir eri\u015fim k\u0131s\u0131tlama \u00f6nlemini atlamamal\u0131 veya atlamamal\u0131 veya atlamaya \u00e7al\u0131\u015fmamal\u0131s\u0131n\u0131z.<\/p><h2>12. Garantiler ve sorumluluk<\/h2><p>Bu b\u00f6l\u00fcmde yer alan hi\u00e7bir \u015fey, yasalar\u0131n ima etti\u011fi herhangi bir garantiyi s\u0131n\u0131rlamaz veya hari\u00e7 tutmaz.\u00a0Bu web sitesi ve web sitesindeki t\u00fcm i\u00e7erikler \"oldu\u011fu gibi\" ve \"mevcut oldu\u011fu gibi\" temelinde sa\u011flan\u0131r ve yanl\u0131\u015fl\u0131klar veya yaz\u0131m hatalar\u0131 i\u00e7erebilir.\u00a0\u0130\u00e7eri\u011fin kullan\u0131labilirli\u011fi, do\u011frulu\u011fu veya eksiksizli\u011fi konusunda a\u00e7\u0131k veya z\u0131mni her t\u00fcrl\u00fc garantiyi a\u00e7\u0131k\u00e7a reddederiz.\u00a0\u015eunun garantisini vermiyoruz:<\/p><p><ul>\n\t\t\t\t<li>bu web sitesi veya \u00fcr\u00fcnlerimiz veya hizmetlerimiz gereksinimlerinizi kar\u015f\u0131layacakt\u0131r;<\/li>\n\t\t\t\t<li>bu web sitesi kesintisiz, zaman\u0131nda, g\u00fcvenli veya hatas\u0131z olarak kullan\u0131ma sunulacakt\u0131r;<\/li>\n\t\t\t\t<li>bu web sitesi arac\u0131l\u0131\u011f\u0131yla taraf\u0131n\u0131zdan sat\u0131n al\u0131nan veya elde edilen herhangi bir \u00fcr\u00fcn veya hizmetin kalitesi beklentilerinizi kar\u015f\u0131layacakt\u0131r.<\/li>\n\t\t\t<\/ul><\/p><p>Bu web sitesindeki hi\u00e7bir \u015fey, herhangi bir t\u00fcr yasal, finansal veya t\u0131bbi tavsiye olu\u015fturmaz veya olu\u015fturma ama\u00e7l\u0131 de\u011fildir.\u00a0Tavsiyeye ihtiyac\u0131n\u0131z varsa, uygun bir profesyonele dan\u0131\u015fmal\u0131s\u0131n\u0131z.<\/p><p>Bu b\u00f6l\u00fcm\u00fcn a\u015fa\u011f\u0131daki h\u00fck\u00fcmleri, y\u00fcr\u00fcrl\u00fckteki yasalar\u0131n izin verdi\u011fi azami \u00f6l\u00e7\u00fcde uygulanacakt\u0131r ve sorumlulu\u011fumuzu s\u0131n\u0131rlaman\u0131n veya hari\u00e7 tutmam\u0131z\u0131n yasad\u0131\u015f\u0131 veya yasad\u0131\u015f\u0131 olaca\u011f\u0131 herhangi bir konuda sorumlulu\u011fumuzu s\u0131n\u0131rland\u0131rmaz veya hari\u00e7 tutmaz.\u00a0Sizin veya herhangi bir \u00fc\u00e7\u00fcnc\u00fc taraf\u0131n web sitemize eri\u015fiminizden veya kullan\u0131m\u0131n\u0131zdan kaynaklanan do\u011frudan veya dolayl\u0131 zararlardan (kar veya gelir kayb\u0131, veri, yaz\u0131l\u0131m veya veri taban\u0131n\u0131n kayb\u0131 veya bozulmas\u0131 veya zarar g\u00f6rmesi veya zarar g\u00f6rmesi de dahil olmak \u00fczere) hi\u00e7bir durumda sorumlu olmayaca\u011f\u0131z.<\/p><p>Herhangi bir ek s\u00f6zle\u015fmenin aksini a\u00e7\u0131k\u00e7a belirtmesi d\u0131\u015f\u0131nda, web sitesi veya web sitesi arac\u0131l\u0131\u011f\u0131yla pazarlanan veya sat\u0131lan herhangi bir \u00fcr\u00fcn ve hizmetten kaynaklanan veya bunlarla ilgili t\u00fcm zararlar i\u00e7in size kar\u015f\u0131 maksimum sorumlulu\u011fumuz, sorumluluk getiren yasal i\u015flem bi\u00e7iminden ba\u011f\u0131ms\u0131z olarak (s\u00f6zle\u015fme, e\u015fitlik, ihmal, ama\u00e7lanan davran\u0131\u015f, haks\u0131z veya ba\u015fka t\u00fcrl\u00fc) bu \u00fcr\u00fcnleri veya hizmetleri sat\u0131n almak veya web sitesini kullanmak i\u00e7in bize \u00f6dedi\u011finiz toplam fiyatla s\u0131n\u0131rl\u0131 olacakt\u0131r.\u00a0Bu s\u0131n\u0131r, t\u00fcm iddialar\u0131n\u0131z, eylemleriniz ve her t\u00fcrden ve nitelikteki eylem nedenleriniz i\u00e7in toplu olarak ge\u00e7erli olacakt\u0131r.<\/p><h2>13. Gizlilik ve gizlilik<\/h2><p>Web sitemize ve\/veya hizmetlerimize eri\u015fmek i\u00e7in, kay\u0131t i\u015fleminin bir par\u00e7as\u0131 olarak kendinizle ilgili belirli bilgileri vermeniz gerekebilir.\u00a0Verdi\u011finiz bilgilerin her zaman do\u011fru, do\u011fru ve g\u00fcncel olaca\u011f\u0131n\u0131 kabul edersiniz.<\/p><p>Ki\u015fisel verilerinizi ciddiye al\u0131yoruz ve gizlili\u011finizi korumay\u0131 taahh\u00fct ediyoruz.\u00a0E-posta adresinizi istenmeyen postalar i\u00e7in kullanmayaca\u011f\u0131z.\u00a0Taraf\u0131n\u0131zdan g\u00f6nderilen t\u00fcm e-postalar yaln\u0131zca kararla\u015ft\u0131r\u0131lan \u00fcr\u00fcn veya hizmetlerin sa\u011flanmas\u0131yla ba\u011flant\u0131l\u0131 olacakt\u0131r.<\/p><p>Sahip olabilece\u011finiz gizlilik endi\u015felerini gidermek i\u00e7in bir politika geli\u015ftirdik.\u00a0Daha fazla bilgi i\u00e7in l\u00fctfen bizim <a href=\"https:\/\/gsoftwarelab.com\/tr\/privacy\/\">Gizlilik Bildirimi<\/a> ve bizim <a href=\"https:\/\/gsoftwarelab.com\/tr\/cookie-policy-eu\/\">\u00c7erez politikas\u0131<\/a>.<\/p><h2>14. Eri\u015filebilirlik (eri\u015filebilirlik<\/h2><p>Sa\u011flad\u0131\u011f\u0131m\u0131z i\u00e7eri\u011fi engelli bireylere eri\u015filebilir k\u0131lmaya kararl\u0131y\u0131z.\u00a0Engellili\u011finiz nedeniyle web sitemizin herhangi bir b\u00f6l\u00fcm\u00fcne eri\u015femiyorsan\u0131z, kar\u015f\u0131la\u015ft\u0131\u011f\u0131n\u0131z sorunun ayr\u0131nt\u0131l\u0131 bir a\u00e7\u0131klamas\u0131 da dahil olmak \u00fczere bize bir bildirimde bulunman\u0131z\u0131 rica ederiz.\u00a0Sorun, end\u00fcstri standard\u0131 bilgi teknolojisi ara\u00e7lar\u0131 ve tekniklerine uygun olarak kolayca tan\u0131mlanabilir ve \u00e7\u00f6z\u00fclebilirse, derhal \u00e7\u00f6zece\u011fiz.<\/p><h2>15. \u0130hracat k\u0131s\u0131tlamalar\u0131 \/ Yasal uyumluluk<\/h2><p>Web sitesine, web sitesinde sat\u0131lan \u00fcr\u00fcnlerin veya Hizmetlerin \u0130\u00e7eri\u011finin veya sat\u0131n al\u0131nmas\u0131n\u0131n yasa d\u0131\u015f\u0131 oldu\u011fu b\u00f6lgelerden veya \u00fclkelerden eri\u015fim yasakt\u0131r.\u00a0Bu web sitesini Almanya'n\u0131n ihracat yasalar\u0131na ve y\u00f6netmeliklerine ayk\u0131r\u0131 olarak kullanamazs\u0131n\u0131z.<\/p><h2>16. Ba\u011fl\u0131 kurulu\u015f pazarlamas\u0131<\/h2><p>Bu Web Sitesi arac\u0131l\u0131\u011f\u0131yla, bu web sitesinde veya arac\u0131l\u0131\u011f\u0131yla hizmet veya \u00fcr\u00fcnlerin sat\u0131\u015f\u0131yla ilgili bir y\u00fczde veya komisyon ald\u0131\u011f\u0131m\u0131z ba\u011fl\u0131 kurulu\u015f pazarlamas\u0131na kat\u0131labiliriz.\u00a0Ayr\u0131ca i\u015fletmelerden sponsorluklar\u0131 veya di\u011fer reklam tazminatlar\u0131n\u0131 da kabul edebiliriz.\u00a0Bu a\u00e7\u0131klama, ABD Federal Ticaret Komisyonu Kurallar\u0131 gibi ge\u00e7erli olabilecek pazarlama ve reklamc\u0131l\u0131kla ilgili yasal gerekliliklere uymay\u0131 ama\u00e7lamaktad\u0131r.<\/p><h2>17. \u00d6dev ve G\u00f6revlendirme<\/h2><p>Bu \u015eartlar ve ko\u015fullar kapsam\u0131ndaki haklar\u0131n\u0131zdan ve\/veya y\u00fck\u00fcml\u00fcl\u00fcklerinizden herhangi birini \u00f6nceden yaz\u0131l\u0131 iznimiz olmadan herhangi bir \u00fc\u00e7\u00fcnc\u00fc tarafa devredemez, devredemez veya alt s\u00f6zle\u015fme yapamazs\u0131n\u0131z.\u00a0Bu b\u00f6l\u00fcm\u00fc ihlal etti\u011fi iddia edilen herhangi bir g\u00f6rev ge\u00e7ersiz ve ge\u00e7ersiz olacakt\u0131r.<\/p><h2>18. Bu H\u00fck\u00fcm ve Ko\u015fullar\u0131n \u0130hlalleri<\/h2><p>Bu H\u00fck\u00fcm ve Ko\u015fullar kapsam\u0131ndaki di\u011fer haklar\u0131m\u0131za halel getirmeksizin, bu H\u00fck\u00fcm ve Ko\u015fullar\u0131 herhangi bir \u015fekilde ihlal ederseniz, web sitesine eri\u015fiminizi ge\u00e7ici veya kal\u0131c\u0131 olarak ask\u0131ya almak, web sitesine eri\u015fiminizi engellemek ve\/veya size kar\u015f\u0131 yasal i\u015flem ba\u015flatmak i\u00e7in internet servis sa\u011flay\u0131c\u0131n\u0131zla ileti\u015fime ge\u00e7mek de dahil olmak \u00fczere ihlalle ba\u015fa \u00e7\u0131kmak i\u00e7in uygun g\u00f6rd\u00fc\u011f\u00fcm\u00fcz \u00f6nlemleri alabiliriz.<\/p><h2>19. M\u00fccbir sebepler<\/h2><p>Burada belirtilen para \u00f6deme y\u00fck\u00fcml\u00fcl\u00fckleri d\u0131\u015f\u0131nda, herhangi bir taraf\u0131n herhangi bir y\u00fck\u00fcml\u00fcl\u00fc\u011f\u00fcn\u00fc yerine getirme veya yerine getirmemesi i\u00e7in herhangi bir gecikme, ba\u015far\u0131s\u0131zl\u0131k veya ihmal edilmemesi, s\u00f6z konusu taraf\u0131n makul kontrol\u00fc d\u0131\u015f\u0131ndaki herhangi bir nedenden kaynakland\u0131\u011f\u0131 s\u00fcrece, bu H\u00fck\u00fcm ve Ko\u015fullar\u0131n ihlali olarak kabul edilecektir.<\/p><h2>20. Tazminat ve Tazminat<\/h2><p>Bu H\u00fck\u00fcm ve ko\u015fullar\u0131 ve fikri m\u00fclkiyet haklar\u0131 ve gizlilik haklar\u0131 da dahil olmak \u00fczere y\u00fcr\u00fcrl\u00fckteki yasalar\u0131 ihlal etmenizle ilgili t\u00fcm iddialar, y\u00fck\u00fcml\u00fcl\u00fckler, zararlar, kay\u0131plar ve masraflardan bizi tazmin etmeyi, savunmay\u0131 ve zarars\u0131z tutmay\u0131 kabul edersiniz.\u00a0Bu t\u00fcr taleplerle ilgili veya ortaya \u00e7\u0131kan zararlar\u0131m\u0131z, kay\u0131plar\u0131m\u0131z, maliyetlerimiz ve giderlerimiz i\u00e7in derhal bize geri \u00f6deme yapacaks\u0131n\u0131z.<\/p><h2>21. Feragatname ve muafiyet<\/h2><p>Bu H\u00fck\u00fcm ve Ko\u015fullarda ve herhangi bir S\u00f6zle\u015fmede belirtilen h\u00fck\u00fcmlerden herhangi birinin uygulanmamas\u0131 veya feshetme se\u00e7ene\u011finin kullan\u0131lmamas\u0131, s\u00f6z konusu h\u00fck\u00fcmlerden feragat olarak yorumlanmayacakt\u0131r ve bu H\u00fck\u00fcm ve Ko\u015fullar\u0131n veya herhangi bir S\u00f6zle\u015fmenin veya herhangi bir k\u0131sm\u0131n\u0131n ge\u00e7erlili\u011fini veya bundan sonra her h\u00fckm\u00fc uygulama hakk\u0131n\u0131 etkilemeyecektir.<\/p><h2>22. Kategori: Dil ve dil<\/h2><p>Bu \u015eartlar ve Ko\u015fullar yaln\u0131zca \u0130ngilizce olarak yorumlanacak ve yorumlanacakt\u0131r.\u00a0T\u00fcm bildirimler ve yaz\u0131\u015fmalar sadece o dilde yaz\u0131lacakt\u0131r.<\/p><h2>23. T\u00fcm anla\u015fma<\/h2><p>Bu \u015eartlar ve Ko\u015fullar, bizim <a href=\"https:\/\/gsoftwarelab.com\/tr\/privacy\/\">gizlilik bildirimi<\/a> ve <a href=\"https:\/\/gsoftwarelab.com\/tr\/cookie-policy-eu\/\">\u00e7erez politikas\u0131<\/a>, siz ve GSoftwareLab Inh aras\u0131ndaki t\u00fcm anla\u015fmay\u0131 olu\u015fturun. Bu web sitesini kullan\u0131m\u0131n\u0131zla ilgili olarak Lucas Schmutzler.<\/p><h2>24. Bu H\u00fck\u00fcm ve Ko\u015fullar\u0131n g\u00fcncellenmesi<\/h2><p>Bu \u015eartlar ve Ko\u015fullar\u0131 zaman zaman g\u00fcncelleyebiliriz.\u00a0De\u011fi\u015fiklikler veya g\u00fcncellemeler i\u00e7in bu \u015eartlar ve Ko\u015fullar\u0131 periyodik olarak kontrol etmek sizin y\u00fck\u00fcml\u00fcl\u00fc\u011f\u00fcn\u00fczd\u00fcr.\u00a0Bu H\u00fck\u00fcm ve Ko\u015fullar\u0131n ba\u015f\u0131nda belirtilen tarih, en son revizyon tarihidir.\u00a0Bu H\u00fck\u00fcm ve Ko\u015fullardaki de\u011fi\u015fiklikler, bu web sitesinde yay\u0131nlanan de\u011fi\u015fikliklerden sonra y\u00fcr\u00fcrl\u00fc\u011fe girecektir.\u00a0De\u011fi\u015fikliklerin veya g\u00fcncellemelerin yay\u0131nlanmas\u0131n\u0131 takiben bu web sitesini kullanmaya devam etmeniz, bu H\u00fck\u00fcm ve Ko\u015fullara uymay\u0131 ve ba\u011fl\u0131 kalman\u0131z\u0131 kabul etti\u011finizi bildirecektir.<\/p><h2>25. Hukuk ve Yarg\u0131 Yetkisi Se\u00e7imi<\/h2><p>Bu \u015eartlar ve Ko\u015fullar Almanya yasalar\u0131na tabidir.\u00a0Bu H\u00fck\u00fcm ve Ko\u015fullar ile ilgili herhangi bir uyu\u015fmazl\u0131k, Almanya mahkemelerinin yarg\u0131 yetkisine tabi olacakt\u0131r.\u00a0Bu H\u00fck\u00fcm ve Ko\u015fullar\u0131n herhangi bir par\u00e7as\u0131 veya h\u00fckm\u00fc, bir mahkeme veya ba\u015fka bir makam taraf\u0131ndan y\u00fcr\u00fcrl\u00fckteki yasalar kapsam\u0131nda ge\u00e7ersiz ve\/veya uygulanamaz olarak bulunursa, bu b\u00f6l\u00fcm veya h\u00fck\u00fcm, bu H\u00fck\u00fcm ve Ko\u015fullar\u0131n amac\u0131na etki etmek i\u00e7in izin verilen azami \u00f6l\u00e7\u00fcde de\u011fi\u015ftirilecek, silinecek ve\/veya uygulanacakt\u0131r.\u00a0Di\u011fer h\u00fck\u00fcmler etkilenmeyecektir.<\/p><h2>26. \u0130leti\u015fim bilgileri<\/h2><p>Bu web sitesi GSoftwareLab Inh\u2019e aittir ve i\u015fletilmektedir. Lucas Schmutzler m\u0131?<\/p><p>Bu \u015eartlar ve Ko\u015fullar ile ilgili olarak bizimle ileti\u015fime ge\u00e7ebilirsiniz. <a href=\"https:\/\/gsoftwarelab.com\/tr\/contact-us\/\">\u0130LET\u0130\u015e\u0130M<\/a> bir sayfa a\u00e7.<\/p><h2>27. \u0130ndirin ve y\u00fckleyin<\/h2><p>Sen de yapabilirsin <a href=\"https:\/\/gsoftwarelab.com\/wp-content\/plugins\/complianz-terms-conditions\/download.php\">\u0130ndirme<\/a> PDF olarak \u015eartlar ve Ko\u015fullar\u0131m\u0131z.<\/p><\/div>\n<\/div>\n\n\n<div class=\"woocommerce woocommerce-gzd woocommerce-gzd-complaints-shortcode\">\n\t\t\t<h3>Madde 14 (1) ODR-VO ve \u00a7 36 VSBG uyar\u0131nca Alternatif Uyu\u015fmazl\u0131k \u00c7\u00f6z\u00fcm\u00fc:<\/h3>\n\t\nT\u00fcketici tahkim kurulu \u00f6n\u00fcnde uyu\u015fmazl\u0131k \u00e7\u00f6z\u00fcm i\u015flemlerine kat\u0131lmak zorunda veya istekli de\u011filiz.<\/div>","protected":false},"excerpt":{"rendered":"<p>Hizmet \u015eartlar\u0131<\/p>","protected":false},"author":1,"featured_media":0,"parent":0,"menu_order":0,"comment_status":"closed","ping_status":"closed","template":"","meta":{"rop_custom_images_group":[],"rop_custom_messages_group":[],"rop_publish_now":"initial","rop_publish_now_accounts":{"twitter_2998589429_2998589429":""},"rop_publish_now_history":[],"rop_publish_now_status":"pending","footnotes":""},"class_list":["post-5002","page","type-page","status-publish","hentry"],"blocksy_meta":[],"_links":{"self":[{"href":"https:\/\/gsoftwarelab.com\/tr\/wp-json\/wp\/v2\/pages\/5002","targetHints":{"allow":["GET"]}}],"collection":[{"href":"https:\/\/gsoftwarelab.com\/tr\/wp-json\/wp\/v2\/pages"}],"about":[{"href":"https:\/\/gsoftwarelab.com\/tr\/wp-json\/wp\/v2\/types\/page"}],"author":[{"embeddable":true,"href":"https:\/\/gsoftwarelab.com\/tr\/wp-json\/wp\/v2\/users\/1"}],"replies":[{"embeddable":true,"href":"https:\/\/gsoftwarelab.com\/tr\/wp-json\/wp\/v2\/comments?post=5002"}],"version-history":[{"count":3,"href":"https:\/\/gsoftwarelab.com\/tr\/wp-json\/wp\/v2\/pages\/5002\/revisions"}],"predecessor-version":[{"id":8455,"href":"https:\/\/gsoftwarelab.com\/tr\/wp-json\/wp\/v2\/pages\/5002\/revisions\/8455"}],"wp:attachment":[{"href":"https:\/\/gsoftwarelab.com\/tr\/wp-json\/wp\/v2\/media?parent=5002"}],"curies":[{"name":"wp","href":"https:\/\/api.w.org\/{rel}","templated":true}]}}