{"id":4939,"date":"2022-06-24T18:03:08","date_gmt":"2022-06-24T16:03:08","guid":{"rendered":"https:\/\/gsoftwarelab.com\/cookie-policy-eu\/"},"modified":"2025-12-07T22:46:29","modified_gmt":"2025-12-07T20:46:29","slug":"cookie-policy-eu","status":"publish","type":"page","link":"https:\/\/gsoftwarelab.com\/tr\/cookie-policy-eu\/","title":{"rendered":"\u00c7erez politikas\u0131"},"content":{"rendered":"<div class=\"wp-block-group is-layout-constrained wp-block-group-is-layout-constrained\">\n<h1 class=\"wp-block-heading\">\u00c7erez politikas\u0131<\/h1>\n\n\n\n<!-- Legal document generated by Complianz | GDPR\/CCPA Cookie Consent https:\/\/wordpress.org\/plugins\/complianz-gdpr -->\n<div id=\"cmplz-document\" class=\"cmplz-document cookie-statement cmplz-document-eu\"><p><i>Bu \u00c7erez Politikas\u0131 tr son Kas\u0131m 3, 2025 tarihinde g\u00fcncellendi ve Avrupa Ekonomik Alan\u0131 ve \u0130svi\u00e7re vatanda\u015flar\u0131 ve yasal daimi ikamet edenler i\u00e7in ge\u00e7erlidir.<\/i><br><\/p><h2>1. Giri\u015f giri\u015f<\/h2><p>Web sitesimiz, <a href=\"https:\/\/gsoftwarelab.com\/tr\">https:\/\/gsoftwarelab.com\/tr<\/a> (bundan b\u00f6yle \"web sitesi\" an\u0131lacakt\u0131r) \u00c7izkinler ve Di\u011ferleri Teknolojileri diri (kolayl\u0131k i\u00e7in i\u00e7in t\u00fcm Zamane \"\u00e7erezler\"). \u00c7erezler de dahil oldu\u011fumuz \u00fc\u00e7\u00fcnc\u00fc \u015eimdi ba\u015fvurunca Olunur. A\u015fa\u011f\u0131daki dok\u00fcmanda ebat web sitemizden parantezleri hakk\u0131nda bilgi Veriyoruz.<\/p><h2>2. \u00c7erez ne mi?<\/h2><p>C\u0130HAZ, bu internet sayfas\u0131yla birlikte ve taray\u0131c\u0131n\u0131z destan\u0131, bilgisayar\u0131n\u0131z\u0131n Sabit S\u00fcr\u00fcc\u00fcnde veya ba\u015fka bir cihazda saklanan K\u00fc\u00e7\u00fck, basit bir dosyad\u0131r. Burada saklanan bilgiler bir o s\u0131nama ya da \"\u00dczg\u00fcnl\u00fck\" \u00fc\u00e7\u00fcnc\u00fc taraflar\u0131n sunucular\u0131na aktar\u0131ld\u0131.<\/p><h2>3. KoMut dosyalar\u0131 m\u0131?<\/h2><p>KoMut dosyas\u0131, web sitemizin D\u00fczg\u00fcn ve Etkile\u015fimli'nin Yapt\u0131\u011f\u0131 Bir Program Uygulanm\u0131\u015f Bir Program Uyguland\u0131. Bu kod sunucumuzda veya cihaz\u0131n\u0131zda y\u00fcr\u00fct\u00fcl\u00fcr.<\/p><h2>4. Web i\u015faret\u00e7isi ne?<\/h2><p>Bir web i\u015faret\u00e7isi (veya bir piksel Etiketi), bir web sitesindeki trafi\u011fi Bakmak i\u00e7in Kullan\u0131lan K\u00fc\u00e7\u00fck, g\u00f6r\u00fcnmez bir bir metin veya resim Oldu. Bunu ile ilgili, sizinle ilgili \u00e7e\u015fitli veriler web i\u015faret\u00e7ileri \u0130\u015eLET\u0130R\u0130LEN E\u011e\u0130T\u0130M.<\/p><h2>5. Kategori: \u00c7erezler<\/h2><p class=\"cmplz-subtitle\">5.1 Teknik veya fonksiyonel \u00e7erezler<\/p><p>Baz\u0131 \u00c7izeli\u015f, web sitesinin belirli b\u00f6l\u00fcmlerininin D\u00fczg\u00fcn\u2019\u00fcn ve Kullan\u0131c\u0131 tercihlerinin bilinmesi Sa\u011flar. \u0130\u015flevsel \u00c7izim yerle\u015ftirerek web sitemizin ana temas\u0131d\u0131r. BULY, web sitemizin BULYE, web sitemizin ana hatlar\u0131n\u0131 ziyaret eden ve yinelenen, \u00d6\u011feler Al\u0131\u015fveri\u015f sepetinizde Kal\u0131r. Bu \u00c7E\u015e\u0130LLER H\u0130ZMET\u0130N\u0130Z \u0130L\u0130\u015eK\u0130N\u0130Z \u0130L\u0130\u015eK\u0130N\u0130Z \u0130L\u0130\u015eK\u0130LER.<\/p><p class=\"cmplz-subtitle\">5.2 \u0130statistik \u00e7erezleri<\/p><p>Kullan\u0131c\u0131lar\u0131m\u0131z i\u00e7in web sitesi i\u00e7inde en iyi duruma getirilmi\u015ftir. Bu \u0130statistik \u00c7izkin ile Web\u2019in \u00dd\u00e7G\u00d6R\u00dc\u011e\u00dcLEND\u0130R\u0130LM\u0130\u015e) \u0130L\u0130\u015eK\u0130NLER \u0130\u00c7ER\u0130\u011e\u0130.\u00a0\u0130statistik \u00c7izeli\u015firk\u2019in \u0130lkeleri.<\/p><p class=\"cmplz-subtitle\">5.3 Pazarlama\/\u0130zleme \u00e7erezleri<\/p><p>Pazarlama\/\u0130zleme \u00c7izelgesi, reklam i\u00e7in Kullan\u0131c\u0131 Profilleri] ya da benzer Pazarlama Kurgular\u0131 i\u00e7in kullan\u0131c\u0131y\u0131 bu web sitesinde veya Birka\u00e7 web sitesinde izlemek i\u00e7in Kullan\u0131lan \u00e7erezler veya di\u011fer yerel Depolama bi\u00e7imleridir.<\/p><h2>6. Yerle\u015ftirilen Anketleri<\/h2><div id=\"cmplz-cookies-overview\"><\/div><h2>7. Onay onay\u0131<\/h2><p>Web sitemizin ilk kez turtas\u0131, ebatlar\u0131 \"bir\" \"A\u00e7\u0131l\u0131r Pencere\", \"B\u00fct\u00e7e bir\" \"A\u00e7\u0131l\u0131r Pencere\". \"Tercihleri Kaydet\" se\u00e7ene\u011fine, bu \u00c7erez Politikas\u0131nda a\u00e7\u0131kland\u0131\u011f\u0131 gibi, A\u00e7\u0131l\u0131r Pencerede eskimi\u015f \u00e7erez ve eklenti tesisilerini kar\u015f\u0131la. Taray\u0131c\u0131n\u0131z ile ilgili olarak \"A\u00e7\u0131k\u0131\u015f\", \"Devre D\u0131\u015f\u0131\", \"Web\" (\u0130ngilizce).<\/p><p class=\"cmplz-subtitle\">7.1 Onay Ayarlar\u0131 y\u00f6netin<\/p><div id=\"cmplz-manage-consent-container-nojavascript\">\u00c7erez Politikas\u0131n\u0131 javascript \u00f6gesi olmadan y\u00fckledin.\u00a0AMP'de \u00d6ZELL\u0130KLER\u0130 \u00c7ALI\u015eMALARIMIZ.<\/div><div id=\"cmplz-manage-consent-container\" class=\"cmplz-manage-consent-container\"><\/div><h2>8. \u00c7erezleri kesimi\/Devre D\u0131\u015f\u0131 b\u0131rakma ve silme<\/h2><p>\u0130nternet taray\u0131c\u0131s\u0131n\u0131 \u00e7erezleri otomatik veya manuel olarak Hayata Ge\u00e7irilirsiniz. Buran\u0131n yak\u0131n\u0131ndaki restoranlar: Prefabrik Filmleri Ba\u015fka bir bir se\u00e7enek, internet taray\u0131c\u0131n\u0131n\u0131n, onun aperzibilgileri bir mesaj alman\u00fd\u00fe\u00fdn\u00fdn\u00fdn\u00fdn\u00fdn\u00fdn\u00fdn\u00fd. Bu y\u00fczden daha fazla bilgi i\u00e7in l\u00fctfen taray\u0131c\u0131n\u0131z\u0131n Yard\u0131m\u00f5ki talimatlara bak.<\/p><p>T\u00fcm \u00e7erezler Devre D\u0131\u015f\u0131 b\u0131rak\u0131l\u0131rsa web \u00dcZER\u0130N D\u00fczg\u00fcn \u0130\u015eLEMEY\u0130 REZERLEN. Taray\u0131c\u0131n\u0131zdaki \u00e7erezleri silersen, web sitesi Tekrar harf\u00fczyonda, daha sonra Tekrarg\u00f6renleri.<\/p><h2>9. K\u0130\u015e\u0130SEL OLARAK UZAKLA\u015eIM<\/h2><p>A\u015fa\u011f\u0131dadaki haklara sahipsin:<\/p><ul>\n                    <li>Ki\u015fisel Verise neden \u0130htiya\u00e7\u00fcm\u00fc, neumu ve ne kadar da ile G\u00f6rendir Bilme Hakk\u0131na Sahipsin.<\/li>\n                    <li>Eri\u015fim hakk\u0131: Bizim taraf\u0131m\u0131zdan Kar\u015f\u0131la\u015ft\u0131r\u0131lan Ki\u015fisel Verise \u00dcretim Hakk\u0131na Sahipsin.<\/li>\n                    <li>D\u00fczeltme hakk\u0131: K\u0130\u015e\u0130SEL VER\u0130 \u0130\u015eLET\u0130M\u0130 E\u011e\u0130T\u0130M, DE\u011e\u0130L, E\u011e\u0130T\u0130M veya Engelleme Hakk\u0131na Sahipsiniz.<\/li>\n                    <li>Bise VER\u0130M\u0130Z\u0130ZEL\u0130\u011e\u0130B\u0130L\u0130R, B\u0130ZE EVLET\u0130RME VE K\u0130\u015e\u0130SEL GELEN\u0130\u015e\u0130M \u0130L\u0130\u015eK\u0130ND\u0130R.<\/li>\n                    <li>Verileri aktarma hakk\u0131: t\u00fcm K\u0130\u015e\u0130SEL GELEN\u0130L\u0130R E\u011e\u0130T\u0130M ve \u0130letilen ba\u015fka B\u0130R B\u0130R E\u00c7\u0130L\u0130YE aktarma Hakk\u0131na Sahipsiniz.<\/li>\n                    <li>\u0130tiraz hakk\u0131: VER\u0130N S\u00d6ZLE\u015eT\u0130R\u0130LEN BELE\u015eT\u0130R\u0130L\u0130YOR. \u0130\u015fleme i\u00e7in hakl\u0131 \u0130\u015eLEMLER DUZUZ.<\/li>\n                <\/ul><p>BU haklar\u0131 daha iyi tan\u0131nd\u0131, l\u00fctfen Bizimle p\u0131nar. L\u00fctfen bu \u00c7erez Politikas\u0131n\u0131n alt\u0131ndaki ileti\u015fim bilgilerine bak. Verileri nas\u0131l daha iyi bir \u015fikayetiniz varsa, sizden haber Almam\u0131\u015f, Ama ayn\u0131 zamanda edici Makama (Veri Koruma Kurumu) Etraf\u0131nda da Sahipsin.<\/p><h2>10. \u0130leti\u015fim detaylar\u0131<\/h2><p>\u00c7erez Politikam\u0131z ve bu k\u00f6stebekleri ve\/veya yorumlar\u0131n\u0131z i\u00e7in, l\u00fctfen A\u015fa\u011f\u0131daki ileti\u015fimleri i\u00e7in Bizimle puntolar\u0131:<\/p><p><span class=\"cmplz-contact-organisation\">GSoftwareLab'\u0131n<\/span><br>\n                      <span class=\"cmplz-contact-address\">Dahlienweg 8'de<br \/>\n09557 Floeha'n\u0131n<\/span><br>\n                      <span class=\"cmplz-contact-country\">Almanya Almanya<\/span><br>\n                      <span class=\"cmplz-contact-domain\">\u0130nternet sitesi: <a href=\"https:\/\/gsoftwarelab.com\/tr\">https:\/\/gsoftwarelab.com\/tr<\/a><\/span><br>\n                      <span class=\"cmplz-contact-email\">E-posta adresi: <span class=\"cmplz-obfuscate\">support@ (\u0130ngilizce)<span class=\"cmplz-fmail-domain\">Ex.com'da<\/span>&#103;&#115;&#111;&#102;&#116;&#119;&#097;r&#101;&#108;ab&#046;atl&#097;ss&#105;an.&#110;&#101;&#116;<\/span><\/span><br>\n                    <span class=\"cmplz-contact-telephone\"><\/span><\/p><p>Bu \u00c7erez Politikas\u0131 <a href=\"https:\/\/cookiedatabase.org\/\" target=\"_blank\" rel=\"noopener\"> kategori: \"Tat\" <\/a>cookiedatabase.orgAral\u0131k 10, 2022 ile senkronize edilmi\u015ftir.<\/p><\/div>\n<\/div>","protected":false},"excerpt":{"rendered":"<p>\u00c7erez politikas\u0131<\/p>","protected":false},"author":1,"featured_media":0,"parent":0,"menu_order":0,"comment_status":"closed","ping_status":"closed","template":"","meta":{"rop_custom_images_group":[],"rop_custom_messages_group":[],"rop_publish_now":"initial","rop_publish_now_accounts":{"twitter_2998589429_2998589429":""},"rop_publish_now_history":[],"rop_publish_now_status":"pending","footnotes":""},"class_list":["post-4939","page","type-page","status-publish","hentry"],"blocksy_meta":[],"_links":{"self":[{"href":"https:\/\/gsoftwarelab.com\/tr\/wp-json\/wp\/v2\/pages\/4939","targetHints":{"allow":["GET"]}}],"collection":[{"href":"https:\/\/gsoftwarelab.com\/tr\/wp-json\/wp\/v2\/pages"}],"about":[{"href":"https:\/\/gsoftwarelab.com\/tr\/wp-json\/wp\/v2\/types\/page"}],"author":[{"embeddable":true,"href":"https:\/\/gsoftwarelab.com\/tr\/wp-json\/wp\/v2\/users\/1"}],"replies":[{"embeddable":true,"href":"https:\/\/gsoftwarelab.com\/tr\/wp-json\/wp\/v2\/comments?post=4939"}],"version-history":[{"count":2,"href":"https:\/\/gsoftwarelab.com\/tr\/wp-json\/wp\/v2\/pages\/4939\/revisions"}],"predecessor-version":[{"id":8603,"href":"https:\/\/gsoftwarelab.com\/tr\/wp-json\/wp\/v2\/pages\/4939\/revisions\/8603"}],"wp:attachment":[{"href":"https:\/\/gsoftwarelab.com\/tr\/wp-json\/wp\/v2\/media?parent=4939"}],"curies":[{"name":"wp","href":"https:\/\/api.w.org\/{rel}","templated":true}]}}