{"id":3273,"date":"2021-10-06T19:55:27","date_gmt":"2021-10-06T17:55:27","guid":{"rendered":"https:\/\/gsoftwarelab.com\/?page_id=3273"},"modified":"2025-10-05T02:52:06","modified_gmt":"2025-10-05T00:52:06","slug":"cancellation-policy","status":"publish","type":"page","link":"https:\/\/gsoftwarelab.com\/tr\/cancellation-policy\/","title":{"rendered":"\u0130ptal politikas\u0131 \u00f6zeti"},"content":{"rendered":"<div class=\"wp-block-stackable-heading stk-block-heading stk-block-heading--v2 stk-block stk-45b3b19\" id=\"cancellation-policy-summary\" data-block-id=\"45b3b19\"><h2 class=\"stk-block-heading__text\">\u0130ptal politikas\u0131 \u00f6zeti<\/h2><\/div>\n\n\n\n<p>Basit ve adil bir iptal s\u00fcrecine inan\u0131yoruz. \u0130\u015fte haklar\u0131n\u0131za k\u0131sa bir genel bak\u0131\u015f.<\/p>\n\n\n\n<p>S\u00f6zle\u015fmenizi iptal etme hakk\u0131na sahipsiniz. <strong>14 g\u00fcn<\/strong> Sonu\u00e7 olarak, bir neden belirtmeye gerek kalmadan.<\/p>\n\n\n\n<p>\u0130ptal etmek i\u00e7in, bize karar\u0131n\u0131z\u0131n a\u00e7\u0131k bir ifadesini g\u00f6ndermelisiniz. <a href=\"https:\/\/gsoftwarelab.com\/tr\/contact-us\/\">e-posta adresi<\/a>, posta veya web sitemizdeki iptal formunu kullanarak. Talebinizi ald\u0131ktan sonra, 14 g\u00fcn i\u00e7inde standart teslimat maliyetleri de dahil olmak \u00fczere tam bir geri \u00f6deme yapaca\u011f\u0131z.<\/p>\n\n\n\n<p>\u0130ptal d\u00f6neminde hizmetlerin ba\u015flamas\u0131n\u0131 talep ettiyseniz, iptal etmeden \u00f6nce sa\u011flanan hizmetle orant\u0131l\u0131 bir tutar tahsil edilebilece\u011fini l\u00fctfen unutmay\u0131n.<\/p>\n\n\n\n<p>Bu sizin rahat\u0131n\u0131z i\u00e7in bir \u00f6zettir. T\u00fcm ayr\u0131nt\u0131lar, istisnalar ve resmi politika i\u00e7in l\u00fctfen \u015fu adrese bak\u0131n: <strong><a href=\"https:\/\/gsoftwarelab.com\/tr\/terms-conditions\/\">Hizmet \u015eartlar\u0131m\u0131zdaki B\u00f6l\u00fcm 9 (\u0130ade ve \u0130ade politikas\u0131)<\/a><\/strong>.<\/p>","protected":false},"excerpt":{"rendered":"<p>Basit ve adil bir iptal s\u00fcrecine inan\u0131yoruz. \u0130\u015fte haklar\u0131n\u0131za k\u0131sa bir genel bak\u0131\u015f. S\u00f6zle\u015fmenizin akdedilmesinden itibaren 14 g\u00fcn i\u00e7inde bir neden belirtmenize gerek kalmadan s\u00f6zle\u015fmenizi iptal etme hakk\u0131na sahipsiniz. \u0130ptal etmek i\u00e7in, bize e-posta yoluyla karar net bir a\u00e7\u0131klama g\u00f6ndermek gerekir, sonras\u0131, [...]<\/p>","protected":false},"author":1,"featured_media":0,"parent":0,"menu_order":0,"comment_status":"closed","ping_status":"closed","template":"","meta":{"rop_custom_images_group":[],"rop_custom_messages_group":[],"rop_publish_now":"initial","rop_publish_now_accounts":{"twitter_2998589429_2998589429":""},"rop_publish_now_history":[],"rop_publish_now_status":"pending","footnotes":""},"class_list":["post-3273","page","type-page","status-publish","hentry"],"blocksy_meta":[],"_links":{"self":[{"href":"https:\/\/gsoftwarelab.com\/tr\/wp-json\/wp\/v2\/pages\/3273","targetHints":{"allow":["GET"]}}],"collection":[{"href":"https:\/\/gsoftwarelab.com\/tr\/wp-json\/wp\/v2\/pages"}],"about":[{"href":"https:\/\/gsoftwarelab.com\/tr\/wp-json\/wp\/v2\/types\/page"}],"author":[{"embeddable":true,"href":"https:\/\/gsoftwarelab.com\/tr\/wp-json\/wp\/v2\/users\/1"}],"replies":[{"embeddable":true,"href":"https:\/\/gsoftwarelab.com\/tr\/wp-json\/wp\/v2\/comments?post=3273"}],"version-history":[{"count":1,"href":"https:\/\/gsoftwarelab.com\/tr\/wp-json\/wp\/v2\/pages\/3273\/revisions"}],"predecessor-version":[{"id":8271,"href":"https:\/\/gsoftwarelab.com\/tr\/wp-json\/wp\/v2\/pages\/3273\/revisions\/8271"}],"wp:attachment":[{"href":"https:\/\/gsoftwarelab.com\/tr\/wp-json\/wp\/v2\/media?parent=3273"}],"curies":[{"name":"wp","href":"https:\/\/api.w.org\/{rel}","templated":true}]}}