{"id":2067,"date":"2021-01-30T19:35:47","date_gmt":"2021-01-30T17:35:47","guid":{"rendered":"https:\/\/gsoftwarelab.com\/payment-methods\/"},"modified":"2025-10-05T02:45:32","modified_gmt":"2025-10-05T00:45:32","slug":"payment-methods","status":"publish","type":"page","link":"https:\/\/gsoftwarelab.com\/tr\/payment-methods\/","title":{"rendered":"\u00d6deme y\u00f6ntemleri"},"content":{"rendered":"<p>\u00d6deme deneyiminizi m\u00fcmk\u00fcn oldu\u011funca basit ve g\u00fcvenli hale getirmek istiyoruz. \u0130htiya\u00e7lar\u0131n\u0131za uygun bir dizi \u00f6deme se\u00e7ene\u011fi sunuyoruz. T\u00fcm i\u015flemler, verilerinizin her zaman korunmas\u0131n\u0131 sa\u011flamak i\u00e7in g\u00fcvenli \u015fifreleme kullan\u0131larak i\u015flenir.<\/p>\n\n\n\n<p>A\u015fa\u011f\u0131daki se\u00e7eneklerden sizin i\u00e7in en uygun y\u00f6ntemi se\u00e7in.<\/p>\n\n\n\n<hr class=\"wp-block-separator has-alpha-channel-opacity\"\/>\n\n\n\n<h4 class=\"wp-block-heading\"><strong>PayPal ve amp; Kredi \/ Banka Kartlar\u0131<\/strong><\/h4>\n\n\n\n<p>\u00d6demeleri PayPal \u00fczerinden g\u00fcvenli bir \u015fekilde kabul ediyoruz. \u00d6demeye devam etti\u011finizde, PayPal \u00f6deme a\u011f ge\u00e7idine y\u00f6nlendirileceksiniz.<\/p>\n\n\n\n<ul class=\"wp-block-list\">\n<li><strong>PayPal Hesab\u0131 ile \u00d6deme:<\/strong> Bir PayPal hesab\u0131n\u0131z varsa, kay\u0131tl\u0131 bakiyenizi veya ba\u011flant\u0131l\u0131 \u00f6deme y\u00f6ntemlerinizi kullanarak sat\u0131n alma i\u015fleminizi h\u0131zl\u0131 bir \u015fekilde tamamlamak i\u00e7in giri\u015f yapabilirsiniz.<\/li>\n\n\n\n<li><strong>Kredi Kart\u0131 veya Banka Kart\u0131 ile \u00d6deme:<\/strong> PayPal hesab\u0131n\u0131z yok mu? Hi\u00e7 sorun de\u011fil. PayPal sayfas\u0131nda  \u2047 Banka veya Kredi Kart\u0131 ile \u00d6de se\u00e7ene\u011fini se\u00e7meniz yeterlidir. \u0130\u015flemi misafir olarak tamamlamak i\u00e7in kart bilgilerinizi (Visa, Mastercard, American Express vb.) g\u00fcvenli bir \u015fekilde girebilirsiniz. Finansal bilgileriniz PayPal'\u0131n g\u00fcvenli platformu taraf\u0131ndan korunmaktad\u0131r.<\/li>\n<\/ul>\n\n\n\n<h4 class=\"wp-block-heading\"><strong>Kategori: Kripto para birimleri<\/strong><\/h4>\n\n\n\n<p>Dijital \u00f6demelerin gelece\u011fini kucaklayan \u00e7e\u015fitli kripto para birimlerini kabul etmekten gurur duyuyoruz.<\/p>\n\n\n\n<ul class=\"wp-block-list\">\n<li><strong>Bitcoin (BTC) Nedir?<\/strong> Do\u011frudan Bitcoin kullanarak \u00f6deme yapabilirsiniz.<\/li>\n\n\n\n<li><strong>Altcoin'ler (altcoin'ler)<\/strong> Ayr\u0131ca di\u011fer pop\u00fcler alternatif kripto para birimlerini de kabul ediyoruz.<\/li>\n<\/ul>\n\n\n\n<p>Gerekli miktar, i\u015flem s\u0131ras\u0131ndaki mevcut d\u00f6viz kuruna g\u00f6re hesaplanacakt\u0131r. Devam etmek i\u00e7in \u00f6deme s\u0131ras\u0131nda kripto para birimi se\u00e7ene\u011fini se\u00e7meniz yeterlidir.<\/p>\n\n\n\n<hr class=\"wp-block-separator has-alpha-channel-opacity\"\/>\n\n\n\n<p>\u00d6deme y\u00f6ntemlerimiz hakk\u0131nda herhangi bir sorunuz varsa veya herhangi bir sorunla kar\u015f\u0131la\u015f\u0131rsan\u0131z, l\u00fctfen \u00e7ekinmeyin. <strong><a href=\"https:\/\/gsoftwarelab.com\/tr\/contact-us\/\">Destek ekibimizle ileti\u015fime ge\u00e7in<\/a><\/strong> Yard\u0131m i\u00e7in.<\/p>\n\n\n\n<div class=\"wp-block-group alignfull has-ti-bg-alt-background-color has-background is-layout-constrained wp-block-group-is-layout-constrained\" style=\"margin-top:0;margin-bottom:0;padding-top:64px;padding-bottom:64px\">\n<h3 class=\"wp-block-heading alignwide has-text-align-center has-large-font-size\">Kabul edilen \u00f6deme y\u00f6ntemleri<\/h3>\n\n\n\n<div class=\"wp-block-group is-content-justification-center is-nowrap is-layout-flex wp-container-core-group-is-layout-23441af8 wp-block-group-is-layout-flex\">\n<figure class=\"wp-block-image size-full\"><img decoding=\"async\" width=\"128\" height=\"36\" src=\"https:\/\/gsoftwarelab.com\/wp-content\/uploads\/2023\/07\/payment_method_paypal.webp\" alt=\"PayPal ile \u00f6deme yap\u0131n\" class=\"wp-image-6699\" title=\"\"><\/figure>\n\n\n\n<figure class=\"wp-block-image size-full\"><img decoding=\"async\" width=\"100\" height=\"78\" src=\"https:\/\/gsoftwarelab.com\/wp-content\/uploads\/2023\/07\/payment_method_cc.webp\" alt=\"CreditCard ile \u00d6deme\" class=\"wp-image-6700\" title=\"\"><\/figure>\n\n\n\n<figure class=\"wp-block-image size-full\"><img decoding=\"async\" width=\"100\" height=\"42\" src=\"https:\/\/gsoftwarelab.com\/wp-content\/uploads\/2023\/07\/payment_method_stripe.webp\" alt=\"Stripe ile \u00d6deme\" class=\"wp-image-6701\" title=\"\"><\/figure>\n\n\n\n<figure class=\"wp-block-image size-full\"><img decoding=\"async\" width=\"98\" height=\"98\" src=\"https:\/\/gsoftwarelab.com\/wp-content\/uploads\/2023\/07\/payment_method_bitcoin.webp\" alt=\"Bitcoin ile \u00f6deme yap\u0131n\" class=\"wp-image-6702\" title=\"\" srcset=\"https:\/\/gsoftwarelab.com\/wp-content\/uploads\/2023\/07\/payment_method_bitcoin.webp 98w, https:\/\/gsoftwarelab.com\/wp-content\/uploads\/2023\/07\/payment_method_bitcoin-96x96.webp 96w\" sizes=\"(max-width: 98px) 100vw, 98px\" \/><\/figure>\n\n\n\n<figure class=\"wp-block-image size-full\"><img decoding=\"async\" width=\"60\" height=\"100\" src=\"https:\/\/gsoftwarelab.com\/wp-content\/uploads\/2023\/07\/payment_method_eth.webp\" alt=\"Ethereum ve Altcoin ile \u00f6deme yap\u0131n\" class=\"wp-image-6703\" title=\"\"><\/figure>\n<\/div>\n<\/div>","protected":false},"excerpt":{"rendered":"<p>\u00d6deme deneyiminizi m\u00fcmk\u00fcn oldu\u011funca basit ve g\u00fcvenli hale getirmek istiyoruz. \u0130htiya\u00e7lar\u0131n\u0131za uygun bir dizi \u00f6deme se\u00e7ene\u011fi sunuyoruz. T\u00fcm i\u015flemler, verilerinizin her zaman korunmas\u0131n\u0131 sa\u011flamak i\u00e7in g\u00fcvenli \u015fifreleme kullan\u0131larak i\u015flenir. A\u015fa\u011f\u0131daki se\u00e7eneklerden sizin i\u00e7in en uygun y\u00f6ntemi se\u00e7in. PayPal &amp; Kredi \/ Banka Kartlar\u0131 Biz [...]<\/p>","protected":false},"author":1,"featured_media":0,"parent":0,"menu_order":0,"comment_status":"closed","ping_status":"closed","template":"","meta":{"rop_custom_images_group":[],"rop_custom_messages_group":[],"rop_publish_now":"initial","rop_publish_now_accounts":{"twitter_2998589429_2998589429":""},"rop_publish_now_history":[],"rop_publish_now_status":"pending","footnotes":""},"class_list":["post-2067","page","type-page","status-publish","hentry"],"blocksy_meta":[],"_links":{"self":[{"href":"https:\/\/gsoftwarelab.com\/tr\/wp-json\/wp\/v2\/pages\/2067","targetHints":{"allow":["GET"]}}],"collection":[{"href":"https:\/\/gsoftwarelab.com\/tr\/wp-json\/wp\/v2\/pages"}],"about":[{"href":"https:\/\/gsoftwarelab.com\/tr\/wp-json\/wp\/v2\/types\/page"}],"author":[{"embeddable":true,"href":"https:\/\/gsoftwarelab.com\/tr\/wp-json\/wp\/v2\/users\/1"}],"replies":[{"embeddable":true,"href":"https:\/\/gsoftwarelab.com\/tr\/wp-json\/wp\/v2\/comments?post=2067"}],"version-history":[{"count":2,"href":"https:\/\/gsoftwarelab.com\/tr\/wp-json\/wp\/v2\/pages\/2067\/revisions"}],"predecessor-version":[{"id":8364,"href":"https:\/\/gsoftwarelab.com\/tr\/wp-json\/wp\/v2\/pages\/2067\/revisions\/8364"}],"wp:attachment":[{"href":"https:\/\/gsoftwarelab.com\/tr\/wp-json\/wp\/v2\/media?parent=2067"}],"curies":[{"name":"wp","href":"https:\/\/api.w.org\/{rel}","templated":true}]}}