{"id":8312,"date":"2025-09-27T08:34:07","date_gmt":"2025-09-27T06:34:07","guid":{"rendered":"https:\/\/gsoftwarelab.com\/?post_type=product&#038;p=8312"},"modified":"2026-04-05T02:56:39","modified_gmt":"2026-04-05T00:56:39","slug":"free-trial-traffic-buddy","status":"publish","type":"product","link":"https:\/\/gsoftwarelab.com\/pt\/produto\/free-trial-traffic-buddy\/","title":{"rendered":"Traffic Buddy \u2013 Avalia\u00e7\u00e3o gratuita"},"content":{"rendered":"<h2>Traffic Buddy Ensaio de 7 dias \u2013 Bot de Tr\u00e1fego Livre<\/h2>\n<p>Curioso acerca de como Traffic Buddy pode ajud\u00e1-lo a melhorar a classifica\u00e7\u00e3o do seu s\u00edtio Web? Baixe a nossa avalia\u00e7\u00e3o gratuita de 7 dias e veja a funcionalidade principal por si mesmo. Esta vers\u00e3o de caracter\u00edsticas limitadas permite-lhe gerar tr\u00e1fego b\u00e1sico, explorar a interface de f\u00e1cil utiliza\u00e7\u00e3o e compreender como a nossa ferramenta pode criar tr\u00e1fego de navegador real para o seu website. Sem compromisso, sem risco. Comece a sua avalia\u00e7\u00e3o gratuita hoje mesmo!<\/p>\n<h3><a href=\"https:\/\/gsoftwarelab.com\/pt\/produto\/traffic-buddy\/\">Comprar Vers\u00e3o Completa de Traffic Buddy<\/a><\/h3>\n<p><img decoding=\"async\" src=\"https:\/\/api.apidog.com\/api\/v1\/projects\/1067667\/resources\/362604\/image-preview\" alt=\"image.png\" title=\"\"><\/p>\n<p><strong>Principais caracter\u00edsticas:<br \/>\n<\/strong><\/p>\n<ul>\n<li>Gerar tr\u00e1fego real do browser<\/li>\n<li>Constru\u00eddo em privado, residencial, rotativo e p\u00fablico proxy Suporte (Http, Https, Meias4, Meias5)<\/li>\n<li>Constru\u00eddo em raspador proxy p\u00fablico (Http, Https, Meias4, Meias5)<\/li>\n<li>Constru\u00eddo no verificador proxy multi-threaded<\/li>\n<li>Constru\u00eddo em proxy country filter (utilizando uma base de dados Geo-IP)<\/li>\n<li>Alterar a refer\u00eancia\/origem do tr\u00e1fego (suporta Google, Bing, DuckDuckGo com palavras-chave e URLs personalizados)<\/li>\n<li>Navegue pelas p\u00e1ginas internas do s\u00edtio Web<\/li>\n<li>Simular o comportamento do utilizador (scrolling e clicking)<\/li>\n<li>Simular cliques do utilizador (clicar em bot\u00f5es personalizados, imagens, etc.)<\/li>\n<li>Constru\u00eddo em emula\u00e7\u00e3o de dispositivo (mais de 100 dispositivos aut\u00eanticos, emula automaticamente o agente de utilizador, ecr\u00e3, cpu, ram e muito mais)<\/li>\n<li>Atualiza\u00e7\u00f5es gratuitas ao longo da vida<\/li>\n<li>NOVO: Constru\u00eddo no TOR Proxy Support<\/li>\n<li>NOVO: Google Search Bot (Gerar tr\u00e1fego SEO)<\/li>\n<li><a href=\"https:\/\/gsoftwarelab.com\/pt\/organic-website-traffic-bot\/\">Saiba mais<\/a> Sobre todas as funcionalidades dos bots de tr\u00e1fego.<\/li>\n<\/ul>\n<p><strong>Limita\u00e7\u00f5es da vers\u00e3o de avalia\u00e7\u00e3o:<\/strong><\/p>\n<ul>\n<li>V\u00e1lido durante 7 dias<\/li>\n<li>Cria\u00e7\u00e3o de uma campanha<\/li>\n<li>Gera\u00e7\u00e3o de at\u00e9 1000 visualiza\u00e7\u00f5es<\/li>\n<li>1 navegador concorrente (thread)<\/li>\n<\/ul>","protected":false},"excerpt":{"rendered":"<p>Curioso acerca de como Traffic Buddy pode ajud\u00e1-lo a melhorar a classifica\u00e7\u00e3o do seu s\u00edtio Web? Baixe a nossa avalia\u00e7\u00e3o gratuita de 7 dias e veja a funcionalidade principal por si mesmo. Esta vers\u00e3o de caracter\u00edsticas limitadas permite-lhe gerar tr\u00e1fego b\u00e1sico, explorar a interface de f\u00e1cil utiliza\u00e7\u00e3o e compreender como a nossa ferramenta pode criar tr\u00e1fego de navegador real para o seu website. Sem compromisso, sem risco. Comece a sua avalia\u00e7\u00e3o gratuita hoje mesmo!<\/p>","protected":false},"featured_media":8315,"comment_status":"open","ping_status":"closed","template":"","meta":{"rop_custom_images_group":[],"rop_custom_messages_group":[],"rop_publish_now":"initial","rop_publish_now_accounts":{"twitter_2998589429_2998589429":""},"rop_publish_now_history":[],"rop_publish_now_status":"pending"},"product_brand":[2068,2071],"product_cat":[2400,87,104],"product_tag":[140,2376,696,2377,2375],"class_list":{"0":"post-8312","1":"product","2":"type-product","3":"status-publish","4":"has-post-thumbnail","6":"product_brand-gsoftwarelab","7":"product_brand-traffic-buddy","8":"product_cat-free-software","9":"product_cat-software","10":"product_cat-traffic-buddy","11":"product_tag-free","12":"product_tag-free-download","13":"product_tag-traffic-bot","14":"product_tag-traffic-buddy-trial","15":"product_tag-trial","17":"first","18":"instock","19":"downloadable","20":"virtual","21":"sold-individually","22":"purchasable","23":"product-type-simple"},"wcol_rules":[{"obj_ids":["8312","8292","8298"],"applied_on":"quantity","cus_applied_on":"amount","message":"","accomulative":"","id":8330,"rule_type":"products","product_type":"simple","min_rule_limit":"0","enable_max_rule_limit":"on","max_rule_limit":"1","enable_time_limit":"on","rule_time_span":"yearly","yearly_start_day":"1","yearly_start_month":"01","weekly_start_day":"monday","monthly_start_date":"","enable_for_users":"on","user_type":"guest-users","disable_limit":"","parent_rule":"","across_all_orders":"2","exclude_shipping_price":"","enable_for_payment":"","enable_custom_notice":"","rule_start_time":"","rule_end_time":""}],"_links":{"self":[{"href":"https:\/\/gsoftwarelab.com\/pt\/wp-json\/wp\/v2\/product\/8312","targetHints":{"allow":["GET"]}}],"collection":[{"href":"https:\/\/gsoftwarelab.com\/pt\/wp-json\/wp\/v2\/product"}],"about":[{"href":"https:\/\/gsoftwarelab.com\/pt\/wp-json\/wp\/v2\/types\/product"}],"replies":[{"embeddable":true,"href":"https:\/\/gsoftwarelab.com\/pt\/wp-json\/wp\/v2\/comments?post=8312"}],"wp:featuredmedia":[{"embeddable":true,"href":"https:\/\/gsoftwarelab.com\/pt\/wp-json\/wp\/v2\/media\/8315"}],"wp:attachment":[{"href":"https:\/\/gsoftwarelab.com\/pt\/wp-json\/wp\/v2\/media?parent=8312"}],"wp:term":[{"taxonomy":"product_brand","embeddable":true,"href":"https:\/\/gsoftwarelab.com\/pt\/wp-json\/wp\/v2\/product_brand?post=8312"},{"taxonomy":"product_cat","embeddable":true,"href":"https:\/\/gsoftwarelab.com\/pt\/wp-json\/wp\/v2\/product_cat?post=8312"},{"taxonomy":"product_tag","embeddable":true,"href":"https:\/\/gsoftwarelab.com\/pt\/wp-json\/wp\/v2\/product_tag?post=8312"}],"curies":[{"name":"wp","href":"https:\/\/api.w.org\/{rel}","templated":true}]}}