{"id":8173,"date":"2025-09-12T16:31:09","date_gmt":"2025-09-12T14:31:09","guid":{"rendered":"https:\/\/gsoftwarelab.com\/?post_type=product&#038;p=8173"},"modified":"2026-01-14T05:49:24","modified_gmt":"2026-01-14T03:49:24","slug":"addon-geosync-pro-unlock-authenticity-and-automation","status":"publish","type":"product","link":"https:\/\/gsoftwarelab.com\/pt\/produto\/addon-geosync-pro-unlock-authenticity-and-automation\/","title":{"rendered":"Addon: GeoSync Pro"},"content":{"rendered":"<p><strong>GeoSync Pro: Desbloquear Autenticidade e Automa\u00e7\u00e3o com Esfor\u00e7o Zero<\/strong><\/p>\n<p>Atualizar para <b>GeoSync Pro <\/b>(Addon para <a href=\"https:\/\/gsoftwarelab.com\/pt\/organic-website-traffic-bot\/\">Traffic Buddy<\/a>). Sincronize instantaneamente o fuso hor\u00e1rio, a l\u00edngua e a geolocaliza\u00e7\u00e3o do seu navegador (lat\/long) com o seu proxy IP. Esta automa\u00e7\u00e3o de um clique cria uma impress\u00e3o digital perfeita para ignorar a detec\u00e7\u00e3o e \u00e9 essencial para dominar a rota\u00e7\u00e3o proxies.<\/p>\n<ul>\n<li><b>Sincroniza\u00e7\u00e3o instant\u00e2nea do perfil:<\/b> Corresponde automaticamente ao fuso hor\u00e1rio, ao idioma e \u00e0s coordenadas lat\/longas precisas do seu navegador proxy IP em tempo real.<\/li>\n<li><b>Detec\u00e7\u00e3o de Bypass:<\/b> Cria uma impress\u00e3o digital perfeitamente consistente para eliminar bandeiras vermelhas e aparecer 100% aut\u00eantico.<\/li>\n<li><b>Proxies girat\u00f3rios principais:<\/b> Garante que todas as liga\u00e7\u00f5es a partir de um novo IP s\u00e3o instantaneamente e perfeitamente correspondidas.<\/li>\n<li><b>Assinatura mensal:<\/b> A sua licen\u00e7a ser\u00e1 renovada todos os meses. Ap\u00f3s a compra, a nossa equipa ir\u00e1 fornecer a sua conta e enviar-lhe um e-mail assim que a ativa\u00e7\u00e3o estiver conclu\u00edda.<\/li>\n<\/ul>\n<p>Depois da sua encomenda, o nosso <a href=\"https:\/\/gsoftwarelab.com\/pt\/contact-us\/\">equipa de apoio<\/a> ir\u00e1 lidar com a ativa\u00e7\u00e3o manual e notific\u00e1-lo por e-mail assim que a configura\u00e7\u00e3o estiver conclu\u00edda dentro de 48 horas.<\/p>\n<p><strong>Termos de Assinatura:<\/strong><\/p>\n<ul>\n<li>Renova\u00e7\u00e3o autom\u00e1tica todos os meses at\u00e9 ao cancelamento<\/li>\n<li>Suporte e Atualiza\u00e7\u00f5es durante o Per\u00edodo de Assinatura<\/li>\n<\/ul>","protected":false},"excerpt":{"rendered":"<p>Atualizar para o GeoSync Pro (Addon para Traffic Buddy) e corresponder automaticamente o fuso hor\u00e1rio, a l\u00edngua e a geolocaliza\u00e7\u00e3o do seu navegador ao seu proxyo endere\u00e7o IP do . Eliminar a configura\u00e7\u00e3o manual e criar perfis perfeitamente consistentes com um \u00fanico clique. Ideal para girar proxies.<\/p>","protected":false},"featured_media":8174,"comment_status":"open","ping_status":"closed","template":"","meta":{"rop_custom_images_group":[],"rop_custom_messages_group":[],"rop_publish_now":"initial","rop_publish_now_accounts":{"twitter_2998589429_2998589429":""},"rop_publish_now_history":[],"rop_publish_now_status":"pending"},"product_brand":[2068,2071],"product_cat":[87,158,104],"product_tag":[],"class_list":{"0":"post-8173","1":"product","2":"type-product","3":"status-publish","4":"has-post-thumbnail","6":"product_brand-gsoftwarelab","7":"product_brand-traffic-buddy","8":"product_cat-software","9":"product_cat-services","10":"product_cat-traffic-buddy","12":"first","13":"outofstock","14":"virtual","15":"purchasable","16":"product-type-simple"},"wcol_rules":[],"_links":{"self":[{"href":"https:\/\/gsoftwarelab.com\/pt\/wp-json\/wp\/v2\/product\/8173","targetHints":{"allow":["GET"]}}],"collection":[{"href":"https:\/\/gsoftwarelab.com\/pt\/wp-json\/wp\/v2\/product"}],"about":[{"href":"https:\/\/gsoftwarelab.com\/pt\/wp-json\/wp\/v2\/types\/product"}],"replies":[{"embeddable":true,"href":"https:\/\/gsoftwarelab.com\/pt\/wp-json\/wp\/v2\/comments?post=8173"}],"wp:featuredmedia":[{"embeddable":true,"href":"https:\/\/gsoftwarelab.com\/pt\/wp-json\/wp\/v2\/media\/8174"}],"wp:attachment":[{"href":"https:\/\/gsoftwarelab.com\/pt\/wp-json\/wp\/v2\/media?parent=8173"}],"wp:term":[{"taxonomy":"product_brand","embeddable":true,"href":"https:\/\/gsoftwarelab.com\/pt\/wp-json\/wp\/v2\/product_brand?post=8173"},{"taxonomy":"product_cat","embeddable":true,"href":"https:\/\/gsoftwarelab.com\/pt\/wp-json\/wp\/v2\/product_cat?post=8173"},{"taxonomy":"product_tag","embeddable":true,"href":"https:\/\/gsoftwarelab.com\/pt\/wp-json\/wp\/v2\/product_tag?post=8173"}],"curies":[{"name":"wp","href":"https:\/\/api.w.org\/{rel}","templated":true}]}}