{"id":7934,"date":"2025-07-23T11:07:34","date_gmt":"2025-07-23T09:07:34","guid":{"rendered":"https:\/\/gsoftwarelab.com\/?post_type=product&#038;p=7934"},"modified":"2026-04-10T23:24:56","modified_gmt":"2026-04-10T21:24:56","slug":"custom-software-development-1-hour","status":"publish","type":"product","link":"https:\/\/gsoftwarelab.com\/pt\/produto\/custom-software-development-1-hour\/","title":{"rendered":"Desenvolvimento de Software Personalizado"},"content":{"rendered":"<p data-start=\"110\" data-end=\"488\">Desbloquear solu\u00e7\u00f5es personalizadas com a nossa <strong>Desenvolvimento de Software Personalizado<\/strong> servi\u00e7os \u2014 concebidos para dar vida \u00e0s suas ideias \u00fanicas. Quer pretenda melhorar os nossos produtos existentes \u2014 Traffic Buddy, Proxy Buddy ou Index Buddy \u2013 com poder <strong>extens\u00f5es personalizadas<\/strong>, ou construa algo inteiramente novo a partir do zero, n\u00f3s protegemo-lo.<\/p>\n<p data-start=\"490\" data-end=\"810\">Os nossos programadores experientes trabalham em estreita colabora\u00e7\u00e3o consigo para compreender os seus objetivos, fluxos de trabalho e requisitos espec\u00edficos, assegurando que a sua solu\u00e7\u00e3o personalizada se encaixa perfeitamente nas suas opera\u00e7\u00f5es. Desde a automa\u00e7\u00e3o do navegador e as ferramentas de SEO at\u00e9 o manuseio de dados e os utilit\u00e1rios de rede, fornecemos um c\u00f3digo limpo, eficiente e confi\u00e1vel que funciona.<\/p>\n<ul data-start=\"812\" data-end=\"1101\">\n<li data-start=\"812\" data-end=\"880\">\n<p data-start=\"814\" data-end=\"880\">\u2705 Extens\u00f5es personalizadas para Traffic Buddy (nosso <a href=\"https:\/\/gsoftwarelab.com\/pt\/organic-website-traffic-bot\/\">ferramenta de automatiza\u00e7\u00e3o do tr\u00e1fego<\/a>), Proxy Buddy &amp; Index Buddy<\/p>\n<\/li>\n<li data-start=\"881\" data-end=\"948\">\n<p data-start=\"883\" data-end=\"948\">\u2705 Programas aut\u00f3nomos totalmente personalizados com base nas suas especifica\u00e7\u00f5es<\/p>\n<\/li>\n<li data-start=\"949\" data-end=\"993\">\n<p data-start=\"951\" data-end=\"993\">\u2705 Solu\u00e7\u00f5es escal\u00e1veis e orientadas para o desempenho<\/p>\n<\/li>\n<li data-start=\"994\" data-end=\"1060\">\n<p data-start=\"996\" data-end=\"1060\">\u2705 Consulta profissional durante todo o processo de desenvolvimento<\/p>\n<\/li>\n<li data-start=\"1061\" data-end=\"1101\">\n<p data-start=\"1063\" data-end=\"1101\">\u2705 Pre\u00e7o transparente, facturado \u00e0 hora<\/p>\n<\/li>\n<\/ul>\n<p data-start=\"1103\" data-end=\"1197\"><strong data-start=\"1103\" data-end=\"1114\">Pre\u00e7os<\/strong>: O desenvolvimento \u00e9 facturado numa base por hora com total transpar\u00eancia sobre as horas necess\u00e1rias aproximadas.<\/p>\n<p data-start=\"1199\" data-end=\"1262\">Vamos construir as ferramentas que funcionam exatamente como <em data-start=\"1243\" data-end=\"1248\">voc\u00ea<\/em> Quero que o fa\u00e7am.<\/p>\n<p data-start=\"1199\" data-end=\"1262\">Por favor <a href=\"https:\/\/gsoftwarelab.com\/pt\/contact-us\/\">contacte-nos<\/a> coordenar as suas ideias.<\/p>","protected":false},"excerpt":{"rendered":"<p>Desenvolvimento de ferramentas ou extens\u00f5es de software personalizadas para os nossos programas existentes, facturadas por hora.<\/p>","protected":false},"featured_media":7935,"comment_status":"open","ping_status":"closed","template":"","meta":{"rop_custom_images_group":[],"rop_custom_messages_group":[],"rop_publish_now":"initial","rop_publish_now_accounts":{"twitter_2998589429_2998589429":""},"rop_publish_now_history":[],"rop_publish_now_status":"pending"},"product_brand":[],"product_cat":[158],"product_tag":[],"class_list":{"0":"post-7934","1":"product","2":"type-product","3":"status-publish","4":"has-post-thumbnail","6":"product_cat-services","8":"first","9":"instock","10":"virtual","11":"purchasable","12":"product-type-simple"},"wcol_rules":[],"_links":{"self":[{"href":"https:\/\/gsoftwarelab.com\/pt\/wp-json\/wp\/v2\/product\/7934","targetHints":{"allow":["GET"]}}],"collection":[{"href":"https:\/\/gsoftwarelab.com\/pt\/wp-json\/wp\/v2\/product"}],"about":[{"href":"https:\/\/gsoftwarelab.com\/pt\/wp-json\/wp\/v2\/types\/product"}],"replies":[{"embeddable":true,"href":"https:\/\/gsoftwarelab.com\/pt\/wp-json\/wp\/v2\/comments?post=7934"}],"wp:featuredmedia":[{"embeddable":true,"href":"https:\/\/gsoftwarelab.com\/pt\/wp-json\/wp\/v2\/media\/7935"}],"wp:attachment":[{"href":"https:\/\/gsoftwarelab.com\/pt\/wp-json\/wp\/v2\/media?parent=7934"}],"wp:term":[{"taxonomy":"product_brand","embeddable":true,"href":"https:\/\/gsoftwarelab.com\/pt\/wp-json\/wp\/v2\/product_brand?post=7934"},{"taxonomy":"product_cat","embeddable":true,"href":"https:\/\/gsoftwarelab.com\/pt\/wp-json\/wp\/v2\/product_cat?post=7934"},{"taxonomy":"product_tag","embeddable":true,"href":"https:\/\/gsoftwarelab.com\/pt\/wp-json\/wp\/v2\/product_tag?post=7934"}],"curies":[{"name":"wp","href":"https:\/\/api.w.org\/{rel}","templated":true}]}}