{"id":7899,"date":"2025-07-21T09:02:57","date_gmt":"2025-07-21T07:02:57","guid":{"rendered":"https:\/\/gsoftwarelab.com\/?post_type=product&#038;p=7899"},"modified":"2026-04-11T11:42:01","modified_gmt":"2026-04-11T09:42:01","slug":"private-proxies-1-month","status":"publish","type":"product","link":"https:\/\/gsoftwarelab.com\/pt\/produto\/private-proxies-1-month\/","title":{"rendered":"Proxies privados \u2013 1 m\u00eas"},"content":{"rendered":"<p>Apresentamos-lhe a nossa mais recente oferta: <strong>Proxies privados <\/strong>\u00a0\u2013 Plano de subscri\u00e7\u00e3o de 1 m\u00eas com <strong>250GB de tr\u00e1fego inclu\u00eddo <\/strong>e facultativo <strong>substitui\u00e7\u00e3o peri\u00f3dica de endere\u00e7os IP<\/strong>. Este servi\u00e7o premium garante uma navega\u00e7\u00e3o segura e eficaz com um proxy agrupar a partir de locais GEO selecion\u00e1veis em todo o mundo. Mant\u00e9m a tua privacidade e experimenta a conectividade perfeita com o nosso exclusivo proxy solu\u00e7\u00e3o \u00e0 medida das suas necessidades.<\/p>\n<ul>\n<li>1000 \u2013 10000 espinha dorsal proxy liga\u00e7\u00f5es (IP:PORT:USER:PASS)<\/li>\n<li>1x Liga\u00e7\u00e3o de ponto final rotativo (novo proxy em todas as liga\u00e7\u00f5es)<\/li>\n<li>Tr\u00e1fego de 250GB (prorrog\u00e1vel)<\/li>\n<li>Possibilidade de locais GEO em todo o mundo<\/li>\n<li>100 linhas proxy<\/li>\n<li>Suporte para liga\u00e7\u00f5es HTTP\/HTTPS<\/li>\n<li>Suporte para liga\u00e7\u00f5es SOCKS5<\/li>\n<\/ul>\n<p>Este pedido ser\u00e1 processado manualmente e pode demorar at\u00e9 48 horas para o seu cumprimento. Entraremos em contacto consigo posteriormente, a fim de coordenar os locais GEO desejados consigo.<br \/>\nAtualmente, n\u00e3o podemos oferecer reembolsos por este servi\u00e7o depois de a encomenda ter sido processada.<\/p>","protected":false},"excerpt":{"rendered":"<p><strong>Proxies privados <\/strong>\u00a0\u2013 Plano de subscri\u00e7\u00e3o de 1 m\u00eas com <strong>250GB de tr\u00e1fego inclu\u00eddo <\/strong>e facultativo<strong> Substitui\u00e7\u00e3o do IP.<\/strong><\/p>","protected":false},"featured_media":7931,"comment_status":"open","ping_status":"closed","template":"","meta":{"rop_custom_images_group":[],"rop_custom_messages_group":[],"rop_publish_now":"initial","rop_publish_now_accounts":{"twitter_2998589429_2998589429":""},"rop_publish_now_history":[],"rop_publish_now_status":"pending"},"product_brand":[],"product_cat":[158],"product_tag":[],"class_list":{"0":"post-7899","1":"product","2":"type-product","3":"status-publish","4":"has-post-thumbnail","6":"product_cat-services","8":"first","9":"instock","10":"shipping-taxable","11":"purchasable","12":"product-type-variable"},"wcol_rules":[],"_links":{"self":[{"href":"https:\/\/gsoftwarelab.com\/pt\/wp-json\/wp\/v2\/product\/7899","targetHints":{"allow":["GET"]}}],"collection":[{"href":"https:\/\/gsoftwarelab.com\/pt\/wp-json\/wp\/v2\/product"}],"about":[{"href":"https:\/\/gsoftwarelab.com\/pt\/wp-json\/wp\/v2\/types\/product"}],"replies":[{"embeddable":true,"href":"https:\/\/gsoftwarelab.com\/pt\/wp-json\/wp\/v2\/comments?post=7899"}],"wp:featuredmedia":[{"embeddable":true,"href":"https:\/\/gsoftwarelab.com\/pt\/wp-json\/wp\/v2\/media\/7931"}],"wp:attachment":[{"href":"https:\/\/gsoftwarelab.com\/pt\/wp-json\/wp\/v2\/media?parent=7899"}],"wp:term":[{"taxonomy":"product_brand","embeddable":true,"href":"https:\/\/gsoftwarelab.com\/pt\/wp-json\/wp\/v2\/product_brand?post=7899"},{"taxonomy":"product_cat","embeddable":true,"href":"https:\/\/gsoftwarelab.com\/pt\/wp-json\/wp\/v2\/product_cat?post=7899"},{"taxonomy":"product_tag","embeddable":true,"href":"https:\/\/gsoftwarelab.com\/pt\/wp-json\/wp\/v2\/product_tag?post=7899"}],"curies":[{"name":"wp","href":"https:\/\/api.w.org\/{rel}","templated":true}]}}