{"id":5915,"date":"2023-02-04T16:45:33","date_gmt":"2023-02-04T14:45:33","guid":{"rendered":"https:\/\/gsoftwarelab.com\/?post_type=product&#038;p=5915"},"modified":"2025-11-10T06:30:58","modified_gmt":"2025-11-10T04:30:58","slug":"index-buddy-v2","status":"publish","type":"product","link":"https:\/\/gsoftwarelab.com\/pt\/produto\/index-buddy-v2\/","title":{"rendered":"Index Buddy"},"content":{"rendered":"<h2 class=\"elementor-image-box-title\">Index Buddy V2 \u2013 Indexador de liga\u00e7\u00f5es SEO em massa<\/h2>\n<div class=\"flex flex-grow flex-col gap-3\">\n<div class=\"min-h-[20px] flex flex-col items-start gap-4 whitespace-pre-wrap\">\n<div class=\"markdown prose w-full break-words dark:prose-invert light\">\n<p>Index Buddy O V2 \u00e9 a vers\u00e3o mais recente e melhorada do Index Buddy. Oferece capacidades de indexa\u00e7\u00e3o avan\u00e7adas e melhoradas para ajudar a aumentar a visibilidade e a classifica\u00e7\u00e3o do seu website ou URLs nos principais motores de pesquisa, como o Google, o Bing e o Baidu. O software foi concebido para ser de f\u00e1cil utiliza\u00e7\u00e3o e poderoso, tornando-o f\u00e1cil de indexar URLs individuais, sites inteiros ou listas em massa de URLs em apenas alguns cliques.<\/p>\n<p>Com uma assinatura mensal para Index Buddy V2, pode desfrutar de uma indexa\u00e7\u00e3o cont\u00ednua e ininterrupta num computador. Todas as atualiza\u00e7\u00f5es futuras, novas funcionalidades e corre\u00e7\u00f5es de erros est\u00e3o inclu\u00eddas durante 1 m\u00eas, garantindo que tem sempre acesso \u00e0 vers\u00e3o mais atualizada do software.<\/p>\n<p><img decoding=\"async\" class=\"aligncenter wp-image-6384 size-full\" src=\"https:\/\/gsoftwarelab.com\/wp-content\/uploads\/2023\/02\/Indexing.gif\" alt=\"Index Buddy - Processo de Indexa\u00e7\u00e3o de Liga\u00e7\u00f5es e Backlinks\" width=\"1000\" height=\"650\" title=\"\"><\/p>\n<\/div>\n<\/div>\n<\/div>\n<p>&nbsp;<\/p>\n<p><strong>Requisitos m\u00ednimos do sistema:<\/strong><\/p>\n<ul>\n<li>SO: Windows 10 (vers\u00e3o 22H2 ou posterior) Windows 11 (todas as vers\u00f5es), Windows Server 2019 e posterior<\/li>\n<li>8 GB de RAM<\/li>\n<li>Armazenamento de 10 GB<\/li>\n<li>4 N\u00facleos<\/li>\n<li>Liga\u00e7\u00e3o est\u00e1vel \u00e0 Internet<\/li>\n<\/ul>\n<p><strong>A ordem inclui:<\/strong><\/p>\n<ul>\n<li>Assinatura de Software de 1 M\u00eas (<span class=\"HwtZe\" lang=\"en\"><span class=\"jCAhz ChMk0b\"><span class=\"ryNqvb\">1PC)<\/span><\/span><\/span><\/li>\n<li>1 M\u00eas de Apoio Integral<\/li>\n<\/ul>\n<p><strong>Termos de Assinatura:<\/strong><\/p>\n<ul>\n<li>Renova\u00e7\u00e3o autom\u00e1tica todos os meses at\u00e9 ao cancelamento<\/li>\n<li>Suporte e Atualiza\u00e7\u00f5es durante o Per\u00edodo de Assinatura<\/li>\n<\/ul>\n<p><strong><a href=\"https:\/\/gsoftwarelab.com\/pt\/index-buddy-backlink-indexer\/\">Saiba mais sobre Index Buddy (Software de indexa\u00e7\u00e3o de liga\u00e7\u00f5es)<\/a><\/strong><br \/>\n<strong><a href=\"https:\/\/docs.gsoftwarelab.com\/\">Leia a documenta\u00e7\u00e3o<\/a><\/strong><\/p>\n<p><strong><a href=\"https:\/\/gsoftwarelab.com\/pt\/organic-traffic-view-bot\/\">Saiba mais sobre Traffic Buddy<\/a><a href=\"https:\/\/gsoftwarelab.com\/pt\/organic-traffic-view-bot\/\"> (Bot\u00e3o de Tr\u00e1fego)<\/a><br \/>\n<a href=\"https:\/\/gsoftwarelab.com\/pt\/proxy-buddy-scraper-tester\/\">Saiba mais sobre Proxy Buddy <\/a><a href=\"https:\/\/gsoftwarelab.com\/pt\/proxy-buddy-scraper-tester\/\">(Proxy Scraper)<\/a><\/strong><\/p>","protected":false},"excerpt":{"rendered":"<p>Index Buddy V2, a ferramenta perfeita para indexar imensas listas de backlinks em motores de busca.<\/p>","protected":false},"featured_media":7727,"comment_status":"open","ping_status":"closed","template":"","meta":{"rop_custom_images_group":[],"rop_custom_messages_group":[],"rop_publish_now":"initial","rop_publish_now_accounts":{"twitter_2998589429_2998589429":""},"rop_publish_now_history":[],"rop_publish_now_status":"pending"},"product_brand":[2068,2070],"product_cat":[89,87],"product_tag":[190,2383,191,2384,192,193],"class_list":{"0":"post-5915","1":"product","2":"type-product","3":"status-publish","4":"has-post-thumbnail","6":"product_brand-gsoftwarelab","7":"product_brand-index-buddy","8":"product_cat-index-buddy","9":"product_cat-software","10":"product_tag-backlink-indexer","11":"product_tag-backlink-indexer-subscription","12":"product_tag-indexing-software","13":"product_tag-indexing-software-subscription","14":"product_tag-indexing-tool","15":"product_tag-url-indexer","17":"first","18":"instock","19":"featured","20":"downloadable","21":"virtual","22":"purchasable","23":"product-type-simple"},"wcol_rules":[],"_links":{"self":[{"href":"https:\/\/gsoftwarelab.com\/pt\/wp-json\/wp\/v2\/product\/5915","targetHints":{"allow":["GET"]}}],"collection":[{"href":"https:\/\/gsoftwarelab.com\/pt\/wp-json\/wp\/v2\/product"}],"about":[{"href":"https:\/\/gsoftwarelab.com\/pt\/wp-json\/wp\/v2\/types\/product"}],"replies":[{"embeddable":true,"href":"https:\/\/gsoftwarelab.com\/pt\/wp-json\/wp\/v2\/comments?post=5915"}],"wp:featuredmedia":[{"embeddable":true,"href":"https:\/\/gsoftwarelab.com\/pt\/wp-json\/wp\/v2\/media\/7727"}],"wp:attachment":[{"href":"https:\/\/gsoftwarelab.com\/pt\/wp-json\/wp\/v2\/media?parent=5915"}],"wp:term":[{"taxonomy":"product_brand","embeddable":true,"href":"https:\/\/gsoftwarelab.com\/pt\/wp-json\/wp\/v2\/product_brand?post=5915"},{"taxonomy":"product_cat","embeddable":true,"href":"https:\/\/gsoftwarelab.com\/pt\/wp-json\/wp\/v2\/product_cat?post=5915"},{"taxonomy":"product_tag","embeddable":true,"href":"https:\/\/gsoftwarelab.com\/pt\/wp-json\/wp\/v2\/product_tag?post=5915"}],"curies":[{"name":"wp","href":"https:\/\/api.w.org\/{rel}","templated":true}]}}