{"id":3541,"date":"2021-11-17T18:40:19","date_gmt":"2021-11-17T16:40:19","guid":{"rendered":"https:\/\/gsoftwarelab.com\/?post_type=product&#038;p=3541"},"modified":"2025-11-27T09:41:16","modified_gmt":"2025-11-27T07:41:16","slug":"seo-agency-bundle","status":"publish","type":"product","link":"https:\/\/gsoftwarelab.com\/pt\/produto\/seo-agency-bundle\/","title":{"rendered":"Conjunto de Ag\u00eancias SEO"},"content":{"rendered":"<div class=\"flex flex-grow flex-col gap-3\">\n<div class=\"min-h-[20px] flex flex-col items-start gap-4 whitespace-pre-wrap break-words\">\n<div class=\"markdown prose w-full break-words dark:prose-invert light\">\n<p><strong>Desbloquear um adicional de 25% Desconto no nosso conjunto de produtos Premier:<\/strong> <strong>A Solu\u00e7\u00e3o Final para Ag\u00eancias, Freelancers e Profissionais de SEO.<\/strong><\/p>\n<p>Aproveite esta oportunidade exclusiva para elevar o seu neg\u00f3cio com uma solu\u00e7\u00e3o abrangente e econ\u00f3mica adaptada a ag\u00eancias, freelancers e especialistas em SEO. O nosso pacote de produtos de topo inclui o nosso software de topo, ferramentas de ponta, recursos inestim\u00e1veis e apoio dedicado, assegurando-lhe que tem tudo ao seu alcance para melhorar o seu website e aumentar a sua presen\u00e7a online.<\/p>\n<p>Experimente os benef\u00edcios dos nossos melhores produtos e servi\u00e7os, ao mesmo tempo que poupa tempo e dinheiro. Esta oferta de tempo limitado n\u00e3o durar\u00e1 muito tempo, por isso aja agora para garantir os seus 25 anos.% Desconto e investimento no derradeiro conjunto de ferramentas para o sucesso digital.<\/p>\n<p><strong>A sua compra inclui:<\/strong><\/p>\n<ul>\n<li><a href=\"https:\/\/gsoftwarelab.com\/pt\/proxy-scraper-and-proxy-tester-software\/\"><strong>Proxy Buddy<\/strong><\/a> Licen\u00e7a mensal para um PC<\/li>\n<li><a href=\"https:\/\/gsoftwarelab.com\/pt\/organic-traffic-view-bot\/\"><strong>Traffic Buddy<\/strong><\/a> Licen\u00e7a mensal para um PC<\/li>\n<li><a href=\"https:\/\/gsoftwarelab.com\/pt\/index-buddy-backlink-indexer\/\"><strong>Index Buddy v2<\/strong><\/a> Licen\u00e7a mensal para um PC<\/li>\n<li>Abrangente <strong>Apoio<\/strong><\/li>\n<li>Contribui\u00e7\u00e3o para o plantio\u00a0 <strong>5 \u00e1rvores<\/strong><\/li>\n<\/ul>\n<p><strong>Termos de Assinatura:<\/strong><\/p>\n<ul>\n<li>Renova\u00e7\u00e3o autom\u00e1tica todos os meses at\u00e9 ao cancelamento<\/li>\n<li>Suporte e Atualiza\u00e7\u00f5es durante o Per\u00edodo de Assinatura<\/li>\n<\/ul>\n<\/div>\n<\/div>\n<\/div>","protected":false},"excerpt":{"rendered":"<p class=\"root-block-node\" data-changed=\"false\" data-paragraphid=\"3\">Os nossos produtos mais populares num pacote com um adicional de 25% desconto. Perfeito para ag\u00eancias, freelancers e especialistas em SEO.<\/p>","protected":false},"featured_media":7662,"comment_status":"open","ping_status":"closed","template":"","meta":{"rop_custom_images_group":[],"rop_custom_messages_group":[],"rop_publish_now":"initial","rop_publish_now_accounts":{"twitter_2998589429_2998589429":""},"rop_publish_now_history":[],"rop_publish_now_status":"pending"},"product_brand":[2068],"product_cat":[89,88,87,104],"product_tag":[691,191,98,693,690,2369,2370,692,2387,696],"class_list":{"0":"post-3541","1":"product","2":"type-product","3":"status-publish","4":"has-post-thumbnail","6":"product_brand-gsoftwarelab","7":"product_cat-index-buddy","8":"product_cat-proxy-buddy","9":"product_cat-software","10":"product_cat-traffic-buddy","11":"product_tag-bundle","12":"product_tag-indexing-software","13":"product_tag-proxy-scraper","14":"product_tag-sale","15":"product_tag-seo-bundle","16":"product_tag-seo-software","17":"product_tag-seo-software-bundle","18":"product_tag-software-bundle","19":"product_tag-software-bundle-subscription","20":"product_tag-traffic-bot","22":"first","23":"instock","24":"sale","25":"featured","26":"virtual","27":"purchasable","28":"product-type-woosb"},"wcol_rules":[],"_links":{"self":[{"href":"https:\/\/gsoftwarelab.com\/pt\/wp-json\/wp\/v2\/product\/3541","targetHints":{"allow":["GET"]}}],"collection":[{"href":"https:\/\/gsoftwarelab.com\/pt\/wp-json\/wp\/v2\/product"}],"about":[{"href":"https:\/\/gsoftwarelab.com\/pt\/wp-json\/wp\/v2\/types\/product"}],"replies":[{"embeddable":true,"href":"https:\/\/gsoftwarelab.com\/pt\/wp-json\/wp\/v2\/comments?post=3541"}],"wp:featuredmedia":[{"embeddable":true,"href":"https:\/\/gsoftwarelab.com\/pt\/wp-json\/wp\/v2\/media\/7662"}],"wp:attachment":[{"href":"https:\/\/gsoftwarelab.com\/pt\/wp-json\/wp\/v2\/media?parent=3541"}],"wp:term":[{"taxonomy":"product_brand","embeddable":true,"href":"https:\/\/gsoftwarelab.com\/pt\/wp-json\/wp\/v2\/product_brand?post=3541"},{"taxonomy":"product_cat","embeddable":true,"href":"https:\/\/gsoftwarelab.com\/pt\/wp-json\/wp\/v2\/product_cat?post=3541"},{"taxonomy":"product_tag","embeddable":true,"href":"https:\/\/gsoftwarelab.com\/pt\/wp-json\/wp\/v2\/product_tag?post=3541"}],"curies":[{"name":"wp","href":"https:\/\/api.w.org\/{rel}","templated":true}]}}