{"id":1636,"date":"2020-11-09T23:57:30","date_gmt":"2020-11-09T21:57:30","guid":{"rendered":"https:\/\/gsoftwarelab.com\/?post_type=product&#038;p=1636"},"modified":"2026-01-23T12:54:55","modified_gmt":"2026-01-23T10:54:55","slug":"traffic-buddy","status":"publish","type":"product","link":"https:\/\/gsoftwarelab.com\/pt\/produto\/traffic-buddy\/","title":{"rendered":"Traffic Buddy"},"content":{"rendered":"<h2><strong><span class=\"edtFontSize200\">Traffic Buddy: Gerador de tr\u00e1fego, Bot de visualiza\u00e7\u00e3o do s\u00edtio Web &amp; Bot de pesquisa do Google<\/span><\/strong><\/h2>\n<p>O nosso novo bot permite-lhe enviar uma enorme quantidade de tr\u00e1fego SEO de diferentes motores de busca utilizando as suas palavras-chave para o seu website. Ao utilizar um verdadeiro navegador baseado no Chrome, pode gerar milhares de visualiza\u00e7\u00f5es reais de websites.<\/p>\n<p>Os navegadores do gerador de visualiza\u00e7\u00e3o simular\u00e3o automaticamente diferentes a\u00e7\u00f5es de comportamento do utilizador, como clicar nos bot\u00f5es para navegar nas p\u00e1ginas do site ou percorrer a p\u00e1gina.<\/p>\n<div style=\"padding: 56.25% 0 0 0; position: relative;\"><iframe style=\"position: absolute; top: 0; left: 0; width: 100%; height: 100%;\" src=\"https:\/\/player.vimeo.com\/video\/1029029240?h=59eb4a1d9e&amp;autoplay=1&amp;loop=1&amp;byline=0\" frameborder=\"0\" allowfullscreen=\"allowfullscreen\" data-mce-fragment=\"1\"><\/iframe><\/div>\n<p><strong>Principais caracter\u00edsticas:<br \/>\n<\/strong><\/p>\n<ul>\n<li>Gerar tr\u00e1fego real do browser<\/li>\n<li>Constru\u00eddo em privado, residencial, rotativo e p\u00fablico proxy Suporte (Http, Https, Meias4, Meias5, Tor Proxy)<\/li>\n<li>Constru\u00eddo em raspador proxy p\u00fablico (Http, Https, Meias4, Meias5)<\/li>\n<li>Constru\u00eddo no verificador proxy multi-threaded<\/li>\n<li>Constru\u00eddo em proxy country filter (utilizando uma base de dados Geo-IP)<\/li>\n<li>Espec\u00edfico da campanha proxies (utilizar diferentes proxies para cada campanha)<\/li>\n<li>Alterar a refer\u00eancia\/origem do tr\u00e1fego (suporta Google, Bing, DuckDuckGo com palavras-chave e URLs personalizados)<\/li>\n<li>Navegue pelas p\u00e1ginas internas do s\u00edtio Web<\/li>\n<li>Simular o comportamento do utilizador (scrolling e clicking)<\/li>\n<li>Simular cliques do utilizador (clicar em bot\u00f5es personalizados, imagens, etc.)<\/li>\n<li>Constru\u00eddo em emula\u00e7\u00e3o de dispositivo (mais de 100 dispositivos aut\u00eanticos, emula automaticamente o agente de utilizador, ecr\u00e3, cpu, ram e muito mais)<\/li>\n<li>Atualiza\u00e7\u00f5es e apoio frequentes<\/li>\n<li>NOVO: Defini\u00e7\u00e3o de origem de tr\u00e1fego f\u00e1cil<\/li>\n<li>NOVO: Bot de pesquisa do Google (gerar tr\u00e1fego SEO)<\/li>\n<li><a href=\"https:\/\/gsoftwarelab.com\/pt\/organic-website-traffic-bot\/\">Saiba mais<\/a> Sobre todas as funcionalidades dos bots de tr\u00e1fego.<\/li>\n<\/ul>\n<p><strong>Casos de utiliza\u00e7\u00e3o de software:<\/strong><\/p>\n<ul>\n<li>Fins de SEO e Marketing<\/li>\n<li>Investiga\u00e7\u00e3o em mat\u00e9ria de seguran\u00e7a<\/li>\n<li>Web Crawling e Scraping<\/li>\n<li>Testes de carga do website\/servidor<\/li>\n<\/ul>\n<p><strong>Requisitos m\u00ednimos do sistema:<\/strong><\/p>\n<ul>\n<li>SO: Windows 10 (vers\u00e3o 22H2 ou posterior) Windows 11 (todas as vers\u00f5es), Windows Server 2019 e posterior<\/li>\n<li>8 GB de RAM<\/li>\n<li>Armazenamento de 10 GB<\/li>\n<li>4 n\u00facleos<\/li>\n<li>Liga\u00e7\u00e3o est\u00e1vel \u00e0 Internet<\/li>\n<\/ul>\n<p><strong>A sua compra inclui:<\/strong><\/p>\n<ul>\n<li>Assinatura de Software de 1 M\u00eas<\/li>\n<li>1 M\u00eas de Apoio Integral<\/li>\n<li>Contribui\u00e7\u00e3o para o plantio de uma \u00e1rvore<\/li>\n<li><a href=\"https:\/\/gsoftwarelab.com\/pt\/docs\/traffic-buddy\/getting-started\/\">Documenta\u00e7\u00e3o de software<\/a><\/li>\n<\/ul>\n<p><strong>Termos de Assinatura:<\/strong><\/p>\n<ul>\n<li>Renova\u00e7\u00e3o autom\u00e1tica todos os meses at\u00e9 ao cancelamento<\/li>\n<li>Suporte e Atualiza\u00e7\u00f5es durante o Per\u00edodo de Assinatura<\/li>\n<\/ul>","protected":false},"excerpt":{"rendered":"<p>Traffic Buddy: Gerador de tr\u00e1fego, Bot de visualiza\u00e7\u00e3o do s\u00edtio Web &amp; Bot de pesquisa do Google.<\/p>","protected":false},"featured_media":7349,"comment_status":"open","ping_status":"closed","template":"","meta":{"rop_custom_images_group":[],"rop_custom_messages_group":[],"rop_publish_now":"initial","rop_publish_now_accounts":{"twitter_2998589429_2998589429":""},"rop_publish_now_history":[],"rop_publish_now_status":"pending"},"product_brand":[2068,2071],"product_cat":[104,87],"product_tag":[2372,696,2382,699,2373,2381,2371],"class_list":{"0":"post-1636","1":"product","2":"type-product","3":"status-publish","4":"has-post-thumbnail","6":"product_brand-gsoftwarelab","7":"product_brand-traffic-buddy","8":"product_cat-traffic-buddy","9":"product_cat-software","10":"product_tag-generate-traffic-with-traffic-buddy","11":"product_tag-traffic-bot","12":"product_tag-traffic-bot-subscription","13":"product_tag-traffic-buddy","14":"product_tag-traffic-buddy-download","15":"product_tag-traffic-buddy-subscription","16":"product_tag-traffic-buddy-view-bot","18":"first","19":"instock","20":"featured","21":"downloadable","22":"virtual","23":"purchasable","24":"product-type-simple"},"wcol_rules":[],"_links":{"self":[{"href":"https:\/\/gsoftwarelab.com\/pt\/wp-json\/wp\/v2\/product\/1636","targetHints":{"allow":["GET"]}}],"collection":[{"href":"https:\/\/gsoftwarelab.com\/pt\/wp-json\/wp\/v2\/product"}],"about":[{"href":"https:\/\/gsoftwarelab.com\/pt\/wp-json\/wp\/v2\/types\/product"}],"replies":[{"embeddable":true,"href":"https:\/\/gsoftwarelab.com\/pt\/wp-json\/wp\/v2\/comments?post=1636"}],"wp:featuredmedia":[{"embeddable":true,"href":"https:\/\/gsoftwarelab.com\/pt\/wp-json\/wp\/v2\/media\/7349"}],"wp:attachment":[{"href":"https:\/\/gsoftwarelab.com\/pt\/wp-json\/wp\/v2\/media?parent=1636"}],"wp:term":[{"taxonomy":"product_brand","embeddable":true,"href":"https:\/\/gsoftwarelab.com\/pt\/wp-json\/wp\/v2\/product_brand?post=1636"},{"taxonomy":"product_cat","embeddable":true,"href":"https:\/\/gsoftwarelab.com\/pt\/wp-json\/wp\/v2\/product_cat?post=1636"},{"taxonomy":"product_tag","embeddable":true,"href":"https:\/\/gsoftwarelab.com\/pt\/wp-json\/wp\/v2\/product_tag?post=1636"}],"curies":[{"name":"wp","href":"https:\/\/api.w.org\/{rel}","templated":true}]}}