{"id":1411,"date":"2020-05-14T10:21:22","date_gmt":"2020-05-14T08:21:22","guid":{"rendered":"https:\/\/gsoftwarelab.com\/?post_type=product&#038;p=1411"},"modified":"2025-10-18T06:49:26","modified_gmt":"2025-10-18T04:49:26","slug":"index-buddy","status":"publish","type":"product","link":"https:\/\/gsoftwarelab.com\/pt\/produto\/index-buddy\/","title":{"rendered":"Index Buddy V1"},"content":{"rendered":"<h2 class=\"elementor-image-box-title\">Index Buddy V1 \u2013 Indexador de liga\u00e7\u00f5es SEO em massa<\/h2>\n<p><strong>Atualizar para <a href=\"https:\/\/gsoftwarelab.com\/pt\/produto\/index-buddy-v2\/\"><span style=\"color: #ff9900;\">Index Buddy v2<\/span><\/a>: Funcionalidades melhoradas &amp; Melhor experi\u00eancia do utilizador<\/strong><\/p>\n<p>Index Buddy \u00c9 um software de indexa\u00e7\u00e3o poderoso e f\u00e1cil de utilizar. Permite indexar URLs individuais, Websites ou Listas em Massa de URLs nos principais motores de pesquisa, como o Google, o Bing ou o Baidu. A indexa\u00e7\u00e3o funciona ao enviar seu site ou URLs para milhares de sites de whois e estat\u00edsticas que resultam em muitos backlinks. Receber\u00e1 uma licen\u00e7a vital\u00edcia para Index Buddy. S\u00f3 pode ser utilizado num computador de cada vez. Todas as atualiza\u00e7\u00f5es futuras, recursos adicionados e corre\u00e7\u00f5es de bugs est\u00e3o inclu\u00eddos sem custo extra.<\/p>\n<p><img decoding=\"async\" class=\"aligncenter wp-image-3558 size-full\" src=\"https:\/\/gsoftwarelab.com\/wp-content\/uploads\/2021\/11\/indexing_process.gif\" alt=\"Processo de indexa\u00e7\u00e3o SEO Backlink\" width=\"802\" height=\"478\" title=\"\"><\/p>\n<p>&nbsp;<\/p>\n<p><strong>Requisitos m\u00ednimos do sistema:<\/strong><\/p>\n<ul>\n<li>SO: Windows 10 (vers\u00e3o 22H2 ou posterior) Windows 11 (todas as vers\u00f5es), Windows Server 2019 e posterior<\/li>\n<li>8 GB de RAM<\/li>\n<li>Armazenamento de 10 GB<\/li>\n<li>4 N\u00facleos<\/li>\n<li>Liga\u00e7\u00e3o est\u00e1vel \u00e0 Internet<\/li>\n<\/ul>\n<p><strong>A sua compra inclui:<\/strong><\/p>\n<ul>\n<li>Uma licen\u00e7a vital\u00edcia para um PC<\/li>\n<li>Contribui\u00e7\u00e3o para o plantio de uma \u00fanica \u00e1rvore<\/li>\n<\/ul>\n<p><strong><a href=\"https:\/\/gsoftwarelab.com\/pt\/index-buddy-backlink-indexer\/\">Saiba mais sobre Index Buddy<\/a><\/strong><br \/>\n<strong><a href=\"https:\/\/docs.gsoftwarelab.com\/\">Leia a documenta\u00e7\u00e3o<\/a><\/strong><\/p>\n<p><strong><a href=\"https:\/\/gsoftwarelab.com\/pt\/organic-traffic-view-bot\/\">Saiba mais sobre Traffic Buddy<\/a><br \/>\n<a href=\"https:\/\/gsoftwarelab.com\/pt\/proxy-buddy-scraper-tester\/\">Saiba mais sobre Proxy Buddy<\/a><br \/>\n<\/strong><\/p>","protected":false},"excerpt":{"rendered":"<p>Index Buddy V1, a ferramenta perfeita para indexar imensas listas de backlinks em motores de busca.<\/p>","protected":false},"featured_media":1771,"comment_status":"open","ping_status":"closed","template":"","meta":{"rop_custom_images_group":[],"rop_custom_messages_group":[],"rop_publish_now":"initial","rop_publish_now_accounts":{"twitter_2998589429_2998589429":""},"rop_publish_now_history":[],"rop_publish_now_status":"pending"},"product_brand":[],"product_cat":[89,87],"product_tag":[190,191,192,193],"class_list":{"0":"post-1411","1":"product","2":"type-product","3":"status-publish","4":"has-post-thumbnail","6":"product_cat-index-buddy","7":"product_cat-software","8":"product_tag-backlink-indexer","9":"product_tag-indexing-software","10":"product_tag-indexing-tool","11":"product_tag-url-indexer","13":"first","14":"instock","15":"downloadable","16":"virtual","17":"purchasable","18":"product-type-simple"},"wcol_rules":[],"_links":{"self":[{"href":"https:\/\/gsoftwarelab.com\/pt\/wp-json\/wp\/v2\/product\/1411","targetHints":{"allow":["GET"]}}],"collection":[{"href":"https:\/\/gsoftwarelab.com\/pt\/wp-json\/wp\/v2\/product"}],"about":[{"href":"https:\/\/gsoftwarelab.com\/pt\/wp-json\/wp\/v2\/types\/product"}],"replies":[{"embeddable":true,"href":"https:\/\/gsoftwarelab.com\/pt\/wp-json\/wp\/v2\/comments?post=1411"}],"wp:featuredmedia":[{"embeddable":true,"href":"https:\/\/gsoftwarelab.com\/pt\/wp-json\/wp\/v2\/media\/1771"}],"wp:attachment":[{"href":"https:\/\/gsoftwarelab.com\/pt\/wp-json\/wp\/v2\/media?parent=1411"}],"wp:term":[{"taxonomy":"product_brand","embeddable":true,"href":"https:\/\/gsoftwarelab.com\/pt\/wp-json\/wp\/v2\/product_brand?post=1411"},{"taxonomy":"product_cat","embeddable":true,"href":"https:\/\/gsoftwarelab.com\/pt\/wp-json\/wp\/v2\/product_cat?post=1411"},{"taxonomy":"product_tag","embeddable":true,"href":"https:\/\/gsoftwarelab.com\/pt\/wp-json\/wp\/v2\/product_tag?post=1411"}],"curies":[{"name":"wp","href":"https:\/\/api.w.org\/{rel}","templated":true}]}}