{"id":1409,"date":"2020-05-14T09:55:52","date_gmt":"2020-05-14T07:55:52","guid":{"rendered":"https:\/\/gsoftwarelab.com\/?post_type=product&#038;p=1409"},"modified":"2026-01-14T05:49:24","modified_gmt":"2026-01-14T03:49:24","slug":"proxy-buddy-v3","status":"publish","type":"product","link":"https:\/\/gsoftwarelab.com\/pt\/produto\/proxy-buddy-v3\/","title":{"rendered":"Proxy Buddy"},"content":{"rendered":"<h2>Desbloquear Proxies ilimitados com Proxy Buddy<\/h2>\n<div class=\"flex flex-grow flex-col gap-3\">\n<div class=\"min-h-[20px] flex flex-col items-start gap-4 whitespace-pre-wrap\">\n<div class=\"markdown prose w-full break-words dark:prose-invert light\">\n<p>Introdu\u00e7\u00e3o Proxy Buddy \u2013 a solu\u00e7\u00e3o definitiva para raspar, testar, filtrar e exportar r\u00e1pida e facilmente listas de milhares de novos servidores proxy p\u00fablicos. Com a sua funcionalidade de piloto autom\u00e1tico de um clique, pode facilmente recolher e testar proxies com apenas um clique. Perfeito para aplica\u00e7\u00f5es de software e bots de SEO, Proxy Buddy at\u00e9 inclui um teste de pesquisa especial do Google para garantir que os seus servidores proxy conseguem raspar os resultados do motor de pesquisa do Google.<\/p>\n<p>Atualize a sua proxy jogo com a nossa poderosa e eficaz comprar proxy ferramenta raspadora. Ao comprar o nosso proxy raspador, ter\u00e1 acesso a uma subscri\u00e7\u00e3o mensal de Proxy Buddy. Esta licen\u00e7a permite-lhe utilizar a ferramenta num computador de cada vez, sem quaisquer custos adicionais para atualiza\u00e7\u00f5es, funcionalidades adicionadas ou corre\u00e7\u00f5es de erros. N\u00e3o perca a oportunidade de melhorar a sua proxy Capacidades com Proxy Buddy \u2013 Compre j\u00e1!<\/p>\n<\/div>\n<\/div>\n<\/div>\n<div style=\"padding: 56.25% 0 0 0; position: relative;\"><iframe style=\"position: absolute; top: 0; left: 0; width: 100%; height: 100%;\" src=\"https:\/\/player.vimeo.com\/video\/672830210?h=59eb4a1d9e&amp;autoplay=1&amp;loop=1&amp;byline=0\" frameborder=\"0\" allowfullscreen=\"allowfullscreen\"><\/iframe><\/div>\n<p>&nbsp;<\/p>\n<h3 id=\"item-description__key-features\">Principais caracter\u00edsticas:<\/h3>\n<ul>\n<li>Raspador de proxy totalmente automatizado<\/li>\n<li>Fonte proxy incorporada<\/li>\n<li>Raspe milh\u00f5es de servidores proxy<\/li>\n<li>Multi-Threaded e Socket-Based<\/li>\n<li>Suporta HTTP, HTTPS, Meias4 e Meias5<\/li>\n<li>Carregar e Enviar E-mail Funcionalidade<\/li>\n<li>Suporte de filtragem avan\u00e7ado (Protocolo, Google Pass, anonimato, pa\u00eds e muito mais)<\/li>\n<li>Atualiza\u00e7\u00f5es e Suporte<\/li>\n<li>Chave de licen\u00e7a genu\u00edna e \u00fanica<\/li>\n<\/ul>\n<p><strong>Requisitos m\u00ednimos do sistema:<\/strong><\/p>\n<ul>\n<li>SO: Windows 10 (vers\u00e3o 22H2 ou posterior) Windows 11 (todas as vers\u00f5es), Windows Server 2019 e posterior<\/li>\n<li>8 GB de RAM<\/li>\n<li>Armazenamento de 10 GB<\/li>\n<li>4 N\u00facleos<\/li>\n<li>Liga\u00e7\u00e3o est\u00e1vel \u00e0 Internet<\/li>\n<\/ul>\n<p><strong>A sua compra inclui:<\/strong><\/p>\n<ul>\n<li>Assinatura mensal de software<\/li>\n<li>Apoio abrangente<\/li>\n<li>Contribui\u00e7\u00e3o para o plantio de uma \u00fanica \u00e1rvore<\/li>\n<\/ul>\n<p><strong>Termos de Assinatura:<\/strong><\/p>\n<ul>\n<li>Renova\u00e7\u00e3o autom\u00e1tica todos os meses at\u00e9 ao cancelamento<\/li>\n<li>Suporte e Atualiza\u00e7\u00f5es durante o Per\u00edodo de Assinatura<\/li>\n<\/ul>\n<p><a href=\"https:\/\/gsoftwarelab.com\/pt\/proxy-buddy-scraper-tester\/\"><strong>Saiba mais sobre Proxy Buddy<\/strong><\/a><strong><a href=\"https:\/\/gsoftwarelab.com\/pt\/proxy-buddy-scraper-tester\/\"> (Proxy Scraper)<\/a><\/strong><br \/>\n<strong><a href=\"https:\/\/docs.gsoftwarelab.com\/\">Leia a documenta\u00e7\u00e3o<\/a><\/strong><\/p>\n<p><strong><a href=\"https:\/\/gsoftwarelab.com\/pt\/organic-traffic-view-bot\/\">Saiba mais sobre Traffic Buddy<\/a><a href=\"https:\/\/gsoftwarelab.com\/pt\/organic-traffic-view-bot\/\"> (Bot\u00e3o de Tr\u00e1fego)<\/a><br \/>\n<a href=\"https:\/\/gsoftwarelab.com\/pt\/index-buddy-backlink-indexer\/\">Saiba mais sobre Index Buddy<\/a><a href=\"https:\/\/gsoftwarelab.com\/pt\/index-buddy-backlink-indexer\/\"> (Software de indexa\u00e7\u00e3o de liga\u00e7\u00f5es)<\/a><br \/>\n<\/strong><\/p>","protected":false},"excerpt":{"rendered":"<p>Encontrar e testar facilmente milhares de novos servidores proxy p\u00fablicos com Proxy Buddy. A nossa ferramenta r\u00e1pida e de f\u00e1cil utiliza\u00e7\u00e3o permite-lhe raspar, testar, filtrar e exportar listas de proxy com facilidade. O recurso de piloto autom\u00e1tico de um clique facilita a colheita e o teste de proxies em massa. Agilize a sua procura por proxy e assegure o melhor desempenho com Proxy Buddy.<\/p>","protected":false},"featured_media":7548,"comment_status":"open","ping_status":"closed","template":"","meta":{"rop_custom_images_group":[],"rop_custom_messages_group":[],"rop_publish_now":"initial","rop_publish_now_accounts":{"twitter_2998589429_2998589429":""},"rop_publish_now_history":[],"rop_publish_now_status":"pending"},"product_brand":[2068,2069],"product_cat":[88,87],"product_tag":[153,156,103,2386,102,98,2385,99,157,155,188,189],"class_list":{"0":"post-1409","1":"product","2":"type-product","3":"status-publish","4":"has-post-thumbnail","6":"product_brand-gsoftwarelab","7":"product_brand-proxy-buddy","8":"product_cat-proxy-buddy","9":"product_cat-software","10":"product_tag-google-proxies","11":"product_tag-gsa-ser-proxies","12":"product_tag-proxy-buddy","13":"product_tag-proxy-buddy-subscription","14":"product_tag-proxy-list","15":"product_tag-proxy-scraper","16":"product_tag-proxy-scraper-subscription","17":"product_tag-proxy-tester","18":"product_tag-scrapebox-proxies","19":"product_tag-seo-proxies","20":"product_tag-sock5-proxy","21":"product_tag-socks4-proxy","23":"first","24":"instock","25":"featured","26":"downloadable","27":"virtual","28":"purchasable","29":"product-type-simple"},"wcol_rules":[],"_links":{"self":[{"href":"https:\/\/gsoftwarelab.com\/pt\/wp-json\/wp\/v2\/product\/1409","targetHints":{"allow":["GET"]}}],"collection":[{"href":"https:\/\/gsoftwarelab.com\/pt\/wp-json\/wp\/v2\/product"}],"about":[{"href":"https:\/\/gsoftwarelab.com\/pt\/wp-json\/wp\/v2\/types\/product"}],"replies":[{"embeddable":true,"href":"https:\/\/gsoftwarelab.com\/pt\/wp-json\/wp\/v2\/comments?post=1409"}],"wp:featuredmedia":[{"embeddable":true,"href":"https:\/\/gsoftwarelab.com\/pt\/wp-json\/wp\/v2\/media\/7548"}],"wp:attachment":[{"href":"https:\/\/gsoftwarelab.com\/pt\/wp-json\/wp\/v2\/media?parent=1409"}],"wp:term":[{"taxonomy":"product_brand","embeddable":true,"href":"https:\/\/gsoftwarelab.com\/pt\/wp-json\/wp\/v2\/product_brand?post=1409"},{"taxonomy":"product_cat","embeddable":true,"href":"https:\/\/gsoftwarelab.com\/pt\/wp-json\/wp\/v2\/product_cat?post=1409"},{"taxonomy":"product_tag","embeddable":true,"href":"https:\/\/gsoftwarelab.com\/pt\/wp-json\/wp\/v2\/product_tag?post=1409"}],"curies":[{"name":"wp","href":"https:\/\/api.w.org\/{rel}","templated":true}]}}