{"id":8524,"date":"2025-11-15T08:47:14","date_gmt":"2025-11-15T06:47:14","guid":{"rendered":"https:\/\/gsoftwarelab.com\/?page_id=8524"},"modified":"2025-11-15T08:47:18","modified_gmt":"2025-11-15T06:47:18","slug":"software-license-agreement","status":"publish","type":"page","link":"https:\/\/gsoftwarelab.com\/pt\/software-license-agreement\/","title":{"rendered":"Contrato de Licen\u00e7a de Software"},"content":{"rendered":"<h1 class=\"wp-block-heading\">ACORDO DE LICEN\u00c7A DE SOFTWARE<\/h1>\n\n\n\n<p>Este Contrato de Licen\u00e7a de Software (o \"ACORDO\") \u00e9 um acordo jur\u00eddico vinculativo entre si (quer seja uma pessoa singular ou uma \u00fanica entidade jur\u00eddica, doravante \"voc\u00ea\" ou \"Licenciado\") e GSoftwareLab (a seguir designado \u00ablicenciante\u00bb ou \u00abGSoftwareLab\u00bb).<\/p>\n\n\n\n<p>Este Acordo rege a sua utiliza\u00e7\u00e3o do GSoftwareLab produto de software que acompanha o presente ACORDO, que inclui o software, quaisquer suportes associados, materiais impressos e documenta\u00e7\u00e3o \u00abem linha\u00bb ou eletr\u00f3nica (coletivamente, o \u00abSOFTWARE\u00bb).<\/p>\n\n\n\n<p><strong>Ao instalar, copiar, transferir ou de outra forma utilizar o SOFTWARE, concorda em ficar vinculado pelos termos e condi\u00e7\u00f5es deste ACORDO. Se n\u00e3o concordar com estes termos, n\u00e3o instale ou utilize o SOFTWARE.<\/strong><\/p>\n\n\n\n<h3 class=\"wp-block-heading\">1. PROPRIEDADE E PROPRIEDADE INTELECTUAL<\/h3>\n\n\n\n<p>O SOFTWARE \u00e9 propriedade da GSoftwareLab e est\u00e1 protegido por leis de direitos de autor e tratados internacionais de direitos de autor, bem como por outras leis e tratados de propriedade intelectual. O SOFTWARE \u00e9 licenciado, n\u00e3o vendido. GSoftwareLab reserva-se todos os direitos n\u00e3o expressamente concedidos a voc\u00ea neste ACORDO.<\/p>\n\n\n\n<h3 class=\"wp-block-heading\">2. SUBVEN\u00c7\u00c3O DE LICEN\u00c7A<\/h3>\n\n\n\n<p>Sujeito \u00e0 sua conformidade com todos os termos deste Acordo, GSoftwareLab concede-lhe os seguintes direitos n\u00e3o exclusivos e intransmiss\u00edveis:<\/p>\n\n\n\n<ul class=\"wp-block-list\">\n<li><strong>Licen\u00e7a de Avalia\u00e7\u00e3o ou Avalia\u00e7\u00e3o:<\/strong> Se o SOFTWARE lhe for fornecido para fins de avalia\u00e7\u00e3o, GSoftwareLab concede-lhe uma licen\u00e7a para instalar e utilizar uma (1) c\u00f3pia do SOFTWARE para fins de ensaio e avalia\u00e7\u00e3o durante um per\u00edodo de tempo limitado (\u00abper\u00edodo de ensaio\u00bb). A dura\u00e7\u00e3o e os termos espec\u00edficos do Per\u00edodo de Avalia\u00e7\u00e3o (por exemplo, limita\u00e7\u00f5es de recursos) ser\u00e3o especificados por GSoftwareLab no momento do download ou no pr\u00f3prio SOFTWARE. Ap\u00f3s a expira\u00e7\u00e3o do Per\u00edodo de Avalia\u00e7\u00e3o, ter\u00e1 de adquirir uma subscri\u00e7\u00e3o para continuar a utilizar o SOFTWARE ou desinstalar e destruir todas as c\u00f3pias do SOFTWARE.<\/li>\n\n\n\n<li><strong>Licen\u00e7a de Assinatura:<\/strong> Condicionada \u00e0 sua conformidade com este ACORDO e ao pagamento atempado de todas as taxas de subscri\u00e7\u00e3o aplic\u00e1veis, GSoftwareLab concede-lhe uma licen\u00e7a para instalar e utilizar o SOFTWARE durante o per\u00edodo da sua subscri\u00e7\u00e3o ativa. Esta licen\u00e7a permite o uso em um \u00fanico computador (por exemplo, PC ou servidor) de uma s\u00f3 vez, a menos que licen\u00e7as adicionais (assinaturas) sejam adquiridas de GSoftwareLab a cada computador adicional.<\/li>\n<\/ul>\n\n\n\n<h3 class=\"wp-block-heading\">3. PRAZO DE SUBSCRI\u00c7\u00c3O E PAGAMENTO<\/h3>\n\n\n\n<p>O SOFTWARE \u00e9 licenciado numa base de subscri\u00e7\u00e3o. A sua licen\u00e7a para utilizar o SOFTWARE est\u00e1 dependente do pagamento activo e atempado das taxas de subscri\u00e7\u00e3o. Estas taxas ser\u00e3o cobradas periodicamente (por exemplo, mensalmente, anualmente) conforme especificado no momento da compra.<\/p>\n\n\n\n<p>A incapacidade de manter uma subscri\u00e7\u00e3o ativa ou de remeter o pagamento das taxas de subscri\u00e7\u00e3o resultar\u00e1 na rescis\u00e3o da sua licen\u00e7a. Ap\u00f3s a cessa\u00e7\u00e3o ou expira\u00e7\u00e3o da sua subscri\u00e7\u00e3o, deve cessar imediatamente toda a utiliza\u00e7\u00e3o do SOFTWARE e desinstal\u00e1-lo a partir do(s) seu(s) computador(es).<\/p>\n\n\n\n<h3 class=\"wp-block-heading\">4. RESTRI\u00c7\u00d5ES \u00c0 LICEN\u00c7A<\/h3>\n\n\n\n<p>Est\u00e1 expressamente proibido de fazer o seguinte:<\/p>\n\n\n\n<ul class=\"wp-block-list\">\n<li>N\u00e3o poder\u00e1 sublicenciar, alugar, alugar, vender ou transferir o SOFTWARE ou qualquer parte do mesmo para terceiros.<\/li>\n\n\n\n<li>N\u00e3o pode descompilar, desmontar, fazer engenharia reversa ou tentar obter o c\u00f3digo-fonte do SOFTWARE ou de qualquer parte do mesmo, exceto e apenas na medida em que tal atividade seja expressamente permitida pela lei aplic\u00e1vel, n\u00e3o obstante esta limita\u00e7\u00e3o.<\/li>\n\n\n\n<li>N\u00e3o poder\u00e1 modificar o SOFTWARE ou criar obras derivadas com base no SOFTWARE.<\/li>\n\n\n\n<li>N\u00e3o poder\u00e1 utilizar o SOFTWARE depois de expirado o Per\u00edodo de Avalia\u00e7\u00e3o autorizado sem adquirir uma subscri\u00e7\u00e3o ativa.<\/li>\n\n\n\n<li>O utilizador n\u00e3o pode contornar, desativar ou anular quaisquer mecanismos de licenciamento, prote\u00e7\u00e3o contra c\u00f3pias ou execu\u00e7\u00e3o durante o per\u00edodo de teste contidos no SOFTWARE.<\/li>\n\n\n\n<li>N\u00e3o \u00e9 permitido copiar ou distribuir o instalador do SOFTWARE ou qualquer um dos seus componentes. Toda a distribui\u00e7\u00e3o \u00e9 feita exclusivamente por GSoftwareLab ou os seus revendedores autorizados.<\/li>\n<\/ul>\n\n\n\n<h3 class=\"wp-block-heading\">5. ATUALIZA\u00c7\u00c3O E APOIO<\/h3>\n\n\n\n<p>GSoftwareLab pode, a seu exclusivo crit\u00e9rio, fornecer atualiza\u00e7\u00f5es, patches ou suporte t\u00e9cnico para o SOFTWARE durante um per\u00edodo de assinatura ativa. Qualquer c\u00f3digo de software suplementar ou atualiza\u00e7\u00f5es fornecidas ao utilizador ser\u00e3o consideradas parte do SOFTWARE e sujeitas aos termos e condi\u00e7\u00f5es deste ACORDO.<\/p>\n\n\n\n<h3 class=\"wp-block-heading\">6. RECOLHA DE DADOS E PRIVACIDADE<\/h3>\n\n\n\n<p>O utilizador reconhece que o SOFTWARE pode conter tecnologia de activa\u00e7\u00e3o, anti-abuso e verifica\u00e7\u00e3o de licen\u00e7as. Para detetar e prevenir a utiliza\u00e7\u00e3o fraudulenta ou n\u00e3o autorizada, o SOFTWARE pode recolher, armazenar e transmitir determinados dados (tais como endere\u00e7os IP ou identificadores de m\u00e1quina). GSoftwareLab reserva-se o direito de utilizar estes dados para fazer cumprir os seus termos de licen\u00e7a. GSoftwareLaba recolha e utiliza\u00e7\u00e3o de quaisquer dados pessoais ser\u00e3o regidas pela sua pol\u00edtica de privacidade, que est\u00e1 dispon\u00edvel no seu s\u00edtio Web.<\/p>\n\n\n\n<h3 class=\"wp-block-heading\">7. COMPONENTES DE TERCEIROS<\/h3>\n\n\n\n<p>O SOFTWARE pode conter ou ser agrupado com software, bibliotecas ou componentes de terceiros licenciados ao abrigo dos respetivos acordos de licen\u00e7a. Uma lista desses componentes e das respetivas licen\u00e7as aplic\u00e1veis pode estar dispon\u00edvel na documenta\u00e7\u00e3o do SOFTWARE ou no ecr\u00e3 \u00abSobre\u00bb. Este ACORDO n\u00e3o altera quaisquer direitos ou obriga\u00e7\u00f5es que possa ter ao abrigo dessas licen\u00e7as separadas.<\/p>\n\n\n\n<h3 class=\"wp-block-heading\">8. DIVULGADOR DE GARANTIA<\/h3>\n\n\n\n<p>O SOFTWARE \u00c9 FORNECIDO \u00abTAL COMO EST\u00c1\u00bb E SEM GARANTIA DE QUALQUER MODO. O GSOFTWARELAB DECLARA TODAS AS GARANTIAS, EXPRESSAS OU IMPLICADAS, INCLUINDO, SEM LIMITA\u00c7\u00c3O, AS GARANTIAS DE MERCANTABILIDADE, ADEQUADAS A UM FINAL ESPEC\u00cdFICO E N\u00c3O INCLU\u00cdDAS. O risco total decorrente da utiliza\u00e7\u00e3o ou do desempenho do software permanece consigo.<\/p>\n\n\n\n<h3 class=\"wp-block-heading\">9. LIMITA\u00c7\u00c3O DA RESPONSABILIDADE<\/h3>\n\n\n\n<p>Em caso algum a GSOFTWARELAB ou os seus fornecedores ser\u00e3o respons\u00e1veis por quaisquer danos (incluindo, sem limita\u00e7\u00e3o, danos resultantes da perda de lucros empresariais, da interfer\u00eancia empresarial, da perda de informa\u00e7\u00f5es comerciais ou de qualquer outra perda patrimonial) resultantes da utiliza\u00e7\u00e3o ou da incapacidade de utilizar o SOFTWARE, mesmo que a GSOFTWARELAB tenha sido informada da possibilidade de tais danos.<\/p>\n\n\n\n<p>Em qualquer caso, a responsabilidade total da GSOFTWARELAB ao abrigo de qualquer disposi\u00e7\u00e3o do presente acordo limitar-se-\u00e1 ao montante efectivamente pago por si pela subscri\u00e7\u00e3o de software durante os doze (12) meses anteriores ao evento que deu origem ao pedido, ou ao montante mais baixo autorizado por lei.<\/p>\n\n\n\n<h3 class=\"wp-block-heading\">10. CESSA\u00c7\u00c3O<\/h3>\n\n\n\n<p>Sem preju\u00edzo de quaisquer outros direitos, GSoftwareLab pode rescindir este ACORDO imediatamente se n\u00e3o cumprir qualquer um dos seus termos e condi\u00e7\u00f5es. Nesse caso, o utilizador deve cessar imediatamente toda a utiliza\u00e7\u00e3o do SOFTWARE e destruir todas as c\u00f3pias do SOFTWARE e de todas as suas partes componentes. As Se\u00e7\u00f5es 1, 4, 6, 7, 8, 9 e 11 sobreviver\u00e3o a qualquer rescis\u00e3o deste Contrato.<\/p>\n\n\n\n<h3 class=\"wp-block-heading\">11. DISPOSI\u00c7\u00d5ES GERAIS<\/h3>\n\n\n\n<ul class=\"wp-block-list\">\n<li><strong>Legisla\u00e7\u00e3o aplic\u00e1vel:<\/strong> Este Contrato ser\u00e1 regido e interpretado de acordo com as leis de <strong>[O seu Estado\/Pa\u00eds]<\/strong>, independentemente dos seus princ\u00edpios de conflito de leis. Concorda em submeter-se \u00e0 jurisdi\u00e7\u00e3o exclusiva dos tribunais localizados em <strong>[A sua cidade, Estado\/pa\u00eds]<\/strong> para resolver qualquer disputa decorrente deste Acordo.<\/li>\n\n\n\n<li><strong>Separabilidade:<\/strong> Se qualquer disposi\u00e7\u00e3o deste Contrato for considerada inexequ\u00edvel ou inv\u00e1lida, tal disposi\u00e7\u00e3o ser\u00e1 alterada e interpretada para cumprir os objetivos de tal disposi\u00e7\u00e3o na maior medida poss\u00edvel sob a lei aplic\u00e1vel, e as restantes disposi\u00e7\u00f5es continuar\u00e3o em pleno vigor e efeito.<\/li>\n\n\n\n<li><strong>Restri\u00e7\u00f5es \u00e0 exporta\u00e7\u00e3o:<\/strong> Concorda em cumprir todas as leis e regulamentos de controlo de exporta\u00e7\u00e3o e reexporta\u00e7\u00e3o aplic\u00e1veis da sua jurisdi\u00e7\u00e3o e de qualquer outra jurisdi\u00e7\u00e3o aplic\u00e1vel.<\/li>\n\n\n\n<li><strong>Acordo completo:<\/strong> Este ACORDO constitui a totalidade do acordo entre si e GSoftwareLab relacionadas ao SOFTWARE e substitui todas as comunica\u00e7\u00f5es, propostas e representa\u00e7\u00f5es orais ou escritas anteriores ou contempor\u00e2neas em rela\u00e7\u00e3o ao SOFTWARE ou a qualquer outro assunto abrangido por este ACORDO.<\/li>\n<\/ul>","protected":false},"excerpt":{"rendered":"<p>ACORDO DE LICEN\u00c7A DE SOFTWARE Este Contrato de Licen\u00e7a de Software (o \"ACORDO\") \u00e9 um acordo jur\u00eddico vinculativo entre si (quer seja uma pessoa singular ou uma \u00fanica entidade jur\u00eddica, a seguir designado por \"voc\u00ea\" ou \"Licenciado\") e GSoftwareLab (a seguir designado \u00ablicenciante\u00bb ou \u00abGSoftwareLab\u00bb). Este Acordo rege a sua utiliza\u00e7\u00e3o do GSoftwareLab produto de software que acompanha este ACORDO, que inclui o software, qualquer suporte associado, impresso [...]<\/p>","protected":false},"author":1,"featured_media":0,"parent":0,"menu_order":0,"comment_status":"closed","ping_status":"closed","template":"","meta":{"rop_custom_images_group":[],"rop_custom_messages_group":[],"rop_publish_now":"initial","rop_publish_now_accounts":{"twitter_2998589429_2998589429":""},"rop_publish_now_history":[],"rop_publish_now_status":"pending","footnotes":""},"class_list":["post-8524","page","type-page","status-publish","hentry"],"blocksy_meta":[],"_links":{"self":[{"href":"https:\/\/gsoftwarelab.com\/pt\/wp-json\/wp\/v2\/pages\/8524","targetHints":{"allow":["GET"]}}],"collection":[{"href":"https:\/\/gsoftwarelab.com\/pt\/wp-json\/wp\/v2\/pages"}],"about":[{"href":"https:\/\/gsoftwarelab.com\/pt\/wp-json\/wp\/v2\/types\/page"}],"author":[{"embeddable":true,"href":"https:\/\/gsoftwarelab.com\/pt\/wp-json\/wp\/v2\/users\/1"}],"replies":[{"embeddable":true,"href":"https:\/\/gsoftwarelab.com\/pt\/wp-json\/wp\/v2\/comments?post=8524"}],"version-history":[{"count":1,"href":"https:\/\/gsoftwarelab.com\/pt\/wp-json\/wp\/v2\/pages\/8524\/revisions"}],"predecessor-version":[{"id":8525,"href":"https:\/\/gsoftwarelab.com\/pt\/wp-json\/wp\/v2\/pages\/8524\/revisions\/8525"}],"wp:attachment":[{"href":"https:\/\/gsoftwarelab.com\/pt\/wp-json\/wp\/v2\/media?parent=8524"}],"curies":[{"name":"wp","href":"https:\/\/api.w.org\/{rel}","templated":true}]}}