{"id":71,"date":"2014-09-19T17:25:00","date_gmt":"2014-09-19T15:25:00","guid":{"rendered":"http:\/\/gsoftwarelab.com\/?page_id=71"},"modified":"2025-10-05T02:47:27","modified_gmt":"2025-10-05T00:47:27","slug":"privacy","status":"publish","type":"page","link":"https:\/\/gsoftwarelab.com\/pt\/privacy\/","title":{"rendered":"Pol\u00edtica de Privacidade"},"content":{"rendered":"<h1 class=\"wp-block-heading\">Declara\u00e7\u00e3o de confidencialidade<\/h1>\n\n\n\n<h2 class=\"wp-block-heading\">Generalidades<\/h2>\n\n\n\n<p>Os seus dados pessoais (por exemplo, t\u00edtulo, nome, morada, endere\u00e7o de correio eletr\u00f3nico, n\u00famero de telefone, dados banc\u00e1rios, n\u00famero de cart\u00e3o de cr\u00e9dito) s\u00e3o processados por n\u00f3s apenas de acordo com as disposi\u00e7\u00f5es das leis de privacidade de dados alem\u00e3s. As disposi\u00e7\u00f5es seguintes descrevem o tipo, o \u00e2mbito e a finalidade da recolha, tratamento e utiliza\u00e7\u00e3o de dados pessoais. Esta pol\u00edtica de privacidade de dados aplica-se apenas \u00e0s nossas p\u00e1ginas web. Se as liga\u00e7\u00f5es nas nossas p\u00e1ginas o encaminharem para outras p\u00e1ginas, informe-se sobre a forma como os seus dados s\u00e3o tratados nesses casos.<\/p>\n\n\n\n<h2 class=\"wp-block-heading\">Dados do invent\u00e1rio<\/h2>\n\n\n\n<p>(1) Os seus dados pessoais, na medida em que sejam necess\u00e1rios para esta rela\u00e7\u00e3o contratual (dados de invent\u00e1rio) em termos do seu estabelecimento, organiza\u00e7\u00e3o de conte\u00fados e modifica\u00e7\u00f5es, s\u00e3o utilizados exclusivamente para o cumprimento do contrato. Para que os bens sejam entregues, por exemplo, seu nome e endere\u00e7o devem ser transmitidos ao fornecedor dos bens.<br \/>(2) Sem o seu consentimento expl\u00edcito ou uma base jur\u00eddica, os seus dados pessoais n\u00e3o s\u00e3o transmitidos a terceiros fora do \u00e2mbito do cumprimento deste contrato. Ap\u00f3s a conclus\u00e3o do contrato, os seus dados s\u00e3o bloqueados contra qualquer utiliza\u00e7\u00e3o posterior. Ap\u00f3s o termo dos prazos de acordo com os regulamentos fiscais e comerciais, estes dados s\u00e3o eliminados, a menos que tenha consentido expressamente a sua utiliza\u00e7\u00e3o posterior.<\/p>\n\n\n\n<h2 class=\"wp-block-heading\">An\u00e1lise da Web com o Google Analytics<\/h2>\n\n\n\n<p>Este website utiliza o Google Analytics, um servi\u00e7o de an\u00e1lise web da Google Inc. (Google). O Google Analytics utiliza cookies, ou seja, ficheiros de texto armazenados no seu computador para permitir a an\u00e1lise da utiliza\u00e7\u00e3o do website por si. As informa\u00e7\u00f5es geradas pelo cookie sobre a sua utiliza\u00e7\u00e3o deste website s\u00e3o normalmente transmitidas para um servidor da Google nos Estados Unidos e a\u00ed armazenadas. Em caso de anonimiza\u00e7\u00e3o de IP ativada neste site, no entanto, o seu endere\u00e7o IP \u00e9 previamente truncado pela Google dentro dos estados membros da Uni\u00e3o Europeia ou em outros estados que s\u00e3o partes no acordo sobre o Espa\u00e7o Econ\u00f3mico Europeu. S\u00f3 em casos excecionais \u00e9 que um endere\u00e7o IP completo \u00e9 transmitido para um servidor da Google nos Estados Unidos e a\u00ed truncado. Em nome do propriet\u00e1rio deste s\u00edtio Web, a Google utilizar\u00e1 estas informa\u00e7\u00f5es para avaliar a sua utiliza\u00e7\u00e3o do s\u00edtio Web, compilar relat\u00f3rios sobre as atividades do s\u00edtio Web e fornecer ao operador do s\u00edtio Web outros servi\u00e7os relacionados com a utiliza\u00e7\u00e3o do s\u00edtio Web e da Internet. O endere\u00e7o IP enviado a partir do seu navegador como parte do Google Analytics n\u00e3o \u00e9 fundido com outros dados pela Google. Pode impedir o armazenamento de cookies atrav\u00e9s da configura\u00e7\u00e3o adequada do software do seu browser; neste caso, no entanto, tenha em aten\u00e7\u00e3o que poder\u00e1 n\u00e3o conseguir utilizar plenamente todas as fun\u00e7\u00f5es oferecidas por este website. Al\u00e9m disso, pode impedir que os dados gerados pelo cookie e relacionados com a sua utiliza\u00e7\u00e3o do website (incluindo o seu endere\u00e7o IP) sejam recolhidos e tratados pela Google, descarregando e instalando um plug-in do navegador a partir da seguinte liga\u00e7\u00e3o: <a href=\"http:\/\/tools.google.com\/dlpage\/gaoptout?hl=en\" target=\"_blank\" rel=\"noopener noreferrer\">http:\/\/tools.google.com\/dlpage\/gaoptout?hl=en<\/a><\/p>\n\n\n\n<h2 class=\"wp-block-heading\">Informa\u00e7\u00f5es sobre os cookies<\/h2>\n\n\n\n<p>(1) Para otimizar a nossa presen\u00e7a na Internet, utilizamos cookies. Trata-se de pequenos ficheiros de texto armazenados na mem\u00f3ria principal do seu computador. Estes cookies s\u00e3o eliminados depois de fechar o navegador. Outros cookies mant\u00eam-se no seu computador (cookies de longa dura\u00e7\u00e3o) e permitem o seu reconhecimento na sua pr\u00f3xima visita. Isto permite-nos melhorar o seu acesso ao nosso site.<br \/>(2) Pode impedir o armazenamento de cookies escolhendo uma op\u00e7\u00e3o \u00abdesativar cookies\u00bb nas defini\u00e7\u00f5es do seu navegador. Mas isso pode limitar a funcionalidade das nossas ofertas de Internet como resultado.<\/p>\n\n\n\n<h2 class=\"wp-block-heading\">Plug-ins sociais a partir do Facebook<\/h2>\n\n\n\n<p>Utilizamos plug-ins sociais da facebook.com, operados pela Facebook Inc., 1601 S. California Ave, Palo Alto, CA 94304, EUA. Os plug-ins podem ser reconhecidos atrav\u00e9s do log\u00f3tipo do Facebook ou do suplemento \u00abFacebook Social Plug-in\u00bb. Por exemplo, se clicar no bot\u00e3o \u00abGostar\u00bb ou deixar um coment\u00e1rio, as informa\u00e7\u00f5es pertinentes s\u00e3o transmitidas diretamente do seu navegador para o Facebook e a\u00ed armazenadas. Al\u00e9m disso, o Facebook torna os teus likes p\u00fablicos para os teus amigos do Facebook. Se estiver ligado ao Facebook, pode atribuir a invoca\u00e7\u00e3o da nossa p\u00e1gina diretamente \u00e0 sua conta do Facebook. Mesmo que n\u00e3o tenha sess\u00e3o iniciada ou n\u00e3o tenha uma conta no Facebook, o seu navegador envia informa\u00e7\u00f5es (por exemplo, que p\u00e1ginas Web acedeu, o seu endere\u00e7o IP) que s\u00e3o depois armazenadas pelo Facebook. Para obter informa\u00e7\u00f5es sobre o tratamento dos seus dados pessoais pelo Facebook e os seus direitos conexos, consulte a pol\u00edtica de privacidade de dados do Facebook: <a href=\"http:\/\/www.facebook.com\/policy.php\" target=\"_blank\" rel=\"noopener noreferrer\">http:\/\/www.facebook.com\/policy.php<\/a>. Se n\u00e3o quiser que o Facebook mapeie os dados recolhidos sobre si atrav\u00e9s dos nossos Web sites para a sua conta do Facebook, tem de terminar a sess\u00e3o no Facebook antes de visitar as nossas p\u00e1ginas Web.<\/p>\n\n\n\n<h2 class=\"wp-block-heading\">Plug-ins sociais a partir do Twitter<\/h2>\n\n\n\n<p>Com o Twitter e as suas fun\u00e7\u00f5es Retweet, utilizamos plug-ins sociais do Twitter.com, operados pela Twitter Inc. 795 Folsom St., Suite 600, S\u00e3o Francisco, CA 94107. Se utilizar o Retweet, os sites visitados por si s\u00e3o anunciados a terceiros e associados \u00e0 sua conta do Twitter. Para mais informa\u00e7\u00f5es sobre o tratamento dos seus dados pelo Twitter, bem como sobre os seus direitos e op\u00e7\u00f5es de defini\u00e7\u00e3o para proteger as suas informa\u00e7\u00f5es pessoais, consultar a pol\u00edtica de privacidade dos dados do Twitter: <a href=\"http:\/\/twitter.com\/privacy\" target=\"_blank\" rel=\"noopener noreferrer\">http:\/\/twitter.com\/privacy <\/a><\/p>\n\n\n\n<h2 class=\"wp-block-heading\">Divulga\u00e7\u00e3o<\/h2>\n\n\n\n<p>De acordo com a Lei Federal de Prote\u00e7\u00e3o de Dados, tem direito a informa\u00e7\u00f5es gratuitas sobre os seus dados armazenados e, possivelmente, direito \u00e0 corre\u00e7\u00e3o, bloqueio ou elimina\u00e7\u00e3o de tais dados. Os pedidos de informa\u00e7\u00e3o podem ser enviados para os seguintes endere\u00e7os de correio eletr\u00f3nico: suporte (AT) gsoftwarelab.atlassian.net<\/p>","protected":false},"excerpt":{"rendered":"<p>Os seus dados pessoais (por exemplo, t\u00edtulo, nome, morada, endere\u00e7o de correio eletr\u00f3nico, n\u00famero de telefone, dados banc\u00e1rios, n\u00famero de cart\u00e3o de cr\u00e9dito) s\u00e3o processados por n\u00f3s apenas de acordo com as disposi\u00e7\u00f5es das leis de privacidade de dados alem\u00e3s. As disposi\u00e7\u00f5es seguintes descrevem o tipo, o \u00e2mbito e a finalidade da recolha, tratamento e utiliza\u00e7\u00e3o de dados pessoais. Esta pol\u00edtica de privacidade de dados [...]<\/p>","protected":false},"author":1,"featured_media":0,"parent":0,"menu_order":0,"comment_status":"closed","ping_status":"closed","template":"","meta":{"rop_custom_images_group":[],"rop_custom_messages_group":[],"rop_publish_now":"initial","rop_publish_now_accounts":{"twitter_2998589429_2998589429":""},"rop_publish_now_history":[],"rop_publish_now_status":"pending","footnotes":""},"class_list":["post-71","page","type-page","status-publish","hentry"],"blocksy_meta":[],"_links":{"self":[{"href":"https:\/\/gsoftwarelab.com\/pt\/wp-json\/wp\/v2\/pages\/71","targetHints":{"allow":["GET"]}}],"collection":[{"href":"https:\/\/gsoftwarelab.com\/pt\/wp-json\/wp\/v2\/pages"}],"about":[{"href":"https:\/\/gsoftwarelab.com\/pt\/wp-json\/wp\/v2\/types\/page"}],"author":[{"embeddable":true,"href":"https:\/\/gsoftwarelab.com\/pt\/wp-json\/wp\/v2\/users\/1"}],"replies":[{"embeddable":true,"href":"https:\/\/gsoftwarelab.com\/pt\/wp-json\/wp\/v2\/comments?post=71"}],"version-history":[{"count":1,"href":"https:\/\/gsoftwarelab.com\/pt\/wp-json\/wp\/v2\/pages\/71\/revisions"}],"predecessor-version":[{"id":8367,"href":"https:\/\/gsoftwarelab.com\/pt\/wp-json\/wp\/v2\/pages\/71\/revisions\/8367"}],"wp:attachment":[{"href":"https:\/\/gsoftwarelab.com\/pt\/wp-json\/wp\/v2\/media?parent=71"}],"curies":[{"name":"wp","href":"https:\/\/api.w.org\/{rel}","templated":true}]}}