{"id":68,"date":"2021-01-05T17:24:31","date_gmt":"2021-01-05T15:24:31","guid":{"rendered":"http:\/\/gsoftwarelab.com\/?page_id=68"},"modified":"2025-11-09T08:46:22","modified_gmt":"2025-11-09T06:46:22","slug":"imprint","status":"publish","type":"page","link":"https:\/\/gsoftwarelab.com\/pt\/imprint\/","title":{"rendered":"Impress\u00e3o"},"content":{"rendered":"<h1 class=\"wp-block-heading\">Divulga\u00e7\u00e3o legal<\/h1>\n\n\n\n<p>Informa\u00e7\u00f5es em conformidade com a sec\u00e7\u00e3o 5 do TMG<\/p>\n\n\n\n<p>GSoftwareLab Inh. Lucas Schmutzler<br \/>Dahlienweg 8<br \/>09557 Floeha<br \/>Sax\u00f3nia, Alemanha<\/p>\n\n\n\n<h2 class=\"wp-block-heading\">Contacto<\/h2>\n\n\n\n<p>Correio eletr\u00f3nico: <a href=\"mailto:support@gsoftwarelab.atlassian.net\">support@gsoftwarelab.atlassian.net<\/a><br \/>Contacte-nos: <a href=\"https:\/\/gsoftwarelab.atlassian.net\/servicedesk\/customer\/portal\/1\" target=\"_blank\" rel=\"noreferrer noopener\">https:\/\/gsoftwarelab.atlassian.net\/servicedesk\/customer\/portal\/1<\/a><br \/>S\u00edtio Web: <a href=\"https:\/\/GSoftwareLab.com\" target=\"_blank\" rel=\"noreferrer noopener\">https:\/\/GSoftwareLab.com<\/a><\/p>\n\n\n\n<h2 class=\"wp-block-heading\">N\u00famero de identifica\u00e7\u00e3o para efeitos de IVA<\/h2>\n\n\n\n<p>N\u00famero de identifica\u00e7\u00e3o para efeitos de IVA em conformidade com o artigo 27.o-A da lei alem\u00e3 relativa ao IVA<br \/>USt-Id-NR: DE 220\/269\/01182<\/p>\n\n\n\n<p>O imposto sobre o valor acrescentado n\u00e3o \u00e9 cobrado, uma vez que as pequenas empresas s\u00e3o abrangidas pelo artigo 19.o, n.o 1, da UStG.<\/p>\n\n\n\n<h2 class=\"wp-block-heading\">Declara\u00e7\u00e3o de exonera\u00e7\u00e3o de responsabilidade<\/h2>\n\n\n\n<p>Responsabiliza\u00e7\u00e3o pelo conte\u00fado<br \/>Os conte\u00fados das nossas p\u00e1ginas foram criados com o maior cuidado. No entanto, n\u00e3o podemos garantir a exatid\u00e3o, a exaustividade ou a atualidade do conte\u00fado. De acordo com as disposi\u00e7\u00f5es estatut\u00e1rias, somos ainda respons\u00e1veis pelo nosso pr\u00f3prio conte\u00fado nestas p\u00e1ginas web. Neste contexto, observe que, portanto, n\u00e3o somos obrigados a monitorar apenas as informa\u00e7\u00f5es transmitidas ou salvas de terceiros, ou investigar circunst\u00e2ncias que apontem para atividades ilegais. As nossas obriga\u00e7\u00f5es de remover ou bloquear o uso de informa\u00e7\u00f5es de acordo com as leis geralmente aplic\u00e1veis n\u00e3o s\u00e3o afetadas por isso, de acordo com os \u00a7\u00a7 8 a 10 da Lei de Telem\u00e9dia (TMG).<\/p>\n\n\n\n<p>Responsabiliza\u00e7\u00e3o pelas liga\u00e7\u00f5es<br \/>A responsabilidade pelo conte\u00fado dos links externos (para p\u00e1ginas web de terceiros) cabe exclusivamente aos operadores das p\u00e1ginas vinculadas. Nenhuma viola\u00e7\u00e3o foi evidente para n\u00f3s no momento da liga\u00e7\u00e3o. Se qualquer infra\u00e7\u00e3o legal for do nosso conhecimento, removeremos o respetivo link imediatamente.<\/p>\n\n\n\n<p>Direitos de autor<br \/>As nossas p\u00e1ginas web e os seus conte\u00fados est\u00e3o sujeitos \u00e0 lei alem\u00e3 de direitos de autor. A menos que expressamente permitido por lei (\u00a7\u00a7 44a e seguintes da lei de direitos autorais), qualquer forma de utiliza\u00e7\u00e3o, reprodu\u00e7\u00e3o ou processamento de obras sujeitas \u00e0 prote\u00e7\u00e3o de direitos autorais em nossas p\u00e1ginas da web requer o consentimento pr\u00e9vio do respetivo propriet\u00e1rio dos direitos. As reprodu\u00e7\u00f5es individuais de uma obra s\u00f3 s\u00e3o permitidas para uso privado, pelo que n\u00e3o devem servir, direta ou indiretamente, para a obten\u00e7\u00e3o de rendimentos. A utiliza\u00e7\u00e3o n\u00e3o autorizada de obras protegidas por direitos autorais \u00e9 pun\u00edvel (\u00a7 106 da lei de direitos autorais).<\/p>\n\n\n<div class=\"woocommerce woocommerce-gzd woocommerce-gzd-complaints-shortcode\">\n\t\t\t<h3>Resolu\u00e7\u00e3o alternativa de lit\u00edgios nos termos do artigo 14.o, n.o 1, da ODR-VO e do artigo 36.o da VSBG:<\/h3>\n\t\nN\u00e3o somos obrigados nem estamos dispostos a participar em processos de resolu\u00e7\u00e3o de lit\u00edgios perante uma comiss\u00e3o de arbitragem de consumidores.<\/div>","protected":false},"excerpt":{"rendered":"<p>Informa\u00e7\u00f5es de Divulga\u00e7\u00e3o Legal de acordo com a sec\u00e7\u00e3o 5 TMG GSoftwareLab Inh. Lucas SchmutzlerDahlienweg 809557 FloehaSaxony, Alemanha Contactar o E-mail: support@gsoftwarelab.atlassian.netContacte-nos: https:\/\/gsoftwarelab.atlassian.net\/servicedesk\/customer\/portal\/1Website: https:\/\/GSoftwareLabN\u00famero de identifica\u00e7\u00e3o IVA .com de acordo com a sec\u00e7\u00e3o 27 a do VAT actUSt-Id-NR alem\u00e3o: DE 220\/269\/01182 O imposto sobre o valor acrescentado n\u00e3o \u00e9 cobrado, uma vez que as pequenas empresas s\u00e3o abrangidas pelo artigo 19.o, n.o 1, da UStG. Declara\u00e7\u00e3o de exonera\u00e7\u00e3o de responsabilidade [...]<\/p>","protected":false},"author":1,"featured_media":0,"parent":0,"menu_order":0,"comment_status":"closed","ping_status":"closed","template":"","meta":{"rop_custom_images_group":[],"rop_custom_messages_group":[],"rop_publish_now":"initial","rop_publish_now_accounts":{"twitter_2998589429_2998589429":""},"rop_publish_now_history":[],"rop_publish_now_status":"pending","footnotes":""},"class_list":["post-68","page","type-page","status-publish","hentry"],"blocksy_meta":[],"_links":{"self":[{"href":"https:\/\/gsoftwarelab.com\/pt\/wp-json\/wp\/v2\/pages\/68","targetHints":{"allow":["GET"]}}],"collection":[{"href":"https:\/\/gsoftwarelab.com\/pt\/wp-json\/wp\/v2\/pages"}],"about":[{"href":"https:\/\/gsoftwarelab.com\/pt\/wp-json\/wp\/v2\/types\/page"}],"author":[{"embeddable":true,"href":"https:\/\/gsoftwarelab.com\/pt\/wp-json\/wp\/v2\/users\/1"}],"replies":[{"embeddable":true,"href":"https:\/\/gsoftwarelab.com\/pt\/wp-json\/wp\/v2\/comments?post=68"}],"version-history":[{"count":3,"href":"https:\/\/gsoftwarelab.com\/pt\/wp-json\/wp\/v2\/pages\/68\/revisions"}],"predecessor-version":[{"id":8498,"href":"https:\/\/gsoftwarelab.com\/pt\/wp-json\/wp\/v2\/pages\/68\/revisions\/8498"}],"wp:attachment":[{"href":"https:\/\/gsoftwarelab.com\/pt\/wp-json\/wp\/v2\/media?parent=68"}],"curies":[{"name":"wp","href":"https:\/\/api.w.org\/{rel}","templated":true}]}}