{"id":5002,"date":"2022-07-06T12:59:17","date_gmt":"2022-07-06T10:59:17","guid":{"rendered":"https:\/\/gsoftwarelab.com\/terms-conditions\/"},"modified":"2025-10-26T05:16:22","modified_gmt":"2025-10-26T03:16:22","slug":"terms-of-service","status":"publish","type":"page","link":"https:\/\/gsoftwarelab.com\/pt\/terms-of-service\/","title":{"rendered":"Termos de Servi\u00e7o"},"content":{"rendered":"<div class=\"wp-block-group is-layout-constrained wp-block-group-is-layout-constrained\">\n<div class=\"wp-block-stackable-heading stk-block-heading stk-block-heading--v2 stk-block stk-f0a48d6\" id=\"terms-of-service\" data-block-id=\"f0a48d6\"><style>.stk-f0a48d6 .stk-block-heading__top-line{margin-left:auto !important;margin-right:auto !important;}<\/style><div class=\"stk-block-heading__top-line\"><\/div><h1 class=\"stk-block-heading__text has-text-align-center\">Termos de Servi\u00e7o<\/h1><\/div>\n\n\n\n<!-- This legal document was generated by Complianz Terms &amp; Conditions https:\/\/wordpress.org\/plugins\/complianz-terms-conditions -->\n<div id=\"cmplz-document\" class=\"cmplz-document cmplz-terms-conditions\"><p><i>Os Termos e Condi\u00e7\u00f5es foram atualizados pela \u00faltima vez em 15 de janeiro de 2026<\/i><\/p><h2>1. Introdu\u00e7\u00e3o<\/h2><p>Estes Termos e condi\u00e7\u00f5es aplicam-se a este site e \u00e0s transa\u00e7\u00f5es relacionadas aos nossos produtos e servi\u00e7os.\u00a0Voc\u00ea pode estar sujeito a contratos adicionais relacionados ao seu relacionamento conosco ou quaisquer produtos ou servi\u00e7os que receba de n\u00f3s.\u00a0Se alguma cl\u00e1usula dos contratos adicionais entrar em conflito com qualquer cl\u00e1usula destes Termos, como cl\u00e1usulas desses contratos adicionais prevalecer\u00e3o.<\/p><h2>2. Obriga\u00e7\u00f5es<\/h2><p>Ao se registrar, acessar ou usar este site de outra forma, voc\u00ea concorda em obedecer a estes Termos e condi\u00e7\u00f5es definidos abaixo.\u00a0A simples utiliza\u00e7\u00e3o deste site implica o conhecimento e aceita\u00e7\u00e3o destes Termos e condi\u00e7\u00f5es.\u00a0Em alguns casos espec\u00edficos, tamb\u00e9m podemos pedir que voc\u00ea concorde explicitamente.<\/p><h2>3. Comunica\u00e7\u00e3o eletr\u00f4nica<\/h2><p>Ao utilizar este site ou comunicar-se conosco por meios eletr\u00f4nicos, voc\u00ea concorda e reconhece que podemos nos comunicar com voc\u00ea eletronicamente em nosso site ou enviando um e-mail e concorda que todos os acordos, avisos, divulga\u00e7\u00f5es e outras comunica\u00e7\u00f5es que fornecemos eletronicamente a voc\u00ea satisfazem a qualquer requisito legal, incluindo, mas n\u00e3o se limitando ao requisito de que tais comunica\u00e7\u00f5es sejam feitas por escrito.<\/p><h2>4. Propriedade intelectual<\/h2><p>N\u00f3s ou nossos licenciantes possu\u00edmos e controlamos todos os direitos autorais e outros direitos de propriedade intelectual no site e os dados, informa\u00e7\u00f5es e outros recursos exibidos ou acess\u00edveis dentro do site.<\/p><p class=\"cmplz-subtitle\">4.1 Todos os direitos s\u00e3o reservados<\/p><p>A menos que conte\u00fados espec\u00edficos determinem o contr\u00e1rio, voc\u00ea n\u00e3o recebe uma licen\u00e7a ou qualquer outro direito sob Copyright, Marca Registrada, Patente ou outros Direitos de Propriedade Intelectual.\u00a0Isso significa que voc\u00ea n\u00e3o vai usar, copiar, reproduzir, executar, exibir, distribuir, incorporar em qualquer meio eletr\u00f4nico, alterar, fazer engenharia reversa, descompilar, transferir, baixar, transmitir, monetizar, vender, negociar ou comercializar quaisquer recursos neste site em qualquer forma, sem nossa permiss\u00e3o pr\u00e9via por escrito, exceto e somente na medida estipulada de outra forma nos regulamentos da lei obrigat\u00f3ria (como o direito de cota\u00e7\u00e3o).<\/p><h2>5. Boletim informativo<\/h2><p>N\u00e3o obstante o acima exposto, voc\u00ea pode encaminhar a nossa newsletter em formato eletr\u00f4nico a outras pessoas que tenham interesse em visitar o nosso site.<\/p><h2>6. Propriedade de terceiros<\/h2><p>O nosso site pode incluir hiperlinks ou outras refer\u00eancias a sites de terceiros.\u00a0N\u00e3o monitoramos ou revisamos o conte\u00fado de sites de terceiros que est\u00e3o vinculados a partir deste site.\u00a0Os produtos ou servi\u00e7os oferecidos por outros sites estar\u00e3o sujeitos aos Termos e Condi\u00e7\u00f5es aplic\u00e1veis desses terceiros.\u00a0Como opini\u00f5es expressas ou o material que aparece nesses sites n\u00e3o s\u00e3o necessariamente compartilhados ou endossados por n\u00f3s.<\/p><p>N\u00e3o seremos respons\u00e1veis por quaisquer pr\u00e1ticas de privacidade ou conte\u00fados desses sites.\u00a0Voc\u00ea assume todos os riscos associados ao uso desses sites e de quaisquer servi\u00e7os de terceiros relacionados.\u00a0N\u00e3o aceitaremos qualquer responsabilidade por qualquer perda ou dano de qualquer forma, causado por voc\u00ea, resultante da sua divulga\u00e7\u00e3o a terceiros de informa\u00e7\u00f5es pessoais.<\/p><h2>7. Uso respons\u00e1vel<\/h2><p>Ao visitar nosso site, voc\u00ea concorda em us\u00e1-lo apenas para os fins pretendidos e permitidos por estes Termos, quaisquer contratos adicionais conosco e as leis, regulamentos e pr\u00e1ticas online normalmente aceitas e diretrizes da ind\u00fastria.\u00a0Voc\u00ea n\u00e3o deve usar nosso site ou servi\u00e7os para usar, publicar ou distribuir qualquer material que consista em (ou esteja vinculado a) software de computador malicioso; usar os dados coletados em nosso site para qualquer atividade de marketing direto; ou conduzir quaisquer atividades de coleta de dados sistem\u00e1tica ou automatizada em ou em rela\u00e7\u00e3o ao nosso site.<\/p><p>O envolvimento em qualquer atividade que cause ou possa causar danos ao site ou que interfira no desempenho, disponibilidade ou acessibilidade do site \u00e9 estritamente proibido.<\/p><h2>8. Cadastro<\/h2><p>Voc\u00ea pode se registrar para uma conta em nosso site.\u00a0Durante este processo, pode ser necess\u00e1rio escolher uma senha.\u00a0Voc\u00ea \u00e9 respons\u00e1vel por manter a confidencialidade das senhas e informa\u00e7\u00f5es da conta e concorda em n\u00e3o compartilhar suas senhas, informa\u00e7\u00f5es da conta ou acesso seguro ao nosso site ou servi\u00e7os com qualquer outra pessoa.\u00a0Voc\u00ea n\u00e3o deve permitir que outra pessoa use sua conta para acessar o site porque voc\u00ea \u00e9 respons\u00e1vel por todas as atividades que ocorrem por meio do uso de suas senhas ou contas.\u00a0Voc\u00ea deve nos notificar imediatamente se tomar conhecimento de qualquer divulga\u00e7\u00e3o de sua senha.<\/p><p>Ap\u00f3s o encerramento da conta, voc\u00ea n\u00e3o tentar\u00e1 registrar uma nova conta sem nossa permiss\u00e3o.<\/p><h2>9. Pol\u00edtica de reembolso e devolu\u00e7\u00e3o<\/h2><p class=\"cmplz-subtitle\">9.1 Direito de cancelamento<\/p><p>Voc\u00ea tem o direito de rescindir este contrato em 14 dias, sem indicar o motivo.<\/p><p>O per\u00edodo de cancelamento ir\u00e1 expirar ap\u00f3s 14 dias a partir da data de conclus\u00e3o do contrato.<\/p><p>Para exercer o direito de cancelamento, voc\u00ea deve nos informar sobre sua decis\u00e3o de rescindir este contrato por meio de uma declara\u00e7\u00e3o inequ\u00edvoca (por exemplo, uma carta enviada por correio, fax ou e-mail).\u00a0Nossos detalhes de contato podem ser encontrados abaixo.\u00a0Pode utilizar o modelo em anexo <a target=\"_blank\" href=\"https:\/\/gsoftwarelab.com\/wp-content\/uploads\/complianz\/withdrawal-forms\/withdrawal-form-pt.pdf\">formul\u00e1rio de retirada<\/a>, mas n\u00e3o \u00e9 obrigat\u00f3rio.<\/p><p>Tamb\u00e9m pode preencher e enviar eletronicamente o modelo de formul\u00e1rio de retrata\u00e7\u00e3o ou qualquer outra declara\u00e7\u00e3o inequ\u00edvoca na nossa <a href=\"https:\/\/gsoftwarelab.com\/pt\/contact-us\/\"> website<\/a>.<\/p><p>Se voc\u00ea usar esta op\u00e7\u00e3o, ir\u00e1 enviar a voc\u00ea um aviso de recebimento de tal cancelamento em uma m\u00eddia dur\u00e1vel (por exemplo, por e-mail) sem demora.<\/p><p>Para cumprir o prazo de cancelamento, basta-lhe enviar a sua comunica\u00e7\u00e3o relativa ao exerc\u00edcio do direito de rescis\u00e3o antes que o per\u00edodo de cancelamento expire.<\/p><p class=\"cmplz-subtitle\">9.2 Efeitos do cancelamento<\/p><p>Se voc\u00ea rescindir este contrato, iremos reembolsar todos os pagamentos recebidos de voc\u00ea, incluindo os custos de entrega (com exce\u00e7\u00e3o dos custos suplementares resultantes de sua escolha de um tipo de entrega diferente do tipo mais barato de entrega padr\u00e3o oferecido por n\u00f3s), sem atrasos indevidos e, em qualquer caso, o mais tardar 14 dias a partir da data em que formos informados da sua decis\u00e3o de rescindir este contrato.\u00a0Realizaremos esse reembolso usando os mesmos meios de pagamento que voc\u00ea usou para a transa\u00e7\u00e3o inicial, a menos que voc\u00ea tenha expressamente acordado o contr\u00e1rio; em qualquer caso, voc\u00ea n\u00e3o incorrer\u00e1 em nenhuma taxa como resultado de tal reembolso.<\/p><p>Se voc\u00ea solicitou o in\u00edcio da execu\u00e7\u00e3o dos servi\u00e7os durante o per\u00edodo de cancelamento, dever\u00e1 nos pagar uma quantia proporcional ao que foi fornecido at\u00e9 que voc\u00ea tenha comunicado sua rescis\u00e3o deste contrato, em rela\u00e7\u00e3o com a cobertura total do contrato.<\/p><p>Observe que h\u00e1 algumas exce\u00e7\u00f5es legais ao direito de cancelamento e, portanto, alguns itens n\u00e3o podem ser devolvidos ou trocados.\u00a0Avisaremos se isso se aplica ao seu caso espec\u00edfico.<\/p><h2>10. Submiss\u00e3o de ideias<\/h2><p>N\u00e3o inveja ideias, inven\u00e7\u00f5es, trabalhos autorais ou outras informa\u00e7\u00f5es que possam ser consideradas de sua propriedade intelectual que voc\u00ea gostaria de apresentar para n\u00f3s, a menos que tenhamos assinado um acordo sobre a propriedade intelectual ou um acordo de n\u00e3o divulga\u00e7\u00e3o.\u00a0Se voc\u00ea divulgar a n\u00f3s na aus\u00eancia de tal acordo por escrito, voc\u00ea nos concede uma licen\u00e7a mundial, irrevog\u00e1vel, n\u00e3o exclusiva e livre de royalties para usar, reproduzir, armazenar, adaptar, publicar, traduzir e distribuir seu conte\u00fado em qualquer m\u00eddia existente ou futura.<\/p><h2>11. Cessa\u00e7\u00e3o de uso<\/h2><p>Podemos, a nosso exclusivo crit\u00e9rio, a qualquer momento modificar ou descontinuar o acesso, tempor\u00e1ria ou permanentemente, ao site ou a qualquer Servi\u00e7o nele contido.\u00a0Voc\u00ea concorda que n\u00e3o seremos respons\u00e1veis por voc\u00ea ou qualquer terceiro por qualquer modifica\u00e7\u00e3o, suspens\u00e3o ou interrup\u00e7\u00e3o de seu acesso ou uso do site ou de qualquer conte\u00fado que voc\u00ea possa ter compartilhado no site.\u00a0Voc\u00ea n\u00e3o tem direito a qualquer compensa\u00e7\u00e3o ou outro pagamento, mesmo que certos recursos, configura\u00e7\u00f5es e\/ou qualquer Conte\u00fado com o qual tenha contribu\u00eddo ou do qual venha a depender perdidos permanentemente.\u00a0Voc\u00ea n\u00e3o deve contornar ou burlar, ou tentar contornar ou burlar, quaisquer medidas de restri\u00e7\u00e3o de acesso em nosso site.<\/p><h2>12. Garantias e responsabilidade<\/h2><p>Nada nesta se\u00e7\u00e3o limitada\u00e1 ou excluir\u00e1 qualquer garantia impl\u00edcita por lei que seria ilegal limitar ou excluir.\u00a0Este site e todo o conte\u00fado do site s\u00e3o fornecidos \"no estado em que se encontram\" e \"conforme dispon\u00edvel\" e podem incluir imprecis\u00f5es ou erros tipogr\u00e1ficos.\u00a0Renunciamos expressamente a todas as as garantias de qualquer tipo, expressas ou impl\u00edcitas, quanto \u00e0 disponibilidade, precis\u00e3o ou integridade do Conte\u00fado.\u00a0N\u00e3o garantimos que:<\/p><p><ul>\n\t\t\t\t<li>este site ou nossos produtos ou servi\u00e7os atender\u00e3o \u00e0s suas necessidades;<\/li>\n\t\t\t\t<li>Este site est\u00e1 dispon\u00edvel de forma ininterrupta, oportuna, segura ou livre de erros;<\/li>\n\t\t\t\t<li>a qualidade de qualquer produto ou servi\u00e7o adquirido ou obtido por voc\u00ea atrav\u00e9s deste site atender\u00e1 \u00e0s suas expectativas.<\/li>\n\t\t\t<\/ul><\/p><p>Nada neste site constitui, ou pretende constituir, aconselhamento jur\u00eddico, financeiro ou m\u00e9dico de qualquer tipo.\u00a0Se voc\u00ea precisa de aconselhamento, deve consultar um profissional adequado.<\/p><p>As seguintes disposi\u00e7\u00f5es desta se\u00e7\u00e3o ser\u00e3o aplicadas na extens\u00e3o m\u00e1xima permitida pela lei aplic\u00e1vel e n\u00e3o limitar\u00e3o ou excluir\u00e3o nossa responsabilidade em rela\u00e7\u00e3o a qualquer assunto que seria il\u00edcito ou ilegal limitarmos ou excluirmos de nossa responsabilidade.\u00a0Em nenhum caso seremos respons\u00e1veis por quaisquer danos diretos ou indiretos (incluindo quaisquer danos por perda de lucros ou receita, perda ou corrup\u00e7\u00e3o de dados, software ou banco de dados, ou perda ou dano \u00e0 propriedade ou dados) incorridos por voc\u00ea ou terceiros decorrentes do seu acesso ou uso do nosso site.<\/p><p>Exceto na medida em que qualquer contrato adicional declare expressamente o contr\u00e1rio, nossa responsabilidade m\u00e1xima para com voc\u00ea por todos os danos decorrentes ou relacionados ao site ou quaisquer produtos e servi\u00e7os comercializados ou vendidos atrav\u00e9s do site, independentemente da forma de a\u00e7\u00e3o legal que imp\u00f5e responsabilidade (seja em contrato, equidade, neglig\u00eancia, conduta pretendida, ato il\u00edcito ou de outra forma) \u00e9 limitado ao pre\u00e7o total que voc\u00ea pagou a n\u00f3s para adquirir tais produtos ou servi\u00e7os usados o site.\u00a0Tal limite ser\u00e1 aplicado em conjunto a todas as suas reivindica\u00e7\u00f5es, a\u00e7\u00f5es e causas de a\u00e7\u00e3o de todos os tipos e naturezas.<\/p><h2>13. Privacidade<\/h2><p>Para acessar nosso site e\/ou servi\u00e7os, voc\u00ea pode precisar fornecer algumas informa\u00e7\u00f5es sobre voc\u00ea como parte do processo de registro.\u00a0Voc\u00ea concorda que todas as informa\u00e7\u00f5es fornecidas ser\u00e3o sempre precisas, corretas e atualizadas.<\/p><p>Levamos seus dados pessoais a s\u00e9rio e temos o compromisso de proteger a sua privacidade.\u00a0N\u00e3o usaremos seu endere\u00e7o de e-mail para correspond\u00eancias n\u00e3o solicitadas.\u00a0Quaisquer emails enviados por n\u00f3s para voc\u00ea ser\u00e3o apenas relacionados ao fornecimento dos produtos ou servi\u00e7os acordados.<\/p><p>Desenvolvemos uma pol\u00edtica para abordar quaisquer preocupa\u00e7\u00f5es de privacidade que voc\u00ea possa ter.\u00a0Para mais informa\u00e7\u00f5es, consulte o nosso <a href=\"https:\/\/gsoftwarelab.com\/pt\/privacy\/\">Declara\u00e7\u00e3o de confidencialidade<\/a> e a nossa <a href=\"https:\/\/gsoftwarelab.com\/pt\/cookie-policy-eu\/\">Pol\u00edtica de Cookies<\/a>.<\/p><h2>14. Acessibilidade<\/h2><p>Estamos comprometidos em tornar o conte\u00fado que fornecemos acess\u00edvel a pessoas com defici\u00eancia.\u00a0Se voc\u00ea tiver uma defici\u00eancia e n\u00e3o conseguir acessar qualquer parte do nosso site devido \u00e0 sua defici\u00eancia, pedimos que nos avise com uma descri\u00e7\u00e3o detalhada do problema que encontrei.\u00a0Se o problema for prontamente identific\u00e1vel e resolvido de acordo com as ferramentas e t\u00e9cnicas de tecnologia da informa\u00e7\u00e3o padr\u00e3o da ind\u00fastria, iremos resolv\u00ea-lo imediatamente.<\/p><h2>15. Restri\u00e7\u00f5es de exporta\u00e7\u00e3o \/ Conformidade legal<\/h2><p>\u00c9 proibido o acesso ao site a partir de territ\u00f3rios ou pa\u00edses onde o Conte\u00fado ou a compra dos produtos ou Servi\u00e7os vendidos no site \u00e9 ilegal.\u00a0Voc\u00ea n\u00e3o pode usar este site em viola\u00e7\u00e3o \u00e0s leis e regulamentos de exporta\u00e7\u00e3o de Alemanha.<\/p><h2>16. Marketing de afiliados<\/h2><p>Por meio deste site, podemos nos dedicar ao marketing de afiliados por meio do qual recebemos uma porcentagem ou uma comiss\u00e3o pela venda de servi\u00e7os ou produtos neste site ou por meio dele.\u00a0Tamb\u00e9m podemos aceitar patroc\u00ednios ou outras formas de compensa\u00e7\u00e3o de publicidade de empresas.\u00a0Esta divulga\u00e7\u00e3o se destina a cumprir os requisitos legais sobre marketing e publicidade que podem ser aplic\u00e1veis, como as Regras da Comiss\u00e3o de Com\u00e9rcio Federal dos EUA.<\/p><h2>17. Cess\u00e3o<\/h2><p>Voc\u00ea n\u00e3o pode ceder, transferir ou subcontratar nenhum de seus direitos e\/ou obriga\u00e7\u00f5es sob estes Termos e condi\u00e7\u00f5es, no todo ou em parte, a terceiros sem nosso consentimento pr\u00e9vio por escrito.\u00a0Qualquer alegada cess\u00e3o em viola\u00e7\u00e3o a esta Se\u00e7\u00e3o ser\u00e1 nula e sem efeito.<\/p><h2>18. Viola\u00e7\u00f5es a estes Termos e Condi\u00e7\u00f5es<\/h2><p>Sem preju\u00edzo de nossos outros direitos sob estes Termos e Condi\u00e7\u00f5es, se voc\u00ea violar estes Termos e Condi\u00e7\u00f5es de qualquer forma, podemos tomar como medidas que consideramos apropriadas para lidar com a viola\u00e7\u00e3o, incluindo a suspens\u00e3o tempor\u00e1ria ou permanente de seu acesso ao site, entrando em contato com seu provedor de servi\u00e7os de internet para solicitar o bloqueio de seu acesso ao site e\/ou iniciar uma a\u00e7\u00e3o legal contra voc\u00ea.<\/p><h2>19. For\u00e7a maior<\/h2><p>Exceto pelas obriga\u00e7\u00f5es de pagar dinheiro nos termos deste instrumento, nenhum atraso, falha ou omiss\u00e3o por qualquer uma das partes em realizar ou observar qualquer uma das suas obriga\u00e7\u00f5es aqui descritas \u00e9 considerada uma viola\u00e7\u00e3o destes Termos e condi\u00e7\u00f5es se e enquanto tal atraso, falha ou a omiss\u00e3o surgir de qualquer causa al\u00e9m do controle razo\u00e1vel daquela parte.<\/p><h2>20. Indeniza\u00e7\u00e3o<\/h2><p>Voc\u00ea concorda em indenizar, defender e nos isentar de responsabilidade, de e contra todas e quaisquer reivindica\u00e7\u00f5es, responsabilidades, danos, perdas e despesas relacionadas \u00e0 sua viola\u00e7\u00e3o destes Termos e condi\u00e7\u00f5es e das leis aplic\u00e1veis, incluindo direitos de propriedade intelectual e direitos de privacidade.\u00a0Voc\u00ea nos reembolsar\u00e1 prontamente por nossos danos, perdas, custos e despesas relacionados ou decorrentes de tais reivindica\u00e7\u00f5es.<\/p><h2>21. Cancelamento<\/h2><p>O n\u00e3o cumprimento de qualquer um dos dispositivos estabelecidos nestes Termos e Condi\u00e7\u00f5es e em qualquer Contrato, ou o n\u00e3o exerc\u00edcio de qualquer op\u00e7\u00e3o de rescis\u00e3o n\u00e3o devem ser interpretados como ren\u00fancia de tais dispositivos e n\u00e3o afetar\u00e1 a validade destes Termos e Condi\u00e7\u00f5es ou de qualquer parte dele ou o direito posterior de fazer cumprir todas as disposi\u00e7\u00f5es.<\/p><h2>22. Idioma<\/h2><p>Estes Termos e Condi\u00e7\u00f5es ser\u00e3o interpretados e concebidos exclusivamente em Ingl\u00eas.\u00a0Todas as notifica\u00e7\u00f5es e correspond\u00eancias ser\u00e3o redigidas exclusivamente neste idioma.<\/p><h2>23. Integral do Entendimento<\/h2><p>Estes Termos e Condi\u00e7\u00f5es, juntamente com o nosso <a href=\"https:\/\/gsoftwarelab.com\/pt\/privacy\/\">declara\u00e7\u00e3o de confidencialidade<\/a> e <a href=\"https:\/\/gsoftwarelab.com\/pt\/cookie-policy-eu\/\">pol\u00edtica de cookies<\/a>, constituir a totalidade do acordo entre si e GSoftwareLab Inh. Lucas Schmutzler em rela\u00e7\u00e3o \u00e0 sua utiliza\u00e7\u00e3o deste website.<\/p><h2>24. Atualiza\u00e7\u00e3o destes Termos e Condi\u00e7\u00f5es<\/h2><p>Podemos atualizar estes Termos e Condi\u00e7\u00f5es de tempos em tempos.\u00a0\u00c9 sua obriga\u00e7\u00e3o verificar periodicamente estes Termos e Condi\u00e7\u00f5es em busca de altera\u00e7\u00f5es ou atualiza\u00e7\u00f5es.\u00a0A data fornecida no in\u00edcio destes Termos e Condi\u00e7\u00f5es \u00e9 a data de revis\u00e3o mais recente.\u00a0Como altera\u00e7\u00f5es a estes Termos e Condi\u00e7\u00f5es entrar\u00e3o em vigor ap\u00f3s tais altera\u00e7\u00f5es serem publicadas neste site.\u00a0Seu uso continuado deste site ap\u00f3s a publica\u00e7\u00e3o de altera\u00e7\u00f5es ou atualiza\u00e7\u00f5es ser\u00e1 considerado um aviso de sua aceita\u00e7\u00e3o em cumprir e ser regido por estes Termos e Condi\u00e7\u00f5es.<\/p><h2>25. Legisla\u00e7\u00e3o aplic\u00e1vel e jurisdi\u00e7\u00e3o<\/h2><p>Estes Termos e Condi\u00e7\u00f5es ser\u00e3o regidos pelas leis da Alemanha.\u00a0Quaisquer disputas relacionadas a estes Termos e Condi\u00e7\u00f5es estar\u00e3o sujeitas \u00e0 jurisdi\u00e7\u00e3o dos tribunais de Alemanha.\u00a0Se qualquer parte ou disposi\u00e7\u00e3o destes Termos e Condi\u00e7\u00f5es for considerada por um tribunal ou outra autoridade inv\u00e1lida e\/ou inexequ\u00edvel sob a lei aplic\u00e1vel, tal parte ou disposi\u00e7\u00e3o ser\u00e1 modificada, exclu\u00edda e\/ou aplicada na extens\u00e3o m\u00e1xima permitida de modo a dar efeito \u00e0 inten\u00e7\u00e3o destes Termos e Condi\u00e7\u00f5es.\u00a0As demais disposi\u00e7\u00f5es n\u00e3o ser\u00e3o afetadas.<\/p><h2>26. Informa\u00e7\u00f5es de Contato<\/h2><p>Este site pertence e \u00e9 operado por GSoftwareLab Inh. Lucas Schmutzler.<\/p><p>Pode contactar-nos relativamente a estes Termos e Condi\u00e7\u00f5es atrav\u00e9s do nosso <a href=\"https:\/\/gsoftwarelab.com\/pt\/contact-us\/\">contacto<\/a> p\u00e1gina.<\/p><h2>27. Baixar<\/h2><p>Tamb\u00e9m podes <a href=\"https:\/\/gsoftwarelab.com\/wp-content\/plugins\/complianz-terms-conditions\/download.php\">baixar<\/a> nossos Termos e Condi\u00e7\u00f5es como um PDF.<\/p><\/div>\n<\/div>\n\n\n<div class=\"woocommerce woocommerce-gzd woocommerce-gzd-complaints-shortcode\">\n\t\t\t<h3>Resolu\u00e7\u00e3o alternativa de lit\u00edgios nos termos do artigo 14.o, n.o 1, da ODR-VO e do artigo 36.o da VSBG:<\/h3>\n\t\nN\u00e3o somos obrigados nem estamos dispostos a participar em processos de resolu\u00e7\u00e3o de lit\u00edgios perante uma comiss\u00e3o de arbitragem de consumidores.<\/div>","protected":false},"excerpt":{"rendered":"<p>Termos de Servi\u00e7o<\/p>","protected":false},"author":1,"featured_media":0,"parent":0,"menu_order":0,"comment_status":"closed","ping_status":"closed","template":"","meta":{"rop_custom_images_group":[],"rop_custom_messages_group":[],"rop_publish_now":"initial","rop_publish_now_accounts":{"twitter_2998589429_2998589429":""},"rop_publish_now_history":[],"rop_publish_now_status":"pending","footnotes":""},"class_list":["post-5002","page","type-page","status-publish","hentry"],"blocksy_meta":[],"_links":{"self":[{"href":"https:\/\/gsoftwarelab.com\/pt\/wp-json\/wp\/v2\/pages\/5002","targetHints":{"allow":["GET"]}}],"collection":[{"href":"https:\/\/gsoftwarelab.com\/pt\/wp-json\/wp\/v2\/pages"}],"about":[{"href":"https:\/\/gsoftwarelab.com\/pt\/wp-json\/wp\/v2\/types\/page"}],"author":[{"embeddable":true,"href":"https:\/\/gsoftwarelab.com\/pt\/wp-json\/wp\/v2\/users\/1"}],"replies":[{"embeddable":true,"href":"https:\/\/gsoftwarelab.com\/pt\/wp-json\/wp\/v2\/comments?post=5002"}],"version-history":[{"count":3,"href":"https:\/\/gsoftwarelab.com\/pt\/wp-json\/wp\/v2\/pages\/5002\/revisions"}],"predecessor-version":[{"id":8455,"href":"https:\/\/gsoftwarelab.com\/pt\/wp-json\/wp\/v2\/pages\/5002\/revisions\/8455"}],"wp:attachment":[{"href":"https:\/\/gsoftwarelab.com\/pt\/wp-json\/wp\/v2\/media?parent=5002"}],"curies":[{"name":"wp","href":"https:\/\/api.w.org\/{rel}","templated":true}]}}