{"id":4043,"date":"2022-01-24T01:33:47","date_gmt":"2022-01-23T23:33:47","guid":{"rendered":"https:\/\/gsoftwarelab.com\/?page_id=4043"},"modified":"2025-10-05T07:54:51","modified_gmt":"2025-10-05T05:54:51","slug":"thank-you","status":"publish","type":"page","link":"https:\/\/gsoftwarelab.com\/pt\/thank-you\/","title":{"rendered":"Obrigado por escolher-nos"},"content":{"rendered":"<div class=\"wp-block-cover alignfull is-light\" style=\"padding-top:24px;padding-right:24px;padding-bottom:24px;padding-left:24px;min-height:60vh;aspect-ratio:unset;\"><span aria-hidden=\"true\" class=\"wp-block-cover__background has-ti-bg-inv-background-color has-background-dim-0 has-background-dim\"><\/span><img decoding=\"async\" class=\"wp-block-cover__image-background\" alt=\"\" src=\"https:\/\/gsoftwarelab.com\/wp-content\/themes\/neve-fse\/assets\/img\/neve-fse-img12.jpg\" data-object-fit=\"cover\" title=\"\"><div class=\"wp-block-cover__inner-container is-layout-flow wp-block-cover-is-layout-flow\">\n<div class=\"wp-block-group is-layout-constrained wp-block-group-is-layout-constrained\">\n<h1 class=\"wp-block-heading alignwide has-text-align-center\">Obrigado por escolher o nosso produto!<\/h1>\n\n\n\n<p class=\"has-text-align-center has-medium-font-size\">Estamos orgulhosos de cont\u00e1-lo entre os nossos clientes!<\/p>\n\n\n\n<hr class=\"wp-block-separator has-alpha-channel-opacity\"\/>\n\n\n\n<p>Estamos entusiasmados por t\u00ea-lo como parte da nossa comunidade e estamos empenhados em fornecer um produto que excede as suas expectativas. A sua confian\u00e7a na nossa marca significa o mundo para n\u00f3s, e prometemos fazer tudo o que estiver ao nosso alcance para lhe proporcionar uma experi\u00eancia de alta qualidade, fi\u00e1vel e excecional. A nossa equipa trabalhou incansavelmente para garantir que o nosso produto cumpre rigorosos padr\u00f5es de qualidade, e a sua satisfa\u00e7\u00e3o \u00e9 o nosso objetivo final. Em caso de d\u00favidas, preocupa\u00e7\u00f5es ou necessidade de assist\u00eancia, n\u00e3o hesite em contactar a nossa equipa dedicada de apoio ao cliente. Agradecemos o seu neg\u00f3cio e estamos entusiasmados em acompanh\u00e1-lo nesta viagem. Bem-vindos a bordo!<\/p>\n\n\n\n<p class=\"has-text-align-center has-normal-font-size\">Precisa de ajuda? N\u00f3s protegemos-te!<\/p>\n\n\n\n<div class=\"wp-block-buttons is-content-justification-center is-layout-flex wp-container-core-buttons-is-layout-a89b3969 wp-block-buttons-is-layout-flex\">\n<div class=\"wp-block-button is-style-fill\"><a class=\"wp-block-button__link wp-element-button\" href=\"https:\/\/docs.gsoftwarelab.com\/\" target=\"_blank\" rel=\"noreferrer noopener\">Verifique a documenta\u00e7\u00e3o<\/a><\/div>\n\n\n\n<div class=\"wp-block-button is-style-outline is-style-outline--1\"><a class=\"wp-block-button__link wp-element-button\" href=\"https:\/\/gsoftwarelab.com\/pt\/contact-us\/\" target=\"_blank\" rel=\"noreferrer noopener\">Contacte-nos<\/a><\/div>\n<\/div>\n<\/div>\n<\/div><\/div>\n\n\n\n<div class=\"wp-block-group is-layout-flow wp-block-group-is-layout-flow\">\n<div class=\"wp-block-group is-layout-constrained wp-block-group-is-layout-constrained\">\n<div class=\"wp-block-columns alignwide is-layout-flex wp-container-core-columns-is-layout-28f84493 wp-block-columns-is-layout-flex\">\n<div class=\"wp-block-column is-vertically-aligned-stretch has-border-color has-ti-accent-secondary-border-color is-layout-flow wp-block-column-is-layout-flow\" style=\"border-width:1px;padding-top:var(--wp--preset--spacing--30);padding-right:var(--wp--preset--spacing--30);padding-bottom:var(--wp--preset--spacing--30);padding-left:var(--wp--preset--spacing--30)\">\n<h3 class=\"wp-block-heading has-text-align-center\"><a href=\"https:\/\/gsoftwarelab.com\/pt\/proxy-scraper-and-proxy-tester-software\/\" target=\"_blank\" rel=\"noreferrer noopener\">Raspador autom\u00e1tico de proxy<\/a><\/h3>\n\n\n\n<figure class=\"wp-block-image size-large\"><img decoding=\"async\" width=\"1024\" height=\"1024\" src=\"https:\/\/gsoftwarelab.com\/wp-content\/uploads\/2020\/05\/proxy_buddy_sales_images_compact_1by1-1024x1024.jpg\" alt=\"Proxy Buddy: A ferramenta definitiva para raspagem por procura\u00e7\u00e3o e testes por procura\u00e7\u00e3o\" class=\"wp-image-7548\" title=\"\" srcset=\"https:\/\/gsoftwarelab.com\/wp-content\/uploads\/2020\/05\/proxy_buddy_sales_images_compact_1by1-1024x1024.jpg 1024w, https:\/\/gsoftwarelab.com\/wp-content\/uploads\/2020\/05\/proxy_buddy_sales_images_compact_1by1-300x300.jpg 300w, https:\/\/gsoftwarelab.com\/wp-content\/uploads\/2020\/05\/proxy_buddy_sales_images_compact_1by1-100x100.jpg 100w, https:\/\/gsoftwarelab.com\/wp-content\/uploads\/2020\/05\/proxy_buddy_sales_images_compact_1by1-600x600.jpg 600w, https:\/\/gsoftwarelab.com\/wp-content\/uploads\/2020\/05\/proxy_buddy_sales_images_compact_1by1-150x150.jpg 150w, https:\/\/gsoftwarelab.com\/wp-content\/uploads\/2020\/05\/proxy_buddy_sales_images_compact_1by1-768x768.jpg 768w, https:\/\/gsoftwarelab.com\/wp-content\/uploads\/2020\/05\/proxy_buddy_sales_images_compact_1by1-1536x1536.jpg 1536w, https:\/\/gsoftwarelab.com\/wp-content\/uploads\/2020\/05\/proxy_buddy_sales_images_compact_1by1-12x12.jpg 12w, https:\/\/gsoftwarelab.com\/wp-content\/uploads\/2020\/05\/proxy_buddy_sales_images_compact_1by1.jpg 1920w\" sizes=\"(max-width: 1024px) 100vw, 1024px\" \/><figcaption class=\"wp-element-caption\">Proxy Buddy: A ferramenta definitiva para raspagem por procura\u00e7\u00e3o e testes por procura\u00e7\u00e3o<\/figcaption><\/figure>\n\n\n\n<div class=\"wp-block-buttons is-content-justification-center is-layout-flex wp-container-core-buttons-is-layout-a89b3969 wp-block-buttons-is-layout-flex\">\n<div class=\"wp-block-button\"><a class=\"wp-block-button__link has-ti-bg-inv-color has-text-color has-link-color has-text-align-center wp-element-button\" href=\"https:\/\/gsoftwarelab.com\/pt\/proxy-scraper-and-proxy-tester-software\/\" target=\"_blank\" rel=\"noreferrer noopener\">software raspagem proxy<\/a><\/div>\n<\/div>\n<\/div>\n\n\n\n<div class=\"wp-block-column is-vertically-aligned-stretch has-border-color has-ti-accent-secondary-border-color is-layout-flow wp-block-column-is-layout-flow\" style=\"border-width:1px;padding-top:var(--wp--preset--spacing--30);padding-right:var(--wp--preset--spacing--30);padding-bottom:var(--wp--preset--spacing--30);padding-left:var(--wp--preset--spacing--30)\">\n<h3 class=\"wp-block-heading has-text-align-center\"><a href=\"https:\/\/gsoftwarelab.com\/pt\/index-buddy-backlink-indexer\/\" target=\"_blank\" rel=\"noreferrer noopener\">Ferramenta de indexa\u00e7\u00e3o de liga\u00e7\u00f5es em massa<\/a><\/h3>\n\n\n\n<figure class=\"wp-block-image size-full\"><img decoding=\"async\" width=\"1920\" height=\"1920\" src=\"https:\/\/gsoftwarelab.com\/wp-content\/uploads\/2023\/02\/index_buddy_sales_images_compact_1by1.jpg\" alt=\"Index Buddy: Software de indexa\u00e7\u00e3o de liga\u00e7\u00f5es r\u00e1pidas\" class=\"wp-image-7727\" title=\"\" srcset=\"https:\/\/gsoftwarelab.com\/wp-content\/uploads\/2023\/02\/index_buddy_sales_images_compact_1by1.jpg 1920w, https:\/\/gsoftwarelab.com\/wp-content\/uploads\/2023\/02\/index_buddy_sales_images_compact_1by1-300x300.jpg 300w, https:\/\/gsoftwarelab.com\/wp-content\/uploads\/2023\/02\/index_buddy_sales_images_compact_1by1-100x100.jpg 100w, https:\/\/gsoftwarelab.com\/wp-content\/uploads\/2023\/02\/index_buddy_sales_images_compact_1by1-600x600.jpg 600w, https:\/\/gsoftwarelab.com\/wp-content\/uploads\/2023\/02\/index_buddy_sales_images_compact_1by1-1024x1024.jpg 1024w, https:\/\/gsoftwarelab.com\/wp-content\/uploads\/2023\/02\/index_buddy_sales_images_compact_1by1-150x150.jpg 150w, https:\/\/gsoftwarelab.com\/wp-content\/uploads\/2023\/02\/index_buddy_sales_images_compact_1by1-768x768.jpg 768w, https:\/\/gsoftwarelab.com\/wp-content\/uploads\/2023\/02\/index_buddy_sales_images_compact_1by1-1536x1536.jpg 1536w, https:\/\/gsoftwarelab.com\/wp-content\/uploads\/2023\/02\/index_buddy_sales_images_compact_1by1-12x12.jpg 12w\" sizes=\"(max-width: 1920px) 100vw, 1920px\" \/><figcaption class=\"wp-element-caption\">Index Buddy: Software de indexa\u00e7\u00e3o de liga\u00e7\u00f5es r\u00e1pidas<\/figcaption><\/figure>\n\n\n\n<div class=\"wp-block-buttons is-content-justification-center is-layout-flex wp-container-core-buttons-is-layout-098cc607 wp-block-buttons-is-layout-flex\">\n<div class=\"wp-block-button\"><a class=\"wp-block-button__link has-ti-bg-inv-color has-text-color has-link-color has-text-align-center wp-element-button\" href=\"https:\/\/gsoftwarelab.com\/pt\/index-buddy-backlink-indexer\/\" target=\"_blank\" rel=\"noreferrer noopener\">Software de indexa\u00e7\u00e3o de liga\u00e7\u00f5es<\/a><\/div>\n<\/div>\n<\/div>\n\n\n\n<div class=\"wp-block-column has-border-color has-ti-accent-secondary-border-color is-layout-flow wp-block-column-is-layout-flow\" style=\"border-width:1px;padding-top:var(--wp--preset--spacing--30);padding-right:var(--wp--preset--spacing--30);padding-bottom:var(--wp--preset--spacing--30);padding-left:var(--wp--preset--spacing--30)\">\n<h3 class=\"wp-block-heading has-text-align-center\"><a href=\"https:\/\/gsoftwarelab.com\/pt\/organic-website-traffic-bot\/\" target=\"_blank\" rel=\"noreferrer noopener\">Bot org\u00e2nico do tr\u00e1fego da Web<\/a><\/h3>\n\n\n\n<figure class=\"wp-block-image size-large has-custom-border\"><img decoding=\"async\" width=\"1024\" height=\"1024\" src=\"https:\/\/gsoftwarelab.com\/wp-content\/uploads\/2020\/11\/product_overview_1by1-1024x1024.jpg\" alt=\"Traffic Buddy: Gerador de tr\u00e1fego org\u00e2nico\" class=\"wp-image-7349\" style=\"border-style:none;border-width:0px\" title=\"\" srcset=\"https:\/\/gsoftwarelab.com\/wp-content\/uploads\/2020\/11\/product_overview_1by1-1024x1024.jpg 1024w, https:\/\/gsoftwarelab.com\/wp-content\/uploads\/2020\/11\/product_overview_1by1-300x300.jpg 300w, https:\/\/gsoftwarelab.com\/wp-content\/uploads\/2020\/11\/product_overview_1by1-100x100.jpg 100w, https:\/\/gsoftwarelab.com\/wp-content\/uploads\/2020\/11\/product_overview_1by1-600x600.jpg 600w, https:\/\/gsoftwarelab.com\/wp-content\/uploads\/2020\/11\/product_overview_1by1-150x150.jpg 150w, https:\/\/gsoftwarelab.com\/wp-content\/uploads\/2020\/11\/product_overview_1by1-768x768.jpg 768w, https:\/\/gsoftwarelab.com\/wp-content\/uploads\/2020\/11\/product_overview_1by1-1536x1536.jpg 1536w, https:\/\/gsoftwarelab.com\/wp-content\/uploads\/2020\/11\/product_overview_1by1-12x12.jpg 12w, https:\/\/gsoftwarelab.com\/wp-content\/uploads\/2020\/11\/product_overview_1by1.jpg 1898w\" sizes=\"(max-width: 1024px) 100vw, 1024px\" \/><figcaption class=\"wp-element-caption\">Traffic Buddy: Gerador de tr\u00e1fego org\u00e2nico<\/figcaption><\/figure>\n\n\n\n<div class=\"wp-block-buttons is-content-justification-center is-layout-flex wp-container-core-buttons-is-layout-098cc607 wp-block-buttons-is-layout-flex\">\n<div class=\"wp-block-button\"><a class=\"wp-block-button__link has-ti-bg-inv-color has-text-color has-link-color has-text-align-center wp-element-button\" href=\"https:\/\/gsoftwarelab.com\/pt\/organic-website-traffic-bot\/\" target=\"_blank\" rel=\"noreferrer noopener\">software gerador tr\u00e1fego<\/a><\/div>\n<\/div>\n<\/div>\n<\/div>\n<\/div>\n<\/div>","protected":false},"excerpt":{"rendered":"","protected":false},"author":1,"featured_media":0,"parent":0,"menu_order":0,"comment_status":"closed","ping_status":"closed","template":"","meta":{"rop_custom_images_group":[],"rop_custom_messages_group":[],"rop_publish_now":"initial","rop_publish_now_accounts":{"twitter_2998589429_2998589429":""},"rop_publish_now_history":[],"rop_publish_now_status":"pending","footnotes":""},"class_list":["post-4043","page","type-page","status-publish","hentry"],"blocksy_meta":[],"_links":{"self":[{"href":"https:\/\/gsoftwarelab.com\/pt\/wp-json\/wp\/v2\/pages\/4043","targetHints":{"allow":["GET"]}}],"collection":[{"href":"https:\/\/gsoftwarelab.com\/pt\/wp-json\/wp\/v2\/pages"}],"about":[{"href":"https:\/\/gsoftwarelab.com\/pt\/wp-json\/wp\/v2\/types\/page"}],"author":[{"embeddable":true,"href":"https:\/\/gsoftwarelab.com\/pt\/wp-json\/wp\/v2\/users\/1"}],"replies":[{"embeddable":true,"href":"https:\/\/gsoftwarelab.com\/pt\/wp-json\/wp\/v2\/comments?post=4043"}],"version-history":[{"count":1,"href":"https:\/\/gsoftwarelab.com\/pt\/wp-json\/wp\/v2\/pages\/4043\/revisions"}],"predecessor-version":[{"id":8398,"href":"https:\/\/gsoftwarelab.com\/pt\/wp-json\/wp\/v2\/pages\/4043\/revisions\/8398"}],"wp:attachment":[{"href":"https:\/\/gsoftwarelab.com\/pt\/wp-json\/wp\/v2\/media?parent=4043"}],"curies":[{"name":"wp","href":"https:\/\/api.w.org\/{rel}","templated":true}]}}