{"id":3273,"date":"2021-10-06T19:55:27","date_gmt":"2021-10-06T17:55:27","guid":{"rendered":"https:\/\/gsoftwarelab.com\/?page_id=3273"},"modified":"2025-10-05T02:52:06","modified_gmt":"2025-10-05T00:52:06","slug":"cancellation-policy","status":"publish","type":"page","link":"https:\/\/gsoftwarelab.com\/pt\/cancellation-policy\/","title":{"rendered":"Resumo da pol\u00edtica de cancelamento"},"content":{"rendered":"<div class=\"wp-block-stackable-heading stk-block-heading stk-block-heading--v2 stk-block stk-45b3b19\" id=\"cancellation-policy-summary\" data-block-id=\"45b3b19\"><h2 class=\"stk-block-heading__text\">Resumo da pol\u00edtica de cancelamento<\/h2><\/div>\n\n\n\n<p>Acreditamos num processo de cancelamento simples e justo. Segue-se um breve resumo dos seus direitos.<\/p>\n\n\n\n<p>Tem o direito de cancelar o seu contrato no prazo de <strong>14 dias<\/strong> da sua conclus\u00e3o, sem necessidade de fornecer uma raz\u00e3o.<\/p>\n\n\n\n<p>Para cancelar, deve enviar-nos uma declara\u00e7\u00e3o clara da sua decis\u00e3o at\u00e9 <a href=\"https:\/\/gsoftwarelab.com\/pt\/contact-us\/\">email<\/a>, publicar, ou atrav\u00e9s do formul\u00e1rio de cancelamento no nosso site. Ao receber o seu pedido, processaremos um reembolso total, incluindo os custos de entrega padr\u00e3o, no prazo de 14 dias.<\/p>\n\n\n\n<p>Tenha em aten\u00e7\u00e3o que, se tiver solicitado o in\u00edcio dos servi\u00e7os durante o per\u00edodo de cancelamento, poder\u00e1 ser-lhe cobrado um montante proporcional ao servi\u00e7o prestado antes do cancelamento.<\/p>\n\n\n\n<p>Este \u00e9 um resumo para sua conveni\u00eancia. Para obter detalhes completos, exce\u00e7\u00f5es e a pol\u00edtica oficial, consulte <strong><a href=\"https:\/\/gsoftwarelab.com\/pt\/terms-conditions\/\">Se\u00e7\u00e3o 9 (Pol\u00edtica de Reembolso e Devolu\u00e7\u00e3o) em nossos Termos de Servi\u00e7o<\/a><\/strong>.<\/p>","protected":false},"excerpt":{"rendered":"<p>Resumo Acreditamos num processo de cancelamento simples e justo. Segue-se um breve resumo dos seus direitos. Tem o direito de cancelar o seu contrato no prazo de 14 dias a contar da sua celebra\u00e7\u00e3o, sem necessidade de apresentar um motivo. Para cancelar, deve enviar-nos uma declara\u00e7\u00e3o clara da sua decis\u00e3o por e-mail, correio, [...]<\/p>","protected":false},"author":1,"featured_media":0,"parent":0,"menu_order":0,"comment_status":"closed","ping_status":"closed","template":"","meta":{"rop_custom_images_group":[],"rop_custom_messages_group":[],"rop_publish_now":"initial","rop_publish_now_accounts":{"twitter_2998589429_2998589429":""},"rop_publish_now_history":[],"rop_publish_now_status":"pending","footnotes":""},"class_list":["post-3273","page","type-page","status-publish","hentry"],"blocksy_meta":[],"_links":{"self":[{"href":"https:\/\/gsoftwarelab.com\/pt\/wp-json\/wp\/v2\/pages\/3273","targetHints":{"allow":["GET"]}}],"collection":[{"href":"https:\/\/gsoftwarelab.com\/pt\/wp-json\/wp\/v2\/pages"}],"about":[{"href":"https:\/\/gsoftwarelab.com\/pt\/wp-json\/wp\/v2\/types\/page"}],"author":[{"embeddable":true,"href":"https:\/\/gsoftwarelab.com\/pt\/wp-json\/wp\/v2\/users\/1"}],"replies":[{"embeddable":true,"href":"https:\/\/gsoftwarelab.com\/pt\/wp-json\/wp\/v2\/comments?post=3273"}],"version-history":[{"count":1,"href":"https:\/\/gsoftwarelab.com\/pt\/wp-json\/wp\/v2\/pages\/3273\/revisions"}],"predecessor-version":[{"id":8271,"href":"https:\/\/gsoftwarelab.com\/pt\/wp-json\/wp\/v2\/pages\/3273\/revisions\/8271"}],"wp:attachment":[{"href":"https:\/\/gsoftwarelab.com\/pt\/wp-json\/wp\/v2\/media?parent=3273"}],"curies":[{"name":"wp","href":"https:\/\/api.w.org\/{rel}","templated":true}]}}