{"id":2067,"date":"2021-01-30T19:35:47","date_gmt":"2021-01-30T17:35:47","guid":{"rendered":"https:\/\/gsoftwarelab.com\/payment-methods\/"},"modified":"2025-10-05T02:45:32","modified_gmt":"2025-10-05T00:45:32","slug":"payment-methods","status":"publish","type":"page","link":"https:\/\/gsoftwarelab.com\/pt\/payment-methods\/","title":{"rendered":"M\u00e9todos de pagamento"},"content":{"rendered":"<p>Queremos tornar a sua experi\u00eancia de check-out o mais simples e segura poss\u00edvel. Oferecemos-lhe uma gama de op\u00e7\u00f5es de pagamento que se adequam \u00e0s suas necessidades. Todas as transa\u00e7\u00f5es s\u00e3o processadas atrav\u00e9s de encripta\u00e7\u00e3o segura para garantir que os seus dados est\u00e3o sempre protegidos.<\/p>\n\n\n\n<p>Escolha o m\u00e9todo que funciona melhor para si a partir das op\u00e7\u00f5es abaixo.<\/p>\n\n\n\n<hr class=\"wp-block-separator has-alpha-channel-opacity\"\/>\n\n\n\n<h4 class=\"wp-block-heading\"><strong>PayPal &amp; Cart\u00f5es de Cr\u00e9dito\/D\u00e9bito<\/strong><\/h4>\n\n\n\n<p>Aceitamos pagamentos de forma segura atrav\u00e9s do PayPal. Quando proceder ao checkout, ser\u00e1 redirecionado para o gateway de pagamento PayPal.<\/p>\n\n\n\n<ul class=\"wp-block-list\">\n<li><strong>Pagar com uma Conta PayPal:<\/strong> Se tiver uma conta PayPal, pode iniciar sess\u00e3o para concluir rapidamente a sua compra utilizando o seu saldo guardado ou m\u00e9todos de pagamento associados.<\/li>\n\n\n\n<li><strong>Pague com um cart\u00e3o de cr\u00e9dito ou d\u00e9bito:<\/strong> N\u00e3o tem uma conta PayPal? N\u00e3o h\u00e1 problema. Basta selecionar a op\u00e7\u00e3o \u00abPagar com cart\u00e3o de d\u00e9bito ou de cr\u00e9dito\u00bb na p\u00e1gina PayPal. Pode introduzir de forma segura os dados do seu cart\u00e3o (visto, Mastercard, American Express, etc.) para concluir a transa\u00e7\u00e3o como h\u00f3spede. As suas informa\u00e7\u00f5es financeiras est\u00e3o protegidas pela plataforma segura do PayPal.<\/li>\n<\/ul>\n\n\n\n<h4 class=\"wp-block-heading\"><strong>Criptomoedas<\/strong><\/h4>\n\n\n\n<p>Abra\u00e7ando o futuro dos pagamentos digitais, orgulhamo-nos de aceitar v\u00e1rias criptomoedas.<\/p>\n\n\n\n<ul class=\"wp-block-list\">\n<li><strong>Bitcoin (BTC):<\/strong> \u00c9 poss\u00edvel pagar diretamente com o Bitcoin.<\/li>\n\n\n\n<li><strong>Altcoins:<\/strong> Tamb\u00e9m aceitamos uma sele\u00e7\u00e3o de outras criptomoedas alternativas populares.<\/li>\n<\/ul>\n\n\n\n<p>O valor necess\u00e1rio ser\u00e1 calculado com base na taxa de c\u00e2mbio atual no momento da transa\u00e7\u00e3o. Basta selecionar a op\u00e7\u00e3o de criptomoeda no checkout para prosseguir.<\/p>\n\n\n\n<hr class=\"wp-block-separator has-alpha-channel-opacity\"\/>\n\n\n\n<p>Se tiver alguma d\u00favida sobre os nossos m\u00e9todos de pagamento ou encontrar quaisquer problemas, por favor, n\u00e3o hesite em contactar-nos. <strong><a href=\"https:\/\/gsoftwarelab.com\/pt\/contact-us\/\">Contacte a nossa equipa de apoio<\/a><\/strong> para assist\u00eancia.<\/p>\n\n\n\n<div class=\"wp-block-group alignfull has-ti-bg-alt-background-color has-background is-layout-constrained wp-block-group-is-layout-constrained\" style=\"margin-top:0;margin-bottom:0;padding-top:64px;padding-bottom:64px\">\n<h3 class=\"wp-block-heading alignwide has-text-align-center has-large-font-size\">M\u00e9todos de pagamento aceites<\/h3>\n\n\n\n<div class=\"wp-block-group is-content-justification-center is-nowrap is-layout-flex wp-container-core-group-is-layout-23441af8 wp-block-group-is-layout-flex\">\n<figure class=\"wp-block-image size-full\"><img decoding=\"async\" width=\"128\" height=\"36\" src=\"https:\/\/gsoftwarelab.com\/wp-content\/uploads\/2023\/07\/payment_method_paypal.webp\" alt=\"Pagar com o PayPal\" class=\"wp-image-6699\" title=\"\"><\/figure>\n\n\n\n<figure class=\"wp-block-image size-full\"><img decoding=\"async\" width=\"100\" height=\"78\" src=\"https:\/\/gsoftwarelab.com\/wp-content\/uploads\/2023\/07\/payment_method_cc.webp\" alt=\"Pagar com o CreditCard\" class=\"wp-image-6700\" title=\"\"><\/figure>\n\n\n\n<figure class=\"wp-block-image size-full\"><img decoding=\"async\" width=\"100\" height=\"42\" src=\"https:\/\/gsoftwarelab.com\/wp-content\/uploads\/2023\/07\/payment_method_stripe.webp\" alt=\"Pagar com Stripe\" class=\"wp-image-6701\" title=\"\"><\/figure>\n\n\n\n<figure class=\"wp-block-image size-full\"><img decoding=\"async\" width=\"98\" height=\"98\" src=\"https:\/\/gsoftwarelab.com\/wp-content\/uploads\/2023\/07\/payment_method_bitcoin.webp\" alt=\"Pagar com Bitcoin\" class=\"wp-image-6702\" title=\"\" srcset=\"https:\/\/gsoftwarelab.com\/wp-content\/uploads\/2023\/07\/payment_method_bitcoin.webp 98w, https:\/\/gsoftwarelab.com\/wp-content\/uploads\/2023\/07\/payment_method_bitcoin-96x96.webp 96w\" sizes=\"(max-width: 98px) 100vw, 98px\" \/><\/figure>\n\n\n\n<figure class=\"wp-block-image size-full\"><img decoding=\"async\" width=\"60\" height=\"100\" src=\"https:\/\/gsoftwarelab.com\/wp-content\/uploads\/2023\/07\/payment_method_eth.webp\" alt=\"Pagar com Ethereum e Altcoin\" class=\"wp-image-6703\" title=\"\"><\/figure>\n<\/div>\n<\/div>","protected":false},"excerpt":{"rendered":"<p>Queremos tornar a sua experi\u00eancia de check-out o mais simples e segura poss\u00edvel. Oferecemos-lhe uma gama de op\u00e7\u00f5es de pagamento que se adequam \u00e0s suas necessidades. Todas as transa\u00e7\u00f5es s\u00e3o processadas atrav\u00e9s de encripta\u00e7\u00e3o segura para garantir que os seus dados est\u00e3o sempre protegidos. Escolha o m\u00e9todo que funciona melhor para si a partir das op\u00e7\u00f5es abaixo. PayPal &amp; Cart\u00f5es de Cr\u00e9dito\/D\u00e9bito [...]<\/p>","protected":false},"author":1,"featured_media":0,"parent":0,"menu_order":0,"comment_status":"closed","ping_status":"closed","template":"","meta":{"rop_custom_images_group":[],"rop_custom_messages_group":[],"rop_publish_now":"initial","rop_publish_now_accounts":{"twitter_2998589429_2998589429":""},"rop_publish_now_history":[],"rop_publish_now_status":"pending","footnotes":""},"class_list":["post-2067","page","type-page","status-publish","hentry"],"blocksy_meta":[],"_links":{"self":[{"href":"https:\/\/gsoftwarelab.com\/pt\/wp-json\/wp\/v2\/pages\/2067","targetHints":{"allow":["GET"]}}],"collection":[{"href":"https:\/\/gsoftwarelab.com\/pt\/wp-json\/wp\/v2\/pages"}],"about":[{"href":"https:\/\/gsoftwarelab.com\/pt\/wp-json\/wp\/v2\/types\/page"}],"author":[{"embeddable":true,"href":"https:\/\/gsoftwarelab.com\/pt\/wp-json\/wp\/v2\/users\/1"}],"replies":[{"embeddable":true,"href":"https:\/\/gsoftwarelab.com\/pt\/wp-json\/wp\/v2\/comments?post=2067"}],"version-history":[{"count":2,"href":"https:\/\/gsoftwarelab.com\/pt\/wp-json\/wp\/v2\/pages\/2067\/revisions"}],"predecessor-version":[{"id":8364,"href":"https:\/\/gsoftwarelab.com\/pt\/wp-json\/wp\/v2\/pages\/2067\/revisions\/8364"}],"wp:attachment":[{"href":"https:\/\/gsoftwarelab.com\/pt\/wp-json\/wp\/v2\/media?parent=2067"}],"curies":[{"name":"wp","href":"https:\/\/api.w.org\/{rel}","templated":true}]}}