{"id":8703,"date":"2025-12-27T21:52:30","date_gmt":"2025-12-27T19:52:30","guid":{"rendered":"https:\/\/gsoftwarelab.com\/?post_type=product&#038;p=8703"},"modified":"2026-01-14T03:17:52","modified_gmt":"2026-01-14T01:17:52","slug":"traffic-buddy-12-months","status":"publish","type":"product","link":"https:\/\/gsoftwarelab.com\/pl\/produkt\/traffic-buddy-12-months\/","title":{"rendered":"Traffic Buddy (12 miesi\u0119cy)"},"content":{"rendered":"<h2><strong><span class=\"edtFontSize200\">Traffic Buddy: Generator ruchu, Widok strony internetowej Bot &amp; Google Search Bot<\/span><\/strong><\/h2>\n<p>Nasz nowy bot pozwala wysy\u0142a\u0107 ogromn\u0105 ilo\u015b\u0107 ruchu SEO z r\u00f3\u017cnych wyszukiwarek za pomoc\u0105 s\u0142\u00f3w kluczowych do Twojej witryny. Korzystaj\u0105c z prawdziwej przegl\u0105darki opartej na Chrome, mo\u017ce generowa\u0107 tysi\u0105ce naprawd\u0119 wygl\u0105daj\u0105cych ods\u0142on stron internetowych.<\/p>\n<p>Przegl\u0105darki generatora widok\u00f3w b\u0119d\u0105 automatycznie symulowa\u0107 r\u00f3\u017cne dzia\u0142ania u\u017cytkownika, takie jak klikanie przycisk\u00f3w w celu przegl\u0105dania stron na stronie internetowej lub przewijanie strony.<\/p>\n<div style=\"padding: 56.25% 0 0 0; position: relative;\"><iframe style=\"position: absolute; top: 0; left: 0; width: 100%; height: 100%;\" src=\"https:\/\/player.vimeo.com\/video\/1029029240?h=59eb4a1d9e&amp;autoplay=1&amp;loop=1&amp;byline=0\" frameborder=\"0\" allowfullscreen=\"allowfullscreen\" data-mce-fragment=\"1\"><\/iframe><\/div>\n<p><strong>Najwa\u017cniejsze cechy:<br \/>\n<\/strong><\/p>\n<ul>\n<li>Generowanie rzeczywistego ruchu w przegl\u0105darce<\/li>\n<li>Zbudowany w prywatnych, mieszkalnych, obrotowych i publicznych proxy wsparcie (Http, Https, Socks4, Socks5, Tor Proxy)<\/li>\n<li>Wbudowany publiczny skrobak proxy (Http, Https, Socks4, Socks5)<\/li>\n<li>Wbudowany wielow\u0105tkowy tester proxy<\/li>\n<li>Wbudowany filtr kraju proxy (przy u\u017cyciu bazy danych Geo-IP)<\/li>\n<li>Specyficzne dla kampanii proxies (u\u017cyj innego proxies dla ka\u017cdej kampanii)<\/li>\n<li>Zmie\u0144 odsy\u0142acz \/ pochodzenie ruchu (obs\u0142uguje Google, Bing, DuckDuckGo ze s\u0142owami kluczowymi i niestandardowymi adresami URL)<\/li>\n<li>Przegl\u0105daj wewn\u0119trzne strony internetowe<\/li>\n<li>Symuluj zachowanie u\u017cytkownika (przewijanie i klikanie)<\/li>\n<li>Symuluj klikni\u0119cia u\u017cytkownika (klikanie niestandardowych przycisk\u00f3w, obraz\u00f3w itp.)<\/li>\n<li>Wbudowana emulacja urz\u0105dzenia (ponad 100 autentycznych urz\u0105dze\u0144, automatycznie emuluje agenta u\u017cytkownika, wy\u015bwietlacz, procesor, RAM i wiele innych)<\/li>\n<li>Cz\u0119ste aktualizacje i wsparcie<\/li>\n<li>NOWO\u015a\u0106: Definicja Easy Traffic Origin<\/li>\n<li>NOWO\u015a\u0106: Google Search Bot (generowanie ruchu SEO)<\/li>\n<li><a href=\"https:\/\/gsoftwarelab.com\/pl\/organic-website-traffic-bot\/\">Dowiedz si\u0119 wi\u0119cej<\/a> o wszystkich funkcjach bota ruchu.<\/li>\n<\/ul>\n<p><strong>Przypadki u\u017cycia oprogramowania:<\/strong><\/p>\n<ul>\n<li>SEO i cele marketingowe<\/li>\n<li>Badania nad bezpiecze\u0144stwem<\/li>\n<li>Poszukiwanie i skrobanie stron internetowych<\/li>\n<li>Testowanie obci\u0105\u017cenia strony internetowej\/serwera<\/li>\n<\/ul>\n<p><strong>Minimalne wymagania systemowe:<\/strong><\/p>\n<ul>\n<li>System operacyjny: Windows 10 (wersja 22H2 lub nowsza) Windows 11 (wszystkie wersje), Windows Server 2019 i nowsze<\/li>\n<li>8 GB pami\u0119ci RAM<\/li>\n<li>10 GB pami\u0119ci masowej<\/li>\n<li>4 rdzenie<\/li>\n<li>Stabilne po\u0142\u0105czenie internetowe<\/li>\n<\/ul>\n<p><strong>Tw\u00f3j zakup obejmuje:<\/strong><\/p>\n<ul>\n<li>12-miesi\u0119czna subskrypcja oprogramowania<\/li>\n<li>12 miesi\u0119cy kompleksowego wsparcia<\/li>\n<li>Wk\u0142ad w sadzenie jednego drzewa<\/li>\n<li><a href=\"https:\/\/gsoftwarelab.com\/pl\/docs\/traffic-buddy\/getting-started\/\">Dokumentacja oprogramowania<\/a><\/li>\n<\/ul>\n<p><strong>Warunki subskrypcji:<\/strong><\/p>\n<ul>\n<li>Automatyczne odnawianie co roku do odwo\u0142ania<\/li>\n<li>Wsparcie i aktualizacje w okresie subskrypcji<\/li>\n<\/ul>","protected":false},"excerpt":{"rendered":"<p>Traffic Buddy: Generator ruchu, Website View Bot &amp; Google Search Bot.<\/p>","protected":false},"featured_media":8704,"comment_status":"open","ping_status":"closed","template":"","meta":{"rop_custom_images_group":[],"rop_custom_messages_group":[],"rop_publish_now":"initial","rop_publish_now_accounts":{"twitter_2998589429_2998589429":""},"rop_publish_now_history":[],"rop_publish_now_status":"pending"},"product_brand":[2068,2071],"product_cat":[104,87],"product_tag":[2372,696,2382,699,2373,2381,2371],"class_list":{"0":"post-8703","1":"product","2":"type-product","3":"status-publish","4":"has-post-thumbnail","6":"product_brand-gsoftwarelab","7":"product_brand-traffic-buddy","8":"product_cat-traffic-buddy","9":"product_cat-software","10":"product_tag-generate-traffic-with-traffic-buddy","11":"product_tag-traffic-bot","12":"product_tag-traffic-bot-subscription","13":"product_tag-traffic-buddy","14":"product_tag-traffic-buddy-download","15":"product_tag-traffic-buddy-subscription","16":"product_tag-traffic-buddy-view-bot","18":"first","19":"instock","20":"sale","21":"featured","22":"downloadable","23":"virtual","24":"purchasable","25":"product-type-simple"},"wcol_rules":[],"_links":{"self":[{"href":"https:\/\/gsoftwarelab.com\/pl\/wp-json\/wp\/v2\/product\/8703","targetHints":{"allow":["GET"]}}],"collection":[{"href":"https:\/\/gsoftwarelab.com\/pl\/wp-json\/wp\/v2\/product"}],"about":[{"href":"https:\/\/gsoftwarelab.com\/pl\/wp-json\/wp\/v2\/types\/product"}],"replies":[{"embeddable":true,"href":"https:\/\/gsoftwarelab.com\/pl\/wp-json\/wp\/v2\/comments?post=8703"}],"wp:featuredmedia":[{"embeddable":true,"href":"https:\/\/gsoftwarelab.com\/pl\/wp-json\/wp\/v2\/media\/8704"}],"wp:attachment":[{"href":"https:\/\/gsoftwarelab.com\/pl\/wp-json\/wp\/v2\/media?parent=8703"}],"wp:term":[{"taxonomy":"product_brand","embeddable":true,"href":"https:\/\/gsoftwarelab.com\/pl\/wp-json\/wp\/v2\/product_brand?post=8703"},{"taxonomy":"product_cat","embeddable":true,"href":"https:\/\/gsoftwarelab.com\/pl\/wp-json\/wp\/v2\/product_cat?post=8703"},{"taxonomy":"product_tag","embeddable":true,"href":"https:\/\/gsoftwarelab.com\/pl\/wp-json\/wp\/v2\/product_tag?post=8703"}],"curies":[{"name":"wp","href":"https:\/\/api.w.org\/{rel}","templated":true}]}}