{"id":8312,"date":"2025-09-27T08:34:07","date_gmt":"2025-09-27T06:34:07","guid":{"rendered":"https:\/\/gsoftwarelab.com\/?post_type=product&#038;p=8312"},"modified":"2026-04-05T02:56:39","modified_gmt":"2026-04-05T00:56:39","slug":"free-trial-traffic-buddy","status":"publish","type":"product","link":"https:\/\/gsoftwarelab.com\/pl\/produkt\/free-trial-traffic-buddy\/","title":{"rendered":"Traffic Buddy \u2013 Bezp\u0142atny okres pr\u00f3bny"},"content":{"rendered":"<h2>Traffic Buddy 7-dniowy okres pr\u00f3bny \u2013 Bot ds. swobodnego ruchu<\/h2>\n<p>Ciekawostki o tym, jak Traffic Buddy mo\u017ce pom\u00f3c w zwi\u0119kszeniu rankingu Twojej strony internetowej? Pobierz nasz\u0105 bezp\u0142atn\u0105 7-dniow\u0105 wersj\u0119 pr\u00f3bn\u0105 i zobacz podstawow\u0105 funkcjonalno\u015b\u0107 dla siebie. Ta wersja o ograniczonej funkcjonalno\u015bci pozwala generowa\u0107 podstawowy ruch, odkrywa\u0107 przyjazny dla u\u017cytkownika interfejs i rozumie\u0107, w jaki spos\u00f3b nasze narz\u0119dzie mo\u017ce tworzy\u0107 rzeczywisty ruch w przegl\u0105darce dla Twojej witryny. Bez zobowi\u0105za\u0144, bez ryzyka. Rozpocznij bezp\u0142atny okres pr\u00f3bny ju\u017c dzi\u015b!<\/p>\n<h3><a href=\"https:\/\/gsoftwarelab.com\/pl\/produkt\/traffic-buddy\/\">Kup pe\u0142n\u0105 wersj\u0119 Traffic Buddy<\/a><\/h3>\n<p><img decoding=\"async\" src=\"https:\/\/api.apidog.com\/api\/v1\/projects\/1067667\/resources\/362604\/image-preview\" alt=\"image.png\" title=\"\"><\/p>\n<p><strong>Najwa\u017cniejsze cechy:<br \/>\n<\/strong><\/p>\n<ul>\n<li>Generowanie rzeczywistego ruchu w przegl\u0105darce<\/li>\n<li>Zbudowany w prywatnych, mieszkalnych, obrotowych i publicznych proxy wsparcie (Http, Https, Socks4, Socks5)<\/li>\n<li>Wbudowany publiczny skrobak proxy (Http, Https, Socks4, Socks5)<\/li>\n<li>Wbudowany wielow\u0105tkowy tester proxy<\/li>\n<li>Wbudowany filtr kraju proxy (przy u\u017cyciu bazy danych Geo-IP)<\/li>\n<li>Zmie\u0144 odsy\u0142acz \/ pochodzenie ruchu (obs\u0142uguje Google, Bing, DuckDuckGo ze s\u0142owami kluczowymi i niestandardowymi adresami URL)<\/li>\n<li>Przegl\u0105daj wewn\u0119trzne strony internetowe<\/li>\n<li>Symuluj zachowanie u\u017cytkownika (przewijanie i klikanie)<\/li>\n<li>Symuluj klikni\u0119cia u\u017cytkownika (klikanie niestandardowych przycisk\u00f3w, obraz\u00f3w itp.)<\/li>\n<li>Wbudowana emulacja urz\u0105dzenia (ponad 100 autentycznych urz\u0105dze\u0144, automatycznie emuluje agenta u\u017cytkownika, wy\u015bwietlacz, procesor, RAM i wiele innych)<\/li>\n<li>Darmowe do\u017cywotnie aktualizacje<\/li>\n<li>NOWO\u015a\u0106: Wbudowana obs\u0142uga proxy TOR<\/li>\n<li>NOWO\u015a\u0106: Google Search Bot (generowanie ruchu SEO)<\/li>\n<li><a href=\"https:\/\/gsoftwarelab.com\/pl\/organic-website-traffic-bot\/\">Dowiedz si\u0119 wi\u0119cej<\/a> o wszystkich funkcjach bota ruchu.<\/li>\n<\/ul>\n<p><strong>Ograniczenia wersji pr\u00f3bnej:<\/strong><\/p>\n<ul>\n<li>Wa\u017cny przez 7 dni<\/li>\n<li>Tworzenie 1 kampanii<\/li>\n<li>Generacja do 1000 wy\u015bwietle\u0144<\/li>\n<li>1 przegl\u0105darka wsp\u00f3\u0142bie\u017cna (w\u0105tek)<\/li>\n<\/ul>","protected":false},"excerpt":{"rendered":"<p>Ciekawostki o tym, jak Traffic Buddy mo\u017ce pom\u00f3c w zwi\u0119kszeniu rankingu Twojej strony internetowej? Pobierz nasz\u0105 bezp\u0142atn\u0105 7-dniow\u0105 wersj\u0119 pr\u00f3bn\u0105 i zobacz podstawow\u0105 funkcjonalno\u015b\u0107 dla siebie. Ta wersja o ograniczonej funkcjonalno\u015bci pozwala generowa\u0107 podstawowy ruch, odkrywa\u0107 przyjazny dla u\u017cytkownika interfejs i rozumie\u0107, w jaki spos\u00f3b nasze narz\u0119dzie mo\u017ce tworzy\u0107 rzeczywisty ruch w przegl\u0105darce dla Twojej witryny. Bez zobowi\u0105za\u0144, bez ryzyka. Rozpocznij bezp\u0142atny okres pr\u00f3bny ju\u017c dzi\u015b!<\/p>","protected":false},"featured_media":8315,"comment_status":"open","ping_status":"closed","template":"","meta":{"rop_custom_images_group":[],"rop_custom_messages_group":[],"rop_publish_now":"initial","rop_publish_now_accounts":{"twitter_2998589429_2998589429":""},"rop_publish_now_history":[],"rop_publish_now_status":"pending"},"product_brand":[2068,2071],"product_cat":[2400,87,104],"product_tag":[140,2376,696,2377,2375],"class_list":{"0":"post-8312","1":"product","2":"type-product","3":"status-publish","4":"has-post-thumbnail","6":"product_brand-gsoftwarelab","7":"product_brand-traffic-buddy","8":"product_cat-free-software","9":"product_cat-software","10":"product_cat-traffic-buddy","11":"product_tag-free","12":"product_tag-free-download","13":"product_tag-traffic-bot","14":"product_tag-traffic-buddy-trial","15":"product_tag-trial","17":"first","18":"instock","19":"downloadable","20":"virtual","21":"sold-individually","22":"purchasable","23":"product-type-simple"},"wcol_rules":[{"obj_ids":["8312","8292","8298"],"applied_on":"quantity","cus_applied_on":"amount","message":"","accomulative":"","id":8330,"rule_type":"products","product_type":"simple","min_rule_limit":"0","enable_max_rule_limit":"on","max_rule_limit":"1","enable_time_limit":"on","rule_time_span":"yearly","yearly_start_day":"1","yearly_start_month":"01","weekly_start_day":"monday","monthly_start_date":"","enable_for_users":"on","user_type":"guest-users","disable_limit":"","parent_rule":"","across_all_orders":"2","exclude_shipping_price":"","enable_for_payment":"","enable_custom_notice":"","rule_start_time":"","rule_end_time":""}],"_links":{"self":[{"href":"https:\/\/gsoftwarelab.com\/pl\/wp-json\/wp\/v2\/product\/8312","targetHints":{"allow":["GET"]}}],"collection":[{"href":"https:\/\/gsoftwarelab.com\/pl\/wp-json\/wp\/v2\/product"}],"about":[{"href":"https:\/\/gsoftwarelab.com\/pl\/wp-json\/wp\/v2\/types\/product"}],"replies":[{"embeddable":true,"href":"https:\/\/gsoftwarelab.com\/pl\/wp-json\/wp\/v2\/comments?post=8312"}],"wp:featuredmedia":[{"embeddable":true,"href":"https:\/\/gsoftwarelab.com\/pl\/wp-json\/wp\/v2\/media\/8315"}],"wp:attachment":[{"href":"https:\/\/gsoftwarelab.com\/pl\/wp-json\/wp\/v2\/media?parent=8312"}],"wp:term":[{"taxonomy":"product_brand","embeddable":true,"href":"https:\/\/gsoftwarelab.com\/pl\/wp-json\/wp\/v2\/product_brand?post=8312"},{"taxonomy":"product_cat","embeddable":true,"href":"https:\/\/gsoftwarelab.com\/pl\/wp-json\/wp\/v2\/product_cat?post=8312"},{"taxonomy":"product_tag","embeddable":true,"href":"https:\/\/gsoftwarelab.com\/pl\/wp-json\/wp\/v2\/product_tag?post=8312"}],"curies":[{"name":"wp","href":"https:\/\/api.w.org\/{rel}","templated":true}]}}