{"id":8292,"date":"2025-09-25T01:12:53","date_gmt":"2025-09-24T23:12:53","guid":{"rendered":"https:\/\/gsoftwarelab.com\/?post_type=product&#038;p=8292"},"modified":"2025-11-05T09:07:16","modified_gmt":"2025-11-05T07:07:16","slug":"backlink-checker","status":"publish","type":"product","link":"https:\/\/gsoftwarelab.com\/pl\/produkt\/backlink-checker\/","title":{"rendered":"Kontroler link\u00f3w zwrotnych"},"content":{"rendered":"<h2 class=\"elementor-image-box-title\">Kontroler link\u00f3w zwrotnych \u2013 informacje na temat link\u00f3w zwrotnych w czasie rzeczywistym<\/h2>\n<p>Backlink Checker to intuicyjne i \u0142atwe w u\u017cyciu narz\u0119dzie, kt\u00f3re pozwala u\u017cytkownikom sprawdzi\u0107, czy strony internetowe zawieraj\u0105 okre\u015blony ci\u0105g znak\u00f3w, taki jak nazwa domeny lub s\u0142owo kluczowe. Ta funkcja mo\u017ce by\u0107 u\u017cywana do szybkiego i \u0142atwego sprawdzania link\u00f3w zwrotnych do Twojej witryny, pomagaj\u0105c \u015bledzi\u0107 i analizowa\u0107 jako\u015b\u0107 i trafno\u015b\u0107 link\u00f3w wskazuj\u0105cych na Twoj\u0105 witryn\u0119. Dzi\u0119ki prostemu i prostemu interfejsowi narz\u0119dzie sprawdzania link\u00f3w zwrotnych jest pot\u0119\u017cnym i niezb\u0119dnym narz\u0119dziem dla ka\u017cdego, kto chce monitorowa\u0107 i ulepsza\u0107 profil link\u00f3w zwrotnych na swojej stronie internetowej.<\/p>\n<p><img decoding=\"async\" src=\"https:\/\/gsoftwarelab.com\/wp-content\/uploads\/2020\/11\/dasht.png.webp\" alt=\"Darmowe oprogramowanie do sprawdzania link\u00f3w i link\u00f3w zwrotnych\" title=\"\"><\/p>\n<p>&nbsp;<\/p>\n<p><strong>Najwa\u017cniejsze cechy<\/strong><\/p>\n<ul>\n<li>Masowa obs\u0142uga listy &amp;<\/li>\n<li>Sprawdzanie wielow\u0105tkowe<\/li>\n<li>Niestandardowe sprawdzanie ci\u0105g\u00f3w lub link\u00f3w<\/li>\n<li>Szczeg\u00f3\u0142owe wyniki<\/li>\n<li>100% BEZP\u0141ATNIE<\/li>\n<\/ul>","protected":false},"excerpt":{"rendered":"<p>Backlink Checker to intuicyjne i \u0142atwe w u\u017cyciu narz\u0119dzie, kt\u00f3re pozwala u\u017cytkownikom sprawdzi\u0107, czy strony internetowe zawieraj\u0105 okre\u015blony ci\u0105g, taki jak nazwa domeny lub s\u0142owo kluczowe. Ta funkcja mo\u017ce by\u0107 u\u017cywana do szybkiego i \u0142atwego sprawdzania link\u00f3w zwrotnych do Twojej witryny, pomagaj\u0105c \u015bledzi\u0107 i analizowa\u0107 jako\u015b\u0107 i trafno\u015b\u0107 link\u00f3w wskazuj\u0105cych na Twoj\u0105 witryn\u0119.<\/p>","protected":false},"featured_media":8294,"comment_status":"closed","ping_status":"closed","template":"","meta":{"rop_custom_images_group":[],"rop_custom_messages_group":[],"rop_publish_now":"initial","rop_publish_now_accounts":{"twitter_2998589429_2998589429":""},"rop_publish_now_history":[],"rop_publish_now_status":"pending"},"product_brand":[2068],"product_cat":[2400,87],"product_tag":[],"class_list":{"0":"post-8292","1":"product","2":"type-product","3":"status-publish","4":"has-post-thumbnail","6":"product_brand-gsoftwarelab","7":"product_cat-free-software","8":"product_cat-software","10":"first","11":"instock","12":"downloadable","13":"virtual","14":"purchasable","15":"product-type-simple"},"wcol_rules":[{"obj_ids":["8312","8292","8298"],"applied_on":"quantity","cus_applied_on":"amount","message":"","accomulative":"","id":8330,"rule_type":"products","product_type":"simple","min_rule_limit":"0","enable_max_rule_limit":"on","max_rule_limit":"1","enable_time_limit":"on","rule_time_span":"yearly","yearly_start_day":"1","yearly_start_month":"01","weekly_start_day":"monday","monthly_start_date":"","enable_for_users":"on","user_type":"guest-users","disable_limit":"","parent_rule":"","across_all_orders":"2","exclude_shipping_price":"","enable_for_payment":"","enable_custom_notice":"","rule_start_time":"","rule_end_time":""}],"_links":{"self":[{"href":"https:\/\/gsoftwarelab.com\/pl\/wp-json\/wp\/v2\/product\/8292","targetHints":{"allow":["GET"]}}],"collection":[{"href":"https:\/\/gsoftwarelab.com\/pl\/wp-json\/wp\/v2\/product"}],"about":[{"href":"https:\/\/gsoftwarelab.com\/pl\/wp-json\/wp\/v2\/types\/product"}],"replies":[{"embeddable":true,"href":"https:\/\/gsoftwarelab.com\/pl\/wp-json\/wp\/v2\/comments?post=8292"}],"wp:featuredmedia":[{"embeddable":true,"href":"https:\/\/gsoftwarelab.com\/pl\/wp-json\/wp\/v2\/media\/8294"}],"wp:attachment":[{"href":"https:\/\/gsoftwarelab.com\/pl\/wp-json\/wp\/v2\/media?parent=8292"}],"wp:term":[{"taxonomy":"product_brand","embeddable":true,"href":"https:\/\/gsoftwarelab.com\/pl\/wp-json\/wp\/v2\/product_brand?post=8292"},{"taxonomy":"product_cat","embeddable":true,"href":"https:\/\/gsoftwarelab.com\/pl\/wp-json\/wp\/v2\/product_cat?post=8292"},{"taxonomy":"product_tag","embeddable":true,"href":"https:\/\/gsoftwarelab.com\/pl\/wp-json\/wp\/v2\/product_tag?post=8292"}],"curies":[{"name":"wp","href":"https:\/\/api.w.org\/{rel}","templated":true}]}}