{"id":8173,"date":"2025-09-12T16:31:09","date_gmt":"2025-09-12T14:31:09","guid":{"rendered":"https:\/\/gsoftwarelab.com\/?post_type=product&#038;p=8173"},"modified":"2026-01-14T05:49:24","modified_gmt":"2026-01-14T03:49:24","slug":"addon-geosync-pro-unlock-authenticity-and-automation","status":"publish","type":"product","link":"https:\/\/gsoftwarelab.com\/pl\/produkt\/addon-geosync-pro-unlock-authenticity-and-automation\/","title":{"rendered":"Dodatek: GeoSync Pro"},"content":{"rendered":"<p><strong>GeoSync Pro: Odblokuj autentyczno\u015b\u0107 i automatyzacj\u0119 dzi\u0119ki Zero Effort<\/strong><\/p>\n<p>Uaktualnienie do <b>GeoSync Pro <\/b>(Przekierowano z Addon for <a href=\"https:\/\/gsoftwarelab.com\/pl\/organic-website-traffic-bot\/\">Traffic Buddy<\/a>). Natychmiast zsynchronizuj stref\u0119 czasow\u0105, j\u0119zyk i geolokalizacj\u0119 przegl\u0105darki (lat\/long) ze swoj\u0105 proxy IP. Ta automatyzacja jednym klikni\u0119ciem tworzy bezb\u0142\u0119dny cyfrowy odcisk palca, aby omin\u0105\u0107 wykrywanie i jest niezb\u0119dna do opanowania obracania proxies.<\/p>\n<ul>\n<li><b>Natychmiastowa synchronizacja profilu:<\/b> Automatycznie dopasowuje stref\u0119 czasow\u0105 przegl\u0105darki, j\u0119zyk i precyzyjne wsp\u00f3\u0142rz\u0119dne lat \/ long do Twojego proxy IP w czasie rzeczywistym.<\/li>\n<li><b>Wykrywanie obej\u015bcia:<\/b> Tworzy idealnie sp\u00f3jny cyfrowy odcisk palca, aby wyeliminowa\u0107 czerwone flagi i wy\u015bwietli\u0107 100% autentyczne.<\/li>\n<li><b>G\u0142\u00f3wne obrotowe serwery proxy:<\/b> Zapewnia, \u017ce ka\u017cde po\u0142\u0105czenie z nowego adresu IP jest natychmiast i idealnie dopasowane.<\/li>\n<li><b>Subskrypcja miesi\u0119czna:<\/b> Licencja b\u0119dzie odnawiana co miesi\u0105c. Po zakupie nasz zesp\u00f3\u0142 udost\u0119pni Twoje konto i e-mail po zako\u0144czeniu aktywacji.<\/li>\n<\/ul>\n<p>Po zam\u00f3wieniu, nasz <a href=\"https:\/\/gsoftwarelab.com\/pl\/contact-us\/\">zesp\u00f3\u0142 wsparcia<\/a> zajmie si\u0119 r\u0119czn\u0105 aktywacj\u0105 i powiadomi Ci\u0119 e-mailem po zako\u0144czeniu konfiguracji w ci\u0105gu 48 godzin.<\/p>\n<p><strong>Warunki subskrypcji:<\/strong><\/p>\n<ul>\n<li>Automatyczne odnawianie co miesi\u0105c do odwo\u0142ania<\/li>\n<li>Wsparcie i aktualizacje w okresie subskrypcji<\/li>\n<\/ul>","protected":false},"excerpt":{"rendered":"<p>Uaktualnienie do GeoSync Pro (Addon for Traffic Buddy) i automatycznie dopasowuj\u0105 stref\u0119 czasow\u0105, j\u0119zyk i geolokalizacj\u0119 przegl\u0105darki do Twojej proxyadres IP. Wyeliminuj r\u0119czn\u0105 konfiguracj\u0119 i stw\u00f3rz idealnie sp\u00f3jne profile za pomoc\u0105 jednego klikni\u0119cia. Idealny do obracania proxies.<\/p>","protected":false},"featured_media":8174,"comment_status":"open","ping_status":"closed","template":"","meta":{"rop_custom_images_group":[],"rop_custom_messages_group":[],"rop_publish_now":"initial","rop_publish_now_accounts":{"twitter_2998589429_2998589429":""},"rop_publish_now_history":[],"rop_publish_now_status":"pending"},"product_brand":[2068,2071],"product_cat":[87,158,104],"product_tag":[],"class_list":{"0":"post-8173","1":"product","2":"type-product","3":"status-publish","4":"has-post-thumbnail","6":"product_brand-gsoftwarelab","7":"product_brand-traffic-buddy","8":"product_cat-software","9":"product_cat-services","10":"product_cat-traffic-buddy","12":"first","13":"outofstock","14":"virtual","15":"purchasable","16":"product-type-simple"},"wcol_rules":[],"_links":{"self":[{"href":"https:\/\/gsoftwarelab.com\/pl\/wp-json\/wp\/v2\/product\/8173","targetHints":{"allow":["GET"]}}],"collection":[{"href":"https:\/\/gsoftwarelab.com\/pl\/wp-json\/wp\/v2\/product"}],"about":[{"href":"https:\/\/gsoftwarelab.com\/pl\/wp-json\/wp\/v2\/types\/product"}],"replies":[{"embeddable":true,"href":"https:\/\/gsoftwarelab.com\/pl\/wp-json\/wp\/v2\/comments?post=8173"}],"wp:featuredmedia":[{"embeddable":true,"href":"https:\/\/gsoftwarelab.com\/pl\/wp-json\/wp\/v2\/media\/8174"}],"wp:attachment":[{"href":"https:\/\/gsoftwarelab.com\/pl\/wp-json\/wp\/v2\/media?parent=8173"}],"wp:term":[{"taxonomy":"product_brand","embeddable":true,"href":"https:\/\/gsoftwarelab.com\/pl\/wp-json\/wp\/v2\/product_brand?post=8173"},{"taxonomy":"product_cat","embeddable":true,"href":"https:\/\/gsoftwarelab.com\/pl\/wp-json\/wp\/v2\/product_cat?post=8173"},{"taxonomy":"product_tag","embeddable":true,"href":"https:\/\/gsoftwarelab.com\/pl\/wp-json\/wp\/v2\/product_tag?post=8173"}],"curies":[{"name":"wp","href":"https:\/\/api.w.org\/{rel}","templated":true}]}}