{"id":7934,"date":"2025-07-23T11:07:34","date_gmt":"2025-07-23T09:07:34","guid":{"rendered":"https:\/\/gsoftwarelab.com\/?post_type=product&#038;p=7934"},"modified":"2026-04-10T23:24:56","modified_gmt":"2026-04-10T21:24:56","slug":"custom-software-development-1-hour","status":"publish","type":"product","link":"https:\/\/gsoftwarelab.com\/pl\/produkt\/custom-software-development-1-hour\/","title":{"rendered":"Niestandardowy rozw\u00f3j oprogramowania"},"content":{"rendered":"<p data-start=\"110\" data-end=\"488\">Odblokuj dopasowane rozwi\u0105zania dzi\u0119ki naszym <strong>Niestandardowy rozw\u00f3j oprogramowania<\/strong> us\u0142ugi \u2013 maj\u0105ce na celu urzeczywistnienie Pa\u0144stwa unikalnych pomys\u0142\u00f3w. Niezale\u017cnie od tego, czy chcesz ulepszy\u0107 nasze istniej\u0105ce produkty \u2013 Traffic Buddy, Proxy Buddy lub Index Buddy \u2013 z pot\u0119\u017cn\u0105 <strong>niestandardowe rozszerzenia<\/strong>, lub zbuduj co\u015b zupe\u0142nie nowego od podstaw.<\/p>\n<p data-start=\"490\" data-end=\"810\">Nasi do\u015bwiadczeni programi\u015bci \u015bci\u015ble wsp\u00f3\u0142pracuj\u0105 z Tob\u0105, aby zrozumie\u0107 Twoje konkretne cele, przep\u0142ywy pracy i wymagania, zapewniaj\u0105c bezproblemowe dopasowanie niestandardowego rozwi\u0105zania do Twoich operacji. Od automatyzacji przegl\u0105darek i narz\u0119dzi SEO po obs\u0142ug\u0119 danych i narz\u0119dzia sieciowe, dostarczamy czysty, wydajny i niezawodny kod, kt\u00f3ry dzia\u0142a.<\/p>\n<ul data-start=\"812\" data-end=\"1101\">\n<li data-start=\"812\" data-end=\"880\">\n<p data-start=\"814\" data-end=\"880\">\u2705 Niestandardowe rozszerzenia dla Traffic Buddy (nasz <a href=\"https:\/\/gsoftwarelab.com\/pl\/organic-website-traffic-bot\/\">narz\u0119dzie do automatyzacji ruchu<\/a>), Proxy Buddy &amp; Index Buddy<\/p>\n<\/li>\n<li data-start=\"881\" data-end=\"948\">\n<p data-start=\"883\" data-end=\"948\">\u2705 W pe\u0142ni niestandardowe samodzielne programy oparte na Twoich specyfikacjach<\/p>\n<\/li>\n<li data-start=\"949\" data-end=\"993\">\n<p data-start=\"951\" data-end=\"993\">\u2705 Skalowalne, oparte na wydajno\u015bci rozwi\u0105zania<\/p>\n<\/li>\n<li data-start=\"994\" data-end=\"1060\">\n<p data-start=\"996\" data-end=\"1060\">\u2705 Profesjonalne konsultacje w ca\u0142ym procesie rozwoju<\/p>\n<\/li>\n<li data-start=\"1061\" data-end=\"1101\">\n<p data-start=\"1063\" data-end=\"1101\">\u2705 Przejrzyste ceny, rozliczane co godzin\u0119<\/p>\n<\/li>\n<\/ul>\n<p data-start=\"1103\" data-end=\"1197\"><strong data-start=\"1103\" data-end=\"1114\">Ceny<\/strong>: Opracowywanie jest rozliczane w oparciu o stawk\u0119 godzinow\u0105 z pe\u0142n\u0105 przejrzysto\u015bci\u0105 co do przybli\u017conych wymaganych godzin.<\/p>\n<p data-start=\"1199\" data-end=\"1262\">Zbudujmy narz\u0119dzia, kt\u00f3re dzia\u0142aj\u0105 dok\u0142adnie tak, jak <em data-start=\"1243\" data-end=\"1248\">ty<\/em> Chc\u0119, \u017ceby tak by\u0142o.<\/p>\n<p data-start=\"1199\" data-end=\"1262\">Prosz\u0119 <a href=\"https:\/\/gsoftwarelab.com\/pl\/contact-us\/\">skontaktuj si\u0119 z nami<\/a> aby skoordynowa\u0107 swoje pomys\u0142y.<\/p>","protected":false},"excerpt":{"rendered":"<p>Opracowanie niestandardowych narz\u0119dzi programowych lub rozszerze\u0144 dla naszych istniej\u0105cych program\u00f3w, rozliczanych za godzin\u0119.<\/p>","protected":false},"featured_media":7935,"comment_status":"open","ping_status":"closed","template":"","meta":{"rop_custom_images_group":[],"rop_custom_messages_group":[],"rop_publish_now":"initial","rop_publish_now_accounts":{"twitter_2998589429_2998589429":""},"rop_publish_now_history":[],"rop_publish_now_status":"pending"},"product_brand":[],"product_cat":[158],"product_tag":[],"class_list":{"0":"post-7934","1":"product","2":"type-product","3":"status-publish","4":"has-post-thumbnail","6":"product_cat-services","8":"first","9":"instock","10":"virtual","11":"purchasable","12":"product-type-simple"},"wcol_rules":[],"_links":{"self":[{"href":"https:\/\/gsoftwarelab.com\/pl\/wp-json\/wp\/v2\/product\/7934","targetHints":{"allow":["GET"]}}],"collection":[{"href":"https:\/\/gsoftwarelab.com\/pl\/wp-json\/wp\/v2\/product"}],"about":[{"href":"https:\/\/gsoftwarelab.com\/pl\/wp-json\/wp\/v2\/types\/product"}],"replies":[{"embeddable":true,"href":"https:\/\/gsoftwarelab.com\/pl\/wp-json\/wp\/v2\/comments?post=7934"}],"wp:featuredmedia":[{"embeddable":true,"href":"https:\/\/gsoftwarelab.com\/pl\/wp-json\/wp\/v2\/media\/7935"}],"wp:attachment":[{"href":"https:\/\/gsoftwarelab.com\/pl\/wp-json\/wp\/v2\/media?parent=7934"}],"wp:term":[{"taxonomy":"product_brand","embeddable":true,"href":"https:\/\/gsoftwarelab.com\/pl\/wp-json\/wp\/v2\/product_brand?post=7934"},{"taxonomy":"product_cat","embeddable":true,"href":"https:\/\/gsoftwarelab.com\/pl\/wp-json\/wp\/v2\/product_cat?post=7934"},{"taxonomy":"product_tag","embeddable":true,"href":"https:\/\/gsoftwarelab.com\/pl\/wp-json\/wp\/v2\/product_tag?post=7934"}],"curies":[{"name":"wp","href":"https:\/\/api.w.org\/{rel}","templated":true}]}}