{"id":7899,"date":"2025-07-21T09:02:57","date_gmt":"2025-07-21T07:02:57","guid":{"rendered":"https:\/\/gsoftwarelab.com\/?post_type=product&#038;p=7899"},"modified":"2026-04-09T04:45:02","modified_gmt":"2026-04-09T02:45:02","slug":"private-proxies-1-month","status":"publish","type":"product","link":"https:\/\/gsoftwarelab.com\/pl\/produkt\/private-proxies-1-month\/","title":{"rendered":"Prywatne serwery proxy \u2013 1 miesi\u0105c"},"content":{"rendered":"<p>Przedstawiamy nasz\u0105 najnowsz\u0105 ofert\u0119: <strong>Prywatne serwery proxy <\/strong>\u00a0\u2013 1 miesi\u0119czny plan abonamentowy z <strong>250 GB w\u0142\u0105czonego ruchu <\/strong>i opcjonalnie <strong>okresowa wymiana adres\u00f3w IP<\/strong>. Ta us\u0142uga premium zapewnia bezpieczne i wydajne przegl\u0105danie dzi\u0119ki dedykowanemu proxy Pula z wybranych lokalizacji GEO na ca\u0142ym \u015bwiecie. Zachowaj swoj\u0105 prywatno\u015b\u0107 i ciesz si\u0119 bezproblemow\u0105 \u0142\u0105czno\u015bci\u0105 dzi\u0119ki naszemu ekskluzywnemu proxy rozwi\u0105zanie dostosowane do Twoich potrzeb.<\/p>\n<ul>\n<li>1000 \u2013 10000 szkielet proxy po\u0142\u0105czenia (IP:PORT:USER:PASS)<\/li>\n<li>1x Obrotowe po\u0142\u0105czenie punktu ko\u0144cowego (nowy serwer proxy na ka\u017cdym po\u0142\u0105czeniu)<\/li>\n<li>250GB Ruch drogowy (rozszerzalny)<\/li>\n<li>Mo\u017cliwe lokalizacje GEO na ca\u0142ym \u015bwiecie<\/li>\n<li>100 w\u0105tk\u00f3w proxy<\/li>\n<li>Obs\u0142uga po\u0142\u0105cze\u0144 HTTP \/ HTTPS<\/li>\n<li>Wsparcie dla po\u0142\u0105cze\u0144 SOCKS5<\/li>\n<\/ul>\n<p>To zam\u00f3wienie zostanie przetworzone r\u0119cznie, a jego realizacja mo\u017ce potrwa\u0107 do 48 godzin. Skontaktujemy si\u0119 z Tob\u0105 p\u00f3\u017aniej, aby skoordynowa\u0107 z Tob\u0105 po\u017c\u0105dane lokalizacje GEO.<br \/>\nObecnie nie mo\u017cemy zaoferowa\u0107 zwrotu pieni\u0119dzy za t\u0119 us\u0142ug\u0119 po przetworzeniu zam\u00f3wienia.<\/p>","protected":false},"excerpt":{"rendered":"<p><strong>Prywatne serwery proxy <\/strong>\u00a0\u2013 1 miesi\u0119czny plan abonamentowy z <strong>250 GB w\u0142\u0105czonego ruchu <\/strong>i opcjonalnie<strong> Zast\u0105pienie IP.<\/strong><\/p>","protected":false},"featured_media":7931,"comment_status":"open","ping_status":"closed","template":"","meta":{"rop_custom_images_group":[],"rop_custom_messages_group":[],"rop_publish_now":"initial","rop_publish_now_accounts":{"twitter_2998589429_2998589429":""},"rop_publish_now_history":[],"rop_publish_now_status":"pending"},"product_brand":[],"product_cat":[158],"product_tag":[],"class_list":{"0":"post-7899","1":"product","2":"type-product","3":"status-publish","4":"has-post-thumbnail","6":"product_cat-services","8":"first","9":"instock","10":"shipping-taxable","11":"purchasable","12":"product-type-variable"},"wcol_rules":[],"_links":{"self":[{"href":"https:\/\/gsoftwarelab.com\/pl\/wp-json\/wp\/v2\/product\/7899","targetHints":{"allow":["GET"]}}],"collection":[{"href":"https:\/\/gsoftwarelab.com\/pl\/wp-json\/wp\/v2\/product"}],"about":[{"href":"https:\/\/gsoftwarelab.com\/pl\/wp-json\/wp\/v2\/types\/product"}],"replies":[{"embeddable":true,"href":"https:\/\/gsoftwarelab.com\/pl\/wp-json\/wp\/v2\/comments?post=7899"}],"wp:featuredmedia":[{"embeddable":true,"href":"https:\/\/gsoftwarelab.com\/pl\/wp-json\/wp\/v2\/media\/7931"}],"wp:attachment":[{"href":"https:\/\/gsoftwarelab.com\/pl\/wp-json\/wp\/v2\/media?parent=7899"}],"wp:term":[{"taxonomy":"product_brand","embeddable":true,"href":"https:\/\/gsoftwarelab.com\/pl\/wp-json\/wp\/v2\/product_brand?post=7899"},{"taxonomy":"product_cat","embeddable":true,"href":"https:\/\/gsoftwarelab.com\/pl\/wp-json\/wp\/v2\/product_cat?post=7899"},{"taxonomy":"product_tag","embeddable":true,"href":"https:\/\/gsoftwarelab.com\/pl\/wp-json\/wp\/v2\/product_tag?post=7899"}],"curies":[{"name":"wp","href":"https:\/\/api.w.org\/{rel}","templated":true}]}}