{"id":5915,"date":"2023-02-04T16:45:33","date_gmt":"2023-02-04T14:45:33","guid":{"rendered":"https:\/\/gsoftwarelab.com\/?post_type=product&#038;p=5915"},"modified":"2025-11-10T06:30:58","modified_gmt":"2025-11-10T04:30:58","slug":"index-buddy-v2","status":"publish","type":"product","link":"https:\/\/gsoftwarelab.com\/pl\/produkt\/index-buddy-v2\/","title":{"rendered":"Index Buddy"},"content":{"rendered":"<h2 class=\"elementor-image-box-title\">Index Buddy V2 \u2013 masowy indeksator link\u00f3w SEO<\/h2>\n<div class=\"flex flex-grow flex-col gap-3\">\n<div class=\"min-h-[20px] flex flex-col items-start gap-4 whitespace-pre-wrap\">\n<div class=\"markdown prose w-full break-words dark:prose-invert light\">\n<p>Index Buddy V2 to najnowsza i ulepszona wersja Index Buddy. Oferuje zaawansowane i ulepszone funkcje indeksowania, kt\u00f3re pomagaj\u0105 zwi\u0119kszy\u0107 widoczno\u015b\u0107 i ranking witryny lub adres\u00f3w URL w g\u0142\u00f3wnych wyszukiwarkach, takich jak Google, Bing i Baidu. Oprogramowanie zosta\u0142o zaprojektowane tak, aby by\u0142o przyjazne dla u\u017cytkownika i wydajne, co u\u0142atwia indeksowanie pojedynczych adres\u00f3w URL, ca\u0142ych stron internetowych lub zbiorczych list adres\u00f3w URL za pomoc\u0105 zaledwie kilku klikni\u0119\u0107.<\/p>\n<p>Z miesi\u0119czn\u0105 subskrypcj\u0105 na Index Buddy V2, mo\u017cesz cieszy\u0107 si\u0119 p\u0142ynnym i nieprzerwanym indeksowaniem na jednym komputerze. Wszystkie przysz\u0142e aktualizacje, nowe funkcje i poprawki b\u0142\u0119d\u00f3w s\u0105 dost\u0119pne przez 1 miesi\u0105c, dzi\u0119ki czemu zawsze masz dost\u0119p do najbardziej aktualnej wersji oprogramowania.<\/p>\n<p><img decoding=\"async\" class=\"aligncenter wp-image-6384 size-full\" src=\"https:\/\/gsoftwarelab.com\/wp-content\/uploads\/2023\/02\/Indexing.gif\" alt=\"Index Buddy - Proces indeksowania link\u00f3w i link\u00f3w zwrotnych\" width=\"1000\" height=\"650\" title=\"\"><\/p>\n<\/div>\n<\/div>\n<\/div>\n<p>&nbsp;<\/p>\n<p><strong>Minimalne wymagania systemowe:<\/strong><\/p>\n<ul>\n<li>System operacyjny: Windows 10 (wersja 22H2 lub nowsza) Windows 11 (wszystkie wersje), Windows Server 2019 i nowsze<\/li>\n<li>8 GB pami\u0119ci RAM<\/li>\n<li>10 GB pami\u0119ci masowej<\/li>\n<li>4 rdzenie<\/li>\n<li>Stabilne po\u0142\u0105czenie internetowe<\/li>\n<\/ul>\n<p><strong>Zam\u00f3wienie zawiera:<\/strong><\/p>\n<ul>\n<li>1 miesi\u0119czna subskrypcja oprogramowania (<span class=\"HwtZe\" lang=\"en\"><span class=\"jCAhz ChMk0b\"><span class=\"ryNqvb\">1 szt.)<\/span><\/span><\/span><\/li>\n<li>1 miesi\u0105c kompleksowego wsparcia<\/li>\n<\/ul>\n<p><strong>Warunki subskrypcji:<\/strong><\/p>\n<ul>\n<li>Automatyczne odnawianie co miesi\u0105c do odwo\u0142ania<\/li>\n<li>Wsparcie i aktualizacje w okresie subskrypcji<\/li>\n<\/ul>\n<p><strong><a href=\"https:\/\/gsoftwarelab.com\/pl\/index-buddy-backlink-indexer\/\">Dowiedz si\u0119 wi\u0119cej o Index Buddy (Oprogramowanie do indeksowania link\u00f3w)<\/a><\/strong><br \/>\n<strong><a href=\"https:\/\/docs.gsoftwarelab.com\/\">Przeczytaj dokumentacj\u0119<\/a><\/strong><\/p>\n<p><strong><a href=\"https:\/\/gsoftwarelab.com\/pl\/organic-traffic-view-bot\/\">Dowiedz si\u0119 wi\u0119cej o Traffic Buddy<\/a><a href=\"https:\/\/gsoftwarelab.com\/pl\/organic-traffic-view-bot\/\"> (Przekierowano z Traffic Bot)<\/a><br \/>\n<a href=\"https:\/\/gsoftwarelab.com\/pl\/proxy-buddy-scraper-tester\/\">Dowiedz si\u0119 wi\u0119cej o Proxy Buddy <\/a><a href=\"https:\/\/gsoftwarelab.com\/pl\/proxy-buddy-scraper-tester\/\">(Przekierowano z Proxy Scraper)<\/a><\/strong><\/p>","protected":false},"excerpt":{"rendered":"<p>Index Buddy V2, idealne narz\u0119dzie do indeksowania ogromnych list link\u00f3w zwrotnych w wyszukiwarkach.<\/p>","protected":false},"featured_media":7727,"comment_status":"open","ping_status":"closed","template":"","meta":{"rop_custom_images_group":[],"rop_custom_messages_group":[],"rop_publish_now":"initial","rop_publish_now_accounts":{"twitter_2998589429_2998589429":""},"rop_publish_now_history":[],"rop_publish_now_status":"pending"},"product_brand":[2068,2070],"product_cat":[89,87],"product_tag":[190,2383,191,2384,192,193],"class_list":{"0":"post-5915","1":"product","2":"type-product","3":"status-publish","4":"has-post-thumbnail","6":"product_brand-gsoftwarelab","7":"product_brand-index-buddy","8":"product_cat-index-buddy","9":"product_cat-software","10":"product_tag-backlink-indexer","11":"product_tag-backlink-indexer-subscription","12":"product_tag-indexing-software","13":"product_tag-indexing-software-subscription","14":"product_tag-indexing-tool","15":"product_tag-url-indexer","17":"first","18":"instock","19":"featured","20":"downloadable","21":"virtual","22":"purchasable","23":"product-type-simple"},"wcol_rules":[],"_links":{"self":[{"href":"https:\/\/gsoftwarelab.com\/pl\/wp-json\/wp\/v2\/product\/5915","targetHints":{"allow":["GET"]}}],"collection":[{"href":"https:\/\/gsoftwarelab.com\/pl\/wp-json\/wp\/v2\/product"}],"about":[{"href":"https:\/\/gsoftwarelab.com\/pl\/wp-json\/wp\/v2\/types\/product"}],"replies":[{"embeddable":true,"href":"https:\/\/gsoftwarelab.com\/pl\/wp-json\/wp\/v2\/comments?post=5915"}],"wp:featuredmedia":[{"embeddable":true,"href":"https:\/\/gsoftwarelab.com\/pl\/wp-json\/wp\/v2\/media\/7727"}],"wp:attachment":[{"href":"https:\/\/gsoftwarelab.com\/pl\/wp-json\/wp\/v2\/media?parent=5915"}],"wp:term":[{"taxonomy":"product_brand","embeddable":true,"href":"https:\/\/gsoftwarelab.com\/pl\/wp-json\/wp\/v2\/product_brand?post=5915"},{"taxonomy":"product_cat","embeddable":true,"href":"https:\/\/gsoftwarelab.com\/pl\/wp-json\/wp\/v2\/product_cat?post=5915"},{"taxonomy":"product_tag","embeddable":true,"href":"https:\/\/gsoftwarelab.com\/pl\/wp-json\/wp\/v2\/product_tag?post=5915"}],"curies":[{"name":"wp","href":"https:\/\/api.w.org\/{rel}","templated":true}]}}