{"id":3541,"date":"2021-11-17T18:40:19","date_gmt":"2021-11-17T16:40:19","guid":{"rendered":"https:\/\/gsoftwarelab.com\/?post_type=product&#038;p=3541"},"modified":"2025-11-27T09:41:16","modified_gmt":"2025-11-27T07:41:16","slug":"seo-agency-bundle","status":"publish","type":"product","link":"https:\/\/gsoftwarelab.com\/pl\/produkt\/seo-agency-bundle\/","title":{"rendered":"Pakiet agencji SEO"},"content":{"rendered":"<div class=\"flex flex-grow flex-col gap-3\">\n<div class=\"min-h-[20px] flex flex-col items-start gap-4 whitespace-pre-wrap break-words\">\n<div class=\"markdown prose w-full break-words dark:prose-invert light\">\n<p><strong>Odblokuj dodatkowe 25% Zni\u017cka na nasz pakiet produkt\u00f3w Premier:<\/strong> <strong>Najlepsze rozwi\u0105zanie dla agencji, freelancer\u00f3w i specjalist\u00f3w SEO.<\/strong><\/p>\n<p>Skorzystaj z tej wyj\u0105tkowej okazji, aby podnie\u015b\u0107 sw\u00f3j biznes dzi\u0119ki kompleksowemu i przyjaznemu dla bud\u017cetu rozwi\u0105zaniu dostosowanemu do agencji, freelancer\u00f3w i ekspert\u00f3w SEO. Nasz najlepszy pakiet produkt\u00f3w obejmuje nasze najwy\u017cszej klasy oprogramowanie, najnowocze\u015bniejsze narz\u0119dzia, nieocenione zasoby i dedykowane wsparcie, dzi\u0119ki czemu masz wszystko na wyci\u0105gni\u0119cie r\u0119ki, aby ulepszy\u0107 swoj\u0105 witryn\u0119 i zwi\u0119kszy\u0107 swoj\u0105 obecno\u015b\u0107 w Internecie.<\/p>\n<p>Poznaj zalety naszych najlepszych w swojej klasie produkt\u00f3w i us\u0142ug, oszcz\u0119dzaj\u0105c jednocze\u015bnie czas i pieni\u0105dze. Ta ograniczona w czasie oferta nie potrwa d\u0142ugo, wi\u0119c dzia\u0142aj teraz, aby zabezpieczy\u0107 swoje 25% zdyskontowa\u0107 i zainwestowa\u0107 w najlepszy zestaw narz\u0119dzi do cyfrowego sukcesu.<\/p>\n<p><strong>Tw\u00f3j zakup obejmuje:<\/strong><\/p>\n<ul>\n<li><a href=\"https:\/\/gsoftwarelab.com\/pl\/proxy-scraper-and-proxy-tester-software\/\"><strong>Proxy Buddy<\/strong><\/a> Licencja miesi\u0119czna na jeden komputer<\/li>\n<li><a href=\"https:\/\/gsoftwarelab.com\/pl\/organic-traffic-view-bot\/\"><strong>Traffic Buddy<\/strong><\/a> Licencja miesi\u0119czna na jeden komputer<\/li>\n<li><a href=\"https:\/\/gsoftwarelab.com\/pl\/index-buddy-backlink-indexer\/\"><strong>Index Buddy v2<\/strong><\/a> Licencja miesi\u0119czna na jeden komputer<\/li>\n<li>Kompleksowe <strong>Wsparcie<\/strong><\/li>\n<li>Wk\u0142ad w sadzenie\u00a0 <strong>5 drzew<\/strong><\/li>\n<\/ul>\n<p><strong>Warunki subskrypcji:<\/strong><\/p>\n<ul>\n<li>Automatyczne odnawianie co miesi\u0105c do odwo\u0142ania<\/li>\n<li>Wsparcie i aktualizacje w okresie subskrypcji<\/li>\n<\/ul>\n<\/div>\n<\/div>\n<\/div>","protected":false},"excerpt":{"rendered":"<p class=\"root-block-node\" data-changed=\"false\" data-paragraphid=\"3\">Nasze najpopularniejsze produkty w pakiecie z dodatkowym 25% zni\u017cka. Idealny dla agencji, freelancer\u00f3w i ekspert\u00f3w SEO.<\/p>","protected":false},"featured_media":7662,"comment_status":"open","ping_status":"closed","template":"","meta":{"rop_custom_images_group":[],"rop_custom_messages_group":[],"rop_publish_now":"initial","rop_publish_now_accounts":{"twitter_2998589429_2998589429":""},"rop_publish_now_history":[],"rop_publish_now_status":"pending"},"product_brand":[2068],"product_cat":[89,88,87,104],"product_tag":[691,191,98,693,690,2369,2370,692,2387,696],"class_list":{"0":"post-3541","1":"product","2":"type-product","3":"status-publish","4":"has-post-thumbnail","6":"product_brand-gsoftwarelab","7":"product_cat-index-buddy","8":"product_cat-proxy-buddy","9":"product_cat-software","10":"product_cat-traffic-buddy","11":"product_tag-bundle","12":"product_tag-indexing-software","13":"product_tag-proxy-scraper","14":"product_tag-sale","15":"product_tag-seo-bundle","16":"product_tag-seo-software","17":"product_tag-seo-software-bundle","18":"product_tag-software-bundle","19":"product_tag-software-bundle-subscription","20":"product_tag-traffic-bot","22":"first","23":"instock","24":"sale","25":"featured","26":"virtual","27":"purchasable","28":"product-type-woosb"},"wcol_rules":[],"_links":{"self":[{"href":"https:\/\/gsoftwarelab.com\/pl\/wp-json\/wp\/v2\/product\/3541","targetHints":{"allow":["GET"]}}],"collection":[{"href":"https:\/\/gsoftwarelab.com\/pl\/wp-json\/wp\/v2\/product"}],"about":[{"href":"https:\/\/gsoftwarelab.com\/pl\/wp-json\/wp\/v2\/types\/product"}],"replies":[{"embeddable":true,"href":"https:\/\/gsoftwarelab.com\/pl\/wp-json\/wp\/v2\/comments?post=3541"}],"wp:featuredmedia":[{"embeddable":true,"href":"https:\/\/gsoftwarelab.com\/pl\/wp-json\/wp\/v2\/media\/7662"}],"wp:attachment":[{"href":"https:\/\/gsoftwarelab.com\/pl\/wp-json\/wp\/v2\/media?parent=3541"}],"wp:term":[{"taxonomy":"product_brand","embeddable":true,"href":"https:\/\/gsoftwarelab.com\/pl\/wp-json\/wp\/v2\/product_brand?post=3541"},{"taxonomy":"product_cat","embeddable":true,"href":"https:\/\/gsoftwarelab.com\/pl\/wp-json\/wp\/v2\/product_cat?post=3541"},{"taxonomy":"product_tag","embeddable":true,"href":"https:\/\/gsoftwarelab.com\/pl\/wp-json\/wp\/v2\/product_tag?post=3541"}],"curies":[{"name":"wp","href":"https:\/\/api.w.org\/{rel}","templated":true}]}}