{"id":1411,"date":"2020-05-14T10:21:22","date_gmt":"2020-05-14T08:21:22","guid":{"rendered":"https:\/\/gsoftwarelab.com\/?post_type=product&#038;p=1411"},"modified":"2025-10-18T06:49:26","modified_gmt":"2025-10-18T04:49:26","slug":"index-buddy","status":"publish","type":"product","link":"https:\/\/gsoftwarelab.com\/pl\/produkt\/index-buddy\/","title":{"rendered":"Index Buddy V1"},"content":{"rendered":"<h2 class=\"elementor-image-box-title\">Index Buddy V1 \u2013 masowy indeksator link\u00f3w SEO<\/h2>\n<p><strong>Uaktualnienie do <a href=\"https:\/\/gsoftwarelab.com\/pl\/produkt\/index-buddy-v2\/\"><span style=\"color: #ff9900;\">Index Buddy v2<\/span><\/a>: Ulepszone funkcje &amp; Ulepszone do\u015bwiadczenie u\u017cytkownika<\/strong><\/p>\n<p>Index Buddy jest pot\u0119\u017cnym i \u0142atwym w u\u017cyciu oprogramowaniem indeksuj\u0105cym. Umo\u017cliwia indeksowanie pojedynczych adres\u00f3w URL, stron internetowych lub masowych list adres\u00f3w URL w g\u0142\u00f3wnych wyszukiwarkach, takich jak Google, Bing lub Baidu. Indeksowanie dzia\u0142a poprzez przesy\u0142anie witryny lub adres\u00f3w URL do tysi\u0119cy stron whois i statystyk, co skutkuje wieloma linkami zwrotnymi. Otrzymasz jedn\u0105 do\u017cywotni\u0105 licencj\u0119 na Index Buddy. Mo\u017ce by\u0107 u\u017cywany tylko na jednym komputerze w tym samym czasie. Wszystkie przysz\u0142e aktualizacje, dodane funkcje i poprawki b\u0142\u0119d\u00f3w s\u0105 uwzgl\u0119dnione bez dodatkowych koszt\u00f3w.<\/p>\n<p><img decoding=\"async\" class=\"aligncenter wp-image-3558 size-full\" src=\"https:\/\/gsoftwarelab.com\/wp-content\/uploads\/2021\/11\/indexing_process.gif\" alt=\"Proces indeksowania link\u00f3w zwrotnych SEO\" width=\"802\" height=\"478\" title=\"\"><\/p>\n<p>&nbsp;<\/p>\n<p><strong>Minimalne wymagania systemowe:<\/strong><\/p>\n<ul>\n<li>System operacyjny: Windows 10 (wersja 22H2 lub nowsza) Windows 11 (wszystkie wersje), Windows Server 2019 i nowsze<\/li>\n<li>8 GB pami\u0119ci RAM<\/li>\n<li>10 GB pami\u0119ci masowej<\/li>\n<li>4 rdzenie<\/li>\n<li>Stabilne po\u0142\u0105czenie internetowe<\/li>\n<\/ul>\n<p><strong>Tw\u00f3j zakup obejmuje:<\/strong><\/p>\n<ul>\n<li>Do\u017cywotnia licencja na jeden komputer<\/li>\n<li>Wk\u0142ad w sadzenie jednego drzewa<\/li>\n<\/ul>\n<p><strong><a href=\"https:\/\/gsoftwarelab.com\/pl\/index-buddy-backlink-indexer\/\">Dowiedz si\u0119 wi\u0119cej o Index Buddy<\/a><\/strong><br \/>\n<strong><a href=\"https:\/\/docs.gsoftwarelab.com\/\">Przeczytaj dokumentacj\u0119<\/a><\/strong><\/p>\n<p><strong><a href=\"https:\/\/gsoftwarelab.com\/pl\/organic-traffic-view-bot\/\">Dowiedz si\u0119 wi\u0119cej o Traffic Buddy<\/a><br \/>\n<a href=\"https:\/\/gsoftwarelab.com\/pl\/proxy-buddy-scraper-tester\/\">Dowiedz si\u0119 wi\u0119cej o Proxy Buddy<\/a><br \/>\n<\/strong><\/p>","protected":false},"excerpt":{"rendered":"<p>Index Buddy V1, idealne narz\u0119dzie do indeksowania ogromnych list link\u00f3w zwrotnych w wyszukiwarkach.<\/p>","protected":false},"featured_media":1771,"comment_status":"open","ping_status":"closed","template":"","meta":{"rop_custom_images_group":[],"rop_custom_messages_group":[],"rop_publish_now":"initial","rop_publish_now_accounts":{"twitter_2998589429_2998589429":""},"rop_publish_now_history":[],"rop_publish_now_status":"pending"},"product_brand":[],"product_cat":[89,87],"product_tag":[190,191,192,193],"class_list":{"0":"post-1411","1":"product","2":"type-product","3":"status-publish","4":"has-post-thumbnail","6":"product_cat-index-buddy","7":"product_cat-software","8":"product_tag-backlink-indexer","9":"product_tag-indexing-software","10":"product_tag-indexing-tool","11":"product_tag-url-indexer","13":"first","14":"instock","15":"downloadable","16":"virtual","17":"purchasable","18":"product-type-simple"},"wcol_rules":[],"_links":{"self":[{"href":"https:\/\/gsoftwarelab.com\/pl\/wp-json\/wp\/v2\/product\/1411","targetHints":{"allow":["GET"]}}],"collection":[{"href":"https:\/\/gsoftwarelab.com\/pl\/wp-json\/wp\/v2\/product"}],"about":[{"href":"https:\/\/gsoftwarelab.com\/pl\/wp-json\/wp\/v2\/types\/product"}],"replies":[{"embeddable":true,"href":"https:\/\/gsoftwarelab.com\/pl\/wp-json\/wp\/v2\/comments?post=1411"}],"wp:featuredmedia":[{"embeddable":true,"href":"https:\/\/gsoftwarelab.com\/pl\/wp-json\/wp\/v2\/media\/1771"}],"wp:attachment":[{"href":"https:\/\/gsoftwarelab.com\/pl\/wp-json\/wp\/v2\/media?parent=1411"}],"wp:term":[{"taxonomy":"product_brand","embeddable":true,"href":"https:\/\/gsoftwarelab.com\/pl\/wp-json\/wp\/v2\/product_brand?post=1411"},{"taxonomy":"product_cat","embeddable":true,"href":"https:\/\/gsoftwarelab.com\/pl\/wp-json\/wp\/v2\/product_cat?post=1411"},{"taxonomy":"product_tag","embeddable":true,"href":"https:\/\/gsoftwarelab.com\/pl\/wp-json\/wp\/v2\/product_tag?post=1411"}],"curies":[{"name":"wp","href":"https:\/\/api.w.org\/{rel}","templated":true}]}}