{"id":1409,"date":"2020-05-14T09:55:52","date_gmt":"2020-05-14T07:55:52","guid":{"rendered":"https:\/\/gsoftwarelab.com\/?post_type=product&#038;p=1409"},"modified":"2026-01-14T05:49:24","modified_gmt":"2026-01-14T03:49:24","slug":"proxy-buddy-v3","status":"publish","type":"product","link":"https:\/\/gsoftwarelab.com\/pl\/produkt\/proxy-buddy-v3\/","title":{"rendered":"Proxy Buddy"},"content":{"rendered":"<h2>Odblokuj nieograniczone serwery proxy za pomoc\u0105 Proxy Buddy<\/h2>\n<div class=\"flex flex-grow flex-col gap-3\">\n<div class=\"min-h-[20px] flex flex-col items-start gap-4 whitespace-pre-wrap\">\n<div class=\"markdown prose w-full break-words dark:prose-invert light\">\n<p>Przedstawienie Proxy Buddy \u2013 najlepsze rozwi\u0105zanie do szybkiego i \u0142atwego skrobania, testowania, filtrowania i eksportowania list tysi\u0119cy \u015bwie\u017cych publicznych serwer\u00f3w proxy. Dzi\u0119ki funkcji autopilota jednym klikni\u0119ciem mo\u017cesz bez wysi\u0142ku zbiera\u0107 i testowa\u0107 serwery proxy za pomoc\u0105 jednego klikni\u0119cia. Idealny do aplikacji SEO i bot\u00f3w, Proxy Buddy zawiera nawet specjalny test wyszukiwania Google, aby upewni\u0107 si\u0119, \u017ce serwery proxy mog\u0105 zeskroba\u0107 wyniki wyszukiwania z Google.<\/p>\n<p>Uaktualnij sw\u00f3j proxy gra z naszym pot\u0119\u017cnym i wydajnym zakupem proxy narz\u0119dzie do skrobania. Kupuj\u0105c nasze proxy skrobak, uzyskasz dost\u0119p do miesi\u0119cznej subskrypcji Proxy Buddy. Ta licencja pozwala na korzystanie z narz\u0119dzia na jednym komputerze naraz, bez \u017cadnych dodatkowych koszt\u00f3w za aktualizacje, dodane funkcje lub poprawki b\u0142\u0119d\u00f3w. Nie przegap okazji, aby udoskonali\u0107 swoje proxy Mo\u017cliwo\u015bci z Proxy Buddy \u2013 kup teraz!<\/p>\n<\/div>\n<\/div>\n<\/div>\n<div style=\"padding: 56.25% 0 0 0; position: relative;\"><iframe style=\"position: absolute; top: 0; left: 0; width: 100%; height: 100%;\" src=\"https:\/\/player.vimeo.com\/video\/672830210?h=59eb4a1d9e&amp;autoplay=1&amp;loop=1&amp;byline=0\" frameborder=\"0\" allowfullscreen=\"allowfullscreen\"><\/iframe><\/div>\n<p>&nbsp;<\/p>\n<h3 id=\"item-description__key-features\">Najwa\u017cniejsze cechy:<\/h3>\n<ul>\n<li>W pe\u0142ni zautomatyzowany Proxy Scraper<\/li>\n<li>Wbudowane \u017ar\u00f3d\u0142o proxy<\/li>\n<li>Zgarnij miliony serwer\u00f3w proxy<\/li>\n<li>Wielogwintowe i oparte na gniazdach<\/li>\n<li>Obs\u0142uguje HTTP, HTTPS, Socks4 i Socks5<\/li>\n<li>Przesy\u0142anie i wysy\u0142anie e-maili<\/li>\n<li>Zaawansowana obs\u0142uga filtrowania (Protok\u00f3\u0142, Google Pass, Anonimowo\u015b\u0107, Kraj i inne)<\/li>\n<li>Aktualizacje i wsparcie<\/li>\n<li>Oryginalny i unikalny klucz licencyjny<\/li>\n<\/ul>\n<p><strong>Minimalne wymagania systemowe:<\/strong><\/p>\n<ul>\n<li>System operacyjny: Windows 10 (wersja 22H2 lub nowsza) Windows 11 (wszystkie wersje), Windows Server 2019 i nowsze<\/li>\n<li>8 GB pami\u0119ci RAM<\/li>\n<li>10 GB pami\u0119ci masowej<\/li>\n<li>4 rdzenie<\/li>\n<li>Stabilne po\u0142\u0105czenie internetowe<\/li>\n<\/ul>\n<p><strong>Tw\u00f3j zakup obejmuje:<\/strong><\/p>\n<ul>\n<li>Miesi\u0119czna subskrypcja oprogramowania<\/li>\n<li>Kompleksowe wsparcie<\/li>\n<li>Wk\u0142ad w sadzenie jednego drzewa<\/li>\n<\/ul>\n<p><strong>Warunki subskrypcji:<\/strong><\/p>\n<ul>\n<li>Automatyczne odnawianie co miesi\u0105c do odwo\u0142ania<\/li>\n<li>Wsparcie i aktualizacje w okresie subskrypcji<\/li>\n<\/ul>\n<p><a href=\"https:\/\/gsoftwarelab.com\/pl\/proxy-buddy-scraper-tester\/\"><strong>Dowiedz si\u0119 wi\u0119cej o Proxy Buddy<\/strong><\/a><strong><a href=\"https:\/\/gsoftwarelab.com\/pl\/proxy-buddy-scraper-tester\/\"> (Przekierowano z Proxy Scraper)<\/a><\/strong><br \/>\n<strong><a href=\"https:\/\/docs.gsoftwarelab.com\/\">Przeczytaj dokumentacj\u0119<\/a><\/strong><\/p>\n<p><strong><a href=\"https:\/\/gsoftwarelab.com\/pl\/organic-traffic-view-bot\/\">Dowiedz si\u0119 wi\u0119cej o Traffic Buddy<\/a><a href=\"https:\/\/gsoftwarelab.com\/pl\/organic-traffic-view-bot\/\"> (Przekierowano z Traffic Bot)<\/a><br \/>\n<a href=\"https:\/\/gsoftwarelab.com\/pl\/index-buddy-backlink-indexer\/\">Dowiedz si\u0119 wi\u0119cej o Index Buddy<\/a><a href=\"https:\/\/gsoftwarelab.com\/pl\/index-buddy-backlink-indexer\/\"> (Oprogramowanie do indeksowania link\u00f3w)<\/a><br \/>\n<\/strong><\/p>","protected":false},"excerpt":{"rendered":"<p>Bez wysi\u0142ku znajd\u017a i przetestuj tysi\u0105ce \u015bwie\u017cych publicznych serwer\u00f3w proxy za pomoc\u0105 Proxy Buddy. Nasze szybkie i przyjazne dla u\u017cytkownika narz\u0119dzie pozwala z \u0142atwo\u015bci\u0105 zeskrobywa\u0107, testowa\u0107, filtrowa\u0107 i eksportowa\u0107 listy proxy. Funkcja autopilota jednym klikni\u0119ciem u\u0142atwia masowe zbieranie i testowanie serwer\u00f3w proxy. Usprawnij wyszukiwanie proxy i zapewnij najwy\u017csz\u0105 wydajno\u015b\u0107 dzi\u0119ki Proxy Buddy.<\/p>","protected":false},"featured_media":7548,"comment_status":"open","ping_status":"closed","template":"","meta":{"rop_custom_images_group":[],"rop_custom_messages_group":[],"rop_publish_now":"initial","rop_publish_now_accounts":{"twitter_2998589429_2998589429":""},"rop_publish_now_history":[],"rop_publish_now_status":"pending"},"product_brand":[2068,2069],"product_cat":[88,87],"product_tag":[153,156,103,2386,102,98,2385,99,157,155,188,189],"class_list":{"0":"post-1409","1":"product","2":"type-product","3":"status-publish","4":"has-post-thumbnail","6":"product_brand-gsoftwarelab","7":"product_brand-proxy-buddy","8":"product_cat-proxy-buddy","9":"product_cat-software","10":"product_tag-google-proxies","11":"product_tag-gsa-ser-proxies","12":"product_tag-proxy-buddy","13":"product_tag-proxy-buddy-subscription","14":"product_tag-proxy-list","15":"product_tag-proxy-scraper","16":"product_tag-proxy-scraper-subscription","17":"product_tag-proxy-tester","18":"product_tag-scrapebox-proxies","19":"product_tag-seo-proxies","20":"product_tag-sock5-proxy","21":"product_tag-socks4-proxy","23":"first","24":"instock","25":"featured","26":"downloadable","27":"virtual","28":"purchasable","29":"product-type-simple"},"wcol_rules":[],"_links":{"self":[{"href":"https:\/\/gsoftwarelab.com\/pl\/wp-json\/wp\/v2\/product\/1409","targetHints":{"allow":["GET"]}}],"collection":[{"href":"https:\/\/gsoftwarelab.com\/pl\/wp-json\/wp\/v2\/product"}],"about":[{"href":"https:\/\/gsoftwarelab.com\/pl\/wp-json\/wp\/v2\/types\/product"}],"replies":[{"embeddable":true,"href":"https:\/\/gsoftwarelab.com\/pl\/wp-json\/wp\/v2\/comments?post=1409"}],"wp:featuredmedia":[{"embeddable":true,"href":"https:\/\/gsoftwarelab.com\/pl\/wp-json\/wp\/v2\/media\/7548"}],"wp:attachment":[{"href":"https:\/\/gsoftwarelab.com\/pl\/wp-json\/wp\/v2\/media?parent=1409"}],"wp:term":[{"taxonomy":"product_brand","embeddable":true,"href":"https:\/\/gsoftwarelab.com\/pl\/wp-json\/wp\/v2\/product_brand?post=1409"},{"taxonomy":"product_cat","embeddable":true,"href":"https:\/\/gsoftwarelab.com\/pl\/wp-json\/wp\/v2\/product_cat?post=1409"},{"taxonomy":"product_tag","embeddable":true,"href":"https:\/\/gsoftwarelab.com\/pl\/wp-json\/wp\/v2\/product_tag?post=1409"}],"curies":[{"name":"wp","href":"https:\/\/api.w.org\/{rel}","templated":true}]}}