{"id":8524,"date":"2025-11-15T08:47:14","date_gmt":"2025-11-15T06:47:14","guid":{"rendered":"https:\/\/gsoftwarelab.com\/?page_id=8524"},"modified":"2025-11-15T08:47:18","modified_gmt":"2025-11-15T06:47:18","slug":"software-license-agreement","status":"publish","type":"page","link":"https:\/\/gsoftwarelab.com\/pl\/software-license-agreement\/","title":{"rendered":"Umowa licencyjna na oprogramowanie"},"content":{"rendered":"<h1 class=\"wp-block-heading\">UMOWA LICENCYJNA DOTYCZ\u0104CA OPROGRAMOWANIA<\/h1>\n\n\n\n<p>Niniejsza umowa licencyjna na oprogramowanie (\u201eUMOWA\u201d) jest wi\u0105\u017c\u0105c\u0105 umow\u0105 prawn\u0105 mi\u0119dzy u\u017cytkownikiem (osob\u0105 fizyczn\u0105 lub pojedynczym podmiotem prawnym, zwanym dalej \u201eu\u017cytkownikiem\u201d lub \u201elicencjobiorc\u0105\u201d) oraz GSoftwareLab (zwany dalej \u201elicencjodawc\u0105\u201d lub \u201eGSoftwareLab\u201d).<\/p>\n\n\n\n<p>Niniejsza Umowa reguluje korzystanie z GSoftwareLab oprogramowanie towarzysz\u0105ce niniejszej Umowie, kt\u00f3re obejmuje oprogramowanie, wszelkie powi\u0105zane no\u015bniki, materia\u0142y drukowane oraz dokumentacj\u0119 \u201eonline\u201d lub elektroniczn\u0105 (zwane \u0142\u0105cznie \u201eOPROGRAMOWANIEM\u201d).<\/p>\n\n\n\n<p><strong>Instaluj\u0105c, kopiuj\u0105c, pobieraj\u0105c lub w inny spos\u00f3b korzystaj\u0105c z OPROGRAMOWANIA, zgadzasz si\u0119 przestrzega\u0107 warunk\u00f3w niniejszej Umowy. Je\u015bli nie zgadzasz si\u0119 z tymi warunkami, nie instaluj ani nie u\u017cywaj OPROGRAMOWANIA.<\/strong><\/p>\n\n\n\n<h3 class=\"wp-block-heading\">1. W\u0141ASNO\u015a\u0106 I W\u0141ASNO\u015a\u0106 INTELEKTUALNA<\/h3>\n\n\n\n<p>OPROGRAMOWANIE jest w\u0142asno\u015bci\u0105 GSoftwareLab i jest chroniony przez prawa autorskie i mi\u0119dzynarodowe traktaty dotycz\u0105ce praw autorskich, a tak\u017ce inne prawa i traktaty dotycz\u0105ce w\u0142asno\u015bci intelektualnej. OPROGRAMOWANIE jest licencjonowane, a nie sprzedawane. GSoftwareLab zastrzega sobie wszelkie prawa, kt\u00f3re nie zosta\u0142y wyra\u017anie przyznane U\u017cytkownikowi w niniejszej Umowie.<\/p>\n\n\n\n<h3 class=\"wp-block-heading\">2. Przyznanie licencji<\/h3>\n\n\n\n<p>Z zastrze\u017ceniem przestrzegania wszystkich warunk\u00f3w niniejszej Umowy, GSoftwareLab udziela nast\u0119puj\u0105cych niewy\u0142\u0105cznych, nieprzenoszalnych praw:<\/p>\n\n\n\n<ul class=\"wp-block-list\">\n<li><strong>Licencja pr\u00f3bna lub ewaluacyjna:<\/strong> Je\u015bli OPROGRAMOWANIE jest dostarczane do cel\u00f3w oceny, GSoftwareLab udziela u\u017cytkownikowi licencji na instalacj\u0119 i u\u017cytkowanie jednej (1) kopii OPROGRAMOWANIA do cel\u00f3w pr\u00f3bnych i ewaluacyjnych przez ograniczony czas (\u201eOkres pr\u00f3bny\u201d). Konkretny czas trwania i warunki Okresu Pr\u00f3bnego (np. ograniczenia funkcji) zostan\u0105 okre\u015blone przez GSoftwareLab w momencie pobierania lub w ramach samego OPROGRAMOWANIA. Po up\u0142ywie okresu pr\u00f3bnego nale\u017cy wykupi\u0107 subskrypcj\u0119 w celu dalszego korzystania z OPROGRAMOWANIA lub odinstalowa\u0107 i zniszczy\u0107 wszystkie kopie OPROGRAMOWANIA.<\/li>\n\n\n\n<li><strong>Licencja na subskrypcj\u0119:<\/strong> Uwarunkowane przestrzeganiem przez Pa\u0144stwa niniejszej UMOWY i terminowym uiszczaniem wszystkich obowi\u0105zuj\u0105cych op\u0142at abonamentowych, GSoftwareLab udziela licencji na instalacj\u0119 i u\u017cytkowanie OPROGRAMOWANIA przez okres trwania aktywnej subskrypcji. Niniejsza licencja zezwala na korzystanie z jednego komputera (np. komputera lub serwera) jednocze\u015bnie, chyba \u017ce zakupione zostan\u0105 dodatkowe licencje (subskrypcje) od GSoftwareLab dla ka\u017cdego dodatkowego komputera.<\/li>\n<\/ul>\n\n\n\n<h3 class=\"wp-block-heading\">3. PODSEKCJA CZASU I P\u0141ATNO\u015aCI<\/h3>\n\n\n\n<p>OPROGRAMOWANIE jest licencjonowane na zasadzie subskrypcji. Licencja u\u017cytkownika na korzystanie z OPROGRAMOWANIA jest uzale\u017cniona od aktywnego i terminowego uiszczania op\u0142at abonamentowych. Op\u0142aty te b\u0119d\u0105 naliczane okresowo (np. miesi\u0119cznie, rocznie) w spos\u00f3b okre\u015blony w momencie zakupu.<\/p>\n\n\n\n<p>Nieutrzymanie aktywnej subskrypcji lub nieuiszczenie op\u0142aty za subskrypcj\u0119 spowoduje wyga\u015bni\u0119cie licencji. Po zako\u0144czeniu lub wyga\u015bni\u0119ciu subskrypcji nale\u017cy natychmiast zaprzesta\u0107 korzystania z OPROGRAMOWANIA i odinstalowa\u0107 je z komputera (komputer\u00f3w).<\/p>\n\n\n\n<h3 class=\"wp-block-heading\">4. OGRANICZENIA LICENCJI<\/h3>\n\n\n\n<p>Wyra\u017anie zabrania si\u0119 wykonywania nast\u0119puj\u0105cych czynno\u015bci:<\/p>\n\n\n\n<ul class=\"wp-block-list\">\n<li>U\u017cytkownik nie mo\u017ce udziela\u0107 sublicencji, wynajmowa\u0107, dzier\u017cawi\u0107, sprzedawa\u0107 ani w inny spos\u00f3b przekazywa\u0107 OPROGRAMOWANIA lub jakiejkolwiek jego cz\u0119\u015bci osobom trzecim.<\/li>\n\n\n\n<li>U\u017cytkownik nie mo\u017ce dekompilowa\u0107, dezasemblowa\u0107, odtwarza\u0107 kodu \u017ar\u00f3d\u0142owego OPROGRAMOWANIA lub jakiejkolwiek jego cz\u0119\u015bci ani w inny spos\u00f3b pr\u00f3bowa\u0107 uzyska\u0107 kodu \u017ar\u00f3d\u0142owego OPROGRAMOWANIA lub jakiejkolwiek jego cz\u0119\u015bci, z wyj\u0105tkiem i tylko w zakresie, w jakim takie dzia\u0142anie jest wyra\u017anie dozwolone przez obowi\u0105zuj\u0105ce prawo, niezale\u017cnie od tego ograniczenia.<\/li>\n\n\n\n<li>U\u017cytkownik nie mo\u017ce modyfikowa\u0107 OPROGRAMOWANIA ani tworzy\u0107 dzie\u0142 pochodnych opartych na OPROGRAMOWANIU.<\/li>\n\n\n\n<li>U\u017cytkownik nie mo\u017ce korzysta\u0107 z OPROGRAMOWANIA po up\u0142ywie autoryzowanego Okresu Pr\u00f3bnego bez wykupienia aktywnej subskrypcji.<\/li>\n\n\n\n<li>U\u017cytkownik nie mo\u017ce omija\u0107, wy\u0142\u0105cza\u0107 ani udaremnia\u0107 jakichkolwiek mechanizm\u00f3w licencjonowania, ochrony przed kopiowaniem lub egzekwowania okresu pr\u00f3bnego zawartych w OPROGRAMOWANIU.<\/li>\n\n\n\n<li>U\u017cytkownik nie mo\u017ce kopiowa\u0107 ani rozpowszechnia\u0107 instalatora OPROGRAMOWANIA ani \u017cadnego z jego komponent\u00f3w. Ca\u0142a dystrybucja jest obs\u0142ugiwana wy\u0142\u0105cznie przez GSoftwareLab lub jego autoryzowanym odsprzedawcom.<\/li>\n<\/ul>\n\n\n\n<h3 class=\"wp-block-heading\">5. AKTUALIZACJE I WSPARCIE<\/h3>\n\n\n\n<p>GSoftwareLab mo\u017ce, wed\u0142ug w\u0142asnego uznania, dostarcza\u0107 aktualizacje, poprawki lub wsparcie techniczne dla OPROGRAMOWANIA podczas aktywnego okresu subskrypcji. Wszelkie takie dodatkowe kody oprogramowania lub aktualizacje dostarczone U\u017cytkownikowi b\u0119d\u0105 uwa\u017cane za cz\u0119\u015b\u0107 OPROGRAMOWANIA i podlegaj\u0105 warunkom niniejszej UMOWY.<\/p>\n\n\n\n<h3 class=\"wp-block-heading\">6. POBIERANIE DANYCH I PRYWATNO\u015a\u0106<\/h3>\n\n\n\n<p>U\u017cytkownik przyjmuje do wiadomo\u015bci, \u017ce OPROGRAMOWANIE mo\u017ce zawiera\u0107 technologi\u0119 aktywacji, zapobiegania nadu\u017cyciom i weryfikacji licencji. Aby wykry\u0107 i zapobiec nieuczciwemu lub nieautoryzowanemu u\u017cyciu, OPROGRAMOWANIE mo\u017ce gromadzi\u0107, przechowywa\u0107 i przesy\u0142a\u0107 okre\u015blone dane (takie jak adresy IP lub identyfikatory maszyn). GSoftwareLab zastrzega sobie prawo do wykorzystania tych danych w celu wyegzekwowania warunk\u00f3w licencji. GSoftwareLabGromadzenie i wykorzystywanie wszelkich danych osobowych b\u0119dzie regulowane jej polityk\u0105 prywatno\u015bci, kt\u00f3ra jest dost\u0119pna na jej stronie internetowej.<\/p>\n\n\n\n<h3 class=\"wp-block-heading\">7. CZ\u0118\u015aCI OS\u00d3B TRZECICH<\/h3>\n\n\n\n<p>OPROGRAMOWANIE mo\u017ce zawiera\u0107 lub by\u0107 \u0142\u0105czone z oprogramowaniem, bibliotekami lub komponentami stron trzecich, kt\u00f3re s\u0105 licencjonowane na podstawie ich w\u0142asnych um\u00f3w licencyjnych. Wykaz takich komponent\u00f3w i ich stosownych licencji mo\u017ce by\u0107 dost\u0119pny w dokumentacji OPROGRAMOWANIA lub na ekranie \u201eO\u201d. Niniejsza Umowa nie zmienia \u017cadnych praw ani obowi\u0105zk\u00f3w, kt\u00f3re mo\u017cesz mie\u0107 na podstawie tych odr\u0119bnych licencji.<\/p>\n\n\n\n<h3 class=\"wp-block-heading\">8. ZWOLNIENIE Z GWARANCJI<\/h3>\n\n\n\n<p>OPROGRAMOWANIE JEST DOSTARCZANE \u201eTAK JAK JEST\u201d I BEZ GWARANCJI JAKIEGOKOLWIEK RODZAJU. GSOFTWARELAB WY\u0141\u0104CZA WSZYSTKIE GWARANCJE, WYRA\u017bONE LUB DOROZUMIANE, W\u0141\u0104CZAJ\u0104C, BEZ OGRANICZENIA, GWARANCJE U\u017bYTKOWNO\u015aCI, PRZYDATNO\u015aCI DO SZCZEG\u00d3LNEGO CELU I NIENARUSZENIA. CA\u0141KOWITE RYZYKO WYNIKAJ\u0104CE Z U\u017bYTKOWANIA LUB DZIA\u0141ANIA OPROGRAMOWANIA ZATRZYMUJE SI\u0118 U U U\u017bYTKOWNIKA.<\/p>\n\n\n\n<h3 class=\"wp-block-heading\">9. OGRANICZENIE ODPOWIEDZIALNO\u015aCI<\/h3>\n\n\n\n<p>W \u017cadnym wypadku GSOFTWARELAB ani jego dostawcy nie ponosz\u0105 odpowiedzialno\u015bci za jakiekolwiek szkody (w tym, bez ogranicze\u0144, szkody z tytu\u0142u utraty korzy\u015bci biznesowych, przerwy w dzia\u0142alno\u015bci gospodarczej, utraty informacji biznesowych lub jakiejkolwiek innej straty publicznej) wynikaj\u0105ce z korzystania lub niemo\u017cno\u015bci korzystania z OPROGRAMOWANIA, nawet je\u015bli GSOFTWARELAB zosta\u0142 poinformowany o mo\u017cliwo\u015bci wyst\u0105pienia takich szk\u00f3d.<\/p>\n\n\n\n<p>W ka\u017cdym przypadku ca\u0142kowita odpowiedzialno\u015b\u0107 GSOFTWARELAB wynikaj\u0105ca z postanowie\u0144 niniejszej Umowy jest ograniczona do kwoty faktycznie zap\u0142aconej przez U\u017cytkownika za subskrypcj\u0119 OPROGRAMOWANIA przez okres dw\u00f3ch (12) miesi\u0119cy poprzedzaj\u0105cych zdarzenie powoduj\u0105ce powstanie roszczenia lub najni\u017cszej kwoty dozwolonej przez prawo.<\/p>\n\n\n\n<h3 class=\"wp-block-heading\">10. ZAKO\u0143CZENIE<\/h3>\n\n\n\n<p>Bez uszczerbku dla innych praw, GSoftwareLab mo\u017ce wypowiedzie\u0107 niniejsz\u0105 Umow\u0119 natychmiast, je\u015bli nie zastosujesz si\u0119 do kt\u00f3regokolwiek z jej warunk\u00f3w. W takim przypadku nale\u017cy natychmiast zaprzesta\u0107 korzystania z OPROGRAMOWANIA i zniszczy\u0107 wszystkie kopie OPROGRAMOWANIA i wszystkie jego cz\u0119\u015bci sk\u0142adowe. Sekcje 1, 4, 6, 7, 8, 9 i 11 pozostaj\u0105 w mocy po rozwi\u0105zaniu niniejszej Umowy.<\/p>\n\n\n\n<h3 class=\"wp-block-heading\">11. PRZEPISY OG\u00d3LNE<\/h3>\n\n\n\n<ul class=\"wp-block-list\">\n<li><strong>Prawo w\u0142a\u015bciwe:<\/strong> Niniejsza Umowa jest regulowana i interpretowana zgodnie z prawem <strong>[Pa\u0144stwo\/Pa\u0144stwo]<\/strong>, bez wzgl\u0119du na jej zasady kolizyjne. Wyra\u017casz zgod\u0119 na poddanie si\u0119 wy\u0142\u0105cznej jurysdykcji s\u0105d\u00f3w znajduj\u0105cych si\u0119 w <strong>[Twoje miasto, stan\/pa\u0144stwo]<\/strong> w celu rozwi\u0105zania wszelkich spor\u00f3w wynikaj\u0105cych z niniejszej Umowy.<\/li>\n\n\n\n<li><strong>Rozdzielno\u015b\u0107:<\/strong> Je\u015bli kt\u00f3rekolwiek z postanowie\u0144 niniejszej Umowy zostanie uznane za niewykonalne lub niewa\u017cne, takie postanowienie zostanie zmienione i zinterpretowane tak, aby osi\u0105gn\u0105\u0107 cele takiego postanowienia w najszerszym mo\u017cliwym zakresie zgodnie z obowi\u0105zuj\u0105cym prawem, a pozosta\u0142e postanowienia b\u0119d\u0105 nadal w pe\u0142ni obowi\u0105zywa\u0107.<\/li>\n\n\n\n<li><strong>Ograniczenia wywozowe:<\/strong> Zgadzasz si\u0119 przestrzega\u0107 wszystkich obowi\u0105zuj\u0105cych przepis\u00f3w i regulacji dotycz\u0105cych kontroli eksportu i reeksportu w Twojej jurysdykcji i ka\u017cdej innej obowi\u0105zuj\u0105cej jurysdykcji.<\/li>\n\n\n\n<li><strong>Ca\u0142a umowa:<\/strong> Niniejsza Umowa stanowi ca\u0142o\u015b\u0107 umowy pomi\u0119dzy Pa\u0144stwem a GSoftwareLab odnosz\u0105ce si\u0119 do OPROGRAMOWANIA i zast\u0119puj\u0105 wszelkie wcze\u015bniejsze lub r\u00f3wnoczesne ustne lub pisemne komunikaty, propozycje i o\u015bwiadczenia w odniesieniu do OPROGRAMOWANIA lub jakiegokolwiek innego przedmiotu obj\u0119tego niniejsz\u0105 Umow\u0105.<\/li>\n<\/ul>","protected":false},"excerpt":{"rendered":"<p>Niniejsza umowa licencyjna na oprogramowanie (\u201eUMOWA\u201d) jest wi\u0105\u017c\u0105c\u0105 umow\u0105 prawn\u0105 mi\u0119dzy u\u017cytkownikiem (osob\u0105 fizyczn\u0105 lub pojedynczym podmiotem prawnym, zwanym dalej \u201eu\u017cytkownikiem\u201d lub \u201elicencjobiorc\u0105\u201d) oraz GSoftwareLab (zwany dalej \u201elicencjodawc\u0105\u201d lub \u201eGSoftwareLab\u201d). Niniejsza Umowa reguluje korzystanie z GSoftwareLab oprogramowanie towarzysz\u0105ce niniejszej Umowie, kt\u00f3re obejmuje oprogramowanie, wszelkie zwi\u0105zane z nim no\u015bniki, drukowane [...]<\/p>","protected":false},"author":1,"featured_media":0,"parent":0,"menu_order":0,"comment_status":"closed","ping_status":"closed","template":"","meta":{"rop_custom_images_group":[],"rop_custom_messages_group":[],"rop_publish_now":"initial","rop_publish_now_accounts":{"twitter_2998589429_2998589429":""},"rop_publish_now_history":[],"rop_publish_now_status":"pending","footnotes":""},"class_list":["post-8524","page","type-page","status-publish","hentry"],"blocksy_meta":[],"_links":{"self":[{"href":"https:\/\/gsoftwarelab.com\/pl\/wp-json\/wp\/v2\/pages\/8524","targetHints":{"allow":["GET"]}}],"collection":[{"href":"https:\/\/gsoftwarelab.com\/pl\/wp-json\/wp\/v2\/pages"}],"about":[{"href":"https:\/\/gsoftwarelab.com\/pl\/wp-json\/wp\/v2\/types\/page"}],"author":[{"embeddable":true,"href":"https:\/\/gsoftwarelab.com\/pl\/wp-json\/wp\/v2\/users\/1"}],"replies":[{"embeddable":true,"href":"https:\/\/gsoftwarelab.com\/pl\/wp-json\/wp\/v2\/comments?post=8524"}],"version-history":[{"count":1,"href":"https:\/\/gsoftwarelab.com\/pl\/wp-json\/wp\/v2\/pages\/8524\/revisions"}],"predecessor-version":[{"id":8525,"href":"https:\/\/gsoftwarelab.com\/pl\/wp-json\/wp\/v2\/pages\/8524\/revisions\/8525"}],"wp:attachment":[{"href":"https:\/\/gsoftwarelab.com\/pl\/wp-json\/wp\/v2\/media?parent=8524"}],"curies":[{"name":"wp","href":"https:\/\/api.w.org\/{rel}","templated":true}]}}