{"id":8012,"date":"2025-08-14T16:46:16","date_gmt":"2025-08-14T14:46:16","guid":{"rendered":"https:\/\/gsoftwarelab.com\/?page_id=8012"},"modified":"2025-11-02T05:50:20","modified_gmt":"2025-11-02T03:50:20","slug":"about","status":"publish","type":"page","link":"https:\/\/gsoftwarelab.com\/pl\/about\/","title":{"rendered":"O nas"},"content":{"rendered":"<div class=\"wp-block-stackable-columns stk-block-columns stk-block stk-7cad701\" data-block-id=\"7cad701\"><style>.stk-7cad701 {margin-top:var(--stk--preset--spacing--80, 5.06rem) !important;margin-bottom:0px !important;}<\/style><div class=\"stk-row stk-inner-blocks stk-block-content stk-content-align stk-7cad701-column\">\n<div class=\"wp-block-stackable-column stk-block-column stk-column stk-block stk-759a128\" data-v=\"4\" data-block-id=\"759a128\"><div class=\"stk-column-wrapper stk-block-column__content stk-container stk-759a128-container stk--no-background stk--no-padding\"><div class=\"stk-block-content stk-inner-blocks stk-759a128-inner-blocks\">\n<div class=\"wp-block-stackable-heading stk-block-heading stk-block-heading--v2 stk-block stk-8b85890\" id=\"about-us\" data-block-id=\"8b85890\"><style>.stk-8b85890 .stk-block-heading__top-line{margin-left:auto !important;margin-right:auto !important;}<\/style><div class=\"stk-block-heading__top-line\"><\/div><h1 class=\"stk-block-heading__text has-text-align-center\">O nas<\/h1><\/div>\n<\/div><\/div><\/div>\n<\/div><\/div>\n\n\n\n<div class=\"wp-block-stackable-columns alignfull stk-block-columns stk-block stk-763009c\" data-block-id=\"763009c\"><style>.stk-763009c {margin-top:var(--stk--preset--spacing--none, 0px) !important;margin-bottom:var(--stk--preset--spacing--30, 0.67rem) !important;}.stk-763009c-column{max-width:1200px !important;min-width:auto !important;}<\/style><div class=\"stk-row stk-inner-blocks stk-block-content stk-content-align stk-763009c-column alignfull\">\n<div class=\"wp-block-stackable-column stk-block-column stk-column stk-block stk-366084f\" data-v=\"4\" data-block-id=\"366084f\"><style>.stk-366084f {align-self:center !important;}<\/style><div class=\"stk-column-wrapper stk-block-column__content stk-container stk-366084f-container stk--no-background stk--no-padding\"><div class=\"stk-block-content stk-inner-blocks stk-366084f-inner-blocks\">\n<div class=\"wp-block-stackable-heading stk-block-heading stk-block-heading--v2 stk-block stk-56e9fc0\" id=\"heading-placeholder\" data-block-id=\"56e9fc0\"><h2 class=\"stk-block-heading__text has-text-align-center\">Podnoszenie <span style=\"color: var(--theme-palette-color-2, #fd7c47);\" class=\"stk-highlight\">Sukces cyfrowy<\/span> od 2012 r.<\/h2><\/div>\n\n\n\n<div class=\"wp-block-stackable-text stk-block-text stk-block stk-0f939cc\" data-block-id=\"0f939cc\"><p class=\"stk-block-text__text has-text-align-justify\">z siedzib\u0105 w sercu Niemiec, <a href=\"https:\/\/gsoftwarelab.com\/pl\/\">GSoftwareLab<\/a> zosta\u0142a za\u0142o\u017cona w celu rozwi\u0105zania krytycznego wyzwania: Aby przenie\u015b\u0107 moc in\u017cynierii precyzyjnej do dynamicznego \u015bwiata marketingu cyfrowego. Widzieli\u015bmy potrzeb\u0119 narz\u0119dzi SEO i automatyzacji, kt\u00f3re by\u0142y nie tylko pot\u0119\u017cne, ale tak\u017ce niezawodne, wydajne i intuicyjne.<br \/>Dzi\u015b jeste\u015bmy dumni, \u017ce umo\u017cliwili\u015bmy tysi\u0105com specjalist\u00f3w od marketingu, agencji i w\u0142a\u015bcicieli firm na ca\u0142ym \u015bwiecie osi\u0105gni\u0119cie ich cyfrowych ambicji.<\/p><\/div>\n\n\n\n<div class=\"wp-block-stackable-button-group stk-block-button-group stk-block stk-09e2621\" data-block-id=\"09e2621\"><div class=\"stk-row stk-inner-blocks has-text-align-center stk-block-content stk-button-group\">\n<div class=\"wp-block-stackable-button stk-block-button stk-block stk-953b7c9\" data-block-id=\"953b7c9\"><a class=\"stk-link stk-button stk--hover-effect-darken\" href=\"https:\/\/gsoftwarelab.atlassian.net\/servicedesk\/customer\/portal\/1\" target=\"_blank\" rel=\"nofollow noreferrer noopener\"><span class=\"stk-button__inner-text\">Skontaktuj si\u0119 z nami ju\u017c dzi\u015b<\/span><\/a><\/div>\n<\/div><\/div>\n<\/div><\/div><\/div>\n\n\n\n<div class=\"wp-block-stackable-column stk-block-column stk-column stk-block stk-fc5d4eb\" data-v=\"4\" data-block-id=\"fc5d4eb\"><div class=\"stk-column-wrapper stk-block-column__content stk-container stk-fc5d4eb-container stk--no-background stk--no-padding\"><div class=\"stk-block-content stk-inner-blocks stk-fc5d4eb-inner-blocks\">\n<div class=\"wp-block-stackable-image stk-block-image stk-block stk-4ce4082\" data-block-id=\"4ce4082\"><style>.stk-4ce4082 .stk-img-wrapper img{border-radius:var(--stk--preset--border-radius--none, 0px) !important;}<\/style><figure><span class=\"stk-img-wrapper stk-image--shape-stretch\"><img decoding=\"async\" class=\"stk-img wp-image-8309\" src=\"https:\/\/gsoftwarelab.com\/wp-content\/uploads\/2025\/09\/gsoftwarelab_about_us_abstract.png\" width=\"1024\" height=\"1024\" alt=\"Abstrakcyjna bia\u0142a i pomara\u0144czowa ilustracja pokazuj\u0105ca SEO i wzrost\" title=\"\" srcset=\"https:\/\/gsoftwarelab.com\/wp-content\/uploads\/2025\/09\/gsoftwarelab_about_us_abstract.png 1024w, https:\/\/gsoftwarelab.com\/wp-content\/uploads\/2025\/09\/gsoftwarelab_about_us_abstract-300x300.png 300w, https:\/\/gsoftwarelab.com\/wp-content\/uploads\/2025\/09\/gsoftwarelab_about_us_abstract-150x150.png 150w, https:\/\/gsoftwarelab.com\/wp-content\/uploads\/2025\/09\/gsoftwarelab_about_us_abstract-768x768.png 768w, https:\/\/gsoftwarelab.com\/wp-content\/uploads\/2025\/09\/gsoftwarelab_about_us_abstract-12x12.png 12w, https:\/\/gsoftwarelab.com\/wp-content\/uploads\/2025\/09\/gsoftwarelab_about_us_abstract-600x600.png 600w, https:\/\/gsoftwarelab.com\/wp-content\/uploads\/2025\/09\/gsoftwarelab_about_us_abstract-100x100.png 100w\" sizes=\"(max-width: 1024px) 100vw, 1024px\" \/><\/span><\/figure><\/div>\n<\/div><\/div><\/div>\n<\/div><\/div>\n\n\n\n<div class=\"wp-block-stackable-columns alignfull stk-block-columns stk-block stk-592db8e\" data-block-id=\"592db8e\"><style>.stk-592db8e {margin-top:var(--stk--preset--spacing--70, 3.38rem) !important;margin-bottom:var(--stk--preset--spacing--70, 3.38rem) !important;}.stk-592db8e-column{max-width:1200px !important;min-width:auto !important;}<\/style><div class=\"stk-row stk-inner-blocks stk-block-content stk-content-align stk-592db8e-column alignfull\">\n<div class=\"wp-block-stackable-column stk-block-column stk-column stk-block stk-8522c81\" data-v=\"4\" data-block-id=\"8522c81\"><div class=\"stk-column-wrapper stk-block-column__content stk-container stk-8522c81-container stk--no-background stk--no-padding\"><div class=\"stk-block-content stk-inner-blocks stk-8522c81-inner-blocks\">\n<div class=\"wp-block-stackable-heading stk-block-heading stk-block-heading--v2 stk-block stk-90f140e\" id=\"heading-placeholder\" data-block-id=\"90f140e\"><h2 class=\"stk-block-heading__text has-text-align-center\">Co nasze <span style=\"color: var(--theme-palette-color-2, #fd7c47);\" class=\"stk-highlight\">Klienci m\u00f3wi\u0105<\/span><\/h2><\/div>\n\n\n\n<div class=\"wp-block-stackable-text stk-block-text stk-block stk-8e9e9ac\" data-block-id=\"8e9e9ac\"><style>.stk-8e9e9ac {margin-bottom:40px !important;}<\/style><p class=\"stk-block-text__text has-text-align-center\">Oto spojrzenie na to, co ludzie m\u00f3wi\u0105 o wsp\u00f3\u0142pracy z nami. Jeste\u015bmy dumni, \u017ce pomogli\u015bmy tak wielu osobom osi\u0105gn\u0105\u0107 ich cele.<\/p><\/div>\n\n\n\n<div class=\"wp-block-stackable-columns stk-block-columns stk-block stk-dfcd28d\" data-block-id=\"dfcd28d\"><div class=\"stk-row stk-inner-blocks stk-block-content stk-content-align stk-dfcd28d-column\">\n<div class=\"wp-block-stackable-column stk-block-column stk-column stk-block stk-b46a0a0\" data-v=\"4\" data-block-id=\"b46a0a0\"><div class=\"stk-column-wrapper stk-block-column__content stk-container stk-b46a0a0-container stk-hover-parent\"><div class=\"stk-block-content stk-inner-blocks stk-b46a0a0-inner-blocks stk--align-last-block-to-bottom\">\n<div class=\"wp-block-stackable-icon stk-block-icon stk-block stk-0e24750\" data-block-id=\"0e24750\"><span class=\"stk--svg-wrapper\"><div class=\"stk--inner-svg\"><svg style=\"height:0;width:0\"><defs><lineargradient id=\"linear-gradient-0e24750\" x1=\"0\" x2=\"100%\" y1=\"0\" y2=\"0\"><stop offset=\"0%\" style=\"stop-opacity:1;stop-color:var(--linear-gradient-0-e-24750-color-1)\"><\/stop><stop offset=\"100%\" style=\"stop-opacity:1;stop-color:var(--linear-gradient-0-e-24750-color-2)\"><\/stop><\/lineargradient><\/defs><\/svg><svg xmlns=\"http:\/\/www.w3.org\/2000\/svg\" viewbox=\"0 0 448 512\" aria-hidden=\"true\" width=\"32\" height=\"32\"><path d=\"M0 216C0 149.7 53.7 96 120 96h8c17.7 0 32 14.3 32 32s-14.3 32-32 32h-8c-30.9 0-56 25.1-56 56v8h64c35.3 0 64 28.7 64 64v64c0 35.3-28.7 64-64 64H64c-35.3 0-64-28.7-64-64V320 288 216zm256 0c0-66.3 53.7-120 120-120h8c17.7 0 32 14.3 32 32s-14.3 32-32 32h-8c-30.9 0-56 25.1-56 56v8h64c35.3 0 64 28.7 64 64v64c0 35.3-28.7 64-64 64H320c-35.3 0-64-28.7-64-64V320 288 216z\"><\/path><\/svg><\/div><\/span><\/div>\n\n\n\n<div class=\"wp-block-stackable-text stk-block-text stk-block stk-a09e34c\" data-block-id=\"a09e34c\"><p class=\"stk-block-text__text\">Dzi\u0119ki! Wszystko dzia\u0142a dobrze. Idealne rozwi\u0105zanie dla naszych potrzeb.<\/p><\/div>\n\n\n\n<div class=\"wp-block-stackable-subtitle stk-block-subtitle stk-block stk-1e5ec4b\" data-block-id=\"1e5ec4b\"><style>.stk-1e5ec4b .stk-block-subtitle__text{font-weight:bold !important;}<\/style><p class=\"stk-block-subtitle__text stk-subtitle\">Juan T. (ang.).<\/p><\/div>\n<\/div><\/div><\/div>\n\n\n\n<div class=\"wp-block-stackable-column stk-block-column stk-column stk-block stk-224c5bd\" data-v=\"4\" data-block-id=\"224c5bd\"><div class=\"stk-column-wrapper stk-block-column__content stk-container stk-224c5bd-container stk-hover-parent\"><div class=\"stk-block-content stk-inner-blocks stk-224c5bd-inner-blocks stk--align-last-block-to-bottom\">\n<div class=\"wp-block-stackable-icon stk-block-icon stk-block stk-9669bb0\" data-block-id=\"9669bb0\"><span class=\"stk--svg-wrapper\"><div class=\"stk--inner-svg\"><svg style=\"height:0;width:0\"><defs><lineargradient id=\"linear-gradient-9669bb0\" x1=\"0\" x2=\"100%\" y1=\"0\" y2=\"0\"><stop offset=\"0%\" style=\"stop-opacity:1;stop-color:var(--linear-gradient-9669-bb-0-color-1)\"><\/stop><stop offset=\"100%\" style=\"stop-opacity:1;stop-color:var(--linear-gradient-9669-bb-0-color-2)\"><\/stop><\/lineargradient><\/defs><\/svg><svg xmlns=\"http:\/\/www.w3.org\/2000\/svg\" viewbox=\"0 0 448 512\" aria-hidden=\"true\" width=\"32\" height=\"32\"><path d=\"M0 216C0 149.7 53.7 96 120 96h8c17.7 0 32 14.3 32 32s-14.3 32-32 32h-8c-30.9 0-56 25.1-56 56v8h64c35.3 0 64 28.7 64 64v64c0 35.3-28.7 64-64 64H64c-35.3 0-64-28.7-64-64V320 288 216zm256 0c0-66.3 53.7-120 120-120h8c17.7 0 32 14.3 32 32s-14.3 32-32 32h-8c-30.9 0-56 25.1-56 56v8h64c35.3 0 64 28.7 64 64v64c0 35.3-28.7 64-64 64H320c-35.3 0-64-28.7-64-64V320 288 216z\"><\/path><\/svg><\/div><\/span><\/div>\n\n\n\n<div class=\"wp-block-stackable-text stk-block-text stk-block stk-4ae33a6\" data-block-id=\"4ae33a6\"><p class=\"stk-block-text__text\">Niesamowite <a href=\"https:\/\/gsoftwarelab.com\/pl\/produkt\/custom-software-development-1-hour\/\">Oprogramowanie i programista<\/a> Jest bardzo przyjazny i wsp\u00f3\u0142pracuje z Tob\u0105. Chcia\u0142bym, \u017ceby wi\u0119cej ludzi by\u0142o tak mi\u0142ych i troskliwych. Jeszcze raz dzi\u0119kuj\u0119.<\/p><\/div>\n\n\n\n<div class=\"wp-block-stackable-subtitle stk-block-subtitle stk-block stk-03e702d\" data-block-id=\"03e702d\"><style>.stk-03e702d .stk-block-subtitle__text{font-weight:bold !important;}<\/style><p class=\"stk-block-subtitle__text stk-subtitle\">Frank L.<\/p><\/div>\n<\/div><\/div><\/div>\n\n\n\n<div class=\"wp-block-stackable-column stk-block-column stk-column stk-block stk-17dad12\" data-v=\"4\" data-block-id=\"17dad12\"><div class=\"stk-column-wrapper stk-block-column__content stk-container stk-17dad12-container stk-hover-parent\"><div class=\"stk-block-content stk-inner-blocks stk-17dad12-inner-blocks stk--align-last-block-to-bottom\">\n<div class=\"wp-block-stackable-icon stk-block-icon stk-block stk-2615191\" data-block-id=\"2615191\"><span class=\"stk--svg-wrapper\"><div class=\"stk--inner-svg\"><svg style=\"height:0;width:0\"><defs><lineargradient id=\"linear-gradient-2615191\" x1=\"0\" x2=\"100%\" y1=\"0\" y2=\"0\"><stop offset=\"0%\" style=\"stop-opacity:1;stop-color:var(--linear-gradient-2615191-color-1)\"><\/stop><stop offset=\"100%\" style=\"stop-opacity:1;stop-color:var(--linear-gradient-2615191-color-2)\"><\/stop><\/lineargradient><\/defs><\/svg><svg xmlns=\"http:\/\/www.w3.org\/2000\/svg\" viewbox=\"0 0 448 512\" aria-hidden=\"true\" width=\"32\" height=\"32\"><path d=\"M0 216C0 149.7 53.7 96 120 96h8c17.7 0 32 14.3 32 32s-14.3 32-32 32h-8c-30.9 0-56 25.1-56 56v8h64c35.3 0 64 28.7 64 64v64c0 35.3-28.7 64-64 64H64c-35.3 0-64-28.7-64-64V320 288 216zm256 0c0-66.3 53.7-120 120-120h8c17.7 0 32 14.3 32 32s-14.3 32-32 32h-8c-30.9 0-56 25.1-56 56v8h64c35.3 0 64 28.7 64 64v64c0 35.3-28.7 64-64 64H320c-35.3 0-64-28.7-64-64V320 288 216z\"><\/path><\/svg><\/div><\/span><\/div>\n\n\n\n<div class=\"wp-block-stackable-text stk-block-text stk-block stk-f2606fa\" data-block-id=\"f2606fa\"><p class=\"stk-block-text__text\">Program dzia\u0142a znakomicie. Sprzedawca jest responsywny i zapewnia du\u017ce wsparcie. Gor\u0105co polecam!<\/p><\/div>\n\n\n\n<div class=\"wp-block-stackable-subtitle stk-block-subtitle stk-block stk-701f602\" data-block-id=\"701f602\"><style>.stk-701f602 .stk-block-subtitle__text{font-weight:bold !important;}<\/style><p class=\"stk-block-subtitle__text stk-subtitle\">Oleg K. (ang.).<\/p><\/div>\n<\/div><\/div><\/div>\n<\/div><\/div>\n<\/div><\/div><\/div>\n<\/div><\/div>\n\n\n\n<div class=\"wp-block-stackable-columns stk-block-columns stk-block stk-1e6e067\" data-block-id=\"1e6e067\"><style>.stk-1e6e067 {margin-top:var(--stk--preset--spacing--70, 3.38rem) !important;margin-bottom:var(--stk--preset--spacing--70, 3.38rem) !important;}.stk-1e6e067-column{max-width:1200px !important;min-width:auto !important;}<\/style><div class=\"stk-row stk-inner-blocks stk-block-content stk-content-align stk-1e6e067-column\">\n<div class=\"wp-block-stackable-column stk-block-column stk-column stk-block stk-159b967\" data-v=\"4\" data-block-id=\"159b967\"><div class=\"stk-column-wrapper stk-block-column__content stk-container stk-159b967-container stk--no-background stk--no-padding\"><div class=\"stk-block-content stk-inner-blocks stk-159b967-inner-blocks\">\n<div class=\"wp-block-stackable-heading stk-block-heading stk-block-heading--v2 stk-block stk-9a7ad7e\" id=\"heading-placeholder\" data-block-id=\"9a7ad7e\"><h2 class=\"stk-block-heading__text has-text-align-center\">Nasz <span style=\"color: var(--theme-palette-color-2, #fd7c47);\" class=\"stk-highlight\">Zobowi\u0105zanie<\/span> dla Ciebie<\/h2><\/div>\n\n\n\n<div class=\"wp-block-stackable-text stk-block-text stk-block stk-032fc0b\" data-block-id=\"032fc0b\"><p class=\"stk-block-text__text has-text-align-center\">\u201eniemiecka in\u017cynieria\u201d to co\u015b wi\u0119cej ni\u017c lokalizacja; to nasza podstawowa filozofia. Oznacza to, \u017ce ka\u017cde opracowywane przez nas oprogramowanie opiera si\u0119 na precyzji, stabilno\u015bci i logicznym projektowaniu. Wierzymy, \u017ce solidna funkcjonalno\u015b\u0107 i przyjazne dla u\u017cytkownika do\u015bwiadczenia powinny i\u015b\u0107 ze sob\u0105 w parze. Naszym celem jest tworzenie narz\u0119dzi, kt\u00f3re p\u0142ynnie integruj\u0105 si\u0119 z przep\u0142ywem pracy, dzi\u0119ki czemu wyrafinowane strategie marketingowe s\u0105 dost\u0119pne i \u0142atwe w zarz\u0105dzaniu.<\/p><\/div>\n\n\n\n<div class=\"wp-block-stackable-columns stk-block-columns stk-block stk-dff659a\" data-block-id=\"dff659a\"><style>.stk-dff659a-column{flex-wrap:wrap !important;--stk-flex-grow:0 !important;}<\/style><div class=\"stk-row stk-inner-blocks stk-block-content stk-content-align stk-dff659a-column\">\n<div class=\"wp-block-stackable-column stk-block-column stk-column stk-block stk-751a6e8\" data-v=\"4\" data-block-id=\"751a6e8\"><div class=\"stk-column-wrapper stk-block-column__content stk-container stk-751a6e8-container stk-hover-parent\"><div class=\"stk-block-content stk-inner-blocks stk-751a6e8-inner-blocks\">\n<div class=\"wp-block-stackable-icon-label stk-block-icon-label stk-block stk-d37e096\" data-block-id=\"d37e096\"><div class=\"stk-row stk-inner-blocks stk-block-content\">\n<div class=\"wp-block-stackable-icon stk-block-icon has-text-align-left stk-block stk-3c8792f\" data-block-id=\"3c8792f\"><style>.stk-3c8792f .stk--svg-wrapper .stk--inner-svg svg:last-child, .stk-3c8792f .stk--svg-wrapper .stk--inner-svg svg:last-child :is(g, path, rect, polygon, ellipse){fill:var(--theme-palette-color-2, #fd7c47) !important;}<\/style><span class=\"stk--svg-wrapper\"><div class=\"stk--inner-svg\"><svg style=\"height:0;width:0\"><defs><lineargradient id=\"linear-gradient-3c8792f\" x1=\"0\" x2=\"100%\" y1=\"0\" y2=\"0\"><stop offset=\"0%\" style=\"stop-opacity:1;stop-color:var(--linear-gradient-3-c-8792-f-color-1)\"><\/stop><stop offset=\"100%\" style=\"stop-opacity:1;stop-color:var(--linear-gradient-3-c-8792-f-color-2)\"><\/stop><\/lineargradient><\/defs><\/svg><svg data-prefix=\"fa\" data-icon=\"star\" class=\"svg-inline--fa fa-star fa-w-18\" xmlns=\"http:\/\/www.w3.org\/2000\/svg\" viewbox=\"0 0 576 512\" aria-hidden=\"true\" width=\"32\" height=\"32\"><path fill=\"currentColor\" d=\"M259.3 17.8L194 150.2 47.9 171.5c-26.2 3.8-36.7 36.1-17.7 54.6l105.7 103-25 145.5c-4.5 26.3 23.2 46 46.4 33.7L288 439.6l130.7 68.7c23.2 12.2 50.9-7.4 46.4-33.7l-25-145.5 105.7-103c19-18.5 8.5-50.8-17.7-54.6L382 150.2 316.7 17.8c-11.7-23.6-45.6-23.9-57.4 0z\"><\/path><\/svg><\/div><\/span><\/div>\n\n\n\n<div class=\"wp-block-stackable-heading stk-block-heading stk-block-heading--v2 stk-block stk-d5c3ec3\" id=\"c-title-1-placeholder\" data-block-id=\"d5c3ec3\"><h3 class=\"stk-block-heading__text\">Innowacyjne rozwi\u0105zania<\/h3><\/div>\n<\/div><\/div>\n\n\n\n<div class=\"wp-block-stackable-text stk-block-text stk-block stk-18c9fc6\" data-block-id=\"18c9fc6\"><p class=\"stk-block-text__text\">Ka\u017cde narz\u0119dzie jest skrupulatnie zaprojektowane, aby bezb\u0142\u0119dnie wykonywa\u0107 swoj\u0105 funkcj\u0119, zapewniaj\u0105c dok\u0142adne dane i niezawodn\u0105 automatyzacj\u0119.<\/p><\/div>\n<\/div><\/div><\/div>\n\n\n\n<div class=\"wp-block-stackable-column stk-block-column stk-column stk-block stk-95e07d3\" data-v=\"4\" data-block-id=\"95e07d3\"><div class=\"stk-column-wrapper stk-block-column__content stk-container stk-95e07d3-container stk-hover-parent\"><div class=\"stk-block-content stk-inner-blocks stk-95e07d3-inner-blocks\">\n<div class=\"wp-block-stackable-icon-label stk-block-icon-label stk-block stk-ef54877\" data-block-id=\"ef54877\"><div class=\"stk-row stk-inner-blocks stk-block-content\">\n<div class=\"wp-block-stackable-icon stk-block-icon has-text-align-left stk-block stk-47ff3b6\" data-block-id=\"47ff3b6\"><style>.stk-47ff3b6 .stk--svg-wrapper .stk--inner-svg svg:last-child, .stk-47ff3b6 .stk--svg-wrapper .stk--inner-svg svg:last-child :is(g, path, rect, polygon, ellipse){fill:var(--theme-palette-color-2, #fd7c47) !important;}<\/style><span class=\"stk--svg-wrapper\"><div class=\"stk--inner-svg\"><svg style=\"height:0;width:0\"><defs><lineargradient id=\"linear-gradient-47ff3b6\" x1=\"0\" x2=\"100%\" y1=\"0\" y2=\"0\"><stop offset=\"0%\" style=\"stop-opacity:1;stop-color:var(--linear-gradient-47-ff-3-b-6-color-1)\"><\/stop><stop offset=\"100%\" style=\"stop-opacity:1;stop-color:var(--linear-gradient-47-ff-3-b-6-color-2)\"><\/stop><\/lineargradient><\/defs><\/svg><svg data-prefix=\"fa\" data-icon=\"star\" class=\"svg-inline--fa fa-star fa-w-18\" xmlns=\"http:\/\/www.w3.org\/2000\/svg\" viewbox=\"0 0 576 512\" aria-hidden=\"true\" width=\"32\" height=\"32\"><path fill=\"currentColor\" d=\"M259.3 17.8L194 150.2 47.9 171.5c-26.2 3.8-36.7 36.1-17.7 54.6l105.7 103-25 145.5c-4.5 26.3 23.2 46 46.4 33.7L288 439.6l130.7 68.7c23.2 12.2 50.9-7.4 46.4-33.7l-25-145.5 105.7-103c19-18.5 8.5-50.8-17.7-54.6L382 150.2 316.7 17.8c-11.7-23.6-45.6-23.9-57.4 0z\"><\/path><\/svg><\/div><\/span><\/div>\n\n\n\n<div class=\"wp-block-stackable-heading stk-block-heading stk-block-heading--v2 stk-block stk-d0bc74a\" id=\"c-title-2-placeholder\" data-block-id=\"d0bc74a\"><h3 class=\"stk-block-heading__text\">Wytyczne ekspert\u00f3w<\/h3><\/div>\n<\/div><\/div>\n\n\n\n<div class=\"wp-block-stackable-text stk-block-text stk-block stk-5b9dd9c\" data-block-id=\"5b9dd9c\"><p class=\"stk-block-text__text\">Tw\u00f3j sukces jest naszym sukcesem. Nasz zesp\u00f3\u0142 wsparcia ekspert\u00f3w jest zawsze gotowy do udzielenia terminowej i pomocnej pomocy, zapewniaj\u0105c jak najlepsze wykorzystanie naszego oprogramowania.<\/p><\/div>\n<\/div><\/div><\/div>\n\n\n\n<div class=\"wp-block-stackable-column stk-block-column stk-column stk-block stk-f9bbb1f\" data-v=\"4\" data-block-id=\"f9bbb1f\"><div class=\"stk-column-wrapper stk-block-column__content stk-container stk-f9bbb1f-container stk-hover-parent\"><div class=\"stk-block-content stk-inner-blocks stk-f9bbb1f-inner-blocks\">\n<div class=\"wp-block-stackable-icon-label stk-block-icon-label stk-block stk-cca0782\" data-block-id=\"cca0782\"><div class=\"stk-row stk-inner-blocks stk-block-content\">\n<div class=\"wp-block-stackable-icon stk-block-icon has-text-align-left stk-block stk-f017d94\" data-block-id=\"f017d94\"><style>.stk-f017d94 .stk--svg-wrapper .stk--inner-svg svg:last-child, .stk-f017d94 .stk--svg-wrapper .stk--inner-svg svg:last-child :is(g, path, rect, polygon, ellipse){fill:var(--theme-palette-color-2, #fd7c47) !important;}<\/style><span class=\"stk--svg-wrapper\"><div class=\"stk--inner-svg\"><svg style=\"height:0;width:0\"><defs><lineargradient id=\"linear-gradient-f017d94\" x1=\"0\" x2=\"100%\" y1=\"0\" y2=\"0\"><stop offset=\"0%\" style=\"stop-opacity:1;stop-color:var(--linear-gradient-f-017-d-94-color-1)\"><\/stop><stop offset=\"100%\" style=\"stop-opacity:1;stop-color:var(--linear-gradient-f-017-d-94-color-2)\"><\/stop><\/lineargradient><\/defs><\/svg><svg data-prefix=\"fa\" data-icon=\"star\" class=\"svg-inline--fa fa-star fa-w-18\" xmlns=\"http:\/\/www.w3.org\/2000\/svg\" viewbox=\"0 0 576 512\" aria-hidden=\"true\" width=\"32\" height=\"32\"><path fill=\"currentColor\" d=\"M259.3 17.8L194 150.2 47.9 171.5c-26.2 3.8-36.7 36.1-17.7 54.6l105.7 103-25 145.5c-4.5 26.3 23.2 46 46.4 33.7L288 439.6l130.7 68.7c23.2 12.2 50.9-7.4 46.4-33.7l-25-145.5 105.7-103c19-18.5 8.5-50.8-17.7-54.6L382 150.2 316.7 17.8c-11.7-23.6-45.6-23.9-57.4 0z\"><\/path><\/svg><\/div><\/span><\/div>\n\n\n\n<div class=\"wp-block-stackable-heading stk-block-heading stk-block-heading--v2 stk-block stk-f6bc0de\" id=\"c-title-3-placeholder\" data-block-id=\"f6bc0de\"><h3 class=\"stk-block-heading__text\">Ci\u0105g\u0142e innowacje<\/h3><\/div>\n<\/div><\/div>\n\n\n\n<div class=\"wp-block-stackable-text stk-block-text stk-block stk-92207d0\" data-block-id=\"92207d0\"><p class=\"stk-block-text__text\">Cyfrowy \u015bwiat nigdy nie stoi w miejscu, podobnie jak my. Zobowi\u0105zujemy si\u0119 do regularnego aktualizowania naszego oprogramowania, aby sprosta\u0107 nowym wyzwaniom i mo\u017cliwo\u015bciom.<\/p><\/div>\n<\/div><\/div><\/div>\n<\/div><\/div>\n<\/div><\/div><\/div>\n<\/div><\/div>","protected":false},"excerpt":{"rendered":"<p>O nas Podnoszenie sukcesu cyfrowego od 2012 roku Z siedzib\u0105 w sercu Niemiec, GSoftwareLab zosta\u0142a za\u0142o\u017cona w celu rozwi\u0105zania krytycznego wyzwania: Aby przenie\u015b\u0107 moc in\u017cynierii precyzyjnej do dynamicznego \u015bwiata marketingu cyfrowego. Widzieli\u015bmy potrzeb\u0119 narz\u0119dzi SEO i automatyzacji, kt\u00f3re by\u0142y nie tylko pot\u0119\u017cne, ale tak\u017ce niezawodne, wydajne i intuicyjne.<\/p>","protected":false},"author":1,"featured_media":0,"parent":0,"menu_order":0,"comment_status":"closed","ping_status":"closed","template":"","meta":{"rop_custom_images_group":[],"rop_custom_messages_group":[],"rop_publish_now":"initial","rop_publish_now_accounts":{"twitter_2998589429_2998589429":""},"rop_publish_now_history":[],"rop_publish_now_status":"pending","footnotes":""},"class_list":["post-8012","page","type-page","status-publish","hentry"],"blocksy_meta":[],"_links":{"self":[{"href":"https:\/\/gsoftwarelab.com\/pl\/wp-json\/wp\/v2\/pages\/8012","targetHints":{"allow":["GET"]}}],"collection":[{"href":"https:\/\/gsoftwarelab.com\/pl\/wp-json\/wp\/v2\/pages"}],"about":[{"href":"https:\/\/gsoftwarelab.com\/pl\/wp-json\/wp\/v2\/types\/page"}],"author":[{"embeddable":true,"href":"https:\/\/gsoftwarelab.com\/pl\/wp-json\/wp\/v2\/users\/1"}],"replies":[{"embeddable":true,"href":"https:\/\/gsoftwarelab.com\/pl\/wp-json\/wp\/v2\/comments?post=8012"}],"version-history":[{"count":3,"href":"https:\/\/gsoftwarelab.com\/pl\/wp-json\/wp\/v2\/pages\/8012\/revisions"}],"predecessor-version":[{"id":8492,"href":"https:\/\/gsoftwarelab.com\/pl\/wp-json\/wp\/v2\/pages\/8012\/revisions\/8492"}],"wp:attachment":[{"href":"https:\/\/gsoftwarelab.com\/pl\/wp-json\/wp\/v2\/media?parent=8012"}],"curies":[{"name":"wp","href":"https:\/\/api.w.org\/{rel}","templated":true}]}}