{"id":71,"date":"2014-09-19T17:25:00","date_gmt":"2014-09-19T15:25:00","guid":{"rendered":"http:\/\/gsoftwarelab.com\/?page_id=71"},"modified":"2025-10-05T02:47:27","modified_gmt":"2025-10-05T00:47:27","slug":"privacy","status":"publish","type":"page","link":"https:\/\/gsoftwarelab.com\/pl\/privacy\/","title":{"rendered":"Polityka prywatno\u015bci"},"content":{"rendered":"<h1 class=\"wp-block-heading\">O\u015bwiadczenie o ochronie prywatno\u015bci<\/h1>\n\n\n\n<h2 class=\"wp-block-heading\">Og\u00f3lne<\/h2>\n\n\n\n<p>Twoje dane osobowe (np. tytu\u0142, imi\u0119 i nazwisko, adres zamieszkania, adres e-mail, numer telefonu, dane bankowe, numer karty kredytowej) s\u0105 przez nas przetwarzane wy\u0142\u0105cznie zgodnie z przepisami niemieckiego prawa o ochronie danych osobowych. Poni\u017csze postanowienia opisuj\u0105 rodzaj, zakres i cel gromadzenia, przetwarzania i wykorzystywania danych osobowych. Niniejsza polityka prywatno\u015bci danych dotyczy tylko naszych stron internetowych. Je\u015bli linki na naszych stronach prowadz\u0105 do innych stron, zapytaj tam o spos\u00f3b post\u0119powania z Twoimi danymi w takich przypadkach.<\/p>\n\n\n\n<h2 class=\"wp-block-heading\">Dane inwentaryzacyjne<\/h2>\n\n\n\n<p>(1) Twoje dane osobowe, o ile s\u0105 one niezb\u0119dne do tego stosunku umownego (dane inwentaryzacyjne) w zakresie jego ustanowienia, organizacji tre\u015bci i modyfikacji, s\u0105 wykorzystywane wy\u0142\u0105cznie do realizacji umowy. Na przyk\u0142ad, aby towary zosta\u0142y dostarczone, imi\u0119 i nazwisko oraz adres musz\u0105 zosta\u0107 przekazane dostawcy towar\u00f3w.<br \/>(2) Bez Twojej wyra\u017anej zgody lub podstawy prawnej Twoje dane osobowe nie s\u0105 przekazywane osobom trzecim poza zakresem realizacji niniejszej umowy. Po zako\u0144czeniu umowy Twoje dane s\u0105 blokowane przed dalszym wykorzystaniem. Po up\u0142ywie termin\u00f3w zgodnie z przepisami podatkowymi i handlowymi dane te s\u0105 usuwane, chyba \u017ce wyra\u017anie wyrazi\u0142e\u015b zgod\u0119 na ich dalsze wykorzystanie.<\/p>\n\n\n\n<h2 class=\"wp-block-heading\">Analiza stron internetowych za pomoc\u0105 Google Analytics<\/h2>\n\n\n\n<p>Ta strona internetowa korzysta z Google Analytics, us\u0142ugi analizy stron internetowych Google Inc. (Google). Google Analytics wykorzystuje pliki cookie, tj. pliki tekstowe przechowywane na komputerze u\u017cytkownika w celu umo\u017cliwienia analizy korzystania z witryny przez u\u017cytkownika. Informacje generowane przez cookie na temat korzystania z tej strony internetowej s\u0105 zazwyczaj przesy\u0142ane na serwer Google w Stanach Zjednoczonych i tam przechowywane. W przypadku aktywowanej anonimizacji IP na tej stronie internetowej Pa\u0144stwa adres IP jest wcze\u015bniej skracany przez Google w pa\u0144stwach cz\u0142onkowskich Unii Europejskiej lub w innych pa\u0144stwach b\u0119d\u0105cych stronami umowy o Europejskim Obszarze Gospodarczym. Tylko w wyj\u0105tkowych przypadkach pe\u0142ny adres IP jest przesy\u0142any na serwer Google w Stanach Zjednoczonych i tam skracany. W imieniu w\u0142a\u015bciciela tej strony internetowej Google wykorzysta te informacje do oceny korzystania ze strony internetowej przez u\u017cytkownika, sporz\u0105dzania raport\u00f3w dotycz\u0105cych aktywno\u015bci na stronie internetowej oraz \u015bwiadczenia operatorowi strony internetowej dalszych us\u0142ug zwi\u0105zanych z korzystaniem ze strony internetowej i Internetu. Adres IP wysy\u0142any z przegl\u0105darki u\u017cytkownika w ramach Google Analytics nie jest \u0142\u0105czony przez Google z innymi danymi. Mo\u017cesz zapobiec przechowywaniu plik\u00f3w cookie, odpowiednio ustawiaj\u0105c oprogramowanie przegl\u0105darki; w takim przypadku nale\u017cy jednak pami\u0119ta\u0107, \u017ce mo\u017ce nie by\u0107 w stanie w pe\u0142ni korzysta\u0107 ze wszystkich funkcji oferowanych przez t\u0119 stron\u0119 internetow\u0105. Ponadto mo\u017cesz zapobiec gromadzeniu i przetwarzaniu przez Google danych generowanych przez plik cookie i zwi\u0105zanych z korzystaniem z witryny (w tym adresu IP), pobieraj\u0105c i instaluj\u0105c wtyczk\u0119 do przegl\u0105darki z nast\u0119puj\u0105cego linku: <a href=\"http:\/\/tools.google.com\/dlpage\/gaoptout?hl=en\" target=\"_blank\" rel=\"noopener noreferrer\">http:\/\/tools.google.com\/dlpage\/gaoptout?hl=en<\/a><\/p>\n\n\n\n<h2 class=\"wp-block-heading\">Informacje o plikach cookie<\/h2>\n\n\n\n<p>(1) Aby zoptymalizowa\u0107 nasz\u0105 obecno\u015b\u0107 w sieci, u\u017cywamy plik\u00f3w cookie. S\u0105 to ma\u0142e pliki tekstowe przechowywane w g\u0142\u00f3wnej pami\u0119ci komputera. Te pliki cookie s\u0105 usuwane po zamkni\u0119ciu przegl\u0105darki. Inne pliki cookie pozostaj\u0105 na Twoim komputerze (d\u0142ugoterminowe pliki cookie) i umo\u017cliwiaj\u0105 ich rozpoznanie podczas nast\u0119pnej wizyty. Dzi\u0119ki temu mo\u017cemy poprawi\u0107 Tw\u00f3j dost\u0119p do naszej strony.<br \/>(2) Mo\u017cesz zapobiec przechowywaniu plik\u00f3w cookie, wybieraj\u0105c opcj\u0119 \u201ewy\u0142\u0105cz pliki cookie\u201d w ustawieniach przegl\u0105darki. Mo\u017ce to jednak ograniczy\u0107 funkcjonalno\u015b\u0107 naszych ofert internetowych.<\/p>\n\n\n\n<h2 class=\"wp-block-heading\">Wtyczki spo\u0142eczno\u015bciowe z Facebooka<\/h2>\n\n\n\n<p>U\u017cywamy wtyczek spo\u0142eczno\u015bciowych z facebook.com, obs\u0142ugiwanych przez Facebook Inc., 1601 S. California Ave, Palo Alto, CA 94304, USA. Wtyczki mo\u017cna rozpozna\u0107 po logo Facebooka lub suplemencie \u201eFacebook Social Plug-in\u201d. Na przyk\u0142ad po klikni\u0119ciu przycisku \u201eLubi\u0119 to\u201d lub pozostawieniu komentarza odpowiednie informacje s\u0105 przesy\u0142ane bezpo\u015brednio z przegl\u0105darki do Facebooka i tam przechowywane. Ponadto Facebook upublicznia Twoje polubienia dla znajomych z Facebooka. Je\u015bli jeste\u015b zalogowany na Facebooku, mo\u017ce on przypisa\u0107 wywo\u0142anie naszej strony bezpo\u015brednio do Twojego konta na Facebooku. Nawet je\u015bli nie jeste\u015b zalogowany lub nie masz konta na Facebooku, Twoja przegl\u0105darka wysy\u0142a informacje (np. kt\u00f3re strony internetowe wywo\u0142a\u0142e\u015b, Tw\u00f3j adres IP), kt\u00f3re s\u0105 nast\u0119pnie przechowywane przez Facebook. Aby uzyska\u0107 szczeg\u00f3\u0142owe informacje na temat przetwarzania danych osobowych przez Facebooka i zwi\u0105zanych z tym praw, zapoznaj si\u0119 z polityk\u0105 prywatno\u015bci danych Facebooka: <a href=\"http:\/\/www.facebook.com\/policy.php\" target=\"_blank\" rel=\"noopener noreferrer\">http:\/\/www.facebook.com\/policy.php<\/a>. Je\u015bli nie chcesz, aby Facebook mapowa\u0142 dane zebrane o Tobie za po\u015brednictwem naszych stron internetowych na Twoje konto na Facebooku, musisz wylogowa\u0107 si\u0119 z Facebooka przed odwiedzeniem naszych stron internetowych.<\/p>\n\n\n\n<h2 class=\"wp-block-heading\">Wtyczki spo\u0142eczno\u015bciowe z Twittera<\/h2>\n\n\n\n<p>Z Twitterem i jego funkcjami Retweet korzystamy z wtyczek spo\u0142eczno\u015bciowych Twitter.com, obs\u0142ugiwanych przez Twitter Inc. 795 Folsom St., Suite 600, San Francisco, CA 94107. Je\u015bli korzystasz z Retweet, odwiedzane przez Ciebie strony internetowe s\u0105 og\u0142aszane stronom trzecim i powi\u0105zane z Twoim kontem na Twitterze. Szczeg\u00f3\u0142owe informacje na temat przetwarzania danych przez Twittera, a tak\u017ce praw i opcji ustawie\u0144 dotycz\u0105cych ochrony danych osobowych mo\u017cna znale\u017a\u0107 w polityce prywatno\u015bci danych Twittera: <a href=\"http:\/\/twitter.com\/privacy\" target=\"_blank\" rel=\"noopener noreferrer\">http:\/\/twitter.com\/privacy <\/a><\/p>\n\n\n\n<h2 class=\"wp-block-heading\">Ujawnianie informacji<\/h2>\n\n\n\n<p>Zgodnie z federaln\u0105 ustaw\u0105 o ochronie danych masz prawo do bezp\u0142atnej informacji o przechowywanych danych oraz ewentualnie prawo do ich poprawienia, zablokowania lub usuni\u0119cia. Zapytania mo\u017cna kierowa\u0107 na nast\u0119puj\u0105ce adresy e-mail: Pomoc techniczna (AT) gsoftwarelab.atlassian.net<\/p>","protected":false},"excerpt":{"rendered":"<p>Twoje dane osobowe (np. tytu\u0142, imi\u0119 i nazwisko, adres zamieszkania, adres e-mail, numer telefonu, dane bankowe, numer karty kredytowej) s\u0105 przez nas przetwarzane wy\u0142\u0105cznie zgodnie z przepisami niemieckiego prawa o ochronie danych osobowych. Poni\u017csze postanowienia opisuj\u0105 rodzaj, zakres i cel gromadzenia, przetwarzania i wykorzystywania danych osobowych. Niniejsza polityka prywatno\u015bci danych [...]<\/p>","protected":false},"author":1,"featured_media":0,"parent":0,"menu_order":0,"comment_status":"closed","ping_status":"closed","template":"","meta":{"rop_custom_images_group":[],"rop_custom_messages_group":[],"rop_publish_now":"initial","rop_publish_now_accounts":{"twitter_2998589429_2998589429":""},"rop_publish_now_history":[],"rop_publish_now_status":"pending","footnotes":""},"class_list":["post-71","page","type-page","status-publish","hentry"],"blocksy_meta":[],"_links":{"self":[{"href":"https:\/\/gsoftwarelab.com\/pl\/wp-json\/wp\/v2\/pages\/71","targetHints":{"allow":["GET"]}}],"collection":[{"href":"https:\/\/gsoftwarelab.com\/pl\/wp-json\/wp\/v2\/pages"}],"about":[{"href":"https:\/\/gsoftwarelab.com\/pl\/wp-json\/wp\/v2\/types\/page"}],"author":[{"embeddable":true,"href":"https:\/\/gsoftwarelab.com\/pl\/wp-json\/wp\/v2\/users\/1"}],"replies":[{"embeddable":true,"href":"https:\/\/gsoftwarelab.com\/pl\/wp-json\/wp\/v2\/comments?post=71"}],"version-history":[{"count":1,"href":"https:\/\/gsoftwarelab.com\/pl\/wp-json\/wp\/v2\/pages\/71\/revisions"}],"predecessor-version":[{"id":8367,"href":"https:\/\/gsoftwarelab.com\/pl\/wp-json\/wp\/v2\/pages\/71\/revisions\/8367"}],"wp:attachment":[{"href":"https:\/\/gsoftwarelab.com\/pl\/wp-json\/wp\/v2\/media?parent=71"}],"curies":[{"name":"wp","href":"https:\/\/api.w.org\/{rel}","templated":true}]}}