{"id":68,"date":"2021-01-05T17:24:31","date_gmt":"2021-01-05T15:24:31","guid":{"rendered":"http:\/\/gsoftwarelab.com\/?page_id=68"},"modified":"2025-11-09T08:46:22","modified_gmt":"2025-11-09T06:46:22","slug":"imprint","status":"publish","type":"page","link":"https:\/\/gsoftwarelab.com\/pl\/imprint\/","title":{"rendered":"Odcisk"},"content":{"rendered":"<h1 class=\"wp-block-heading\">Ujawnienie informacji prawnych<\/h1>\n\n\n\n<p>Informacje zgodnie z sekcj\u0105 5 TMG<\/p>\n\n\n\n<p>GSoftwareLab Inh. Lucas Schmutzler<br \/>Dahlienweg 8<br \/>09557 Floeha<br \/>Saksonia, Niemcy<\/p>\n\n\n\n<h2 class=\"wp-block-heading\">Kontakt<\/h2>\n\n\n\n<p>Poczta elektroniczna: <a href=\"mailto:support@gsoftwarelab.atlassian.net\">support@gsoftwarelab.atlassian.net<\/a><br \/>Skontaktuj si\u0119 z nami: <a href=\"https:\/\/gsoftwarelab.atlassian.net\/servicedesk\/customer\/portal\/1\" target=\"_blank\" rel=\"noreferrer noopener\">https:\/\/gsoftwarelab.atlassian.net\/servicedesk\/customer\/portal\/1<\/a><br \/>Strona internetowa: <a href=\"https:\/\/GSoftwareLab.com\" target=\"_blank\" rel=\"noreferrer noopener\">https:\/\/GSoftwareLab.com<\/a><\/p>\n\n\n\n<h2 class=\"wp-block-heading\">Numer VAT<\/h2>\n\n\n\n<p>Numer identyfikacyjny VAT zgodnie z \u00a7 27 a niemieckiej ustawy o VAT<br \/>USt-Id-NR: DE 220\/269\/01182<\/p>\n\n\n\n<p>Podatek od warto\u015bci dodanej nie jest pobierany, jako ma\u0142e przedsi\u0119biorstwa zgodnie z \u00a7 19 (1) UStG.<\/p>\n\n\n\n<h2 class=\"wp-block-heading\">zastrze\u017cenie<\/h2>\n\n\n\n<p>Odpowiedzialno\u015b\u0107 za tre\u015b\u0107<br \/>Tre\u015b\u0107 naszych stron zosta\u0142a stworzona z najwy\u017csz\u0105 staranno\u015bci\u0105. Nie mo\u017cemy jednak zagwarantowa\u0107 dok\u0142adno\u015bci, kompletno\u015bci ani aktualno\u015bci tre\u015bci. Zgodnie z przepisami ustawowymi jeste\u015bmy ponadto odpowiedzialni za w\u0142asne tre\u015bci na tych stronach internetowych. W tym kontek\u015bcie nale\u017cy pami\u0119ta\u0107, \u017ce w zwi\u0105zku z tym nie jeste\u015bmy zobowi\u0105zani do monitorowania jedynie przekazywanych lub zapisywanych informacji os\u00f3b trzecich ani do badania okoliczno\u015bci wskazuj\u0105cych na nielegaln\u0105 dzia\u0142alno\u015b\u0107. Nasze zobowi\u0105zania do usuni\u0119cia lub zablokowania korzystania z informacji zgodnie z og\u00f3lnie obowi\u0105zuj\u0105cymi przepisami pozostaj\u0105 nienaruszone zgodnie z \u00a7\u00a7 8 do 10 ustawy o telemediach (TMG).<\/p>\n\n\n\n<p>Odpowiedzialno\u015b\u0107 za linki<br \/>Odpowiedzialno\u015b\u0107 za tre\u015b\u0107 link\u00f3w zewn\u0119trznych (do stron internetowych os\u00f3b trzecich) spoczywa wy\u0142\u0105cznie na operatorach powi\u0105zanych stron. \u017badne naruszenia nie by\u0142y dla nas oczywiste w momencie \u0142\u0105czenia. Je\u015bli dowiemy si\u0119 o jakimkolwiek naruszeniu prawa, natychmiast usuniemy odpowiedni link.<\/p>\n\n\n\n<p>Prawa autorskie<br \/>Nasze strony internetowe i ich zawarto\u015b\u0107 podlegaj\u0105 niemieckiemu prawu autorskiemu. O ile nie jest to wyra\u017anie dozwolone przez prawo (\u00a7 44a i nast. prawa autorskiego), ka\u017cda forma wykorzystania, powielania lub przetwarzania utwor\u00f3w podlegaj\u0105cych ochronie praw autorskich na naszych stronach internetowych wymaga uprzedniej zgody odpowiedniego w\u0142a\u015bciciela praw. Indywidualne zwielokrotnianie utworu jest dozwolone wy\u0142\u0105cznie do u\u017cytku prywatnego, wi\u0119c nie mo\u017ce s\u0142u\u017cy\u0107 ani bezpo\u015brednio, ani po\u015brednio do zarobk\u00f3w. Nieuprawnione wykorzystanie utwor\u00f3w chronionych prawem autorskim jest karalne (\u00a7 106 prawa autorskiego).<\/p>\n\n\n<div class=\"woocommerce woocommerce-gzd woocommerce-gzd-complaints-shortcode\">\n\t\t\t<h3>Alternatywne metody rozstrzygania spor\u00f3w zgodnie z art. 14 ust. 1 ODR-VO i \u00a7 36 VSBG:<\/h3>\n\t\nNie jeste\u015bmy zobowi\u0105zani ani ch\u0119tni do udzia\u0142u w post\u0119powaniach dotycz\u0105cych rozstrzygania spor\u00f3w przed konsumenckim organem arbitra\u017cowym.<\/div>","protected":false},"excerpt":{"rendered":"<p>Informacje prawne zgodnie z sekcj\u0105 5 TMG GSoftwareLab Inh. Lucas SchmutzlerDahlienweg 809557 FloehaSaxony, Niemcy Kontakt E-Mail: support@gsoftwarelab.atlassian.netSkontaktuj si\u0119 z nami: https:\/\/gsoftwarelab.atlassian.net\/servicedesk\/customer\/portal\/1Strona internetowa: https:\/\/GSoftwareLab.com Numer VAT Numer identyfikacyjny VAT zgodnie z \u00a7 27 a niemieckiej ustawy VATUSt-Id-NR: DE 220\/269\/01182 Podatek od warto\u015bci dodanej nie jest pobierany jako ma\u0142e przedsi\u0119biorstwa zgodnie z \u00a7 19 ust. 1 UStG. Zastrze\u017cenie prawne [...]<\/p>","protected":false},"author":1,"featured_media":0,"parent":0,"menu_order":0,"comment_status":"closed","ping_status":"closed","template":"","meta":{"rop_custom_images_group":[],"rop_custom_messages_group":[],"rop_publish_now":"initial","rop_publish_now_accounts":{"twitter_2998589429_2998589429":""},"rop_publish_now_history":[],"rop_publish_now_status":"pending","footnotes":""},"class_list":["post-68","page","type-page","status-publish","hentry"],"blocksy_meta":[],"_links":{"self":[{"href":"https:\/\/gsoftwarelab.com\/pl\/wp-json\/wp\/v2\/pages\/68","targetHints":{"allow":["GET"]}}],"collection":[{"href":"https:\/\/gsoftwarelab.com\/pl\/wp-json\/wp\/v2\/pages"}],"about":[{"href":"https:\/\/gsoftwarelab.com\/pl\/wp-json\/wp\/v2\/types\/page"}],"author":[{"embeddable":true,"href":"https:\/\/gsoftwarelab.com\/pl\/wp-json\/wp\/v2\/users\/1"}],"replies":[{"embeddable":true,"href":"https:\/\/gsoftwarelab.com\/pl\/wp-json\/wp\/v2\/comments?post=68"}],"version-history":[{"count":3,"href":"https:\/\/gsoftwarelab.com\/pl\/wp-json\/wp\/v2\/pages\/68\/revisions"}],"predecessor-version":[{"id":8498,"href":"https:\/\/gsoftwarelab.com\/pl\/wp-json\/wp\/v2\/pages\/68\/revisions\/8498"}],"wp:attachment":[{"href":"https:\/\/gsoftwarelab.com\/pl\/wp-json\/wp\/v2\/media?parent=68"}],"curies":[{"name":"wp","href":"https:\/\/api.w.org\/{rel}","templated":true}]}}