{"id":5002,"date":"2022-07-06T12:59:17","date_gmt":"2022-07-06T10:59:17","guid":{"rendered":"https:\/\/gsoftwarelab.com\/terms-conditions\/"},"modified":"2025-10-26T05:16:22","modified_gmt":"2025-10-26T03:16:22","slug":"terms-of-service","status":"publish","type":"page","link":"https:\/\/gsoftwarelab.com\/pl\/terms-of-service\/","title":{"rendered":"Warunki \u015bwiadczenia us\u0142ug"},"content":{"rendered":"<div class=\"wp-block-group is-layout-constrained wp-block-group-is-layout-constrained\">\n<div class=\"wp-block-stackable-heading stk-block-heading stk-block-heading--v2 stk-block stk-f0a48d6\" id=\"terms-of-service\" data-block-id=\"f0a48d6\"><style>.stk-f0a48d6 .stk-block-heading__top-line{margin-left:auto !important;margin-right:auto !important;}<\/style><div class=\"stk-block-heading__top-line\"><\/div><h1 class=\"stk-block-heading__text has-text-align-center\">Warunki \u015bwiadczenia us\u0142ug<\/h1><\/div>\n\n\n\n<!-- This legal document was generated by Complianz Terms &amp; Conditions https:\/\/wordpress.org\/plugins\/complianz-terms-conditions -->\n<div id=\"cmplz-document\" class=\"cmplz-document cmplz-terms-conditions\"><p><i>Warunki zosta\u0142y ostatnio zaktualizowane stycze\u0144 15, 2026<\/i><\/p><h2>1. Wprowadzenie<\/h2><p>Niniejszy Regulamin ma zastosowanie do niniejszej strony internetowej oraz do transakcji zwi\u0105zanych z naszymi produktami i us\u0142ugami.\u00a0Mog\u0105 Pa\u0144stwo by\u0107 zwi\u0105zani dodatkowymi umowami zwi\u0105zanymi z Pa\u0144stwa relacjami z nami lub jakimikolwiek produktami lub us\u0142ugami, kt\u00f3re Pa\u0144stwo od nas otrzymuj\u0105.\u00a0Je\u015bli jakiekolwiek postanowienia um\u00f3w dodatkowych stoi w sprzeczno\u015bci z postanowieniami niniejszego Regulaminu, postanowienia um\u00f3w dodatkowych maj\u0105 pierwsze\u0144stwo.<\/p><h2>2. Zakres obowi\u0105zywania<\/h2><p>Rejestruj\u0105c si\u0119, uzyskuj\u0105c dost\u0119p lub w inny spos\u00f3b korzystaj\u0105c z tej strony internetowej, niniejszym wyra\u017casz zgod\u0119 na przestrzeganie niniejszego Regulaminu i zasad poni\u017cej.\u00a0Samo korzystanie z tej strony internetowej oznacza znajomo\u015b\u0107 i akceptacj\u0119 niniejszego Regulaminu.\u00a0W niekt\u00f3rych szczeg\u00f3lnych przypadkach mo\u017cemy r\u00f3wnie\u017c poprosi\u0107 u\u017cytkownika o wyra\u017an\u0105 zgod\u0119.<\/p><h2>3. Komunikacja elektroniczna<\/h2><p>Korzystaj\u0105c z tej strony internetowej lub komunikuj\u0105c si\u0119 z nami drog\u0105 elektroniczn\u0105, u\u017cytkownik zgadza si\u0119 i przyjmuje do wiadomo\u015bci, \u017ce mo\u017cemy komunikowa\u0107 si\u0119 z u\u017cytkownikiem drog\u0105 elektroniczn\u0105 na nasz\u0105 stron\u0119 internetow\u0105 lub wysy\u0142aj\u0105c do niego wiadomo\u015b\u0107 e-mail, a u\u017cytkownik zgadza si\u0119, \u017ce wszystkie umowy, powiadomienie, ujawnienie i inne komunikaty, kt\u00f3re dostarczamy u\u017cytkownikowi drog\u0105 elektroniczn\u0105 spe\u0142niaj\u0105c\u0105 wszelkie wymogi prawne, w tym mi\u0119dzy innymi wym\u00f3g, \u017ce takie komunikaty powinny mie\u0107 form\u0119 pisemn\u0105.<\/p><h2>4. W\u0142asno\u015b\u0107 intelektualna<\/h2><p>My lub nasi licencjodawcy s\u0105 w\u0142a\u015bcicielami i kontroluj\u0105 wszystkie prawa autorskie i inne prawa w\u0142asno\u015bci intelektualnej w witrynie oraz dane, informacje i inne zasoby wy\u015bwietlane lub dost\u0119pne w witrynie.<\/p><p class=\"cmplz-subtitle\">4.1 Wszelkie prawa zastrze\u017cone<\/p><p>Je\u015bli okre\u015blona tre\u015b\u0107 nie stanowi inaczej, u\u017cytkownik nie udziela si\u0119 licencji ani \u017cadnych innych praw wynikaj\u0105cych z praw autorskich, znak\u00f3w towarowych, patent\u00f3w lub praw innych w\u0142asno\u015bci intelektualnej.\u00a0Oznacza to, \u017ce nie wolno u\u017cywa\u0107, kopiowa\u0107, reprodukowa\u0107, wykonywa\u0107, wy\u015bwietla\u0107, rozprowadza\u0107, osadza\u0107 w dowolnym medium elektronicznym, zmienia\u0107, odtwarza\u0107, dekompilowa\u0107, przenosi\u0107, pobiera\u0107, przekazywa\u0107, zarabia\u0107, sprzedawa\u0107, wprowadza\u0107 na rynek lub komercjalizowa\u0107 \u017cadnych zasob\u00f3w na tej stronie w formie bez naszej uprzedniej pisemnej zgody, z wyj\u0105tkiem i tylko w zakresie, w jakim jest to inaczej w przepisach prawa obowi\u0105zuj\u0105cego (np. prawo do cytatu).<\/p><h2>5. Biuletyn informacyjny<\/h2><p>Niezale\u017cnie od powy\u017cszego, mog\u0105 Pa\u0144stwo przekazywa\u0107 nasz newsletter w formie elektronicznej innym osobom, kt\u00f3re mog\u0105 by\u0107 zainteresowane odwiedzeniem naszej strony internetowej.<\/p><h2>6. W\u0142asno\u015b\u0107 os\u00f3b trzecich<\/h2><p>Nasza strona mo\u017ce zawiera\u0107 hiper\u0142\u0105cza lub inne odniesienia do stron internetowych innych podmiot\u00f3w.\u00a0Nie monitorujemy ani nie sprawdzamy zawarto\u015bci stron internetowych innych podmiot\u00f3w, do kt\u00f3rych prowadzimy odno\u015bniki z tej strony.\u00a0Produkty lub us\u0142ugi oferowane przez inne strony internetowe podlegaj\u0105cym Warunkom Handlowym tych stron trzecich.\u00a0Opinie wyra\u017cane lub materia\u0142y pojawiaj\u0105ce si\u0119 na tych stronach niekoniecznie s\u0105 podzielane lub popierane przez nas.<\/p><p>Nie ponosimy odpowiedzialno\u015bci za praktyki dotycz\u0105ce prywatno\u015bci lub zawarto\u015bci tych stron.\u00a0U\u017cytkownik ponosi wszelkie ryzyko zwi\u0105zane z korzystaniem z tych stron internetowych i wszelkich powi\u0105zanych us\u0142ug os\u00f3b trzecich.\u00a0Nie ponosimy \u017cadnej odpowiedzialno\u015bci za jakiekolwiek straty lub szkody, w jakikolwiek spos\u00f3b, niezale\u017cnie od przyczyn, wynikaj\u0105ce z ujawnienia Pa\u0144stwa danych osobowych osobom trzecim.<\/p><h2>7. Odpowiedzialne u\u017cytkowanie<\/h2><p>Odwiedzaj\u0105c nasz\u0105 stron\u0119 internetow\u0105, wyra\u017casz zgod\u0119 na korzystanie z niej wy\u0142\u0105cznie w celach zgodnych z przeznaczeniem i dozwolonych przez niniejszy Regulamin, wszelkie dodatkowe umowy z nami, a tak\u017ce prawo, przepisy i og\u00f3lnie przyj\u0119te praktyki internetowe oraz wytyczne bran\u017cowe.\u00a0Nie wolno wykorzystywa\u0107 naszej strony internetowej lub us\u0142ugi do korzystania, publikowania lub rozpowszechniania jakichkolwiek materia\u0142\u00f3w, kt\u00f3re sk\u0142adaj\u0105 si\u0119 ze z\u0142o\u015bliwego oprogramowania komputerowego (lub s\u0105 z nim powi\u0105zane); wykorzystywa\u0107 dane zebrane z naszych stron internetowych do jakichkolwiek bezpo\u015brednich dzia\u0142a\u0144 marketingowych lub prowadzenia jakichkolwiek systematycznych lub zautomatyzowanych dzia\u0142a\u0144 zwi\u0105zanych z gromadzeniem danych na nasz\u0105 stron\u0119 internetow\u0105 lub w zwi\u0105zku z ni\u0105.<\/p><p>Zaanga\u017cowanie si\u0119 w jakiekolwiek dzia\u0142ania, kt\u00f3re powoduj\u0105 lub mog\u0105 spowodowa\u0107 uszkodzenie strony internetowej lub zak\u0142\u00f3caj\u0105 dzia\u0142anie, dost\u0119pno\u015b\u0107 lub osi\u0105galno\u015b\u0107 strony internetowej jest surowo zabronione.<\/p><h2>8. Rejestracja<\/h2><p>Mo\u017cesz zarejestrowa\u0107 konto na naszej stronie internetowej.\u00a0Podczas tego procesu mo\u017cesz zosta\u0107 poproszony o wybranie has\u0142a.\u00a0U\u017cytkownik jest odpowiedzialny za zachowanie poufno\u015bci hase\u0142 i informacji o koncie zobowi\u0105zuje si\u0119 nie udost\u0119pnia\u0107 innym osobom swoich hase\u0142, informacji o koncie lub zabezpieczonego dost\u0119pu do naszej strony internetowej lub us\u0142ugi.\u00a0Nie wolno Ci pozwoli\u0107 \u017cadnej innej osobie na korzystanie z Twojego konta w celu uzyskania dost\u0119pu do stron internetowych, poniewa\u017c jeste\u015b odpowiedzialny za wszystkie dzia\u0142ania, takie jak u\u017cycie Twoich hase\u0142 lub kont.\u00a0Musisz nas natychmiast powiadomi\u0107, je\u015bli dowiesz si\u0119 o jakimkolwiek ujawnieniu Twojego has\u0142a.<\/p><p>Po zamkni\u0119ciu konta, nie b\u0119dziesz pr\u00f3bowa\u0142 zarejestrowa\u0107 nowe konta bez naszej zgody.<\/p><h2>9. Polityka zwrot\u00f3w i refundacji<\/h2><p class=\"cmplz-subtitle\">9.1 Prawo do odst\u0105pienia od umowy<\/p><p>Maj\u0105 Pa\u0144stwo prawo odst\u0105pi\u0107 od niniejszej umowy w ci\u0105gu 14 dni bez podania przyczyn.<\/p><p>Termin do odst\u0105pienia od umowy wygasa po up\u0142ywie 14 dni od dnia zawarcia umowy.<\/p><p>Aby skorzysta\u0107 z praw odst\u0105pienia od umowy, musz\u0105 Pa\u0144stwo poinformowa\u0107 nas o swojej decyzji o odst\u0105pieniu od niniejszej umowy w drodze jednoznacznego o\u015bwiadczenia (na przyk\u0142adzie pisma wys\u0142ane poczt\u0105, faksem lub poczt\u0105 elektroniczn\u0105).\u00a0Nasze dane kontaktowe znajduj\u0105 si\u0119 poni\u017cej.\u00a0Mo\u017cesz skorzysta\u0107 z za\u0142\u0105czonego wzoru <a target=\"_blank\" href=\"https:\/\/gsoftwarelab.com\/wp-content\/uploads\/complianz\/withdrawal-forms\/withdrawal-form-pl.pdf\">formularz odst\u0105pienia od umowy<\/a>, ale nie jest to obowi\u0105zkowe.<\/p><p>Mo\u017cesz r\u00f3wnie\u017c elektronicznie wype\u0142ni\u0107 i przes\u0142a\u0107 wz\u00f3r formularza odst\u0105pienia od umowy lub jakiekolwiek inne jednoznaczne o\u015bwiadczenie na naszej stronie internetowej. <a href=\"https:\/\/gsoftwarelab.com\/pl\/contact-us\/\"> strona internetowa<\/a>.<\/p><p>Je\u017celi skorzystaj\u0105 Pa\u0144stwo z tej opcji, niezw\u0142ocznie przeka\u017cemy Pa\u0144stwu potwierdzenie otrzymania takiego odst\u0105pienia na trwa\u0142ym no\u015bniku (na przyk\u0142adzie poczty elektronicznej).<\/p><p>Aby dotrzyma\u0107 terminu odst\u0105pienia od umowy, wystarczy, aby wys\u0142ali Pa\u0144stwo informacj\u0119 dotycz\u0105c\u0105 skorzystania z prawa odst\u0105pienia od umowy terminu odst\u0105pienia od umowy.<\/p><p class=\"cmplz-subtitle\">9.2 Skutki wycofania si\u0119 z rynku<\/p><p>W przypadku odst\u0105pienia od niniejszej umowy zwracamy Pa\u0144stwu wszystkie otrzymane od Pa\u0144stwa p\u0142atno\u015bci, w tym koszty rzeczy (z wyj\u0105tkiem dodatkowych koszt\u00f3w z wybranego sposobu dostarczenia innego ni\u017c najta\u0144szy oferowany przez nas standardowy spos\u00f3b dostarczenia) bez zb\u0119dnej zw\u0142oki, a w ka\u017cdym przypadku nie p\u00f3\u017aniej ni\u017c 14 dni od dnia, w kt\u00f3rym zostali\u015bmy poinformowani o Pa\u0144stwa decyzji o odst\u0105pieniu od niniejszej umowy.\u00a0Dokonamy takiego zwrotu przy u\u017cyciu takiego samego \u015brodka p\u0142atniczego, jakiego u\u017cyli Pa\u0144stwo do pierwotnej transakcji, chyba \u017ce wyra\u017anie zgodzili si\u0119 Pa\u0144stwo na inne rozwi\u0105zanie; w przypadku nie ponios\u0105 Pa\u0144stwo \u017cadnych op\u0142at w wyniku takiego zwrotu.<\/p><p>Je\u017celi za\u017c\u0105dali Pa\u0144stwo rozpocz\u0119cia \u015bwiadczenia us\u0142ug w okresie odst\u0105pienia od umowy, zap\u0142ac\u0105 nam Pa\u0144stwo kwot\u0119 proporcjonaln\u0105 do tego, co zosta\u0142o wykonane do momentu poinformowania nas o odst\u0105pieniu od umowy, w por\u00f3wnaniu z pe\u0142nym zakresem umowy.<\/p><p>Nale\u017cy pami\u0119ta\u0107, \u017ce istniej\u0105 pewne wyj\u0105tki prawne od prawa do odst\u0105pienia od umowy i dlatego niekt\u00f3re produkty nie mog\u0105 zosta\u0107 zwr\u00f3cone lub wymienione. \u00a0Poinformujemy Ci\u0119, czy ma to zastosowanie w Twoim konkretnym przypadku.<\/p><h2>10. Zg\u0142aszanie pomys\u0142\u00f3w<\/h2><p>Nie zg\u0142aszaj \u017cadnych pomys\u0142\u00f3w, wynalazk\u00f3w, dzie\u0142 autorskich ani innych informacji, kt\u00f3re mo\u017cna uzna\u0107 za Twoj\u0105 w\u0142asno\u015b\u0107 intelektualn\u0105, a kt\u00f3re chcia\u0142by\u015b nam przedstawi\u0107, chyba \u017ce wcze\u015bniej podpiszemy umow\u0119 dotycz\u0105c\u0105 w\u0142asno\u015bci intelektualnej lub umow\u0119 o zachowaniu poufno\u015bci.\u00a0Je\u015bli ujawnisz nam je bez takiej pisemnej zgody, udzielasz nam og\u00f3lno\u015bwiatowej, nieodwo\u0142alnej, niewy\u0142\u0105cznej, wolnej od tantiem licencji na wykorzystanie, reprodukcj\u0119, przechowywanie, adaptacj\u0119, publikacj\u0119, t\u0142umaczenie i dystrybucj\u0119 Twoich tre\u015bci we wszelkich istniej\u0105cych lub przysz\u0142ych mediach.<\/p><h2>11. Zako\u0144czenie u\u017cytkowania<\/h2><p>Mo\u017cemy, wed\u0142ug w\u0142asnego uznania, w dowolnym momencie zmodyfikowa\u0107 lub przerwa\u0107 dost\u0119p, tymczasowo lub na sta\u0142e, do strony internetowej lub jakiejkolwiek Us\u0142ugi na niej.\u00a0Zgadzasz si\u0119, \u017ce nie b\u0119dziemy ponosi\u0107 odpowiedzialno\u015bci wobec Ciebie ani \u017cadnej strony trzeciej za jakiekolwiek modyfikacje, zawieszenie lub przerwanie Twojego dost\u0119pu do stron internetowych lub korzystania z niej, ani za \u017cadne tre\u015bci, kt\u00f3re mog\u0142e\u015b udost\u0119pni\u0107 na stronie internetowej.\u00a0U\u017cytkownik nie b\u0119dzie uprawniony do \u017cadnej rekompensaty ani innej p\u0142atno\u015bci, nawet je\u015bli funkcje, ustawienia i\/lub Tre\u015b\u0107, kt\u00f3r\u0105 u\u017cytkownik wni\u00f3s\u0142 lub na kt\u00f3rej polega\u0142, zostan\u0105 trwale utracone.\u00a0Nie wolno Ci obchodzi lub omija\u0107, ani pr\u00f3bowa\u0107 obchodzi\u0107 lub omija\u0107, \u017cadnych \u015brodk\u00f3w ograniczaj\u0105cych dost\u0119p na naszej stronie internetowej.<\/p><h2>12. Gwarancje i odpowiedzialno\u015b\u0107<\/h2><p>\u017baden z zapis\u00f3w niniejszej sekcji nie ogranicza ani nie wy\u0142\u0105cza gwarancji dorozumianych przez prawo, kt\u00f3rych ograniczenie lub wy\u0142\u0105czenie by\u0142oby niezgodne z prawem.\u00a0Strona internetowa i wszystkie tre\u015bci na niej zawarte s\u0105 dostarczane na zasadzie \"tak jak jest\" i \"tak jak s\u0105 dost\u0119pne\" i mog\u0105 zawiera\u0107 nie\u015bcis\u0142o\u015bci lub b\u0142\u0119dy typograficzne.\u00a0Wyra\u017anie zrzekamy si\u0119 wszelkich gwarancji, zar\u00f3wno wyra\u017anych, jak i dorozumianych, co do dost\u0119pno\u015bci, dok\u0142adno\u015bci i kompletno\u015bci Tre\u015bci.\u00a0Nie gwarantujemy, \u017ce:<\/p><p><ul>\n\t\t\t\t<li>ta strona lub nasze produkty i us\u0142ugi b\u0119d\u0105 spe\u0142nia\u0142y Pa\u0144stwa wymagania;<\/li>\n\t\t\t\t<li>niniejsza witryna b\u0119dzie dost\u0119pna w spos\u00f3b nieprzerwany, terminowy, bezpieczny lub wolny od b\u0142\u0119d\u00f3w;<\/li>\n\t\t\t\t<li>jako\u015b\u0107 ka\u017cdego produktu lub us\u0142ugi zakupionej lub uzyskanej przez u\u017cytkownika za po\u015brednictwem strony internetowej spe\u0142ni jego oczekiwania.<\/li>\n\t\t\t<\/ul><\/p><p>Nic na tej stronie nie stanowi ani nie ma stanowi porady prawnej, finansowej lub jakiegokolwiek rodzaju medycznej.\u00a0Je\u015bli potrzebujesz porady, powiniene\u015b skonsultowa\u0107 si\u0119 z odpowiednim specjalist\u0105.<\/p><p>Poni\u017csze postanowienia niniejszej sekcji maj\u0105 zastosowanie w maksymalnym zakresie dozwolonym przez prawo i nie ogranicz\u0105 ani nie wy\u0142\u0105cz\u0105 naszej odpowiedzialno\u015bci w odniesieniu do wszelkich kwestii, kt\u00f3rych ograniczenie lub wy\u0142\u0105czenie by\u0142oby dla nas niezgodne z prawem lub nielegalne.\u00a0W \u017cadnym wypadku nie ponosimy odpowiedzialno\u015bci za jakiekolwiek bezpo\u015brednie lub po\u015brednie szkody (w tym wszystkim szkody z tytu\u0142u utraty zysk\u00f3w lub przychod\u00f3w, utraty lub uszkodzenia danych, oprogramowania lub bazy danych, lub utraty lub uszkodzenia w\u0142asno\u015bci lub danych) poniesione przez Ciebie lub jak\u0105kolwiek osob\u0119 trzeci\u0105, z dost\u0119pu do lub korzystania z naszej strony internetowej.<\/p><p>Z wyj\u0105tkiem zakresu, w kt\u00f3rym dodatkowa umowa wyra\u017anie stanowi inaczej, nasza maksymalna odpowiedzialno\u015b\u0107 wobec u\u017cytkownika za wszelkie szkody lub zwi\u0105zane ze stron\u0105 internetow\u0105 lub wszelkimi produktami i us\u0142ugami wprowadzanymi na rynek lub sprzedawanymi za po\u015brednictwem strony internetowej, niezale\u017cnie od form dzia\u0142ania prawnego, kt\u00f3re nak\u0142ada odpowiedzialno\u015b\u0107 (czy to w ramach kontraktu, s\u0142uszno\u015bci, zaniedbania, zamierzonego zachowania, czynu niedozwolonego lub w inny spos\u00f3b) b\u0119dzie ograniczona do cen, jak u\u017cytkownik zap\u0142aci\u0142 nam za zakup takich produkt\u00f3w lub us\u0142ug korzystania ze strony internetowej.\u00a0Takie ograniczenie b\u0119dzie mia\u0142o zastosowanie do wszystkich roszcze\u0144, dzia\u0142a\u0144 i przyczyn dzia\u0142a\u0144 u\u017cytkownika, niezale\u017cnie od ich rodzaju i charakteru.<\/p><h2>13. Prywatno\u015b\u0107<\/h2><p>Aby uzyska\u0107 dost\u0119p do naszej strony internetowej i\/lub us\u0142ug, mo\u017cesz by\u0107 zobowi\u0105zany do podania pewnych informacji o sobie w ramach procesu rejestracji.\u00a0U\u017cytkownik zgadza si\u0119, \u017ce wszelkie podane przez niego informacje s\u0105 zawsze dok\u0142adne, poprawne i aktualne.<\/p><p>Traktujemy Pa\u0144stwa dane osobowe powa\u017cnie i zobowi\u0105zujemy si\u0119 do ochrony Pa\u0144stwa prywatno\u015bci.\u00a0Nie b\u0119dziemy u\u017cywa\u0107 Twojego adresu e-mail do wysy\u0142ania niechcianych wiadomo\u015bci.\u00a0Wszelkie e-maile wysy\u0142ane przez nas do Pa\u0144stwa b\u0119d\u0105 mia\u0142y miejsce wy\u0142\u0105cznie w zwi\u0105zku z dostarczaniem uzgodnionych produkt\u00f3w lub us\u0142ug.<\/p><p>Opracowali\u015bmy zasady, aby odpowiedzie\u0107 na wszelkie obawy dotycz\u0105ce prywatno\u015bci, jakie mog\u0105 Pa\u0144stwo mie\u0107.\u00a0Aby uzyska\u0107 wi\u0119cej informacji, zobacz nasz\u0105 <a href=\"https:\/\/gsoftwarelab.com\/pl\/privacy\/\">O\u015bwiadczenie o ochronie prywatno\u015bci<\/a> i nasze <a href=\"https:\/\/gsoftwarelab.com\/pl\/cookie-policy-eu\/\">Polityka plik\u00f3w cookie<\/a>.<\/p><h2>14. Dost\u0119pno\u015b\u0107<\/h2><p>Dok\u0142adamy wszelkich stara\u0144, aby udost\u0119pnia\u0107 przez nas tre\u015bci dost\u0119pne dla os\u00f3b niepe\u0142nosprawnych.\u00a0Je\u015bli jeste\u015b niepe\u0142nosprawny i nie mo\u017cesz uzyska\u0107 dost\u0119pu do cz\u0119\u015bci naszej strony internetowej ze wzgl\u0119du na swoj\u0105 niepe\u0142nosprawno\u015b\u0107, prosimy o powiadomienie nas o tym fakcie wraz ze szczeg\u00f3\u0142owym opisem napotkanego problemu.\u00a0Je\u015bli problem jest \u0142atwy do zidentyfikowania i mo\u017cliwy do rozwi\u0105zania ze standardowymi w bran\u017cy narz\u0119dziami i technikami informatycznymi, niezw\u0142ocznie go rozwi\u0105\u017cemy.<\/p><h2>15. Ograniczenia eksportowe \/ Zgodno\u015b\u0107 z prawem<\/h2><p>Dost\u0119p do strony internetowej z terytori\u00f3w lub kraj\u00f3w, w kt\u00f3rych tre\u015b\u0107 lub zakup produkt\u00f3w lub Us\u0142ug sprzedawanych na stronie internetowej jest nielegalny, jest zabroniony.\u00a0U\u017cytkownik nie mo\u017ce korzysta\u0107 z tej witryny z naruszeniem praw i przepis\u00f3w eksportowych obowi\u0105zuj\u0105cych w Niemczech.<\/p><h2>16. Marketing afiliacyjny<\/h2><p>Za po\u015brednictwem tej strony internetowej mo\u017cemy anga\u017cowa\u0107 si\u0119 w marketing afiliacyjny, w ramach kt\u00f3rego otrzymujemy procent lub prowizj\u0119 od sprzeda\u017cy us\u0142ug lub produkt\u00f3w na tej stronie lub za jej po\u015brednictwem.\u00a0Mo\u017cemy r\u00f3wnie\u017c przyjmowa\u0107 sponsoring lub inne formy wynagrodzenia za reklam\u0119 od firmy.\u00a0Ujawnienie informacji ma na celu spe\u0142nienie wymog\u00f3w prawnych dotycz\u0105cych marketingu i reklamy, kt\u00f3re mog\u0105 mie\u0107 zastosowanie, takie jak przepisy Federalnej Komisji Handlu USA.<\/p><h2>17. Zadanie<\/h2><p>U\u017cytkownik nie mo\u017ce scedowa\u0107, przenie\u015b\u0107 lub podzleci\u0107 jakichkolwiek swoich praw i\/lub obowi\u0105zk\u00f3w wynikaj\u0105cych z niniejszego Regulaminu, w ca\u0142o\u015bci lub w cz\u0119\u015bci, na rzecz jakiejkolwiek strony trzeciej bez naszej pisemnej zgody.\u00a0Ka\u017cda domniemana cesja z naruszeniem postanowie\u0144 niniejszego punktu b\u0119dzie niewa\u017cna.<\/p><h2>18. Naruszenia niniejszego Regulaminu<\/h2><p>Z zastrze\u017ceniem naszych innych praw wynikaj\u0105cych z niniejszego Regulaminu, je\u015bli naruszysz niniejszy Regulamin w jakikolwiek spos\u00f3b, mo\u017cemy podj\u0105\u0107 takie dzia\u0142ania, jakie uznamy za stosowne, aby poradzi\u0107 sobie z naruszeniem, w tym czasowo lub trwale zawieszaj\u0105c dost\u0119p do stron internetowych, kontaktuj\u0105c si\u0119 z dostawc\u0105 us\u0142ug internetowych, aby poprosi\u0107 o zablokowanie dost\u0119pu do stron internetowych, i \/ lub rozpocz\u0105\u0107 dzia\u0142ania prawne przeciwko Tobie.<\/p><h2>19. Si\u0142a wy\u017csza<\/h2><p>Z wyj\u0105tkiem zobowi\u0105za\u0144 do zap\u0142aty pieni\u0119dzy na moc niniejszego dokumentu, \u017cadne op\u00f3\u017anienie, niepowodzenie lub zaniechanie przez kt\u00f3r\u0105kolwiek ze stron do wykonania lub przestrzegania kt\u00f3regokolwiek z jej zobowi\u0105za\u0144 na mocy niniejszego dokumentu b\u0119dzie uwa\u017cane za naruszenie niniejszego Regulaminu, je\u015bli i tak d\u0142ugo, jak takie op\u00f3\u017anienie, niepowodzenie lub zaniechanie wynika z jakiejkolwiek przyczyny poza uzasadnion\u0105 kontrol\u0105 tej strony.<\/p><h2>20. Odszkodowanie<\/h2><p>U\u017cytkownik zgadza si\u0119 zabezpieczy\u0107, broni\u0107 i chroni\u0107 nas przed wszelkimi roszczeniamimi, zobowi\u0105zaniami, szkodami, stratami i wydatkami zwi\u0105zanymi z naruszeniem przez U\u017cytkownika niniejszego Regulaminu oraz obowi\u0105zuj\u0105cych przepis\u00f3w prawa, w tym praw w\u0142asno\u015bci intelektualnej i praw do prywatno\u015bci.\u00a0U\u017cytkownik niezw\u0142ocznie pokryje nasze szkody, straty, koszty i wydatki zwi\u0105zane z takimi roszczeniami lub z nich wynikaj\u0105ce.<\/p><h2>21. Odst\u0105pienie<\/h2><p>Niewykonanie kt\u00f3regokolwiek z postanowie\u0144 okre\u015blonych w niniejszym Regulaminie i jakiejkolwiek Umowie lub niewykonanie opcji wypowiedzenia nie b\u0119dzie interpretowane jako zrzeczenie si\u0119 si\u0119 tych postanowie\u0144 i nie b\u0119dzie mia\u0142o wp\u0142ywu na wa\u017cno\u015b\u0107 niniejszego Regulaminu lub Umowy lub jej cz\u0119\u015bci, ani na prawo do egzekwowania ka\u017cdego z tych postanowie\u0144 w p\u00f3\u017aniejszym czasie.<\/p><h2>22. J\u0119zyk<\/h2><p>Niniejszy Regulamin b\u0119dzie rozumiany i interpretowany wy\u0142\u0105cznie w j\u0119zyku angielskim.\u00a0Wszelkie zawiadomienia i korespondencja b\u0119d\u0105 sporz\u0105dzane wy\u0142\u0105cznie w tym j\u0119zyku.<\/p><h2>23. Ca\u0142o\u015b\u0107 umowy<\/h2><p>Niniejsze Warunki, wraz z naszymi <a href=\"https:\/\/gsoftwarelab.com\/pl\/privacy\/\">o\u015bwiadczenie o ochronie prywatno\u015bci<\/a> oraz <a href=\"https:\/\/gsoftwarelab.com\/pl\/cookie-policy-eu\/\">polityka plik\u00f3w cookie<\/a>, stanowi\u0105 ca\u0142o\u015b\u0107 umowy mi\u0119dzy Pa\u0144stwem a GSoftwareLab Inh. Lucas Schmutzler w zwi\u0105zku z korzystaniem z tej strony internetowej.<\/p><h2>24. Aktualizacja Regulaminu<\/h2><p>Mo\u017cemy od czasu do czasu aktualizowa\u0107 niniejszy Regulamin.\u00a0Obowi\u0105zkiem u\u017cytkownika jest okresowe sprawdzanie niniejszego Regulaminu pod k\u0105tem zmian lub aktualizacji.\u00a0Data podana na pocz\u0105tku niniejszego Regulaminu jest dat\u0105 ostatniej aktualizacji.\u00a0Zmiany w niniejszym Regulaminie wejd\u0105 w \u017cycie z dniem opublikowania takich zmian na tej stronie internetowej.\u00a0Dalsze korzystanie z tej witryny po opublikowaniu zmian lub aktualizacji b\u0119dzie uwa\u017cane za powiadomienie o akceptacji przestrzegania i zwi\u0105zania si\u0119 niniejszym Regulaminem.<\/p><h2>25. Wyb\u00f3r praw i jurysdykcji<\/h2><p>Niniejszy Regulamin podlega prawu obowi\u0105zuj\u0105cemu w Niemczech.\u00a0Wszelkie spory zwi\u0105zane z niniejszym Regulaminem podlegaj\u0105cym jurysdykcji s\u0105d\u00f3w w Niemczech.\u00a0Je\u015bli jakakolwiek cz\u0119\u015b\u0107 lub postanowienie niniejszego Regulaminu zostanie uznana przez s\u0105d lub inny organ za niewa\u017cne i\/lub niewykonalne w \u015bwietle obowi\u0105zuj\u0105cego prawa, taka cz\u0119\u015b\u0107 lub postanowienie zostanie zmodyfikowane, usuni\u0119te i\/lub wykonane w maksymalnym dopuszczalnym zakresie, aby nada\u0107 moc prawn\u0105 intencjom niniejszego Regulaminu.\u00a0Nie b\u0119dzie to mia\u0142o wp\u0142yw na pozosta\u0142e postanowienia.<\/p><h2>26. Informacje kontaktowe<\/h2><p>Ta strona internetowa jest w\u0142asno\u015bci\u0105 i jest zarz\u0105dzana przez GSoftwareLab Inh. Lucas Schmutzler, w\u0142a\u015bc.<\/p><p>Mo\u017cesz skontaktowa\u0107 si\u0119 z nami w sprawie niniejszych Warunk\u00f3w za po\u015brednictwem naszego <a href=\"https:\/\/gsoftwarelab.com\/pl\/contact-us\/\">kontakt<\/a> strona.<\/p><h2>27. Pobierz<\/h2><p>Mo\u017cesz tak\u017ce <a href=\"https:\/\/gsoftwarelab.com\/wp-content\/plugins\/complianz-terms-conditions\/download.php\">Pobierz<\/a> nasz Regulamin w formie pliku PDF.<\/p><\/div>\n<\/div>\n\n\n<div class=\"woocommerce woocommerce-gzd woocommerce-gzd-complaints-shortcode\">\n\t\t\t<h3>Alternatywne metody rozstrzygania spor\u00f3w zgodnie z art. 14 ust. 1 ODR-VO i \u00a7 36 VSBG:<\/h3>\n\t\nNie jeste\u015bmy zobowi\u0105zani ani ch\u0119tni do udzia\u0142u w post\u0119powaniach dotycz\u0105cych rozstrzygania spor\u00f3w przed konsumenckim organem arbitra\u017cowym.<\/div>","protected":false},"excerpt":{"rendered":"<p>Warunki \u015bwiadczenia us\u0142ug<\/p>","protected":false},"author":1,"featured_media":0,"parent":0,"menu_order":0,"comment_status":"closed","ping_status":"closed","template":"","meta":{"rop_custom_images_group":[],"rop_custom_messages_group":[],"rop_publish_now":"initial","rop_publish_now_accounts":{"twitter_2998589429_2998589429":""},"rop_publish_now_history":[],"rop_publish_now_status":"pending","footnotes":""},"class_list":["post-5002","page","type-page","status-publish","hentry"],"blocksy_meta":[],"_links":{"self":[{"href":"https:\/\/gsoftwarelab.com\/pl\/wp-json\/wp\/v2\/pages\/5002","targetHints":{"allow":["GET"]}}],"collection":[{"href":"https:\/\/gsoftwarelab.com\/pl\/wp-json\/wp\/v2\/pages"}],"about":[{"href":"https:\/\/gsoftwarelab.com\/pl\/wp-json\/wp\/v2\/types\/page"}],"author":[{"embeddable":true,"href":"https:\/\/gsoftwarelab.com\/pl\/wp-json\/wp\/v2\/users\/1"}],"replies":[{"embeddable":true,"href":"https:\/\/gsoftwarelab.com\/pl\/wp-json\/wp\/v2\/comments?post=5002"}],"version-history":[{"count":3,"href":"https:\/\/gsoftwarelab.com\/pl\/wp-json\/wp\/v2\/pages\/5002\/revisions"}],"predecessor-version":[{"id":8455,"href":"https:\/\/gsoftwarelab.com\/pl\/wp-json\/wp\/v2\/pages\/5002\/revisions\/8455"}],"wp:attachment":[{"href":"https:\/\/gsoftwarelab.com\/pl\/wp-json\/wp\/v2\/media?parent=5002"}],"curies":[{"name":"wp","href":"https:\/\/api.w.org\/{rel}","templated":true}]}}