{"id":3273,"date":"2021-10-06T19:55:27","date_gmt":"2021-10-06T17:55:27","guid":{"rendered":"https:\/\/gsoftwarelab.com\/?page_id=3273"},"modified":"2025-10-05T02:52:06","modified_gmt":"2025-10-05T00:52:06","slug":"cancellation-policy","status":"publish","type":"page","link":"https:\/\/gsoftwarelab.com\/pl\/cancellation-policy\/","title":{"rendered":"Podsumowanie zasad anulowania"},"content":{"rendered":"<div class=\"wp-block-stackable-heading stk-block-heading stk-block-heading--v2 stk-block stk-45b3b19\" id=\"cancellation-policy-summary\" data-block-id=\"45b3b19\"><h2 class=\"stk-block-heading__text\">Podsumowanie zasad anulowania<\/h2><\/div>\n\n\n\n<p>Wierzymy w prosty i sprawiedliwy proces anulowania. Oto kr\u00f3tki przegl\u0105d Twoich praw.<\/p>\n\n\n\n<p>Masz prawo do odst\u0105pienia od umowy w ci\u0105gu <strong>14 dni<\/strong> o jego zako\u0144czeniu, bez konieczno\u015bci podawania przyczyny.<\/p>\n\n\n\n<p>Aby anulowa\u0107, musisz przes\u0142a\u0107 nam jasne o\u015bwiadczenie o swojej decyzji <a href=\"https:\/\/gsoftwarelab.com\/pl\/contact-us\/\">e-mail<\/a>, poczt\u0105 lub za pomoc\u0105 formularza anulowania na naszej stronie internetowej. Po otrzymaniu Twojej pro\u015bby przetworzymy pe\u0142ny zwrot koszt\u00f3w, w tym standardowe koszty dostawy, w ci\u0105gu 14 dni.<\/p>\n\n\n\n<p>Pami\u0119taj, \u017ce je\u015bli za\u017c\u0105da\u0142e\u015b rozpocz\u0119cia \u015bwiadczenia us\u0142ug w okresie anulowania, mo\u017cesz zosta\u0107 obci\u0105\u017cony kwot\u0105 proporcjonaln\u0105 do us\u0142ugi \u015bwiadczonej przed anulowaniem.<\/p>\n\n\n\n<p>Jest to podsumowanie dla Twojej wygody. Aby uzyska\u0107 szczeg\u00f3\u0142owe informacje, wyj\u0105tki i oficjaln\u0105 polityk\u0119, zapoznaj si\u0119 z <strong><a href=\"https:\/\/gsoftwarelab.com\/pl\/terms-conditions\/\">Sekcja 9 (Polityka zwrot\u00f3w i zwrot\u00f3w) w naszych Warunkach \u015bwiadczenia us\u0142ug<\/a><\/strong>.<\/p>","protected":false},"excerpt":{"rendered":"<p>Wierzymy w prosty i uczciwy proces anulowania rezerwacji. Oto kr\u00f3tki przegl\u0105d Twoich praw. Masz prawo do odst\u0105pienia od umowy w ci\u0105gu 14 dni od jej zawarcia, bez konieczno\u015bci podawania przyczyny. Aby anulowa\u0107, musisz wys\u0142a\u0107 nam jasne o\u015bwiadczenie o swojej decyzji poczt\u0105 elektroniczn\u0105, poczt\u0105, [...]<\/p>","protected":false},"author":1,"featured_media":0,"parent":0,"menu_order":0,"comment_status":"closed","ping_status":"closed","template":"","meta":{"rop_custom_images_group":[],"rop_custom_messages_group":[],"rop_publish_now":"initial","rop_publish_now_accounts":{"twitter_2998589429_2998589429":""},"rop_publish_now_history":[],"rop_publish_now_status":"pending","footnotes":""},"class_list":["post-3273","page","type-page","status-publish","hentry"],"blocksy_meta":[],"_links":{"self":[{"href":"https:\/\/gsoftwarelab.com\/pl\/wp-json\/wp\/v2\/pages\/3273","targetHints":{"allow":["GET"]}}],"collection":[{"href":"https:\/\/gsoftwarelab.com\/pl\/wp-json\/wp\/v2\/pages"}],"about":[{"href":"https:\/\/gsoftwarelab.com\/pl\/wp-json\/wp\/v2\/types\/page"}],"author":[{"embeddable":true,"href":"https:\/\/gsoftwarelab.com\/pl\/wp-json\/wp\/v2\/users\/1"}],"replies":[{"embeddable":true,"href":"https:\/\/gsoftwarelab.com\/pl\/wp-json\/wp\/v2\/comments?post=3273"}],"version-history":[{"count":1,"href":"https:\/\/gsoftwarelab.com\/pl\/wp-json\/wp\/v2\/pages\/3273\/revisions"}],"predecessor-version":[{"id":8271,"href":"https:\/\/gsoftwarelab.com\/pl\/wp-json\/wp\/v2\/pages\/3273\/revisions\/8271"}],"wp:attachment":[{"href":"https:\/\/gsoftwarelab.com\/pl\/wp-json\/wp\/v2\/media?parent=3273"}],"curies":[{"name":"wp","href":"https:\/\/api.w.org\/{rel}","templated":true}]}}